{"id":11,"date":"2014-05-23T18:58:10","date_gmt":"2014-05-23T16:58:10","guid":{"rendered":"http:\/\/biebrich02.de\/portal\/?page_id=11"},"modified":"2026-04-28T00:40:46","modified_gmt":"2026-04-27T22:40:46","slug":"herzlich-willkommen","status":"publish","type":"page","link":"https:\/\/biebrich02.de\/portal\/","title":{"rendered":"Herzlich Willkommen"},"content":{"rendered":"\n<p class=\"has-text-align-center\"><strong>Herzlich Willkommen auf der privaten Fanpage des FV Biebrich 02.<\/strong><\/p>\n\n\n\n<figure class=\"wp-block-image size-large\"><a href=\"https:\/\/biebrich02.de\/portal\/wp-content\/uploads\/2026\/03\/gertkramp.jpg\"><img loading=\"lazy\" decoding=\"async\" width=\"914\" height=\"1024\" src=\"https:\/\/biebrich02.de\/portal\/wp-content\/uploads\/2026\/03\/gertkramp-914x1024.jpg\" alt=\"\" class=\"wp-image-23969\" srcset=\"https:\/\/biebrich02.de\/portal\/wp-content\/uploads\/2026\/03\/gertkramp-914x1024.jpg 914w, https:\/\/biebrich02.de\/portal\/wp-content\/uploads\/2026\/03\/gertkramp-268x300.jpg 268w, https:\/\/biebrich02.de\/portal\/wp-content\/uploads\/2026\/03\/gertkramp-768x860.jpg 768w, https:\/\/biebrich02.de\/portal\/wp-content\/uploads\/2026\/03\/gertkramp-624x699.jpg 624w, https:\/\/biebrich02.de\/portal\/wp-content\/uploads\/2026\/03\/gertkramp.jpg 1000w\" sizes=\"auto, (max-width: 914px) 100vw, 914px\" \/><\/a><\/figure>\n\n\n\n<p class=\"has-text-align-center\"><strong>Der FV Biebrich trauert um Gert Kramp. <\/strong><\/p>\n\n\n\n<figure class=\"wp-block-image size-full\"><a href=\"https:\/\/biebrich02.de\/portal\/wp-content\/uploads\/2023\/05\/grafik-1.png\"><img loading=\"lazy\" decoding=\"async\" width=\"1000\" height=\"667\" src=\"https:\/\/biebrich02.de\/portal\/wp-content\/uploads\/2023\/05\/grafik-1.png\" alt=\"\" class=\"wp-image-13717\" srcset=\"https:\/\/biebrich02.de\/portal\/wp-content\/uploads\/2023\/05\/grafik-1.png 1000w, https:\/\/biebrich02.de\/portal\/wp-content\/uploads\/2023\/05\/grafik-1-300x200.png 300w, https:\/\/biebrich02.de\/portal\/wp-content\/uploads\/2023\/05\/grafik-1-768x512.png 768w, https:\/\/biebrich02.de\/portal\/wp-content\/uploads\/2023\/05\/grafik-1-624x416.png 624w\" sizes=\"auto, (max-width: 1000px) 100vw, 1000px\" \/><\/a><\/figure>\n\n\n\n<p><strong>Die 02-Familie wird J\u00fcrgen Grabowski, der auch Ehrenmitglied des Vereins war, nie vergessen<\/strong>.<\/p>\n\n\n\n<p>Wir haben hier eine Menge an Informationen zusammengetragen, die nicht nur den Spielbetrieb der Ersten Mannschaft betreffen. Sehen Sie sich in aller Ruhe um. Bilder von den Spielen finden Sie in der Kathegorie &#8222;Galerie&#8220; bei den jeweiligen Mannschaftsseiten. Historische Informationen auch \u00fcber unseren Stadtteil inklusive Tabellen unserer Ersten Mannschaft aus mittlerweile \u00fcber 100 Jahren haben wir f\u00fcr Sie in der oberen Men\u00fcleiste bereitgestellt.  <\/p>\n\n\n\n<p>&#8222;Sportlich, solidarisch, respektvoll. Der Charakter unseres Tuns und die Art, in der wir k\u00e4mpfen, sind wichtiger als der Sieg.&#8220; Heinz-J\u00fcrgen Hauzel &#8211; 1. Vorsitzender des FV Biebrich 02.<\/p>\n\n\n<div id=\"fubade-0-ULUA0\" class=\"include-fussball-de-widgets\">\n\t<iframe src='\/\/www.fussball.de\/widget2\/-\/schluessel\/02F5SHA43G000000VUM1DNOUVTRULUA0\/target\/fubade-0-ULUA0\/caller\/biebrich02.de' width='100%' height='100%' scrolling='no' style='border: 1px solid #CECECE; overflow: hidden; min-height: 200px;'><\/iframe>\n<\/div>\n","protected":false},"excerpt":{"rendered":"<p>Herzlich Willkommen auf der privaten Fanpage des FV Biebrich 02. Der FV Biebrich trauert um Gert Kramp. Die 02-Familie wird J\u00fcrgen Grabowski, der auch Ehrenmitglied des Vereins war, nie vergessen. Wir haben hier eine Menge an Informationen zusammengetragen, die nicht nur den Spielbetrieb der Ersten Mannschaft betreffen. Sehen Sie sich in aller Ruhe um. Bilder [&hellip;]<\/p>\n","protected":false},"author":1,"featured_media":0,"parent":0,"menu_order":0,"comment_status":"open","ping_status":"open","template":"","meta":{"footnotes":""},"class_list":["post-11","page","type-page","status-publish","hentry"],"_links":{"self":[{"href":"https:\/\/biebrich02.de\/portal\/index.php?rest_route=\/wp\/v2\/pages\/11","targetHints":{"allow":["GET"]}}],"collection":[{"href":"https:\/\/biebrich02.de\/portal\/index.php?rest_route=\/wp\/v2\/pages"}],"about":[{"href":"https:\/\/biebrich02.de\/portal\/index.php?rest_route=\/wp\/v2\/types\/page"}],"author":[{"embeddable":true,"href":"https:\/\/biebrich02.de\/portal\/index.php?rest_route=\/wp\/v2\/users\/1"}],"replies":[{"embeddable":true,"href":"https:\/\/biebrich02.de\/portal\/index.php?rest_route=%2Fwp%2Fv2%2Fcomments&post=11"}],"version-history":[{"count":66,"href":"https:\/\/biebrich02.de\/portal\/index.php?rest_route=\/wp\/v2\/pages\/11\/revisions"}],"predecessor-version":[{"id":24175,"href":"https:\/\/biebrich02.de\/portal\/index.php?rest_route=\/wp\/v2\/pages\/11\/revisions\/24175"}],"wp:attachment":[{"href":"https:\/\/biebrich02.de\/portal\/index.php?rest_route=%2Fwp%2Fv2%2Fmedia&parent=11"}],"curies":[{"name":"wp","href":"https:\/\/api.w.org\/{rel}","templated":true}]}}