{"id":14198,"date":"2023-06-13T01:54:04","date_gmt":"2023-06-12T23:54:04","guid":{"rendered":"https:\/\/biebrich02.de\/portal\/?page_id=14198"},"modified":"2025-06-19T02:10:39","modified_gmt":"2025-06-19T00:10:39","slug":"d3-junioren-archiv-2022-23","status":"publish","type":"page","link":"https:\/\/biebrich02.de\/portal\/?page_id=14198","title":{"rendered":"D3-Junioren Archiv 2022\/23"},"content":{"rendered":"\n<p class=\"has-text-align-center\"><strong>D3-Junioren des FV Biebrich 02 &#8211; Archiv 2022\/23<\/strong><\/p>\n\n\n\n<p class=\"has-text-align-center\"><strong>Kreisklasse Wiesbaden 2022\/23, Gruppe 2<\/strong><\/p>\n\n\n\n<p class=\"has-text-align-center\">\u2013&gt; <a href=\"https:\/\/biebrich02.de\/portal\/?page_id=209\">Home<\/a> | \u2013&gt; <a href=\"https:\/\/biebrich02.de\/portal\/?page_id=1390\">Unser Team<\/a> | \u2013&gt; <a href=\"https:\/\/biebrich02.de\/portal\/?page_id=1306\">Galerie<\/a> | \u2013&gt; <a href=\"https:\/\/biebrich02.de\/portal\/?page_id=2472\">DFB-Net Tabellenarchiv<\/a> | \u2013&gt; <a href=\"https:\/\/biebrich02.de\/portal\/?page_id=7649\">Archiv<\/a><\/p>\n\n\n\n<figure class=\"wp-block-image size-full\"><a href=\"https:\/\/biebrich02.de\/portal\/wp-content\/uploads\/2023\/04\/grafik.png\"><img loading=\"lazy\" decoding=\"async\" width=\"1000\" height=\"667\" src=\"https:\/\/biebrich02.de\/portal\/wp-content\/uploads\/2023\/04\/grafik.png\" alt=\"\" class=\"wp-image-12594\" srcset=\"https:\/\/biebrich02.de\/portal\/wp-content\/uploads\/2023\/04\/grafik.png 1000w, https:\/\/biebrich02.de\/portal\/wp-content\/uploads\/2023\/04\/grafik-300x200.png 300w, https:\/\/biebrich02.de\/portal\/wp-content\/uploads\/2023\/04\/grafik-768x512.png 768w, https:\/\/biebrich02.de\/portal\/wp-content\/uploads\/2023\/04\/grafik-624x416.png 624w\" sizes=\"auto, (max-width: 1000px) 100vw, 1000px\" \/><\/a><\/figure>\n\n\n\n<p class=\"has-text-align-center\">Trainer: Andreas Sauer, Tel: 0177\/6421116<\/p>\n\n\n\n<figure class=\"wp-block-image size-full\"><a href=\"https:\/\/biebrich02.de\/portal\/wp-content\/uploads\/2023\/04\/grafik-1.png\"><img loading=\"lazy\" decoding=\"async\" width=\"1000\" height=\"667\" src=\"https:\/\/biebrich02.de\/portal\/wp-content\/uploads\/2023\/04\/grafik-1.png\" alt=\"\" class=\"wp-image-12595\" srcset=\"https:\/\/biebrich02.de\/portal\/wp-content\/uploads\/2023\/04\/grafik-1.png 1000w, https:\/\/biebrich02.de\/portal\/wp-content\/uploads\/2023\/04\/grafik-1-300x200.png 300w, https:\/\/biebrich02.de\/portal\/wp-content\/uploads\/2023\/04\/grafik-1-768x512.png 768w, https:\/\/biebrich02.de\/portal\/wp-content\/uploads\/2023\/04\/grafik-1-624x416.png 624w\" sizes=\"auto, (max-width: 1000px) 100vw, 1000px\" \/><\/a><\/figure>\n\n\n\n<p class=\"has-text-align-center\">Trainerin: Carola Hautmann, Tel: 0173\/7229664<\/p>\n\n\n\n<p class=\"has-text-align-center\"><strong>Spielplan der D3-Junioren des FV Biebrich 02 &#8211; Kreisklasse Wiesbaden 2022\/23, Gruppe 2<\/strong><\/p>\n\n\n\n<figure class=\"wp-block-table is-style-stripes\"><table><tbody><tr><td> Datum<\/td><td>Spielpaarung<\/td><td> Ansto\u00df<\/td><\/tr><tr><td> Sa. 10. 09. 2022<\/td><td>FV Biebrich 02 III &#8211; <a href=\"https:\/\/www.fc-naurod.de\/\">1. FC Naurod II<\/a> 4:1<\/td><td> 12:30 Uhr<\/td><\/tr><tr><td> Sa. 17. 09. 2022<\/td><td><a href=\"https:\/\/www.spvgg-sonnenberg.de\/\">SpVgg 1919 Sonnenberg II<\/a> &#8211; FV Biebrich 02 III 6:0<\/td><td> 11:30 Uhr<\/td><\/tr><tr><td> Sa. 24. 09. 2022<\/td><td>FV Biebrich 02 III &#8211; <a href=\"https:\/\/www.tus-nordenstadt-fussball.de\/\">TuS Nordenstadt 1883 II<\/a> 3:2<\/td><td> 10:00 Uhr<\/td><\/tr><tr><td> Sa. 08. 10. 2022<\/td><td><a href=\"https:\/\/psvgww.de\/\">PSV Gr\u00fcn-Wei\u00df Wiesbaden<\/a> &#8211; FV Biebrich 02 III 1:1<\/td><td> 11:00 Uhr<\/td><\/tr><tr><td> Sa. 15. 10. 2022<\/td><td><a href=\"https:\/\/www.vfr-wiesbaden.de\/\">VfR Wiesbaden II<\/a> &#8211; FV Biebrich 02 III 6:1<\/td><td> 11:45 Uhr<\/td><\/tr><tr><td> Sa. 05. 11. 2022<\/td><td>FV Biebrich 02 III &#8211; <a href=\"https:\/\/www.sc-klarenthal.de\/\">DJK 1. SC Klarenthal 1968 II<\/a> 3:5<\/td><td> 12:30 Uhr<\/td><\/tr><tr><td> Sa. 12. 11. 2022<\/td><td>Der FV Biebrich 02 III  ist spielfrei.<\/td><td><\/td><\/tr><tr><td> Sa. 26. 11. 2022<\/td><td><a href=\"https:\/\/fsvhellas1968.com\/\">FSV Hellas Schierstein 1968<\/a> &#8211; FV Biebrich 02 III <\/td><td> 13:45 Uhr<\/td><\/tr><tr><td> Sa. 25. 22. 2023<\/td><td>FV Biebrich 02 III &#8211; <a href=\"https:\/\/www.svniedernhausen.de\/\">SV 1919 Niedernhausen<\/a> 2:3<\/td><td> 10:45 Uhr<\/td><\/tr><tr><td> Sa. 04. 03. 2023<\/td><td>FV Biebrich 02 III &#8211; <a href=\"https:\/\/www.spvgg-sonnenberg.de\/\">SpVgg 1919 Sonnenberg II<\/a> 0:12<\/td><td> 10:00 Uhr<\/td><\/tr><tr><td> Sa. 11. 03. 2023<\/td><td><a href=\"https:\/\/www.tus-nordenstadt-fussball.de\/\">TuS Nordenstadt 1883 II<\/a> &#8211; FV Biebrich 02 III 3:0<\/td><td> 12:00 Uhr<\/td><\/tr><tr><td> Sa. 18. 03. 2023<\/td><td>FV Biebrich 02 III &#8211; <a href=\"https:\/\/psvgww.de\/\">PSV Gr\u00fcn-Wei\u00df Wiesbaden<\/a> 0:8<\/td><td> 10:00 Uhr<\/td><\/tr><tr><td> Sa. 25. 03. 2023<\/td><td>FV Biebrich 02 III &#8211; <a href=\"https:\/\/www.vfr-wiesbaden.de\/\">VfR Wiesbaden II<\/a> 1:3<\/td><td> 12:30 Uhr<\/td><\/tr><tr><td> Sa. 29. 04. 2023<\/td><td><a href=\"https:\/\/www.fc-naurod.de\/\">1. FC Naurod II<\/a> &#8211; FV Biebrich 02 III 7:1<\/td><td> 11:15 Uhr<\/td><\/tr><tr><td> Di. 09. 05. 2023<\/td><td><a href=\"https:\/\/www.sc-klarenthal.de\/\">DJK 1. SC Klarenthal 1968 II <\/a>&#8211; FV Biebrich 02 III 1:0<\/td><td> 18:00 Uhr<\/td><\/tr><tr><td> Sa. 13. 05. 2023<\/td><td>Der FV Biebrich 02 III ist spielfrei.<\/td><td><\/td><\/tr><tr><td> Sa. 20. 05. 2023<\/td><td><a href=\"https:\/\/www.svniedernhausen.de\/\">SV 1913 Niedernhausen<\/a> &#8211; FV Biebrich 02 III 7:1<\/td><td> 12:30 Uhr<\/td><\/tr><tr><td> Sa. 03. 06. 2023<\/td><td>FV Biebrich 02 III &#8211; <a href=\"https:\/\/fsvhellas1968.com\/\">FSV Hellas Schierstein 1968<\/a> 1:2<\/td><td> 10:00 Uhr<\/td><\/tr><\/tbody><\/table><\/figure>\n\n\n\n<p>Hinweis: Um eine schnellstm\u00f6gliche Information \u00fcber Spielergebnisse und Tabellenst\u00e4nde gew\u00e4hrleisten zu k\u00f6nnen, binden wir die sogenannten FUSSBALL.DE-Widgets auf unseren Seiten ein. Wir weisen Sie hiermit explizit auf den Einsatz dieser Widgets und die damit verbundenen \u2013&gt; <a href=\"http:\/\/www.fussball.de\/privacy\">Datenschutzbestimmungen<\/a>, insbesondere im Bereich \u201eWebtracking\u201c, von \u2013&gt; <a href=\"http:\/\/www.fussball.de\">FUSSBALL.DE<\/a> hin.<\/p>\n\n\n<div id=\"fubade-0-4V7HM\" class=\"include-fussball-de-widgets\">\n\t<iframe src='\/\/www.fussball.de\/widget2\/-\/schluessel\/02J0LIBLQK000000VUM1DNQ7VSU4V7HM\/target\/fubade-0-4V7HM\/caller\/biebrich02.de' width='100%' height='100%' scrolling='no' style='border: 1px solid #CECECE; overflow: hidden; min-height: 200px;'><\/iframe>\n<\/div>\n\n\n\n<p class=\"has-text-align-center\"><strong>Bildergalerie der D3-Junioren des FV Biebrich 02 2022\/23<\/strong><\/p>\n\n\n\n<p class=\"has-text-align-center\"><strong>FV Biebrich 02 III &#8211; DJK 1. SC Klarenthal 1968 II, 05. 11. 2022<\/strong><\/p>\n\n\n\n<figure class=\"wp-block-gallery has-nested-images columns-default is-cropped wp-block-gallery-1 is-layout-flex wp-block-gallery-is-layout-flex\">\n<figure class=\"wp-block-image size-large\"><a href=\"https:\/\/biebrich02.de\/portal\/wp-content\/uploads\/2022\/11\/d3junioren_scklarenthalIIhome2223_1.jpg\"><img loading=\"lazy\" decoding=\"async\" width=\"1000\" height=\"829\" data-id=\"11175\" src=\"https:\/\/biebrich02.de\/portal\/wp-content\/uploads\/2022\/11\/d3junioren_scklarenthalIIhome2223_1.jpg\" alt=\"\" class=\"wp-image-11175\" srcset=\"https:\/\/biebrich02.de\/portal\/wp-content\/uploads\/2022\/11\/d3junioren_scklarenthalIIhome2223_1.jpg 1000w, https:\/\/biebrich02.de\/portal\/wp-content\/uploads\/2022\/11\/d3junioren_scklarenthalIIhome2223_1-300x249.jpg 300w, https:\/\/biebrich02.de\/portal\/wp-content\/uploads\/2022\/11\/d3junioren_scklarenthalIIhome2223_1-768x637.jpg 768w, https:\/\/biebrich02.de\/portal\/wp-content\/uploads\/2022\/11\/d3junioren_scklarenthalIIhome2223_1-624x517.jpg 624w\" sizes=\"auto, (max-width: 1000px) 100vw, 1000px\" \/><\/a><\/figure>\n\n\n\n<figure class=\"wp-block-image size-large\"><a href=\"https:\/\/biebrich02.de\/portal\/wp-content\/uploads\/2022\/11\/d3junioren_scklarenthalIIhome2223_2.jpg\"><img loading=\"lazy\" decoding=\"async\" width=\"1000\" height=\"815\" data-id=\"11176\" src=\"https:\/\/biebrich02.de\/portal\/wp-content\/uploads\/2022\/11\/d3junioren_scklarenthalIIhome2223_2.jpg\" alt=\"\" class=\"wp-image-11176\" srcset=\"https:\/\/biebrich02.de\/portal\/wp-content\/uploads\/2022\/11\/d3junioren_scklarenthalIIhome2223_2.jpg 1000w, https:\/\/biebrich02.de\/portal\/wp-content\/uploads\/2022\/11\/d3junioren_scklarenthalIIhome2223_2-300x245.jpg 300w, https:\/\/biebrich02.de\/portal\/wp-content\/uploads\/2022\/11\/d3junioren_scklarenthalIIhome2223_2-768x626.jpg 768w, https:\/\/biebrich02.de\/portal\/wp-content\/uploads\/2022\/11\/d3junioren_scklarenthalIIhome2223_2-624x509.jpg 624w\" sizes=\"auto, (max-width: 1000px) 100vw, 1000px\" \/><\/a><\/figure>\n\n\n\n<figure class=\"wp-block-image size-large\"><a href=\"https:\/\/biebrich02.de\/portal\/wp-content\/uploads\/2022\/11\/d3junioren_scklarenthalIIhome2223_3.jpg\"><img loading=\"lazy\" decoding=\"async\" width=\"1000\" height=\"821\" data-id=\"11177\" src=\"https:\/\/biebrich02.de\/portal\/wp-content\/uploads\/2022\/11\/d3junioren_scklarenthalIIhome2223_3.jpg\" alt=\"\" class=\"wp-image-11177\" srcset=\"https:\/\/biebrich02.de\/portal\/wp-content\/uploads\/2022\/11\/d3junioren_scklarenthalIIhome2223_3.jpg 1000w, https:\/\/biebrich02.de\/portal\/wp-content\/uploads\/2022\/11\/d3junioren_scklarenthalIIhome2223_3-300x246.jpg 300w, https:\/\/biebrich02.de\/portal\/wp-content\/uploads\/2022\/11\/d3junioren_scklarenthalIIhome2223_3-768x631.jpg 768w, https:\/\/biebrich02.de\/portal\/wp-content\/uploads\/2022\/11\/d3junioren_scklarenthalIIhome2223_3-624x512.jpg 624w\" sizes=\"auto, (max-width: 1000px) 100vw, 1000px\" \/><\/a><\/figure>\n\n\n\n<figure class=\"wp-block-image size-large\"><a href=\"https:\/\/biebrich02.de\/portal\/wp-content\/uploads\/2022\/11\/d3junioren_scklarenthalIIhome2223_4.jpg\"><img loading=\"lazy\" decoding=\"async\" width=\"1000\" height=\"798\" data-id=\"11178\" src=\"https:\/\/biebrich02.de\/portal\/wp-content\/uploads\/2022\/11\/d3junioren_scklarenthalIIhome2223_4.jpg\" alt=\"\" class=\"wp-image-11178\" srcset=\"https:\/\/biebrich02.de\/portal\/wp-content\/uploads\/2022\/11\/d3junioren_scklarenthalIIhome2223_4.jpg 1000w, https:\/\/biebrich02.de\/portal\/wp-content\/uploads\/2022\/11\/d3junioren_scklarenthalIIhome2223_4-300x239.jpg 300w, https:\/\/biebrich02.de\/portal\/wp-content\/uploads\/2022\/11\/d3junioren_scklarenthalIIhome2223_4-768x613.jpg 768w, https:\/\/biebrich02.de\/portal\/wp-content\/uploads\/2022\/11\/d3junioren_scklarenthalIIhome2223_4-624x498.jpg 624w\" sizes=\"auto, (max-width: 1000px) 100vw, 1000px\" \/><\/a><\/figure>\n\n\n\n<figure class=\"wp-block-image size-large\"><a href=\"https:\/\/biebrich02.de\/portal\/wp-content\/uploads\/2022\/11\/d3junioren_scklarenthalIIhome2223_5.jpg\"><img loading=\"lazy\" decoding=\"async\" width=\"1000\" height=\"853\" data-id=\"11179\" src=\"https:\/\/biebrich02.de\/portal\/wp-content\/uploads\/2022\/11\/d3junioren_scklarenthalIIhome2223_5.jpg\" alt=\"\" class=\"wp-image-11179\" srcset=\"https:\/\/biebrich02.de\/portal\/wp-content\/uploads\/2022\/11\/d3junioren_scklarenthalIIhome2223_5.jpg 1000w, https:\/\/biebrich02.de\/portal\/wp-content\/uploads\/2022\/11\/d3junioren_scklarenthalIIhome2223_5-300x256.jpg 300w, https:\/\/biebrich02.de\/portal\/wp-content\/uploads\/2022\/11\/d3junioren_scklarenthalIIhome2223_5-768x655.jpg 768w, https:\/\/biebrich02.de\/portal\/wp-content\/uploads\/2022\/11\/d3junioren_scklarenthalIIhome2223_5-624x532.jpg 624w\" sizes=\"auto, (max-width: 1000px) 100vw, 1000px\" \/><\/a><\/figure>\n\n\n\n<figure class=\"wp-block-image size-large\"><a href=\"https:\/\/biebrich02.de\/portal\/wp-content\/uploads\/2022\/11\/d3junioren_scklarenthalIIhome2223_6.jpg\"><img loading=\"lazy\" decoding=\"async\" width=\"1000\" height=\"796\" data-id=\"11180\" src=\"https:\/\/biebrich02.de\/portal\/wp-content\/uploads\/2022\/11\/d3junioren_scklarenthalIIhome2223_6.jpg\" alt=\"\" class=\"wp-image-11180\" srcset=\"https:\/\/biebrich02.de\/portal\/wp-content\/uploads\/2022\/11\/d3junioren_scklarenthalIIhome2223_6.jpg 1000w, https:\/\/biebrich02.de\/portal\/wp-content\/uploads\/2022\/11\/d3junioren_scklarenthalIIhome2223_6-300x239.jpg 300w, https:\/\/biebrich02.de\/portal\/wp-content\/uploads\/2022\/11\/d3junioren_scklarenthalIIhome2223_6-768x611.jpg 768w, https:\/\/biebrich02.de\/portal\/wp-content\/uploads\/2022\/11\/d3junioren_scklarenthalIIhome2223_6-624x497.jpg 624w\" sizes=\"auto, (max-width: 1000px) 100vw, 1000px\" \/><\/a><\/figure>\n\n\n\n<figure class=\"wp-block-image size-large\"><a href=\"https:\/\/biebrich02.de\/portal\/wp-content\/uploads\/2022\/11\/d3junioren_scklarenthalIIhome2223_7.jpg\"><img loading=\"lazy\" decoding=\"async\" width=\"1000\" height=\"615\" data-id=\"11181\" src=\"https:\/\/biebrich02.de\/portal\/wp-content\/uploads\/2022\/11\/d3junioren_scklarenthalIIhome2223_7.jpg\" alt=\"\" class=\"wp-image-11181\" srcset=\"https:\/\/biebrich02.de\/portal\/wp-content\/uploads\/2022\/11\/d3junioren_scklarenthalIIhome2223_7.jpg 1000w, https:\/\/biebrich02.de\/portal\/wp-content\/uploads\/2022\/11\/d3junioren_scklarenthalIIhome2223_7-300x185.jpg 300w, https:\/\/biebrich02.de\/portal\/wp-content\/uploads\/2022\/11\/d3junioren_scklarenthalIIhome2223_7-768x472.jpg 768w, https:\/\/biebrich02.de\/portal\/wp-content\/uploads\/2022\/11\/d3junioren_scklarenthalIIhome2223_7-624x384.jpg 624w\" sizes=\"auto, (max-width: 1000px) 100vw, 1000px\" \/><\/a><\/figure>\n\n\n\n<figure class=\"wp-block-image size-large\"><a href=\"https:\/\/biebrich02.de\/portal\/wp-content\/uploads\/2022\/11\/d3junioren_scklarenthalIIhome2223_8.jpg\"><img loading=\"lazy\" decoding=\"async\" width=\"1000\" height=\"859\" data-id=\"11182\" src=\"https:\/\/biebrich02.de\/portal\/wp-content\/uploads\/2022\/11\/d3junioren_scklarenthalIIhome2223_8.jpg\" alt=\"\" class=\"wp-image-11182\" srcset=\"https:\/\/biebrich02.de\/portal\/wp-content\/uploads\/2022\/11\/d3junioren_scklarenthalIIhome2223_8.jpg 1000w, https:\/\/biebrich02.de\/portal\/wp-content\/uploads\/2022\/11\/d3junioren_scklarenthalIIhome2223_8-300x258.jpg 300w, https:\/\/biebrich02.de\/portal\/wp-content\/uploads\/2022\/11\/d3junioren_scklarenthalIIhome2223_8-768x660.jpg 768w, https:\/\/biebrich02.de\/portal\/wp-content\/uploads\/2022\/11\/d3junioren_scklarenthalIIhome2223_8-624x536.jpg 624w\" sizes=\"auto, (max-width: 1000px) 100vw, 1000px\" \/><\/a><\/figure>\n\n\n\n<figure class=\"wp-block-image size-large\"><a href=\"https:\/\/biebrich02.de\/portal\/wp-content\/uploads\/2022\/11\/d3junioren_scklarenthalIIhome2223_9.jpg\"><img loading=\"lazy\" decoding=\"async\" width=\"1000\" height=\"976\" data-id=\"11183\" src=\"https:\/\/biebrich02.de\/portal\/wp-content\/uploads\/2022\/11\/d3junioren_scklarenthalIIhome2223_9.jpg\" alt=\"\" class=\"wp-image-11183\" srcset=\"https:\/\/biebrich02.de\/portal\/wp-content\/uploads\/2022\/11\/d3junioren_scklarenthalIIhome2223_9.jpg 1000w, https:\/\/biebrich02.de\/portal\/wp-content\/uploads\/2022\/11\/d3junioren_scklarenthalIIhome2223_9-300x293.jpg 300w, https:\/\/biebrich02.de\/portal\/wp-content\/uploads\/2022\/11\/d3junioren_scklarenthalIIhome2223_9-768x750.jpg 768w, https:\/\/biebrich02.de\/portal\/wp-content\/uploads\/2022\/11\/d3junioren_scklarenthalIIhome2223_9-624x609.jpg 624w\" sizes=\"auto, (max-width: 1000px) 100vw, 1000px\" \/><\/a><\/figure>\n\n\n\n<figure class=\"wp-block-image size-large\"><a href=\"https:\/\/biebrich02.de\/portal\/wp-content\/uploads\/2022\/11\/d3junioren_scklarenthalIIhome2223_10.jpg\"><img loading=\"lazy\" decoding=\"async\" width=\"1000\" height=\"843\" data-id=\"11184\" src=\"https:\/\/biebrich02.de\/portal\/wp-content\/uploads\/2022\/11\/d3junioren_scklarenthalIIhome2223_10.jpg\" alt=\"\" class=\"wp-image-11184\" srcset=\"https:\/\/biebrich02.de\/portal\/wp-content\/uploads\/2022\/11\/d3junioren_scklarenthalIIhome2223_10.jpg 1000w, https:\/\/biebrich02.de\/portal\/wp-content\/uploads\/2022\/11\/d3junioren_scklarenthalIIhome2223_10-300x253.jpg 300w, https:\/\/biebrich02.de\/portal\/wp-content\/uploads\/2022\/11\/d3junioren_scklarenthalIIhome2223_10-768x647.jpg 768w, https:\/\/biebrich02.de\/portal\/wp-content\/uploads\/2022\/11\/d3junioren_scklarenthalIIhome2223_10-624x526.jpg 624w\" sizes=\"auto, (max-width: 1000px) 100vw, 1000px\" \/><\/a><\/figure>\n\n\n\n<figure class=\"wp-block-image size-large\"><a href=\"https:\/\/biebrich02.de\/portal\/wp-content\/uploads\/2022\/11\/d3junioren_scklarenthalIIhome2223_11.jpg\"><img loading=\"lazy\" decoding=\"async\" width=\"1000\" height=\"739\" data-id=\"11185\" src=\"https:\/\/biebrich02.de\/portal\/wp-content\/uploads\/2022\/11\/d3junioren_scklarenthalIIhome2223_11.jpg\" alt=\"\" class=\"wp-image-11185\" srcset=\"https:\/\/biebrich02.de\/portal\/wp-content\/uploads\/2022\/11\/d3junioren_scklarenthalIIhome2223_11.jpg 1000w, https:\/\/biebrich02.de\/portal\/wp-content\/uploads\/2022\/11\/d3junioren_scklarenthalIIhome2223_11-300x222.jpg 300w, https:\/\/biebrich02.de\/portal\/wp-content\/uploads\/2022\/11\/d3junioren_scklarenthalIIhome2223_11-768x568.jpg 768w, https:\/\/biebrich02.de\/portal\/wp-content\/uploads\/2022\/11\/d3junioren_scklarenthalIIhome2223_11-624x461.jpg 624w\" sizes=\"auto, (max-width: 1000px) 100vw, 1000px\" \/><\/a><\/figure>\n\n\n\n<figure class=\"wp-block-image size-large\"><a href=\"https:\/\/biebrich02.de\/portal\/wp-content\/uploads\/2022\/11\/d3junioren_scklarenthalIIhome2223_12.jpg\"><img loading=\"lazy\" decoding=\"async\" width=\"1000\" height=\"735\" data-id=\"11186\" src=\"https:\/\/biebrich02.de\/portal\/wp-content\/uploads\/2022\/11\/d3junioren_scklarenthalIIhome2223_12.jpg\" alt=\"\" class=\"wp-image-11186\" srcset=\"https:\/\/biebrich02.de\/portal\/wp-content\/uploads\/2022\/11\/d3junioren_scklarenthalIIhome2223_12.jpg 1000w, https:\/\/biebrich02.de\/portal\/wp-content\/uploads\/2022\/11\/d3junioren_scklarenthalIIhome2223_12-300x221.jpg 300w, https:\/\/biebrich02.de\/portal\/wp-content\/uploads\/2022\/11\/d3junioren_scklarenthalIIhome2223_12-768x564.jpg 768w, https:\/\/biebrich02.de\/portal\/wp-content\/uploads\/2022\/11\/d3junioren_scklarenthalIIhome2223_12-624x459.jpg 624w\" sizes=\"auto, (max-width: 1000px) 100vw, 1000px\" \/><\/a><\/figure>\n\n\n\n<figure class=\"wp-block-image size-large\"><a href=\"https:\/\/biebrich02.de\/portal\/wp-content\/uploads\/2022\/11\/d3junioren_scklarenthalIIhome2223_13.jpg\"><img loading=\"lazy\" decoding=\"async\" width=\"1000\" height=\"702\" data-id=\"11187\" src=\"https:\/\/biebrich02.de\/portal\/wp-content\/uploads\/2022\/11\/d3junioren_scklarenthalIIhome2223_13.jpg\" alt=\"\" class=\"wp-image-11187\" srcset=\"https:\/\/biebrich02.de\/portal\/wp-content\/uploads\/2022\/11\/d3junioren_scklarenthalIIhome2223_13.jpg 1000w, https:\/\/biebrich02.de\/portal\/wp-content\/uploads\/2022\/11\/d3junioren_scklarenthalIIhome2223_13-300x211.jpg 300w, https:\/\/biebrich02.de\/portal\/wp-content\/uploads\/2022\/11\/d3junioren_scklarenthalIIhome2223_13-768x539.jpg 768w, https:\/\/biebrich02.de\/portal\/wp-content\/uploads\/2022\/11\/d3junioren_scklarenthalIIhome2223_13-624x438.jpg 624w\" sizes=\"auto, (max-width: 1000px) 100vw, 1000px\" \/><\/a><\/figure>\n\n\n\n<figure class=\"wp-block-image size-large\"><a href=\"https:\/\/biebrich02.de\/portal\/wp-content\/uploads\/2022\/11\/d3junioren_scklarenthalIIhome2223_14.jpg\"><img loading=\"lazy\" decoding=\"async\" width=\"1000\" height=\"770\" data-id=\"11188\" src=\"https:\/\/biebrich02.de\/portal\/wp-content\/uploads\/2022\/11\/d3junioren_scklarenthalIIhome2223_14.jpg\" alt=\"\" class=\"wp-image-11188\" srcset=\"https:\/\/biebrich02.de\/portal\/wp-content\/uploads\/2022\/11\/d3junioren_scklarenthalIIhome2223_14.jpg 1000w, https:\/\/biebrich02.de\/portal\/wp-content\/uploads\/2022\/11\/d3junioren_scklarenthalIIhome2223_14-300x231.jpg 300w, https:\/\/biebrich02.de\/portal\/wp-content\/uploads\/2022\/11\/d3junioren_scklarenthalIIhome2223_14-768x591.jpg 768w, https:\/\/biebrich02.de\/portal\/wp-content\/uploads\/2022\/11\/d3junioren_scklarenthalIIhome2223_14-624x480.jpg 624w\" sizes=\"auto, (max-width: 1000px) 100vw, 1000px\" \/><\/a><\/figure>\n\n\n\n<figure class=\"wp-block-image size-large\"><a href=\"https:\/\/biebrich02.de\/portal\/wp-content\/uploads\/2022\/11\/d3junioren_scklarenthalIIhome2223_15.jpg\"><img loading=\"lazy\" decoding=\"async\" width=\"1000\" height=\"714\" data-id=\"11189\" src=\"https:\/\/biebrich02.de\/portal\/wp-content\/uploads\/2022\/11\/d3junioren_scklarenthalIIhome2223_15.jpg\" alt=\"\" class=\"wp-image-11189\" srcset=\"https:\/\/biebrich02.de\/portal\/wp-content\/uploads\/2022\/11\/d3junioren_scklarenthalIIhome2223_15.jpg 1000w, https:\/\/biebrich02.de\/portal\/wp-content\/uploads\/2022\/11\/d3junioren_scklarenthalIIhome2223_15-300x214.jpg 300w, https:\/\/biebrich02.de\/portal\/wp-content\/uploads\/2022\/11\/d3junioren_scklarenthalIIhome2223_15-768x548.jpg 768w, https:\/\/biebrich02.de\/portal\/wp-content\/uploads\/2022\/11\/d3junioren_scklarenthalIIhome2223_15-624x446.jpg 624w\" sizes=\"auto, (max-width: 1000px) 100vw, 1000px\" \/><\/a><\/figure>\n\n\n\n<figure class=\"wp-block-image size-large\"><a href=\"https:\/\/biebrich02.de\/portal\/wp-content\/uploads\/2022\/11\/d3junioren_scklarenthalIIhome2223_16.jpg\"><img loading=\"lazy\" decoding=\"async\" width=\"1000\" height=\"511\" data-id=\"11190\" src=\"https:\/\/biebrich02.de\/portal\/wp-content\/uploads\/2022\/11\/d3junioren_scklarenthalIIhome2223_16.jpg\" alt=\"\" class=\"wp-image-11190\" srcset=\"https:\/\/biebrich02.de\/portal\/wp-content\/uploads\/2022\/11\/d3junioren_scklarenthalIIhome2223_16.jpg 1000w, https:\/\/biebrich02.de\/portal\/wp-content\/uploads\/2022\/11\/d3junioren_scklarenthalIIhome2223_16-300x153.jpg 300w, https:\/\/biebrich02.de\/portal\/wp-content\/uploads\/2022\/11\/d3junioren_scklarenthalIIhome2223_16-768x392.jpg 768w, https:\/\/biebrich02.de\/portal\/wp-content\/uploads\/2022\/11\/d3junioren_scklarenthalIIhome2223_16-624x319.jpg 624w\" sizes=\"auto, (max-width: 1000px) 100vw, 1000px\" \/><\/a><\/figure>\n\n\n\n<figure class=\"wp-block-image size-large\"><a href=\"https:\/\/biebrich02.de\/portal\/wp-content\/uploads\/2022\/11\/d3junioren_scklarenthalIIhome2223_17.jpg\"><img loading=\"lazy\" decoding=\"async\" width=\"896\" height=\"1024\" data-id=\"11191\" src=\"https:\/\/biebrich02.de\/portal\/wp-content\/uploads\/2022\/11\/d3junioren_scklarenthalIIhome2223_17-896x1024.jpg\" alt=\"\" class=\"wp-image-11191\" srcset=\"https:\/\/biebrich02.de\/portal\/wp-content\/uploads\/2022\/11\/d3junioren_scklarenthalIIhome2223_17-896x1024.jpg 896w, https:\/\/biebrich02.de\/portal\/wp-content\/uploads\/2022\/11\/d3junioren_scklarenthalIIhome2223_17-262x300.jpg 262w, https:\/\/biebrich02.de\/portal\/wp-content\/uploads\/2022\/11\/d3junioren_scklarenthalIIhome2223_17-768x878.jpg 768w, https:\/\/biebrich02.de\/portal\/wp-content\/uploads\/2022\/11\/d3junioren_scklarenthalIIhome2223_17-624x713.jpg 624w, https:\/\/biebrich02.de\/portal\/wp-content\/uploads\/2022\/11\/d3junioren_scklarenthalIIhome2223_17.jpg 1000w\" sizes=\"auto, (max-width: 896px) 100vw, 896px\" \/><\/a><\/figure>\n<\/figure>\n\n\n\n<p class=\"has-text-align-center\"><\/p>\n","protected":false},"excerpt":{"rendered":"<p>D3-Junioren des FV Biebrich 02 &#8211; Archiv 2022\/23 Kreisklasse Wiesbaden 2022\/23, Gruppe 2 \u2013&gt; Home | \u2013&gt; Unser Team | \u2013&gt; Galerie | \u2013&gt; DFB-Net Tabellenarchiv | \u2013&gt; Archiv Trainer: Andreas Sauer, Tel: 0177\/6421116 Trainerin: Carola Hautmann, Tel: 0173\/7229664 Spielplan der D3-Junioren des FV Biebrich 02 &#8211; Kreisklasse Wiesbaden 2022\/23, Gruppe 2 Datum Spielpaarung Ansto\u00df [&hellip;]<\/p>\n","protected":false},"author":1,"featured_media":0,"parent":0,"menu_order":0,"comment_status":"closed","ping_status":"closed","template":"","meta":{"footnotes":""},"class_list":["post-14198","page","type-page","status-publish","hentry"],"_links":{"self":[{"href":"https:\/\/biebrich02.de\/portal\/index.php?rest_route=\/wp\/v2\/pages\/14198","targetHints":{"allow":["GET"]}}],"collection":[{"href":"https:\/\/biebrich02.de\/portal\/index.php?rest_route=\/wp\/v2\/pages"}],"about":[{"href":"https:\/\/biebrich02.de\/portal\/index.php?rest_route=\/wp\/v2\/types\/page"}],"author":[{"embeddable":true,"href":"https:\/\/biebrich02.de\/portal\/index.php?rest_route=\/wp\/v2\/users\/1"}],"replies":[{"embeddable":true,"href":"https:\/\/biebrich02.de\/portal\/index.php?rest_route=%2Fwp%2Fv2%2Fcomments&post=14198"}],"version-history":[{"count":4,"href":"https:\/\/biebrich02.de\/portal\/index.php?rest_route=\/wp\/v2\/pages\/14198\/revisions"}],"predecessor-version":[{"id":20816,"href":"https:\/\/biebrich02.de\/portal\/index.php?rest_route=\/wp\/v2\/pages\/14198\/revisions\/20816"}],"wp:attachment":[{"href":"https:\/\/biebrich02.de\/portal\/index.php?rest_route=%2Fwp%2Fv2%2Fmedia&parent=14198"}],"curies":[{"name":"wp","href":"https:\/\/api.w.org\/{rel}","templated":true}]}}