{"id":151,"date":"2021-08-06T00:46:49","date_gmt":"2021-08-05T22:46:49","guid":{"rendered":"https:\/\/biebrich02.de\/portal\/?page_id=151"},"modified":"2026-05-03T00:01:38","modified_gmt":"2026-05-02T22:01:38","slug":"a2-junioren","status":"publish","type":"page","link":"https:\/\/biebrich02.de\/portal\/?page_id=151","title":{"rendered":"A2-Junioren"},"content":{"rendered":"\n<p class=\"has-text-align-center\"><strong>A2-Junioren des FV Biebrich 02<\/strong> &#8211; Verbandsliga Hessen 2025\/26, Gruppe S\u00fcd<\/p>\n\n\n\n<p class=\"has-text-align-center\">&#8211;&gt; <strong>Home<\/strong> | &#8211;&gt; <a href=\"https:\/\/biebrich02.de\/portal\/?page_id=14525\">Unser Team<\/a> | &#8211;&gt; <a href=\"https:\/\/biebrich02.de\/portal\/?page_id=2272\">Galerie<\/a> | &#8211;&gt; <a href=\"https:\/\/biebrich02.de\/portal\/?page_id=2314\">DFB-Net Tabellenarchiv<\/a> | &#8211;&gt; <a href=\"https:\/\/biebrich02.de\/portal\/?page_id=7538\">Archiv<\/a><\/p>\n\n\n\n<p><code><div aria-live=\"polite\" id=\"soliloquy-container-22882_1\" class=\"soliloquy-container soliloquy-transition-fade  soliloquy-theme-base\" style=\"max-width:700px;max-height:467px;\"><ul id=\"soliloquy-22882_1\" class=\"soliloquy-slider soliloquy-slides soliloquy-wrap soliloquy-clear\"><li aria-hidden=\"true\" class=\"soliloquy-item soliloquy-item-1 soliloquy-image-slide\" draggable=\"false\" style=\"list-style:none\"><img decoding=\"async\" id=\"soliloquy-image-22883\" class=\"soliloquy-image soliloquy-image-1\" src=\"https:\/\/biebrich02.de\/portal\/wp-content\/uploads\/2025\/09\/a2juniorenspieler2526_1-3-700x467_c.jpg\" alt=\"a2juniorenspieler2526_1\" \/><\/li><li aria-hidden=\"true\" class=\"soliloquy-item soliloquy-item-2 soliloquy-image-slide\" draggable=\"false\" style=\"list-style:none\"><img decoding=\"async\" id=\"soliloquy-image-22884\" class=\"soliloquy-image soliloquy-image-2\" src=\"https:\/\/biebrich02.de\/portal\/wp-content\/uploads\/2025\/09\/a2juniorenspieler2526_2-3-700x467_c.jpg\" alt=\"a2juniorenspieler2526_2\" \/><\/li><li aria-hidden=\"true\" class=\"soliloquy-item soliloquy-item-3 soliloquy-image-slide\" draggable=\"false\" style=\"list-style:none\"><img decoding=\"async\" id=\"soliloquy-image-22885\" class=\"soliloquy-image soliloquy-image-3\" src=\"https:\/\/biebrich02.de\/portal\/wp-content\/uploads\/2025\/09\/a2juniorenspieler2526_3-3-700x467_c.jpg\" alt=\"a2juniorenspieler2526_3\" \/><\/li><li aria-hidden=\"true\" class=\"soliloquy-item soliloquy-item-4 soliloquy-image-slide\" draggable=\"false\" style=\"list-style:none\"><img decoding=\"async\" id=\"soliloquy-image-22886\" class=\"soliloquy-image soliloquy-image-4\" src=\"https:\/\/biebrich02.de\/portal\/wp-content\/uploads\/2025\/09\/a2juniorenspieler2526_4-3-700x467_c.jpg\" alt=\"a2juniorenspieler2526_4\" \/><\/li><li aria-hidden=\"true\" class=\"soliloquy-item soliloquy-item-5 soliloquy-image-slide\" draggable=\"false\" style=\"list-style:none\"><img decoding=\"async\" id=\"soliloquy-image-22887\" class=\"soliloquy-image soliloquy-image-5\" src=\"https:\/\/biebrich02.de\/portal\/wp-content\/uploads\/2025\/09\/a2juniorenspieler2526_5-3-700x467_c.jpg\" alt=\"a2juniorenspieler2526_5\" \/><\/li><li aria-hidden=\"true\" class=\"soliloquy-item soliloquy-item-6 soliloquy-image-slide\" draggable=\"false\" style=\"list-style:none\"><img decoding=\"async\" id=\"soliloquy-image-22888\" class=\"soliloquy-image soliloquy-image-6\" src=\"https:\/\/biebrich02.de\/portal\/wp-content\/uploads\/2025\/09\/a2juniorenspieler2526_6-3-700x467_c.jpg\" alt=\"a2juniorenspieler2526_6\" \/><\/li><li aria-hidden=\"true\" class=\"soliloquy-item soliloquy-item-7 soliloquy-image-slide\" draggable=\"false\" style=\"list-style:none\"><img decoding=\"async\" id=\"soliloquy-image-22889\" class=\"soliloquy-image soliloquy-image-7\" src=\"https:\/\/biebrich02.de\/portal\/wp-content\/uploads\/2025\/09\/a2juniorenspieler2526_7-3-700x467_c.jpg\" alt=\"a2juniorenspieler2526_7\" \/><\/li><li aria-hidden=\"true\" class=\"soliloquy-item soliloquy-item-8 soliloquy-image-slide\" draggable=\"false\" style=\"list-style:none\"><img decoding=\"async\" id=\"soliloquy-image-22890\" class=\"soliloquy-image soliloquy-image-8\" src=\"https:\/\/biebrich02.de\/portal\/wp-content\/uploads\/2025\/09\/a2juniorenspieler2526_8-3-700x467_c.jpg\" alt=\"a2juniorenspieler2526_8\" \/><\/li><li aria-hidden=\"true\" class=\"soliloquy-item soliloquy-item-9 soliloquy-image-slide\" draggable=\"false\" style=\"list-style:none\"><img decoding=\"async\" id=\"soliloquy-image-22891\" class=\"soliloquy-image soliloquy-image-9\" src=\"https:\/\/biebrich02.de\/portal\/wp-content\/uploads\/2025\/09\/a2juniorenspieler2526_9-3-700x467_c.jpg\" alt=\"a2juniorenspieler2526_9\" \/><\/li><li aria-hidden=\"true\" class=\"soliloquy-item soliloquy-item-10 soliloquy-image-slide\" draggable=\"false\" style=\"list-style:none\"><img decoding=\"async\" id=\"soliloquy-image-22892\" class=\"soliloquy-image soliloquy-image-10\" src=\"https:\/\/biebrich02.de\/portal\/wp-content\/uploads\/2025\/09\/a2juniorenspieler2526_10-3-700x467_c.jpg\" alt=\"a2juniorenspieler2526_10\" \/><\/li><li aria-hidden=\"true\" class=\"soliloquy-item soliloquy-item-11 soliloquy-image-slide\" draggable=\"false\" style=\"list-style:none\"><img decoding=\"async\" id=\"soliloquy-image-22893\" class=\"soliloquy-image soliloquy-image-11\" src=\"https:\/\/biebrich02.de\/portal\/wp-content\/uploads\/2025\/09\/a2juniorenspieler2526_11-3-700x467_c.jpg\" alt=\"a2juniorenspieler2526_11\" \/><\/li><li aria-hidden=\"true\" class=\"soliloquy-item soliloquy-item-12 soliloquy-image-slide\" draggable=\"false\" style=\"list-style:none\"><img decoding=\"async\" id=\"soliloquy-image-22894\" class=\"soliloquy-image soliloquy-image-12\" src=\"https:\/\/biebrich02.de\/portal\/wp-content\/uploads\/2025\/09\/a2juniorenspieler2526_12-3-700x467_c.jpg\" alt=\"a2juniorenspieler2526_12\" \/><\/li><li aria-hidden=\"true\" class=\"soliloquy-item soliloquy-item-13 soliloquy-image-slide\" draggable=\"false\" style=\"list-style:none\"><img decoding=\"async\" id=\"soliloquy-image-22895\" class=\"soliloquy-image soliloquy-image-13\" src=\"https:\/\/biebrich02.de\/portal\/wp-content\/uploads\/2025\/09\/a2juniorenspieler2526_13-3-700x467_c.jpg\" alt=\"a2juniorenspieler2526_13\" \/><\/li><li aria-hidden=\"true\" class=\"soliloquy-item soliloquy-item-14 soliloquy-image-slide\" draggable=\"false\" style=\"list-style:none\"><img decoding=\"async\" id=\"soliloquy-image-22896\" class=\"soliloquy-image soliloquy-image-14\" src=\"https:\/\/biebrich02.de\/portal\/wp-content\/uploads\/2025\/09\/a2juniorenspieler2526_14-3-700x467_c.jpg\" alt=\"a2juniorenspieler2526_14\" \/><\/li><li aria-hidden=\"true\" class=\"soliloquy-item soliloquy-item-15 soliloquy-image-slide\" draggable=\"false\" style=\"list-style:none\"><img decoding=\"async\" id=\"soliloquy-image-22897\" class=\"soliloquy-image soliloquy-image-15\" src=\"https:\/\/biebrich02.de\/portal\/wp-content\/uploads\/2025\/09\/a2juniorenspieler2526_15-2-700x467_c.jpg\" alt=\"a2juniorenspieler2526_15\" \/><\/li><li aria-hidden=\"true\" class=\"soliloquy-item soliloquy-item-16 soliloquy-image-slide\" draggable=\"false\" style=\"list-style:none\"><img decoding=\"async\" id=\"soliloquy-image-22898\" class=\"soliloquy-image soliloquy-image-16\" src=\"https:\/\/biebrich02.de\/portal\/wp-content\/uploads\/2025\/09\/a2juniorenspieler2526_16-2-700x467_c.jpg\" alt=\"a2juniorenspieler2526_16\" \/><\/li><li aria-hidden=\"true\" class=\"soliloquy-item soliloquy-item-17 soliloquy-image-slide\" draggable=\"false\" style=\"list-style:none\"><img decoding=\"async\" id=\"soliloquy-image-22899\" class=\"soliloquy-image soliloquy-image-17\" src=\"https:\/\/biebrich02.de\/portal\/wp-content\/uploads\/2025\/09\/a2juniorenspieler2526_17-2-700x467_c.jpg\" alt=\"a2juniorenspieler2526_17\" \/><\/li><\/ul><\/div><noscript><style type=\"text\/css\">#soliloquy-container-22882_1{opacity:1}<\/style><\/noscript><\/code><\/p>\n\n\n\n<p class=\"has-text-align-center\">Trainingszeiten: Montags von 19:30 Uhr bis 21:00 Uhr, donnerstags von 19:00 Uhr bis 20:30 Uhr und freitags von 19:30 Uhr bis 21:00 Uhr.<\/p>\n\n\n\n<figure class=\"wp-block-image size-large\"><a href=\"https:\/\/biebrich02.de\/portal\/wp-content\/uploads\/2025\/09\/a2junioren2526_team1.jpg\"><img loading=\"lazy\" decoding=\"async\" width=\"1024\" height=\"683\" src=\"https:\/\/biebrich02.de\/portal\/wp-content\/uploads\/2025\/09\/a2junioren2526_team1-1024x683.jpg\" alt=\"\" class=\"wp-image-22827\" srcset=\"https:\/\/biebrich02.de\/portal\/wp-content\/uploads\/2025\/09\/a2junioren2526_team1-1024x683.jpg 1024w, https:\/\/biebrich02.de\/portal\/wp-content\/uploads\/2025\/09\/a2junioren2526_team1-300x200.jpg 300w, https:\/\/biebrich02.de\/portal\/wp-content\/uploads\/2025\/09\/a2junioren2526_team1-768x512.jpg 768w, https:\/\/biebrich02.de\/portal\/wp-content\/uploads\/2025\/09\/a2junioren2526_team1-1536x1024.jpg 1536w, https:\/\/biebrich02.de\/portal\/wp-content\/uploads\/2025\/09\/a2junioren2526_team1-2048x1366.jpg 2048w, https:\/\/biebrich02.de\/portal\/wp-content\/uploads\/2025\/09\/a2junioren2526_team1-624x416.jpg 624w\" sizes=\"auto, (max-width: 1024px) 100vw, 1024px\" \/><\/a><\/figure>\n\n\n\n<p class=\"has-text-align-center\"><strong>Unser Team 2025\/26<\/strong><\/p>\n\n\n\n<figure class=\"wp-block-image size-full\"><a href=\"https:\/\/biebrich02.de\/portal\/wp-content\/uploads\/2024\/09\/pascalbertram2425_1.jpg\"><img loading=\"lazy\" decoding=\"async\" width=\"1500\" height=\"1000\" src=\"https:\/\/biebrich02.de\/portal\/wp-content\/uploads\/2024\/09\/pascalbertram2425_1.jpg\" alt=\"\" class=\"wp-image-18764\" srcset=\"https:\/\/biebrich02.de\/portal\/wp-content\/uploads\/2024\/09\/pascalbertram2425_1.jpg 1500w, https:\/\/biebrich02.de\/portal\/wp-content\/uploads\/2024\/09\/pascalbertram2425_1-300x200.jpg 300w, https:\/\/biebrich02.de\/portal\/wp-content\/uploads\/2024\/09\/pascalbertram2425_1-1024x683.jpg 1024w, https:\/\/biebrich02.de\/portal\/wp-content\/uploads\/2024\/09\/pascalbertram2425_1-768x512.jpg 768w, https:\/\/biebrich02.de\/portal\/wp-content\/uploads\/2024\/09\/pascalbertram2425_1-624x416.jpg 624w\" sizes=\"auto, (max-width: 1500px) 100vw, 1500px\" \/><\/a><\/figure>\n\n\n\n<p class=\"has-text-align-center\">Trainer: Pascal Bertram, Tel: 0155\/62196493<\/p>\n\n\n\n<figure class=\"wp-block-image size-large\"><a href=\"https:\/\/biebrich02.de\/portal\/wp-content\/uploads\/2025\/09\/dirkdoerner2526_1.jpg\"><img loading=\"lazy\" decoding=\"async\" width=\"1024\" height=\"683\" src=\"https:\/\/biebrich02.de\/portal\/wp-content\/uploads\/2025\/09\/dirkdoerner2526_1-1024x683.jpg\" alt=\"\" class=\"wp-image-22828\" srcset=\"https:\/\/biebrich02.de\/portal\/wp-content\/uploads\/2025\/09\/dirkdoerner2526_1-1024x683.jpg 1024w, https:\/\/biebrich02.de\/portal\/wp-content\/uploads\/2025\/09\/dirkdoerner2526_1-300x200.jpg 300w, https:\/\/biebrich02.de\/portal\/wp-content\/uploads\/2025\/09\/dirkdoerner2526_1-768x512.jpg 768w, https:\/\/biebrich02.de\/portal\/wp-content\/uploads\/2025\/09\/dirkdoerner2526_1-624x416.jpg 624w, https:\/\/biebrich02.de\/portal\/wp-content\/uploads\/2025\/09\/dirkdoerner2526_1.jpg 1500w\" sizes=\"auto, (max-width: 1024px) 100vw, 1024px\" \/><\/a><\/figure>\n\n\n\n<p class=\"has-text-align-center\">Trainer: Dirk D\u00f6rner, Tel: 0173\/9084115<\/p>\n\n\n\n<p class=\"has-text-align-center\">\u00a9 Bea Junghans<\/p>\n\n\n\n<p class=\"has-text-align-center\"><strong>Spielplan der A2-Junioren des FV Biebrich 02 &#8211; Verbandsliga Hessen 2025\/26, Gruppe S\u00fcd<\/strong><\/p>\n\n\n\n<figure class=\"wp-block-table is-style-stripes\"><table><tbody><tr><td>Datum<\/td><td>Spielpaarung<\/td><td>Ansto\u00df<\/td><\/tr><tr><td>So. 24. 08. 2025<\/td><td>FV Biebrich 02 II &#8211; <a href=\"https:\/\/fc-koenigstein.de\/\" data-type=\"link\" data-id=\"https:\/\/fc-koenigstein.de\/\">1. FC-TSG K\u00f6nigstein II<\/a> 3:4<\/td><td>11:00 Uhr<\/td><\/tr><tr><td>Sa. 30. 08. 2025<\/td><td><a href=\"https:\/\/www.rot-weiss-darmstadt.de\/\">SKV Rot-Wei\u00df Darmstadt 1954<\/a> &#8211; FV Biebrich 02 II 6:0<\/td><td>17:00 Uhr<\/td><\/tr><tr><td>Do. 04. 09. 2025<\/td><td><a href=\"https:\/\/www.rw-walldorf.de\/\" data-type=\"link\" data-id=\"https:\/\/www.rw-walldorf.de\/\">SV Rot-Wei\u00df Walldorf II<\/a> &#8211; FV Biebrich 02 II 7:0<\/td><td>19:30 Uhr<\/td><\/tr><tr><td>Sa. 13. 09. 2025<\/td><td><a href=\"https:\/\/jfv-gross-umstadt.de\/\" data-type=\"link\" data-id=\"https:\/\/jfv-gross-umstadt.de\/\">JFV 2016 Gro\u00df-Umstadt<\/a> &#8211; FV Biebrich 02 II 3:2<\/td><td>16:00 Uhr<\/td><\/tr><tr><td>So. 21. 09. 2025<\/td><td>FV Biebrich 02 &#8211; <a href=\"https:\/\/spvgg03.de\/\">SpVgg 03 Neu-Isenburg<\/a> 2:2<\/td><td>11:00 Uhr<\/td><\/tr><tr><td>So. 28. 09. 2025<\/td><td><a href=\"https:\/\/www.sg-oberliederbach.de\/\" data-type=\"link\" data-id=\"https:\/\/www.sg-oberliederbach.de\/\">SG Oberliederbach<\/a> &#8211; FV Biebrich 02 II 5:1<\/td><td>14:00 Uhr<\/td><\/tr><tr><td>So. 05. 10. 2025<\/td><td>FV Biebrich 02 II &#8211; <a href=\"https:\/\/www.tus-hornau.de\/\" data-type=\"link\" data-id=\"https:\/\/www.tus-hornau.de\/\">TuS Hornau<\/a> 0:2<\/td><td>11:00 Uhr<\/td><\/tr><tr><td>So. 19. 10. 2025<\/td><td>FV Biebrich 02 II &#8211; <a href=\"https:\/\/www.fc-eddersheim.de\/\">FC 1931 Eddersheim<\/a> 1:2<\/td><td>11:00 Uhr<\/td><\/tr><tr><td>Sa. 25. 10. 2025<\/td><td><a href=\"https:\/\/www.bayern-alzenau.com\/\" data-type=\"link\" data-id=\"https:\/\/www.bayern-alzenau.com\/\">FC Bayern Alzenau II<\/a> &#8211; FV Biebrich 02 II 4:2<\/td><td>17:00 Uhr<\/td><\/tr><tr><td>So. 02. 11. 2025<\/td><td>FV Biebrich 02 II &#8211; <a href=\"https:\/\/www.sgbornheim.de\/\">SG Bornheim 1945 Gr\u00fcn-Wei\u00df<\/a> 2:2<\/td><td>15:00 Uhr<\/td><\/tr><tr><td>So. 09. 11. 2025<\/td><td>FV Biebrich 02 II &#8211; <a href=\"https:\/\/www.svs-griesheim.de\/\" data-type=\"link\" data-id=\"https:\/\/www.svs-griesheim.de\/\">SV St. Stephan 1953 Griesheim<\/a> 2:3<\/td><td>11:00 Uhr<\/td><\/tr><tr><td>Sa. 15. 11. 2025<\/td><td><a href=\"https:\/\/scv-griesheim.de\/\">SC Viktoria 06 Griesheim<\/a> &#8211; FV Biebrich 02 II 0:0<\/td><td>15:30 Uhr<\/td><\/tr><tr><td>Sa. 22. 11. 2025<\/td><td><a href=\"https:\/\/vfrgg.de\/\">VfR Gro\u00df-Gerau<\/a> &#8211; FV Biebrich 02 II 4:2<\/td><td>16:30 Uhr<\/td><\/tr><tr><td>So. 01. 03. 2026<\/td><td><a href=\"https:\/\/fc-koenigstein.de\/\" data-type=\"link\" data-id=\"https:\/\/fc-koenigstein.de\/\">1. FC-TSG K\u00f6nigstein II<\/a> &#8211; FV Biebrich 02 II 0:3<\/td><td>13:30 Uhr<\/td><\/tr><tr><td>Sa. 07. 03. 2026<\/td><td>FV Biebrich 02 II &#8211; <a href=\"https:\/\/www.rot-weiss-darmstadt.de\/\">SKV Rot-Wei\u00df Darmstadt 1954<\/a> 0:3<\/td><td>16:00 Uhr<\/td><\/tr><tr><td>Sa. 14. 03. 2026<\/td><td>FV Biebrich 02 II &#8211; <a href=\"https:\/\/www.rw-walldorf.de\/\" data-type=\"link\" data-id=\"https:\/\/www.rw-walldorf.de\/\">SV Rot-Wei\u00df Walldorf II<\/a> 1:3<\/td><td>13:30 Uhr<\/td><\/tr><tr><td>Sa. 21. 03. 2026<\/td><td>FV Biebrich 02 II &#8211; <a href=\"https:\/\/jfv-gross-umstadt.de\/\" data-type=\"link\" data-id=\"https:\/\/jfv-gross-umstadt.de\/\">JFV 2016 Gro\u00df-Umstadt<\/a> 4:1<\/td><td>15:30 Uhr<\/td><\/tr><tr><td>Sa. 28. 03. 2026<\/td><td><a href=\"https:\/\/spvgg03.de\/\">SpVgg 03 Neu-Isenburg<\/a> &#8211; FV Biebrich 02 II 3:6<\/td><td>16:30 Uhr<\/td><\/tr><tr><td>So. 12. 04. 2026<\/td><td>FV Biebrich 02 II &#8211; <a href=\"https:\/\/www.sg-oberliederbach.de\/\" data-type=\"link\" data-id=\"https:\/\/www.sg-oberliederbach.de\/\">SG Oberliederbach<\/a> 5:0<\/td><td>13:00 Uhr<\/td><\/tr><tr><td>Sa. 18. 04. 2026<\/td><td><a href=\"https:\/\/www.tus-hornau.de\/\" data-type=\"link\" data-id=\"https:\/\/www.tus-hornau.de\/\">TuS Hornau<\/a> &#8211; FV Biebrich 02 II 4:1<\/td><td>18:00 Uhr<\/td><\/tr><tr><td>Sa. 25. 04. 2026<\/td><td>FV Biebrich 02 II &#8211; <a href=\"https:\/\/scv-griesheim.de\/\">SC Viktoria 06 Griesheim<\/a> 3:5<\/td><td>15:45 Uhr<\/td><\/tr><tr><td>Sa. 02. 05. 2026<\/td><td><a href=\"https:\/\/www.fc-eddersheim.de\/\">FC 1931 Eddersheim<\/a> &#8211; FV Biebrich 02 II 1:6<\/td><td>17:30 Uhr<\/td><\/tr><tr><td>Sa. 09. 05. 2026<\/td><td>FV Biebrich 02 II &#8211; <a href=\"https:\/\/www.bayern-alzenau.com\/\" data-type=\"link\" data-id=\"https:\/\/www.bayern-alzenau.com\/\">FC Bayern Alzenau II<\/a><\/td><td>15:45 Uhr<\/td><\/tr><tr><td>So. 17. 05. 2026<\/td><td><a href=\"https:\/\/www.sgbornheim.de\/\">SG Bornheim 1945 Gr\u00fcn-Wei\u00df<\/a> &#8211; FV Biebrich 02 II <\/td><td>18:00 Uhr<\/td><\/tr><tr><td>So. 30. 05. 2026<\/td><td><a href=\"https:\/\/www.svs-griesheim.de\/\" data-type=\"link\" data-id=\"https:\/\/www.svs-griesheim.de\/\">SV St. Stephan 1953 Griesheim<\/a> &#8211; FV Biebrich 02 II <\/td><td>17:00 Uhr<\/td><\/tr><tr><td>So. 07. 06. 2026<\/td><td>FV Biebrich 02 II &#8211; <a href=\"https:\/\/vfrgg.de\/\">VfR Gro\u00df-Gerau<\/a><\/td><td>11:00 Uhr<\/td><\/tr><\/tbody><\/table><\/figure>\n\n\n\n<p>Hinweis: Um eine schnellstm\u00f6gliche Information \u00fcber Spielergebnisse und Tabellenst\u00e4nde gew\u00e4hrleisten zu k\u00f6nnen, binden wir die sogenannten FUSSBALL.DE-Widgets auf unseren Seiten ein. Wir weisen Sie hiermit explizit auf den Einsatz dieser Widgets und die damit verbundenen \u2013&gt; <a href=\"http:\/\/www.fussball.de\/privacy\">Datenschutzbestimmungen<\/a>, insbesondere im Bereich \u201eWebtracking\u201c, von \u2013&gt; <a href=\"http:\/\/www.fussball.de\">FUSSBALL.DE<\/a> hin.<\/p>\n\n\n\n<div \n  class=\"fussballde_widget\"\n  data-id=\"c82f118a-75a1-4c94-aec3-b24e953f40aa\"\n  data-type=\"competition\"\n  style=\"width: 100%\"\n><\/div>\n","protected":false},"excerpt":{"rendered":"<p>A2-Junioren des FV Biebrich 02 &#8211; Verbandsliga Hessen 2025\/26, Gruppe S\u00fcd &#8211;&gt; Home | &#8211;&gt; Unser Team | &#8211;&gt; Galerie | &#8211;&gt; DFB-Net Tabellenarchiv | &#8211;&gt; Archiv Trainingszeiten: Montags von 19:30 Uhr bis 21:00 Uhr, donnerstags von 19:00 Uhr bis 20:30 Uhr und freitags von 19:30 Uhr bis 21:00 Uhr. Unser Team 2025\/26 Trainer: Pascal [&hellip;]<\/p>\n","protected":false},"author":1,"featured_media":0,"parent":0,"menu_order":0,"comment_status":"closed","ping_status":"closed","template":"","meta":{"footnotes":""},"class_list":["post-151","page","type-page","status-publish","hentry"],"_links":{"self":[{"href":"https:\/\/biebrich02.de\/portal\/index.php?rest_route=\/wp\/v2\/pages\/151","targetHints":{"allow":["GET"]}}],"collection":[{"href":"https:\/\/biebrich02.de\/portal\/index.php?rest_route=\/wp\/v2\/pages"}],"about":[{"href":"https:\/\/biebrich02.de\/portal\/index.php?rest_route=\/wp\/v2\/types\/page"}],"author":[{"embeddable":true,"href":"https:\/\/biebrich02.de\/portal\/index.php?rest_route=\/wp\/v2\/users\/1"}],"replies":[{"embeddable":true,"href":"https:\/\/biebrich02.de\/portal\/index.php?rest_route=%2Fwp%2Fv2%2Fcomments&post=151"}],"version-history":[{"count":236,"href":"https:\/\/biebrich02.de\/portal\/index.php?rest_route=\/wp\/v2\/pages\/151\/revisions"}],"predecessor-version":[{"id":24198,"href":"https:\/\/biebrich02.de\/portal\/index.php?rest_route=\/wp\/v2\/pages\/151\/revisions\/24198"}],"wp:attachment":[{"href":"https:\/\/biebrich02.de\/portal\/index.php?rest_route=%2Fwp%2Fv2%2Fmedia&parent=151"}],"curies":[{"name":"wp","href":"https:\/\/api.w.org\/{rel}","templated":true}]}}