{"id":172,"date":"2021-08-06T01:22:17","date_gmt":"2021-08-05T23:22:17","guid":{"rendered":"https:\/\/biebrich02.de\/portal\/?page_id=172"},"modified":"2026-05-09T17:07:21","modified_gmt":"2026-05-09T15:07:21","slug":"b2-junioren","status":"publish","type":"page","link":"https:\/\/biebrich02.de\/portal\/?page_id=172","title":{"rendered":"B2-Junioren"},"content":{"rendered":"\n<p class=\"has-text-align-center\"><strong>B2-Junioren des FV Biebrich 02<\/strong> &#8211; Kreisliga Wiesbaden 2025\/26<\/p>\n\n\n\n<p class=\"has-text-align-center\">&#8211;&gt; <strong>Home<\/strong> | &#8211;&gt; <a href=\"https:\/\/biebrich02.de\/portal\/?page_id=11335\">Unser Team<\/a> | <strong>&#8211;&gt; <\/strong><a href=\"https:\/\/biebrich02.de\/portal\/?page_id=879\">Galerie<\/a> | &#8211;&gt; <a href=\"https:\/\/biebrich02.de\/portal\/?page_id=2352\">DFB-Net Tabellenarchiv<\/a> | &#8211;&gt; <a href=\"https:\/\/biebrich02.de\/portal\/?page_id=7566\">Archiv<\/a><\/p>\n\n\n\n<p class=\"has-text-align-center\">Trainingszeiten: Montags von 17:30 Uhr bis 19:00 Uhr, mittwochs von 19:30 Uhr bis 21:00 Uhr und freitags von 18:00 Uhr bis 19:30 Uhr.<\/p>\n\n\n\n<p class=\"has-text-align-center\">Ein aktuelles Mannschaftsfoto unseres Teams f\u00fcr die Kreisliga Wiesbaden 2025\/26 liegt noch nicht vor.<\/p>\n\n\n\n<p class=\"has-text-align-center\">Trainer: Can Balcioglu, Tel: 0176\/97642662<\/p>\n\n\n\n<p class=\"has-text-align-center\">Trainer: Axel Ehlert, Tel: 0157\/76348371<\/p>\n\n\n\n<p class=\"has-text-align-center\"><strong>Spielplan der B2-Junioren des FV Biebrich 02 &#8211; Kreisliga Wiesbaden 2025\/26<\/strong><\/p>\n\n\n\n<figure class=\"wp-block-table is-style-stripes\"><table><tbody><tr><td>Datum<\/td><td>Spielpaarung<\/td><td>Ansto\u00df<\/td><\/tr><tr><td>Sa. 30. 08. 2025<\/td><td>FV Biebrich 02 II &#8211; <a href=\"https:\/\/www.vfr-wiesbaden.de\/\" data-type=\"link\" data-id=\"https:\/\/www.vfr-wiesbaden.de\/\">VfR Wiesbaden 1926 II<\/a> 14:0<\/td><td>13:00 Uhr<\/td><\/tr><tr><td>Sa. 06. 09. 2025<\/td><td><a href=\"https:\/\/www.sg-germania-wiesbaden.de\/\" data-type=\"link\" data-id=\"https:\/\/www.sg-germania-wiesbaden.de\/\">SG Germania Wiesbaden 1903 II<\/a> &#8211; FV Biebrich 02 II 3:2<\/td><td>14:15 Uhr<\/td><\/tr><tr><td>Sa. 13. 09. 2025<\/td><td>FV Biebrich 02 II &#8211; <a href=\"https:\/\/spvgg-igstadt.de\/\" data-type=\"link\" data-id=\"https:\/\/spvgg-igstadt.de\/\">SpVgg Igstadt 1948<\/a> 3:0 *<\/td><td>15:30 Uhr<\/td><\/tr><tr><td>Sa. 20. 09. 2025<\/td><td><a href=\"https:\/\/www.spvgg-sonnenberg.de\/\">SpVgg 1919 Sonnenberg II<\/a> &#8211; FV Biebrich 02 II 3:1<\/td><td>15:45 Uhr<\/td><\/tr><tr><td>Sa. 27. 09. 2025<\/td><td>FV Biebrich 02 II &#8211; <a href=\"https:\/\/fvdelkenheim.de\/\" data-type=\"link\" data-id=\"https:\/\/fvdelkenheim.de\/\">FV 1949 Delkenheim<\/a> 16:0<\/td><td>14:30 Uhr<\/td><\/tr><tr><td>Di. 30. 09. 025<\/td><td><a href=\"https:\/\/www.meso-nassau.de\/\" data-type=\"link\" data-id=\"https:\/\/www.meso-nassau.de\/\">SC Meso-Nassau Wiesbaden<\/a> &#8211; FV Biebrich 02 II 0:7<\/td><td>18:00 Uhr<\/td><\/tr><tr><td>Sa. 04. 10. 2025<\/td><td><a href=\"https:\/\/www.tusnordenstadt.de\/\" data-type=\"link\" data-id=\"https:\/\/www.tusnordenstadt.de\/\">TuS Nordenstadt 1883<\/a> &#8211; FV Biebrich 02 II 2:1<\/td><td>15:30 Uhr<\/td><\/tr><tr><td>Sa. 25. 10. 2025<\/td><td><a href=\"https:\/\/www.fc34.de\/\" data-type=\"link\" data-id=\"https:\/\/www.fc34.de\/\">FC 1934 Bierstadt<\/a> &#8211; FV Biebrich 02 II 2:3<\/td><td>16:00 Uhr<\/td><\/tr><tr><td>Sa. 01. 11. 2025<\/td><td>FV Biebrich 02 II &#8211; <a href=\"http:\/\/www.ftw1896.com\/\">Freie Turnerschaft Wiesbaden 1896 II<\/a> 4:1<\/td><td>12:30 Uhr<\/td><\/tr><tr><td>Sa. 08. 11. 2025<\/td><td>FV Biebrich 02 II &#8211; <a href=\"https:\/\/www.fc-naurod.de\/\" data-type=\"link\" data-id=\"https:\/\/www.fc-naurod.de\/\">1. FC Naurod 1928<\/a> 4:0<\/td><td>16:00 Uhr<\/td><\/tr><tr><td>Sa. 15. 11. 2025<\/td><td>FV Biebrich 02 II &#8211; <a href=\"https:\/\/www.fcf1950.de\/\" data-type=\"link\" data-id=\"https:\/\/www.fcf1950.de\/\">FC 1950 Freudenberg II<\/a> 5:0<\/td><td>13:00 Uhr<\/td><\/tr><tr><td>Sa. 29. 11. 2024<\/td><td>FV Biebrich 02 II &#8211; <a href=\"https:\/\/tsg-kastel.de\/\" data-type=\"link\" data-id=\"https:\/\/tsg-kastel.de\/\">TSG 1846 Kastel<\/a> 4:1<\/td><td>14:30 Uhr<\/td><\/tr><tr><td>Sa. 06. 12. 2025<\/td><td><a href=\"https:\/\/svniedernhausen.de\/\" data-type=\"link\" data-id=\"https:\/\/svniedernhausen.de\/\">SV 1913 Niedernhausen<\/a> &#8211; FV Biebrich 02 II 4:3<\/td><td>14:00 Uhr<\/td><\/tr><tr><td>Sa. 21. 02. 2026<\/td><td>FV Biebrich 02 II &#8211; <a href=\"https:\/\/www.meso-nassau.de\/\" data-type=\"link\" data-id=\"https:\/\/www.meso-nassau.de\/\">SC Meso-Nassau Wiesbaden<\/a> 7:3<\/td><td>13:00 Uhr<\/td><\/tr><tr><td>Sa. 28. 02. 2026<\/td><td><a href=\"https:\/\/www.vfr-wiesbaden.de\/\" data-type=\"link\" data-id=\"https:\/\/www.vfr-wiesbaden.de\/\">VfR Wiesbaden 1926 II<\/a> &#8211; FV Biebrich 02 II 0:3 *<\/td><td>13:00 Uhr<\/td><\/tr><tr><td>Sa. 07. 03. 2026<\/td><td>FV Biebrich 02 II &#8211; <a href=\"https:\/\/www.sg-germania-wiesbaden.de\/\" data-type=\"link\" data-id=\"https:\/\/www.sg-germania-wiesbaden.de\/\">SG Germania Wiesbaden 1903 II<\/a> 4:3<\/td><td>13:00 Uhr<\/td><\/tr><tr><td>Sa. 14. 03. 2026<\/td><td><a href=\"https:\/\/spvgg-igstadt.de\/\" data-type=\"link\" data-id=\"https:\/\/spvgg-igstadt.de\/\">SpVgg Igstadt 1948<\/a> &#8211; FV Biebrich 02 II 0:9<\/td><td>14:00 Uhr<\/td><\/tr><tr><td>Sa. 21. 03. 2026<\/td><td>FV Biebrich 02 II &#8211; <a href=\"https:\/\/www.fc34.de\/\" data-type=\"link\" data-id=\"https:\/\/www.fc34.de\/\">FC 1934 Bierstadt<\/a> 3:2<\/td><td>12:15 Uhr<\/td><\/tr><tr><td>Sa. 11. 04. 2026<\/td><td>FV Biebrich 02 II &#8211; <a href=\"https:\/\/www.tusnordenstadt.de\/\" data-type=\"link\" data-id=\"https:\/\/www.tusnordenstadt.de\/\">TuS Nordenstadt 1883<\/a> 2:4<\/td><td>12:15 Uhr<\/td><\/tr><tr><td>Sa. 18. 04. 2026<\/td><td><a href=\"http:\/\/www.ftw1896.com\/\">Freie Turnerschaft Wiesbaden 1896 II<\/a> &#8211; FV Biebrich 02 II 3:1<\/td><td>17:30 Uhr<\/td><\/tr><tr><td>Di. 21. 04. 2026<\/td><td><a href=\"https:\/\/www.fc-naurod.de\/\" data-type=\"link\" data-id=\"https:\/\/www.fc-naurod.de\/\">1. FC Naurod 1928<\/a> &#8211; FV Biebrich 02 II 1:1<\/td><td>18:00 Uhr<\/td><\/tr><tr><td>Sa. 25. 04. 2026<\/td><td><a href=\"https:\/\/www.fcf1950.de\/\" data-type=\"link\" data-id=\"https:\/\/www.fcf1950.de\/\">FC 1950 Freudenberg II<\/a> &#8211; FV Biebrich 02 II 6:0<\/td><td>16:30 Uhr<\/td><\/tr><tr><td>Sa. 02. 05. 2026<\/td><td><a href=\"https:\/\/fvdelkenheim.de\/\" data-type=\"link\" data-id=\"https:\/\/fvdelkenheim.de\/\">FV 1949 Delkenheim<\/a> &#8211; FV Biebrich 02 II 0:3 *<\/td><td>16:00 Uhr<\/td><\/tr><tr><td>Sa. 09. 05. 2026<\/td><td>FV Biebrich 02 II &#8211; <a href=\"https:\/\/svniedernhausen.de\/\" data-type=\"link\" data-id=\"https:\/\/svniedernhausen.de\/\">SV 1913 Niedernhausen<\/a> 7:1<\/td><td>12:20 Uhr<\/td><\/tr><tr><td>Sa. 16. 05. 2026<\/td><td><a href=\"https:\/\/tsg-kastel.de\/\" data-type=\"link\" data-id=\"https:\/\/tsg-kastel.de\/\">TSG 1846 Kastel<\/a> &#8211; FV Biebrich 02 II <\/td><td>14:20 Uhr<\/td><\/tr><tr><td>Sa. 30. 05. 2026<\/td><td>FV Biebrich 02 II &#8211; <a href=\"https:\/\/www.spvgg-sonnenberg.de\/\">SpVgg 1919 Sonnenberg II<\/a><\/td><td>13:00 Uhr<\/td><\/tr><\/tbody><\/table><\/figure>\n\n\n\n<p class=\"has-text-align-center\">Hinweis: * Wertung; die SpVgg Igstadt 1948, der VfR Wiesbaden 1926 II und der FV 1949 Delkenheim sind nicht angetreten.<\/p>\n\n\n\n<p>Hinweis: Um eine schnellstm\u00f6gliche Information \u00fcber Spielergebnisse und Tabellenst\u00e4nde gew\u00e4hrleisten zu k\u00f6nnen, binden wir die sogenannten FUSSBALL.DE-Widgets auf unseren Seiten ein. Wir weisen Sie hiermit explizit auf den Einsatz dieser Widgets und die damit verbundenen \u2013&gt; <a href=\"http:\/\/www.fussball.de\/privacy\">Datenschutzbestimmungen<\/a>, insbesondere im Bereich \u201eWebtracking\u201c, von \u2013&gt; <a href=\"http:\/\/www.fussball.de\">FUSSBALL.DE<\/a> hin.<\/p>\n\n\n\n<div \n  class=\"fussballde_widget\"\n  data-id=\"afbc47e1-f3f0-4f11-8016-f7991ad12b1a\"\n  data-type=\"competition\"\n  style=\"width: 100%\"\n><\/div>\n\n\n\n<p class=\"has-text-align-center\"><\/p>\n\n\n\n<p><\/p>\n","protected":false},"excerpt":{"rendered":"<p>B2-Junioren des FV Biebrich 02 &#8211; Kreisliga Wiesbaden 2025\/26 &#8211;&gt; Home | &#8211;&gt; Unser Team | &#8211;&gt; Galerie | &#8211;&gt; DFB-Net Tabellenarchiv | &#8211;&gt; Archiv Trainingszeiten: Montags von 17:30 Uhr bis 19:00 Uhr, mittwochs von 19:30 Uhr bis 21:00 Uhr und freitags von 18:00 Uhr bis 19:30 Uhr. Ein aktuelles Mannschaftsfoto unseres Teams f\u00fcr die [&hellip;]<\/p>\n","protected":false},"author":1,"featured_media":0,"parent":0,"menu_order":0,"comment_status":"closed","ping_status":"closed","template":"","meta":{"footnotes":""},"class_list":["post-172","page","type-page","status-publish","hentry"],"_links":{"self":[{"href":"https:\/\/biebrich02.de\/portal\/index.php?rest_route=\/wp\/v2\/pages\/172","targetHints":{"allow":["GET"]}}],"collection":[{"href":"https:\/\/biebrich02.de\/portal\/index.php?rest_route=\/wp\/v2\/pages"}],"about":[{"href":"https:\/\/biebrich02.de\/portal\/index.php?rest_route=\/wp\/v2\/types\/page"}],"author":[{"embeddable":true,"href":"https:\/\/biebrich02.de\/portal\/index.php?rest_route=\/wp\/v2\/users\/1"}],"replies":[{"embeddable":true,"href":"https:\/\/biebrich02.de\/portal\/index.php?rest_route=%2Fwp%2Fv2%2Fcomments&post=172"}],"version-history":[{"count":218,"href":"https:\/\/biebrich02.de\/portal\/index.php?rest_route=\/wp\/v2\/pages\/172\/revisions"}],"predecessor-version":[{"id":24225,"href":"https:\/\/biebrich02.de\/portal\/index.php?rest_route=\/wp\/v2\/pages\/172\/revisions\/24225"}],"wp:attachment":[{"href":"https:\/\/biebrich02.de\/portal\/index.php?rest_route=%2Fwp%2Fv2%2Fmedia&parent=172"}],"curies":[{"name":"wp","href":"https:\/\/api.w.org\/{rel}","templated":true}]}}