{"id":17541,"date":"2024-06-29T14:32:33","date_gmt":"2024-06-29T12:32:33","guid":{"rendered":"https:\/\/biebrich02.de\/portal\/?page_id=17541"},"modified":"2025-06-12T01:34:01","modified_gmt":"2025-06-11T23:34:01","slug":"c2-junioren-archiv-2023-24","status":"publish","type":"page","link":"https:\/\/biebrich02.de\/portal\/?page_id=17541","title":{"rendered":"C2-Junioren Archiv 2023\/24"},"content":{"rendered":"\n<p class=\"has-text-align-center\"><strong>C2-Junioren des FV Biebrich 02 &#8211; Archiv 2023\/24<\/strong><\/p>\n\n\n\n<p class=\"has-text-align-center\"><strong>Kreisliga Wiesbaden 2023\/24<\/strong><\/p>\n\n\n\n<p class=\"has-text-align-center\">\u2013&gt; <a href=\"https:\/\/biebrich02.de\/portal\/?page_id=189\">Home<\/a> | &#8211;&gt; <a href=\"https:\/\/biebrich02.de\/portal\/?page_id=14567\">Unser Team<\/a> | \u2013&gt; <a href=\"https:\/\/biebrich02.de\/portal\/?page_id=5255\">Galerie<\/a> | \u2013&gt; <a href=\"https:\/\/biebrich02.de\/portal\/?page_id=2394\">DFB-Net Tabellenarchiv<\/a> | \u2013&gt; <a href=\"https:\/\/biebrich02.de\/portal\/?page_id=7591\">Archiv<\/a><\/p>\n\n\n\n<p class=\"has-text-align-center\">Trainer: Erkan Kanlisulak<\/p>\n\n\n\n<p class=\"has-text-align-center\"><strong>Spielplan der C2-Junioren des FV Biebrich 02 &#8211; Kreisliga Wiesbaden 2023\/24<\/strong><\/p>\n\n\n\n<figure class=\"wp-block-table is-style-stripes\"><table><tbody><tr><td>Datum<\/td><td>Spielpaarung<\/td><td>Ansto\u00df<\/td><\/tr><tr><td>Sa. 09. 09. 2023<\/td><td><a href=\"https:\/\/www.spvgg-sonnenberg.de\/\">SpVgg 1919 Sonnenberg II<\/a> &#8211; FV Biebrich 02 II 3:3<\/td><td>14:00 Uhr<\/td><\/tr><tr><td>Sa. 16. 09. 2023<\/td><td><a href=\"https:\/\/www.svniedernhausen.de\/\">SV 1913 Niedernhausen<\/a> &#8211; FV Biebrich 02 II 2:5<\/td><td>13:30 Uhr<\/td><\/tr><tr><td>Sa. 23. 09. 2023<\/td><td><a href=\"https:\/\/www.tus-nordenstadt-fussball.de\/\">Tus Nordenstadt 1883<\/a> &#8211; FV Biebrich 02 II 0:1<\/td><td>15:00 Uhr<\/td><\/tr><tr><td>Sa. 07. 10. 2023<\/td><td>FV Biebrich 02 II  &#8211; <a href=\"http:\/\/www.ftw1896.com\/\">Freie Turnerschaft Wiesbaden 1896 II<\/a> 4:2<\/td><td>16:15 Uhr<\/td><\/tr><tr><td>Sa. 14. 10. 2023<\/td><td><a href=\"https:\/\/www.sg-germania-wiesbaden.de\/\">SG Germania Wiesbaden 1903<\/a> &#8211; FV Biebrich 02 II 4:0<\/td><td>16:00 Uhr<\/td><\/tr><tr><td>Sa. 04. 11. 2023<\/td><td>FV Biebrich 02 II &#8211; <a href=\"https:\/\/tsg-kastel.de\/\">TSG 1846 Kastel II<\/a> 6:0<\/td><td>18:15 Uhr<\/td><\/tr><tr><td>Sa. 11. 11. 2023<\/td><td><a href=\"https:\/\/www.fc34.de\/\" data-type=\"link\" data-id=\"https:\/\/www.fc34.de\/\">FC 1934 Bierstadt II<\/a> &#8211; FV Biebrich 02 II 0:3 *<\/td><td>14:00 Uhr<\/td><\/tr><tr><td>Sa. 18. 11. 2023<\/td><td>FV Biebrich 02 II &#8211; <a href=\"https:\/\/www.vfr-wiesbaden.de\/\">VfR Wiesbaden<\/a> 0:6<\/td><td>16:30 Uhr<\/td><\/tr><tr><td>Sa. 25. 11. 2023<\/td><td><a href=\"https:\/\/www.fcf1950.de\/\">FC 1950 Freudenberg II<\/a> &#8211; FV Biebrich 02 II 1:3<\/td><td>13:30 Uhr<\/td><\/tr><tr><td>Sa. 24. 02. 2024<\/td><td>FV Biebrich 02 II &#8211; <a href=\"https:\/\/www.spvgg-sonnenberg.de\/\" data-type=\"link\" data-id=\"https:\/\/www.spvgg-sonnenberg.de\/\">SpVgg 1919 Sonnenberg II<\/a> 2:1<\/td><td>11:00 Uhr<\/td><\/tr><tr><td>Sa. 09. 03. 2024<\/td><td> FV Biebrich 02 II &#8211; <a href=\"https:\/\/www.tus-nordenstadt-fussball.de\/\">Tus Nordenstadt 1883<\/a> 0:2<\/td><td>11:00 Uhr<\/td><\/tr><tr><td>Sa. 16. 03. 2024<\/td><td><a href=\"http:\/\/www.ftw1896.com\/\">Freie Turnerschaft Wiesbaden 1896 II<\/a> &#8211; FV Biebrich 02 II 1:7<\/td><td>15:30 Uhr<\/td><\/tr><tr><td>Sa. 23. 03. 2024<\/td><td>FV Biebrich 02 II &#8211; <a href=\"https:\/\/www.svniedernhausen.de\/\">SV 1913 Niedernhausen<\/a> 2:3<\/td><td>12:00 Uhr<\/td><\/tr><tr><td>Sa. 20. 04. 2023<\/td><td>FV Biebrich 02 II &#8211; <a href=\"https:\/\/www.sg-germania-wiesbaden.de\/\">SG Germania Wiesbaden 1903<\/a> 0:4<\/td><td>11:00 Uhr<\/td><\/tr><tr><td>So. 28. 04. 2024<\/td><td><a href=\"https:\/\/tsg-kastel.de\/\">TSG 1846 Kastel II<\/a> &#8211; FV Biebrich 02 II 1:10<\/td><td>10:30 Uhr<\/td><\/tr><tr><td>Sa. 04. 05. 2024<\/td><td>FV Biebrich 02 II &#8211; <a href=\"https:\/\/www.fc34.de\/\" data-type=\"link\" data-id=\"https:\/\/www.fc34.de\/\">FC 1934 Bierstadt II<\/a> 3:0 *<\/td><td>11:00 Uhr<\/td><\/tr><tr><td>Sa. 25. 05. 2024<\/td><td><a href=\"https:\/\/www.vfr-wiesbaden.de\/\">VfR Wiesbaden<\/a> &#8211; FV Biebrich 02 II 3:0<\/td><td>15:45 Uhr<\/td><\/tr><tr><td>Sa. 01. 06. 2024<\/td><td>FV Biebrich 02 II &#8211; <a href=\"https:\/\/www.fcf1950.de\/\">FC 1950 Freudenberg II<\/a> 0:1<\/td><td>11:00 Uhr<\/td><\/tr><\/tbody><\/table><\/figure>\n\n\n\n<p class=\"has-text-align-center\">Hinweis: * Wertung; der FC 1934 Bierstadt hat zur\u00fcckgezogen.<\/p>\n\n\n\n<p>Hinweis: Um eine schnellstm\u00f6gliche Information \u00fcber Spielergebnisse und Tabellenst\u00e4nde gew\u00e4hrleisten zu k\u00f6nnen, binden wir die sogenannten FUSSBALL.DE-Widgets auf unseren Seiten ein. Wir weisen Sie hiermit explizit auf den Einsatz dieser Widgets und die damit verbundenen \u2013&gt; <a href=\"http:\/\/www.fussball.de\/privacy\">Datenschutzbestimmungen<\/a>, insbesondere im Bereich \u201eWebtracking\u201c, von \u2013&gt; <a href=\"http:\/\/www.fussball.de\">FUSSBALL.DE<\/a> hin.<\/p>\n\n\n<div id=\"fubade-0-BRITV\" class=\"include-fussball-de-widgets\">\n\t<iframe src='\/\/www.fussball.de\/widget2\/-\/schluessel\/02MSHA5E08000000VUM1DNPTVVTBRITV\/target\/fubade-0-BRITV\/caller\/biebrich02.de' width='100%' height='100%' scrolling='no' style='border: 1px solid #CECECE; overflow: hidden; min-height: 200px;'><\/iframe>\n<\/div>\n\n\n\n<p class=\"has-text-align-center\"><strong>Hallenturniere<\/strong><\/p>\n\n\n<div id=\"fubade-1-QQKV6\" class=\"include-fussball-de-widgets\">\n\t<iframe src='\/\/www.fussball.de\/widget2\/-\/schluessel\/02O9T4RB5G000000VUM1DNPJVSCQQKV6\/target\/fubade-1-QQKV6\/caller\/biebrich02.de' width='100%' height='100%' scrolling='no' style='border: 1px solid #CECECE; overflow: hidden; min-height: 200px;'><\/iframe>\n<\/div>\n","protected":false},"excerpt":{"rendered":"<p>C2-Junioren des FV Biebrich 02 &#8211; Archiv 2023\/24 Kreisliga Wiesbaden 2023\/24 \u2013&gt; Home | &#8211;&gt; Unser Team | \u2013&gt; Galerie | \u2013&gt; DFB-Net Tabellenarchiv | \u2013&gt; Archiv Trainer: Erkan Kanlisulak Spielplan der C2-Junioren des FV Biebrich 02 &#8211; Kreisliga Wiesbaden 2023\/24 Datum Spielpaarung Ansto\u00df Sa. 09. 09. 2023 SpVgg 1919 Sonnenberg II &#8211; FV Biebrich [&hellip;]<\/p>\n","protected":false},"author":1,"featured_media":0,"parent":0,"menu_order":0,"comment_status":"closed","ping_status":"closed","template":"","meta":{"footnotes":""},"class_list":["post-17541","page","type-page","status-publish","hentry"],"_links":{"self":[{"href":"https:\/\/biebrich02.de\/portal\/index.php?rest_route=\/wp\/v2\/pages\/17541","targetHints":{"allow":["GET"]}}],"collection":[{"href":"https:\/\/biebrich02.de\/portal\/index.php?rest_route=\/wp\/v2\/pages"}],"about":[{"href":"https:\/\/biebrich02.de\/portal\/index.php?rest_route=\/wp\/v2\/types\/page"}],"author":[{"embeddable":true,"href":"https:\/\/biebrich02.de\/portal\/index.php?rest_route=\/wp\/v2\/users\/1"}],"replies":[{"embeddable":true,"href":"https:\/\/biebrich02.de\/portal\/index.php?rest_route=%2Fwp%2Fv2%2Fcomments&post=17541"}],"version-history":[{"count":3,"href":"https:\/\/biebrich02.de\/portal\/index.php?rest_route=\/wp\/v2\/pages\/17541\/revisions"}],"predecessor-version":[{"id":20755,"href":"https:\/\/biebrich02.de\/portal\/index.php?rest_route=\/wp\/v2\/pages\/17541\/revisions\/20755"}],"wp:attachment":[{"href":"https:\/\/biebrich02.de\/portal\/index.php?rest_route=%2Fwp%2Fv2%2Fmedia&parent=17541"}],"curies":[{"name":"wp","href":"https:\/\/api.w.org\/{rel}","templated":true}]}}