{"id":17564,"date":"2024-06-29T18:49:19","date_gmt":"2024-06-29T16:49:19","guid":{"rendered":"https:\/\/biebrich02.de\/portal\/?page_id=17564"},"modified":"2025-06-19T02:21:30","modified_gmt":"2025-06-19T00:21:30","slug":"e1-junioren-archiv-2023-24","status":"publish","type":"page","link":"https:\/\/biebrich02.de\/portal\/?page_id=17564","title":{"rendered":"E1-Junioren Archiv 2023\/24"},"content":{"rendered":"\n<p class=\"has-text-align-center\"><strong>E1-Junioren des FV Biebrich 02 &#8211; Archiv 2023\/24<\/strong><\/p>\n\n\n\n<p class=\"has-text-align-center\"><strong>Kreisliga Wiesbaden 2023\/24<\/strong><\/p>\n\n\n\n<p class=\"has-text-align-center\">\u2013&gt; <a href=\"https:\/\/biebrich02.de\/portal\/?page_id=216\">Home<\/a> | &#8211;&gt; <a href=\"https:\/\/biebrich02.de\/portal\/?page_id=14642\">Unser Team<\/a> | \u2013&gt; <a href=\"https:\/\/biebrich02.de\/portal\/?page_id=745\">Galerie<\/a> | \u2013&gt; <a href=\"https:\/\/biebrich02.de\/portal\/?page_id=2538\">DFB-Net Tabellenarchiv<\/a> | \u2013&gt; <a href=\"https:\/\/biebrich02.de\/portal\/?page_id=7677\">Archiv<\/a><\/p>\n\n\n\n<figure class=\"wp-block-image size-large\"><a href=\"https:\/\/biebrich02.de\/portal\/wp-content\/uploads\/2023\/09\/e1juniorenteam2324_1.jpg\"><img loading=\"lazy\" decoding=\"async\" width=\"1024\" height=\"579\" src=\"https:\/\/biebrich02.de\/portal\/wp-content\/uploads\/2023\/09\/e1juniorenteam2324_1-1024x579.jpg\" alt=\"\" class=\"wp-image-16194\" srcset=\"https:\/\/biebrich02.de\/portal\/wp-content\/uploads\/2023\/09\/e1juniorenteam2324_1-1024x579.jpg 1024w, https:\/\/biebrich02.de\/portal\/wp-content\/uploads\/2023\/09\/e1juniorenteam2324_1-300x170.jpg 300w, https:\/\/biebrich02.de\/portal\/wp-content\/uploads\/2023\/09\/e1juniorenteam2324_1-768x434.jpg 768w, https:\/\/biebrich02.de\/portal\/wp-content\/uploads\/2023\/09\/e1juniorenteam2324_1-624x353.jpg 624w, https:\/\/biebrich02.de\/portal\/wp-content\/uploads\/2023\/09\/e1juniorenteam2324_1.jpg 1500w\" sizes=\"auto, (max-width: 1024px) 100vw, 1024px\" \/><\/a><\/figure>\n\n\n\n<p class=\"has-text-align-center\">Unser Team 2023\/24.<\/p>\n\n\n\n<figure class=\"wp-block-image size-full\"><a href=\"https:\/\/biebrich02.de\/portal\/wp-content\/uploads\/2023\/09\/aliarslan2324_1.jpg\"><img loading=\"lazy\" decoding=\"async\" width=\"1000\" height=\"667\" src=\"https:\/\/biebrich02.de\/portal\/wp-content\/uploads\/2023\/09\/aliarslan2324_1.jpg\" alt=\"\" class=\"wp-image-15958\" srcset=\"https:\/\/biebrich02.de\/portal\/wp-content\/uploads\/2023\/09\/aliarslan2324_1.jpg 1000w, https:\/\/biebrich02.de\/portal\/wp-content\/uploads\/2023\/09\/aliarslan2324_1-300x200.jpg 300w, https:\/\/biebrich02.de\/portal\/wp-content\/uploads\/2023\/09\/aliarslan2324_1-768x512.jpg 768w, https:\/\/biebrich02.de\/portal\/wp-content\/uploads\/2023\/09\/aliarslan2324_1-624x416.jpg 624w\" sizes=\"auto, (max-width: 1000px) 100vw, 1000px\" \/><\/a><\/figure>\n\n\n\n<p class=\"has-text-align-center\">Trainer: Ali Arslan<\/p>\n\n\n\n<figure class=\"wp-block-image size-large\"><a href=\"https:\/\/biebrich02.de\/portal\/wp-content\/uploads\/2023\/09\/20230928_171559-scaled.jpg\"><img loading=\"lazy\" decoding=\"async\" width=\"768\" height=\"1024\" src=\"https:\/\/biebrich02.de\/portal\/wp-content\/uploads\/2023\/09\/20230928_171559-768x1024.jpg\" alt=\"\" class=\"wp-image-16196\" srcset=\"https:\/\/biebrich02.de\/portal\/wp-content\/uploads\/2023\/09\/20230928_171559-768x1024.jpg 768w, https:\/\/biebrich02.de\/portal\/wp-content\/uploads\/2023\/09\/20230928_171559-225x300.jpg 225w, https:\/\/biebrich02.de\/portal\/wp-content\/uploads\/2023\/09\/20230928_171559-1152x1536.jpg 1152w, https:\/\/biebrich02.de\/portal\/wp-content\/uploads\/2023\/09\/20230928_171559-1536x2048.jpg 1536w, https:\/\/biebrich02.de\/portal\/wp-content\/uploads\/2023\/09\/20230928_171559-624x832.jpg 624w, https:\/\/biebrich02.de\/portal\/wp-content\/uploads\/2023\/09\/20230928_171559-scaled.jpg 1920w\" sizes=\"auto, (max-width: 768px) 100vw, 768px\" \/><\/a><\/figure>\n\n\n\n<p class=\"has-text-align-center\">Trainer: Andre Wagner<\/p>\n\n\n\n<p class=\"has-text-align-center\">\u00a9 Ali Arslan<\/p>\n\n\n\n<p class=\"has-text-align-center\"><strong>Spielplan der E1-Junioren des FV Biebrich 02 &#8211; Kreisliga Wiesbaden 2023\/24<\/strong><\/p>\n\n\n\n<figure class=\"wp-block-table is-style-stripes\"><table><tbody><tr><td>Datum<\/td><td>Spielpaarung<\/td><td>Ansto\u00df<\/td><\/tr><tr><td>Sa. 09. 09. 2023<\/td><td>FV Biebrich 02 &#8211; <a href=\"https:\/\/www.sg-germania-wiesbaden.de\/\">SG Germania Wiesbaden 1903<\/a> 2:1<\/td><td>08:45 Uhr<\/td><\/tr><tr><td>Sa. 16. 09. 2023<\/td><td><a href=\"https:\/\/svniedernhausen.de\/\">SV 1913 Niedernhausen<\/a> &#8211; FV Biebrich 02 6:5<\/td><td>11:30 Uhr<\/td><\/tr><tr><td>Sa. 23. 09. 2023<\/td><td>FV Biebrich 02 &#8211; <a href=\"https:\/\/tsg-kastel.de\/\">TSG 1846 Kastel<\/a> 4:1<\/td><td>17:00 Uhr<\/td><\/tr><tr><td>Sa. 30. 09. 2023<\/td><td><a href=\"https:\/\/spvgg-amoeneburg.de\/\">SpVgg Am\u00f6neburg<\/a>&#8211; FV Biebrich 02 0:3 *<\/td><td>11:00 Uhr<\/td><\/tr><tr><td>So. 08. 10. 2023<\/td><td>SV Wiesbaden 1899 &#8211; FV Biebrich 02 3:5<\/td><td>10:00 Uhr<\/td><\/tr><tr><td>Sa. 14. 10. 2023<\/td><td>FV Biebrich 02 &#8211; <a href=\"http:\/\/www.ftw1896.com\/\">Freie Turnerschaft Wiesbaden 1896<\/a> 0:2<\/td><td>13:00 Uhr<\/td><\/tr><tr><td>Sa. 28. 10. 2023<\/td><td>FV Biebrich 02 &#8211; <a href=\"https:\/\/www.fc34.de\/\">FC 1934 Bierstadt<\/a> 1:3<\/td><td>10:00 Uhr<\/td><\/tr><tr><td>Sa. 04. 11. 2023<\/td><td>FVgg Kastel 06 &#8211; FV Biebrich 02 5:3<\/td><td>11:00 Uhr<\/td><\/tr><tr><td>Sa. 11. 11. 2023<\/td><td>FV Biebrich 02 &#8211; <a href=\"https:\/\/www.vfr-wiesbaden.de\/\">VfR Wiesbaden<\/a> 9:4<\/td><td>14:30 Uhr<\/td><\/tr><tr><td>Sa. 18. 11. 2023<\/td><td>FV Biebrich 02 &#8211; <a href=\"https:\/\/www.fcf1950.de\/\">FC 1950 Freudenberg<\/a> 1:2<\/td><td>11:00 Uhr<\/td><\/tr><tr><td>Sa. 25. 11. 2023<\/td><td><a href=\"https:\/\/fvdelkenheim.de\/\">FV 1949 Delkenheim<\/a> &#8211; FV Biebrich 02 2:4<\/td><td>11:00 Uhr<\/td><\/tr><tr><td>Sa. 09. 12. 2023<\/td><td>Der FV Biebrich 02 ist spielfrei.<\/td><td><\/td><\/tr><tr><td>Sa. 10. 02. 2024<\/td><td><a href=\"https:\/\/www.tus-nordenstadt-fussball.de\/\">TuS Nordenstadt 1883<\/a> &#8211; FV Biebrich 02 6:0<\/td><td>09:45 Uhr<\/td><\/tr><tr><td>Sa. 17. 02. 2024<\/td><td>FV Biebrich 02 &#8211; <a href=\"https:\/\/spvgg-amoeneburg.de\/\">SpVgg Am\u00f6neburg<\/a> 3:0 *<\/td><td>12:00 Uhr<\/td><\/tr><tr><td>Sa. 24. 02. 2024 <\/td><td><a href=\"https:\/\/www.sg-germania-wiesbaden.de\/\">SG Germania Wiesbaden 1903<\/a> &#8211; FV Biebrich 02 1:5<\/td><td>11:30 Uhr<\/td><\/tr><tr><td>Sa. 02. 03. 2024<\/td><td>FV Biebrich 02 &#8211; <a href=\"https:\/\/svniedernhausen.de\/\">SV 1913 Niedernhausen<\/a> 6:4<\/td><td>09:45 Uhr<\/td><\/tr><tr><td>Sa. 09. 03. 2024<\/td><td><a href=\"https:\/\/tsg-kastel.de\/\">TSG 1846 Kastel<\/a> &#8211; FV Biebrich 02 3:0<\/td><td>10:00 Uhr<\/td><\/tr><tr><td>Sa. 16. 03. 2024<\/td><td>FV Biebrich 02 &#8211; SV Wiesbaden 1899 2:2<\/td><td>11:30 Uhr<\/td><\/tr><tr><td>Sa. 13. 04. 2024<\/td><td><a href=\"https:\/\/www.fc34.de\/\">FC 1934 Bierstadt<\/a> &#8211; FV Biebrich 02 0:3<\/td><td>09:45 Uhr<\/td><\/tr><tr><td>Sa. 20. 04. 2024<\/td><td><a href=\"http:\/\/www.ftw1896.com\/\">Freie Turnerschaft Wiesbaden 1896<\/a> &#8211; FV Biebrich 02 4:1<\/td><td>10:00 Uhr<\/td><\/tr><tr><td>Sa. 27. 04. 2024<\/td><td>FV Biebrich 02 &#8211; FVgg Kastel 06 2:2<\/td><td>12:00 Uhr<\/td><\/tr><tr><td>Sa. 04. 05. 2024<\/td><td><a href=\"https:\/\/www.vfr-wiesbaden.de\/\">VfR Wiesbaden<\/a> &#8211; FV Biebrich 02 4:2<\/td><td>10:15 Uhr<\/td><\/tr><tr><td>Sa. 11. 05. 2024<\/td><td>FV Biebrich 02 &#8211; <a href=\"https:\/\/www.tus-nordenstadt-fussball.de\/\">TuS Nordenstadt 1883<\/a> 0:4<\/td><td>12:00 Uhr<\/td><\/tr><tr><td>Sa. 25. 05. 2024<\/td><td><a href=\"https:\/\/www.fcf1950.de\/\">FC 1950 Freudenberg<\/a> &#8211; FV Biebrich 02 2:1<\/td><td>11:00 Uhr<\/td><\/tr><tr><td>Sa. 01. 03. 2024<\/td><td>FV Biebrich 02 &#8211; <a href=\"https:\/\/fvdelkenheim.de\/\">FV 1949 Delkenheim<\/a> 3:1<\/td><td>09:45 Uhr<\/td><\/tr><tr><td>Sa. 08. 06. 2024<\/td><td>Der FV Biebrich 02 ist spielfrei.<\/td><td><\/td><\/tr><\/tbody><\/table><\/figure>\n\n\n\n<p class=\"has-text-align-center\">Hinweis: * Wertung; die SpVgg Am\u00f6neburg hat zur\u00fcckgezogen.<\/p>\n\n\n\n<p>Hinweis: Um eine schnellstm\u00f6gliche Information \u00fcber Spielergebnisse und Tabellenst\u00e4nde gew\u00e4hrleisten zu k\u00f6nnen, binden wir die sogenannten FUSSBALL.DE-Widgets auf unseren Seiten ein. Wir weisen Sie hiermit explizit auf den Einsatz dieser Widgets und die damit verbundenen \u2013&gt; <a href=\"http:\/\/www.fussball.de\/privacy\">Datenschutzbestimmungen<\/a>, insbesondere im Bereich \u201eWebtracking\u201c, von \u2013&gt; <a href=\"http:\/\/www.fussball.de\">FUSSBALL.DE<\/a> hin.<\/p>\n\n\n<div id=\"fubade-0-TQGNN\" class=\"include-fussball-de-widgets\">\n\t<iframe src='\/\/www.fussball.de\/widget2\/-\/schluessel\/02MSO72O9S000000VUM1DNPDVUDTQGNN\/target\/fubade-0-TQGNN\/caller\/biebrich02.de' width='100%' height='100%' scrolling='no' style='border: 1px solid #CECECE; overflow: hidden; min-height: 200px;'><\/iframe>\n<\/div>\n\n\n\n<p class=\"has-text-align-center\"><strong>Spielplan der E-Junioren des FV Biebrich 02 &#8211; Kreispokal Wiesbaden 2023\/24<\/strong><\/p>\n\n\n\n<figure class=\"wp-block-table is-style-stripes\"><table><tbody><tr><td> Datum<\/td><td> Spielpaarung<\/td><td> Ansto\u00df<\/td><\/tr><tr><td> S0. 10. 09. 2023<\/td><td> <a href=\"https:\/\/www.sg-germania-wiesbaden.de\/\">SG Germania Wiesbaden 1903<\/a> &#8211; FV Biebrich 02 8:2<\/td><td> 10:00 Uhr<\/td><\/tr><\/tbody><\/table><\/figure>\n\n\n\n<p>Hinweis: Um eine schnellstm\u00f6gliche Information \u00fcber Spielergebnisse und Tabellenst\u00e4nde gew\u00e4hrleisten zu k\u00f6nnen, binden wir die sogenannten FUSSBALL.DE-Widgets auf unseren Seiten ein. Wir weisen Sie hiermit explizit auf den Einsatz dieser Widgets und die damit verbundenen \u2013&gt; <a href=\"http:\/\/www.fussball.de\/privacy\">Datenschutzbestimmungen<\/a>, insbesondere im Bereich \u201eWebtracking\u201c, von \u2013&gt; <a href=\"http:\/\/www.fussball.de\">FUSSBALL.DE<\/a> hin.<\/p>\n\n\n<div id=\"fubade-1-U8DI7\" class=\"include-fussball-de-widgets\">\n\t<iframe src='\/\/www.fussball.de\/widget2\/-\/schluessel\/02ML60L4B8000000VUM1DNPAVTVU8DI7\/target\/fubade-1-U8DI7\/caller\/biebrich02.de' width='100%' height='100%' scrolling='no' style='border: 1px solid #CECECE; overflow: hidden; min-height: 200px;'><\/iframe>\n<\/div>\n\n\n\n<p class=\"has-text-align-center\"><strong>E-Junioren Kreis-Hallenmeisterschaft Wiesbaden 2023\/24<\/strong><\/p>\n\n\n\n<p>Hinweis: Um eine schnellstm\u00f6gliche Information \u00fcber Spielergebnisse und Tabellenst\u00e4nde gew\u00e4hrleisten zu k\u00f6nnen, binden wir die sogenannten FUSSBALL.DE-Widgets auf unseren Seiten ein. Wir weisen Sie hiermit explizit auf den Einsatz dieser Widgets und die damit verbundenen \u2013&gt; <a href=\"http:\/\/www.fussball.de\/privacy\">Datenschutzbestimmungen<\/a>, insbesondere im Bereich \u201eWebtracking\u201c, von \u2013&gt; <a href=\"http:\/\/www.fussball.de\">FUSSBALL.DE<\/a> hin.<\/p>\n\n\n<div id=\"fubade-2-9GAUH\" class=\"include-fussball-de-widgets\">\n\t<iframe src='\/\/www.fussball.de\/widget2\/-\/schluessel\/02NLJ1AQIC000000VUM1DNO9VSR9GAUH\/target\/fubade-2-9GAUH\/caller\/biebrich02.de' width='100%' height='100%' scrolling='no' style='border: 1px solid #CECECE; overflow: hidden; min-height: 200px;'><\/iframe>\n<\/div>\n\n\n\n<p class=\"has-text-align-center\"><strong>E1-Junioren des FV Biebrich 02 \u2013 unser Team 2023\/24<\/strong><\/p>\n\n\n\n<figure class=\"wp-block-image size-large\"><a href=\"https:\/\/biebrich02.de\/portal\/wp-content\/uploads\/2023\/09\/e1juniorenteam2324_2.jpg\"><img loading=\"lazy\" decoding=\"async\" width=\"1024\" height=\"539\" src=\"https:\/\/biebrich02.de\/portal\/wp-content\/uploads\/2023\/09\/e1juniorenteam2324_2-1024x539.jpg\" alt=\"\" class=\"wp-image-16202\" srcset=\"https:\/\/biebrich02.de\/portal\/wp-content\/uploads\/2023\/09\/e1juniorenteam2324_2-1024x539.jpg 1024w, https:\/\/biebrich02.de\/portal\/wp-content\/uploads\/2023\/09\/e1juniorenteam2324_2-300x158.jpg 300w, https:\/\/biebrich02.de\/portal\/wp-content\/uploads\/2023\/09\/e1juniorenteam2324_2-768x404.jpg 768w, https:\/\/biebrich02.de\/portal\/wp-content\/uploads\/2023\/09\/e1juniorenteam2324_2-624x328.jpg 624w, https:\/\/biebrich02.de\/portal\/wp-content\/uploads\/2023\/09\/e1juniorenteam2324_2.jpg 1500w\" sizes=\"auto, (max-width: 1024px) 100vw, 1024px\" \/><\/a><\/figure>\n\n\n\n<figure class=\"wp-block-image size-large\"><a href=\"https:\/\/biebrich02.de\/portal\/wp-content\/uploads\/2023\/09\/e1juniorenspieler2324_alan.jpg\"><img loading=\"lazy\" decoding=\"async\" width=\"768\" height=\"1024\" src=\"https:\/\/biebrich02.de\/portal\/wp-content\/uploads\/2023\/09\/e1juniorenspieler2324_alan-768x1024.jpg\" alt=\"\" class=\"wp-image-16204\" srcset=\"https:\/\/biebrich02.de\/portal\/wp-content\/uploads\/2023\/09\/e1juniorenspieler2324_alan-768x1024.jpg 768w, https:\/\/biebrich02.de\/portal\/wp-content\/uploads\/2023\/09\/e1juniorenspieler2324_alan-225x300.jpg 225w, https:\/\/biebrich02.de\/portal\/wp-content\/uploads\/2023\/09\/e1juniorenspieler2324_alan-624x832.jpg 624w, https:\/\/biebrich02.de\/portal\/wp-content\/uploads\/2023\/09\/e1juniorenspieler2324_alan.jpg 1000w\" sizes=\"auto, (max-width: 768px) 100vw, 768px\" \/><\/a><\/figure>\n\n\n\n<figure class=\"wp-block-image size-large\"><a href=\"https:\/\/biebrich02.de\/portal\/wp-content\/uploads\/2023\/09\/e1juniorenspieler2324_anastasios.jpg\"><img loading=\"lazy\" decoding=\"async\" width=\"768\" height=\"1024\" src=\"https:\/\/biebrich02.de\/portal\/wp-content\/uploads\/2023\/09\/e1juniorenspieler2324_anastasios-768x1024.jpg\" alt=\"\" class=\"wp-image-16205\" srcset=\"https:\/\/biebrich02.de\/portal\/wp-content\/uploads\/2023\/09\/e1juniorenspieler2324_anastasios-768x1024.jpg 768w, https:\/\/biebrich02.de\/portal\/wp-content\/uploads\/2023\/09\/e1juniorenspieler2324_anastasios-225x300.jpg 225w, https:\/\/biebrich02.de\/portal\/wp-content\/uploads\/2023\/09\/e1juniorenspieler2324_anastasios-624x832.jpg 624w, https:\/\/biebrich02.de\/portal\/wp-content\/uploads\/2023\/09\/e1juniorenspieler2324_anastasios.jpg 1000w\" sizes=\"auto, (max-width: 768px) 100vw, 768px\" \/><\/a><\/figure>\n\n\n\n<figure class=\"wp-block-image size-large\"><a href=\"https:\/\/biebrich02.de\/portal\/wp-content\/uploads\/2023\/09\/e1juniorenspieler2324_dimi.jpg\"><img loading=\"lazy\" decoding=\"async\" width=\"768\" height=\"1024\" src=\"https:\/\/biebrich02.de\/portal\/wp-content\/uploads\/2023\/09\/e1juniorenspieler2324_dimi-768x1024.jpg\" alt=\"\" class=\"wp-image-16206\" srcset=\"https:\/\/biebrich02.de\/portal\/wp-content\/uploads\/2023\/09\/e1juniorenspieler2324_dimi-768x1024.jpg 768w, https:\/\/biebrich02.de\/portal\/wp-content\/uploads\/2023\/09\/e1juniorenspieler2324_dimi-225x300.jpg 225w, https:\/\/biebrich02.de\/portal\/wp-content\/uploads\/2023\/09\/e1juniorenspieler2324_dimi-624x832.jpg 624w, https:\/\/biebrich02.de\/portal\/wp-content\/uploads\/2023\/09\/e1juniorenspieler2324_dimi.jpg 1000w\" sizes=\"auto, (max-width: 768px) 100vw, 768px\" \/><\/a><\/figure>\n\n\n\n<figure class=\"wp-block-image size-large\"><a href=\"https:\/\/biebrich02.de\/portal\/wp-content\/uploads\/2023\/09\/e1juniorenspieler2324_ibrahim.jpg\"><img loading=\"lazy\" decoding=\"async\" width=\"768\" height=\"1024\" src=\"https:\/\/biebrich02.de\/portal\/wp-content\/uploads\/2023\/09\/e1juniorenspieler2324_ibrahim-768x1024.jpg\" alt=\"\" class=\"wp-image-16207\" srcset=\"https:\/\/biebrich02.de\/portal\/wp-content\/uploads\/2023\/09\/e1juniorenspieler2324_ibrahim-768x1024.jpg 768w, https:\/\/biebrich02.de\/portal\/wp-content\/uploads\/2023\/09\/e1juniorenspieler2324_ibrahim-225x300.jpg 225w, https:\/\/biebrich02.de\/portal\/wp-content\/uploads\/2023\/09\/e1juniorenspieler2324_ibrahim-624x832.jpg 624w, https:\/\/biebrich02.de\/portal\/wp-content\/uploads\/2023\/09\/e1juniorenspieler2324_ibrahim.jpg 1000w\" sizes=\"auto, (max-width: 768px) 100vw, 768px\" \/><\/a><\/figure>\n\n\n\n<figure class=\"wp-block-image size-large\"><a href=\"https:\/\/biebrich02.de\/portal\/wp-content\/uploads\/2023\/09\/e1juniorenspieler2324_kaan.jpg\"><img loading=\"lazy\" decoding=\"async\" width=\"768\" height=\"1024\" src=\"https:\/\/biebrich02.de\/portal\/wp-content\/uploads\/2023\/09\/e1juniorenspieler2324_kaan-768x1024.jpg\" alt=\"\" class=\"wp-image-16208\" srcset=\"https:\/\/biebrich02.de\/portal\/wp-content\/uploads\/2023\/09\/e1juniorenspieler2324_kaan-768x1024.jpg 768w, https:\/\/biebrich02.de\/portal\/wp-content\/uploads\/2023\/09\/e1juniorenspieler2324_kaan-225x300.jpg 225w, https:\/\/biebrich02.de\/portal\/wp-content\/uploads\/2023\/09\/e1juniorenspieler2324_kaan-624x832.jpg 624w, https:\/\/biebrich02.de\/portal\/wp-content\/uploads\/2023\/09\/e1juniorenspieler2324_kaan.jpg 1000w\" sizes=\"auto, (max-width: 768px) 100vw, 768px\" \/><\/a><\/figure>\n\n\n\n<figure class=\"wp-block-image size-large\"><a href=\"https:\/\/biebrich02.de\/portal\/wp-content\/uploads\/2023\/09\/e1juniorenspieler2324_kuba.jpg\"><img loading=\"lazy\" decoding=\"async\" width=\"768\" height=\"1024\" src=\"https:\/\/biebrich02.de\/portal\/wp-content\/uploads\/2023\/09\/e1juniorenspieler2324_kuba-768x1024.jpg\" alt=\"\" class=\"wp-image-16209\" srcset=\"https:\/\/biebrich02.de\/portal\/wp-content\/uploads\/2023\/09\/e1juniorenspieler2324_kuba-768x1024.jpg 768w, https:\/\/biebrich02.de\/portal\/wp-content\/uploads\/2023\/09\/e1juniorenspieler2324_kuba-225x300.jpg 225w, https:\/\/biebrich02.de\/portal\/wp-content\/uploads\/2023\/09\/e1juniorenspieler2324_kuba-624x832.jpg 624w, https:\/\/biebrich02.de\/portal\/wp-content\/uploads\/2023\/09\/e1juniorenspieler2324_kuba.jpg 1000w\" sizes=\"auto, (max-width: 768px) 100vw, 768px\" \/><\/a><\/figure>\n\n\n\n<figure class=\"wp-block-image size-large\"><a href=\"https:\/\/biebrich02.de\/portal\/wp-content\/uploads\/2023\/09\/e1juniorenspieler2324_leon.jpg\"><img loading=\"lazy\" decoding=\"async\" width=\"768\" height=\"1024\" src=\"https:\/\/biebrich02.de\/portal\/wp-content\/uploads\/2023\/09\/e1juniorenspieler2324_leon-768x1024.jpg\" alt=\"\" class=\"wp-image-16210\" srcset=\"https:\/\/biebrich02.de\/portal\/wp-content\/uploads\/2023\/09\/e1juniorenspieler2324_leon-768x1024.jpg 768w, https:\/\/biebrich02.de\/portal\/wp-content\/uploads\/2023\/09\/e1juniorenspieler2324_leon-225x300.jpg 225w, https:\/\/biebrich02.de\/portal\/wp-content\/uploads\/2023\/09\/e1juniorenspieler2324_leon-624x832.jpg 624w, https:\/\/biebrich02.de\/portal\/wp-content\/uploads\/2023\/09\/e1juniorenspieler2324_leon.jpg 1000w\" sizes=\"auto, (max-width: 768px) 100vw, 768px\" \/><\/a><\/figure>\n\n\n\n<figure class=\"wp-block-image size-large\"><a href=\"https:\/\/biebrich02.de\/portal\/wp-content\/uploads\/2023\/09\/e1juniorenspieler2324_loris.jpg\"><img loading=\"lazy\" decoding=\"async\" width=\"768\" height=\"1024\" src=\"https:\/\/biebrich02.de\/portal\/wp-content\/uploads\/2023\/09\/e1juniorenspieler2324_loris-768x1024.jpg\" alt=\"\" class=\"wp-image-16211\" srcset=\"https:\/\/biebrich02.de\/portal\/wp-content\/uploads\/2023\/09\/e1juniorenspieler2324_loris-768x1024.jpg 768w, https:\/\/biebrich02.de\/portal\/wp-content\/uploads\/2023\/09\/e1juniorenspieler2324_loris-225x300.jpg 225w, https:\/\/biebrich02.de\/portal\/wp-content\/uploads\/2023\/09\/e1juniorenspieler2324_loris-624x832.jpg 624w, https:\/\/biebrich02.de\/portal\/wp-content\/uploads\/2023\/09\/e1juniorenspieler2324_loris.jpg 1000w\" sizes=\"auto, (max-width: 768px) 100vw, 768px\" \/><\/a><\/figure>\n\n\n\n<figure class=\"wp-block-image size-large\"><a href=\"https:\/\/biebrich02.de\/portal\/wp-content\/uploads\/2023\/09\/e1juniorenspieler2324_malik.jpg\"><img loading=\"lazy\" decoding=\"async\" width=\"768\" height=\"1024\" src=\"https:\/\/biebrich02.de\/portal\/wp-content\/uploads\/2023\/09\/e1juniorenspieler2324_malik-768x1024.jpg\" alt=\"\" class=\"wp-image-16212\" srcset=\"https:\/\/biebrich02.de\/portal\/wp-content\/uploads\/2023\/09\/e1juniorenspieler2324_malik-768x1024.jpg 768w, https:\/\/biebrich02.de\/portal\/wp-content\/uploads\/2023\/09\/e1juniorenspieler2324_malik-225x300.jpg 225w, https:\/\/biebrich02.de\/portal\/wp-content\/uploads\/2023\/09\/e1juniorenspieler2324_malik-624x832.jpg 624w, https:\/\/biebrich02.de\/portal\/wp-content\/uploads\/2023\/09\/e1juniorenspieler2324_malik.jpg 1000w\" sizes=\"auto, (max-width: 768px) 100vw, 768px\" \/><\/a><\/figure>\n\n\n\n<figure class=\"wp-block-image size-large\"><a href=\"https:\/\/biebrich02.de\/portal\/wp-content\/uploads\/2023\/09\/e1juniorenspieler2324_muhammed.jpg\"><img loading=\"lazy\" decoding=\"async\" width=\"768\" height=\"1024\" src=\"https:\/\/biebrich02.de\/portal\/wp-content\/uploads\/2023\/09\/e1juniorenspieler2324_muhammed-768x1024.jpg\" alt=\"\" class=\"wp-image-16213\" srcset=\"https:\/\/biebrich02.de\/portal\/wp-content\/uploads\/2023\/09\/e1juniorenspieler2324_muhammed-768x1024.jpg 768w, https:\/\/biebrich02.de\/portal\/wp-content\/uploads\/2023\/09\/e1juniorenspieler2324_muhammed-225x300.jpg 225w, https:\/\/biebrich02.de\/portal\/wp-content\/uploads\/2023\/09\/e1juniorenspieler2324_muhammed-624x832.jpg 624w, https:\/\/biebrich02.de\/portal\/wp-content\/uploads\/2023\/09\/e1juniorenspieler2324_muhammed.jpg 1000w\" sizes=\"auto, (max-width: 768px) 100vw, 768px\" \/><\/a><\/figure>\n\n\n\n<figure class=\"wp-block-image size-large\"><a href=\"https:\/\/biebrich02.de\/portal\/wp-content\/uploads\/2023\/09\/e1juniorenspieler2324_nizar.jpg\"><img loading=\"lazy\" decoding=\"async\" width=\"768\" height=\"1024\" src=\"https:\/\/biebrich02.de\/portal\/wp-content\/uploads\/2023\/09\/e1juniorenspieler2324_nizar-768x1024.jpg\" alt=\"\" class=\"wp-image-16214\" srcset=\"https:\/\/biebrich02.de\/portal\/wp-content\/uploads\/2023\/09\/e1juniorenspieler2324_nizar-768x1024.jpg 768w, https:\/\/biebrich02.de\/portal\/wp-content\/uploads\/2023\/09\/e1juniorenspieler2324_nizar-225x300.jpg 225w, https:\/\/biebrich02.de\/portal\/wp-content\/uploads\/2023\/09\/e1juniorenspieler2324_nizar-624x832.jpg 624w, https:\/\/biebrich02.de\/portal\/wp-content\/uploads\/2023\/09\/e1juniorenspieler2324_nizar.jpg 1000w\" sizes=\"auto, (max-width: 768px) 100vw, 768px\" \/><\/a><\/figure>\n\n\n\n<figure class=\"wp-block-image size-large\"><a href=\"https:\/\/biebrich02.de\/portal\/wp-content\/uploads\/2023\/09\/e1juniorenspieler2324_robel.jpg\"><img loading=\"lazy\" decoding=\"async\" width=\"768\" height=\"1024\" src=\"https:\/\/biebrich02.de\/portal\/wp-content\/uploads\/2023\/09\/e1juniorenspieler2324_robel-768x1024.jpg\" alt=\"\" class=\"wp-image-16215\" srcset=\"https:\/\/biebrich02.de\/portal\/wp-content\/uploads\/2023\/09\/e1juniorenspieler2324_robel-768x1024.jpg 768w, https:\/\/biebrich02.de\/portal\/wp-content\/uploads\/2023\/09\/e1juniorenspieler2324_robel-225x300.jpg 225w, https:\/\/biebrich02.de\/portal\/wp-content\/uploads\/2023\/09\/e1juniorenspieler2324_robel-624x832.jpg 624w, https:\/\/biebrich02.de\/portal\/wp-content\/uploads\/2023\/09\/e1juniorenspieler2324_robel.jpg 1000w\" sizes=\"auto, (max-width: 768px) 100vw, 768px\" \/><\/a><\/figure>\n\n\n\n<figure class=\"wp-block-image size-large\"><a href=\"https:\/\/biebrich02.de\/portal\/wp-content\/uploads\/2023\/09\/e1juniorenspieler2324_younes.jpg\"><img loading=\"lazy\" decoding=\"async\" width=\"768\" height=\"1024\" src=\"https:\/\/biebrich02.de\/portal\/wp-content\/uploads\/2023\/09\/e1juniorenspieler2324_younes-768x1024.jpg\" alt=\"\" class=\"wp-image-16216\" srcset=\"https:\/\/biebrich02.de\/portal\/wp-content\/uploads\/2023\/09\/e1juniorenspieler2324_younes-768x1024.jpg 768w, https:\/\/biebrich02.de\/portal\/wp-content\/uploads\/2023\/09\/e1juniorenspieler2324_younes-225x300.jpg 225w, https:\/\/biebrich02.de\/portal\/wp-content\/uploads\/2023\/09\/e1juniorenspieler2324_younes-624x832.jpg 624w, https:\/\/biebrich02.de\/portal\/wp-content\/uploads\/2023\/09\/e1juniorenspieler2324_younes.jpg 1000w\" sizes=\"auto, (max-width: 768px) 100vw, 768px\" \/><\/a><\/figure>\n\n\n\n<p class=\"has-text-align-center\">\u00a9 Ali Arslan<\/p>\n","protected":false},"excerpt":{"rendered":"<p>E1-Junioren des FV Biebrich 02 &#8211; Archiv 2023\/24 Kreisliga Wiesbaden 2023\/24 \u2013&gt; Home | &#8211;&gt; Unser Team | \u2013&gt; Galerie | \u2013&gt; DFB-Net Tabellenarchiv | \u2013&gt; Archiv Unser Team 2023\/24. Trainer: Ali Arslan Trainer: Andre Wagner \u00a9 Ali Arslan Spielplan der E1-Junioren des FV Biebrich 02 &#8211; Kreisliga Wiesbaden 2023\/24 Datum Spielpaarung Ansto\u00df Sa. 09. [&hellip;]<\/p>\n","protected":false},"author":1,"featured_media":0,"parent":0,"menu_order":0,"comment_status":"closed","ping_status":"closed","template":"","meta":{"footnotes":""},"class_list":["post-17564","page","type-page","status-publish","hentry"],"_links":{"self":[{"href":"https:\/\/biebrich02.de\/portal\/index.php?rest_route=\/wp\/v2\/pages\/17564","targetHints":{"allow":["GET"]}}],"collection":[{"href":"https:\/\/biebrich02.de\/portal\/index.php?rest_route=\/wp\/v2\/pages"}],"about":[{"href":"https:\/\/biebrich02.de\/portal\/index.php?rest_route=\/wp\/v2\/types\/page"}],"author":[{"embeddable":true,"href":"https:\/\/biebrich02.de\/portal\/index.php?rest_route=\/wp\/v2\/users\/1"}],"replies":[{"embeddable":true,"href":"https:\/\/biebrich02.de\/portal\/index.php?rest_route=%2Fwp%2Fv2%2Fcomments&post=17564"}],"version-history":[{"count":4,"href":"https:\/\/biebrich02.de\/portal\/index.php?rest_route=\/wp\/v2\/pages\/17564\/revisions"}],"predecessor-version":[{"id":20825,"href":"https:\/\/biebrich02.de\/portal\/index.php?rest_route=\/wp\/v2\/pages\/17564\/revisions\/20825"}],"wp:attachment":[{"href":"https:\/\/biebrich02.de\/portal\/index.php?rest_route=%2Fwp%2Fv2%2Fmedia&parent=17564"}],"curies":[{"name":"wp","href":"https:\/\/api.w.org\/{rel}","templated":true}]}}