{"id":17571,"date":"2024-06-29T19:26:37","date_gmt":"2024-06-29T17:26:37","guid":{"rendered":"https:\/\/biebrich02.de\/portal\/?page_id=17571"},"modified":"2025-06-04T03:08:28","modified_gmt":"2025-06-04T01:08:28","slug":"e2-junioren-archiv-2023-24","status":"publish","type":"page","link":"https:\/\/biebrich02.de\/portal\/?page_id=17571","title":{"rendered":"E2-Junioren Archiv 2023\/24"},"content":{"rendered":"\n<p class=\"has-text-align-center\"><strong>E2-Junioren des FV Biebrich 02 &#8211; Archiv 2023\/24<\/strong><\/p>\n\n\n\n<p class=\"has-text-align-center\"><strong>Kreisklasse Wiesbaden 2023\/24, Gruppe 4<\/strong><\/p>\n\n\n\n<p class=\"has-text-align-center\">\u2013> <a href=\"https:\/\/biebrich02.de\/portal\/?page_id=221\">Home<\/a> | \u2013> <a href=\"https:\/\/biebrich02.de\/portal\/?page_id=1778\">Unser Team<\/a> | \u2013> <a href=\"https:\/\/biebrich02.de\/portal\/?page_id=815\">Galerie<\/a> | \u2013> <a href=\"https:\/\/biebrich02.de\/portal\/?page_id=2567\">DFB-Net Tabellenarchiv<\/a> | \u2013> <a href=\"https:\/\/biebrich02.de\/portal\/?page_id=7690\">Archiv<\/a><\/p>\n\n\n\n<p class=\"has-text-align-center\">Trainer: Hartmut Steindorf<\/p>\n\n\n\n<p class=\"has-text-align-center\"><strong>Spielplan der E2-Junioren des FV Biebrich 02 &#8211; Kreisklasse Wiesbaden 2023\/24, Gruppe 4<\/strong><\/p>\n\n\n\n<figure class=\"wp-block-table is-style-stripes\"><table><tbody><tr><td>Datu<\/td><td>Spielpaarung<\/td><td>Ansto\u00df<\/td><\/tr><tr><td>Sa. 09. 09. 2023<\/td><td><a href=\"https:\/\/svniedernhausen.de\/\">SV 1913 Niedernausen II<\/a> &#8211; FV Biebrich 02 II 1:1<\/td><td>11:30 Uhr<\/td><\/tr><tr><td>Do. 14. 09. 2023<\/td><td><a href=\"https:\/\/tsg-kastel.de\/\">TSG 1846 Kastel II<\/a> &#8211; FV Biebrich 02 II 9:2<\/td><td>17:15 Uhr<\/td><\/tr><tr><td>Sa. 16. 09. 2023<\/td><td>FV Biebrich 02 II &#8211; SV Wiesbaden 1899 III 2:2<\/td><td>11:15 Uhr<\/td><\/tr><tr><td>Sa. 07. 10. 2023<\/td><td>FV Biebrich 02 II &#8211; T\u00fcrkischer SV Wiesbaden 1973 3:2<\/td><td>09:45 Uhr<\/td><\/tr><tr><td>Sa. 14. 10. 2023<\/td><td> <a href=\"https:\/\/www.fc34.de\/\">FC 1934 Bierstadt III<\/a> &#8211; FV Biebrich 02 II 5:2<\/td><td>09:45 Uhr<\/td><\/tr><tr><td>Sa. 04. 11. 2023<\/td><td>FV Biebrich 02 II &#8211; <a href=\"https:\/\/www.fc-naurod.de\/\">1. FC Naurod 1928<\/a> 4:3<\/td><td>11:15 Uhr<\/td><\/tr><tr><td>Sa. 11. 11. 2023<\/td><td><a href=\"https:\/\/www.svfrauenstein.de\/\">SV Frauenstein 1932 II<\/a> &#8211; FV Biebrich 02 II 2:3<\/td><td>10:45 Uhr<\/td><\/tr><tr><td>Di. 14. 11. 2023<\/td><td><a href=\"https:\/\/www.schierstein08.de\/\">1. FSV Schierstein 08<\/a> &#8211; FV Biebrich 02 II 4:3<\/td><td>17:30 Uhr<\/td><\/tr><tr><td>Sa. 18. 11. 2023<\/td><td>Der FV Biebrich 02 II ist spielfrei.<\/td><td><\/td><\/tr><tr><td>Sa. 03. 02. 2024<\/td><td>FV Biebrich 02 II &#8211; <a href=\"https:\/\/svniedernhausen.de\/\">SV 1913 Niedernhausen II<\/a> 3:5<\/td><td>11:15 Uhr<\/td><\/tr><tr><td>Sa. 09. 03. 2024<\/td><td>FV Biebrich 02 II &#8211; <a href=\"https:\/\/tsg-kastel.de\/\">TSG 1846 Kastel II<\/a> 3:8<\/td><td>11:15 Uhr<\/td><\/tr><tr><td>Sa. 16. 03. 2024<\/td><td>T\u00fcrkischer SV Wiesbaden 1973 &#8211; FV Biebrich 02 II 2:4<\/td><td>12:00 Uhr<\/td><\/tr><tr><td>Sa. 23. 03. 2024<\/td><td>SV Wiesbaden 1899 III &#8211; FV Biebrich 02 II 5:0<\/td><td>11:00 Uhr<\/td><\/tr><tr><td>Sa. 20. 04. 2024<\/td><td>FV Biebrich 02 II &#8211; <a href=\"https:\/\/www.fc34.de\/\">FC 1934 Bierstadt III<\/a> 8:2<\/td><td>11:15 Uhr<\/td><\/tr><tr><td>Sa. 27. 04. 2024<\/td><td><a href=\"https:\/\/www.fc-naurod.de\/\">1. FC Naurod 1928<\/a> &#8211; FV Biebrich 02 II 2:12<\/td><td>10:00 Uhr<\/td><\/tr><tr><td>Fr. 03. 05. 2024<\/td><td>FV Biebrich 02 II &#8211; <a href=\"https:\/\/www.svfrauenstein.de\/\">SV Frauenstein 1932 II<\/a> 8:4<\/td><td>17:00 Uhr<\/td><\/tr><tr><td>Sa. 25. 05. 2024<\/td><td> Der FV Biebrich 02 II ist spielfrei.<\/td><td><\/td><\/tr><tr><td>Mi. 29. 05. 2024<\/td><td>FV Biebrich 02 II &#8211; <a href=\"https:\/\/www.schierstein08.de\/\">1. FSV Schierstein 08<\/a> 2:10<\/td><td>17:30 Uhr<\/td><\/tr><\/tbody><\/table><\/figure>\n\n\n\n<p>Hinweis: Um eine schnellstm\u00f6gliche Information \u00fcber Spielergebnisse und Tabellenst\u00e4nde gew\u00e4hrleisten zu k\u00f6nnen, binden wir die sogenannten FUSSBALL.DE-Widgets auf unseren Seiten ein. Wir weisen Sie hiermit explizit auf den Einsatz dieser Widgets und die damit verbundenen \u2013&gt; <a href=\"http:\/\/www.fussball.de\/privacy\">Datenschutzbestimmungen<\/a>, insbesondere im Bereich \u201eWebtracking\u201c, von \u2013&gt; <a href=\"http:\/\/www.fussball.de\">FUSSBALL.DE<\/a> hin.<\/p>\n\n\n<div id=\"fubade-0-CIDC0\" class=\"include-fussball-de-widgets\">\n\t<iframe src='\/\/www.fussball.de\/widget2\/-\/schluessel\/02MSO87IQ8000000VUM1DNQFVTKCIDC0\/target\/fubade-0-CIDC0\/caller\/biebrich02.de' width='100%' height='100%' scrolling='no' style='border: 1px solid #CECECE; overflow: hidden; min-height: 200px;'><\/iframe>\n<\/div>\n\n\n\n<p class=\"has-text-align-center\"><strong>E2-Junioren Kreis-Hallenmeisterschaft Wiesbaden 2023\/24<\/strong><\/p>\n\n\n<div id=\"fubade-1-U44LF\" class=\"include-fussball-de-widgets\">\n\t<iframe src='\/\/www.fussball.de\/widget2\/-\/schluessel\/02OOPAD3RG000000VUM1DNPAVS7U44LF\/target\/fubade-1-U44LF\/caller\/biebrich02.de' width='100%' height='100%' scrolling='no' style='border: 1px solid #CECECE; overflow: hidden; min-height: 200px;'><\/iframe>\n<\/div>\n","protected":false},"excerpt":{"rendered":"<p>E2-Junioren des FV Biebrich 02 &#8211; Archiv 2023\/24 Kreisklasse Wiesbaden 2023\/24, Gruppe 4 \u2013> Home | \u2013> Unser Team | \u2013> Galerie | \u2013> DFB-Net Tabellenarchiv | \u2013> Archiv Trainer: Hartmut Steindorf Spielplan der E2-Junioren des FV Biebrich 02 &#8211; Kreisklasse Wiesbaden 2023\/24, Gruppe 4 Datu Spielpaarung Ansto\u00df Sa. 09. 09. 2023 SV 1913 Niedernausen [&hellip;]<\/p>\n","protected":false},"author":1,"featured_media":0,"parent":0,"menu_order":0,"comment_status":"closed","ping_status":"closed","template":"","meta":{"footnotes":""},"class_list":["post-17571","page","type-page","status-publish","hentry"],"_links":{"self":[{"href":"https:\/\/biebrich02.de\/portal\/index.php?rest_route=\/wp\/v2\/pages\/17571","targetHints":{"allow":["GET"]}}],"collection":[{"href":"https:\/\/biebrich02.de\/portal\/index.php?rest_route=\/wp\/v2\/pages"}],"about":[{"href":"https:\/\/biebrich02.de\/portal\/index.php?rest_route=\/wp\/v2\/types\/page"}],"author":[{"embeddable":true,"href":"https:\/\/biebrich02.de\/portal\/index.php?rest_route=\/wp\/v2\/users\/1"}],"replies":[{"embeddable":true,"href":"https:\/\/biebrich02.de\/portal\/index.php?rest_route=%2Fwp%2Fv2%2Fcomments&post=17571"}],"version-history":[{"count":2,"href":"https:\/\/biebrich02.de\/portal\/index.php?rest_route=\/wp\/v2\/pages\/17571\/revisions"}],"predecessor-version":[{"id":17575,"href":"https:\/\/biebrich02.de\/portal\/index.php?rest_route=\/wp\/v2\/pages\/17571\/revisions\/17575"}],"wp:attachment":[{"href":"https:\/\/biebrich02.de\/portal\/index.php?rest_route=%2Fwp%2Fv2%2Fmedia&parent=17571"}],"curies":[{"name":"wp","href":"https:\/\/api.w.org\/{rel}","templated":true}]}}