{"id":17576,"date":"2024-06-29T19:35:25","date_gmt":"2024-06-29T17:35:25","guid":{"rendered":"https:\/\/biebrich02.de\/portal\/?page_id=17576"},"modified":"2025-06-05T01:28:05","modified_gmt":"2025-06-04T23:28:05","slug":"e3-junioren-archiv-2023-24","status":"publish","type":"page","link":"https:\/\/biebrich02.de\/portal\/?page_id=17576","title":{"rendered":"E3-Junioren Archiv 2023\/24"},"content":{"rendered":"\n<p class=\"has-text-align-center\"><strong>E3-Junioren des FV Biebrich 02 &#8211; Archiv 2023\/24<\/strong><\/p>\n\n\n\n<p class=\"has-text-align-center\"><strong>Kreisklasse Wiesbaden 2023\/24, Gruppe 5<\/strong><\/p>\n\n\n\n<p class=\"has-text-align-center\">\u2013> <a href=\"https:\/\/biebrich02.de\/portal\/?page_id=224\">Home<\/a> | \u2013> <a href=\"https:\/\/biebrich02.de\/portal\/?page_id=14661\">Unser Team<\/a> | \u2013> <a href=\"https:\/\/biebrich02.de\/portal\/?page_id=14673\">Galerie<\/a> | \u2013> <a href=\"https:\/\/biebrich02.de\/portal\/?page_id=2607\">DFB-Net Tabellenarchiv<\/a> | \u2013> <a href=\"https:\/\/biebrich02.de\/portal\/?page_id=7702\">Archiv<\/a><\/p>\n\n\n\n<figure class=\"wp-block-image size-large\"><a href=\"https:\/\/biebrich02.de\/portal\/wp-content\/uploads\/2023\/11\/e3juniorenteam_2324_1.jpg\"><img loading=\"lazy\" decoding=\"async\" width=\"1024\" height=\"875\" src=\"https:\/\/biebrich02.de\/portal\/wp-content\/uploads\/2023\/11\/e3juniorenteam_2324_1-1024x875.jpg\" alt=\"\" class=\"wp-image-16600\" srcset=\"https:\/\/biebrich02.de\/portal\/wp-content\/uploads\/2023\/11\/e3juniorenteam_2324_1-1024x875.jpg 1024w, https:\/\/biebrich02.de\/portal\/wp-content\/uploads\/2023\/11\/e3juniorenteam_2324_1-300x256.jpg 300w, https:\/\/biebrich02.de\/portal\/wp-content\/uploads\/2023\/11\/e3juniorenteam_2324_1-768x656.jpg 768w, https:\/\/biebrich02.de\/portal\/wp-content\/uploads\/2023\/11\/e3juniorenteam_2324_1-624x533.jpg 624w, https:\/\/biebrich02.de\/portal\/wp-content\/uploads\/2023\/11\/e3juniorenteam_2324_1.jpg 1500w\" sizes=\"auto, (max-width: 1024px) 100vw, 1024px\" \/><\/a><\/figure>\n\n\n\n<p class=\"has-text-align-center\">Unser Team 2023\/24.<\/p>\n\n\n\n<figure class=\"wp-block-image size-large\"><a href=\"https:\/\/biebrich02.de\/portal\/wp-content\/uploads\/2023\/11\/e3juniorenteam_2324_2.jpg\"><img loading=\"lazy\" decoding=\"async\" width=\"1024\" height=\"875\" src=\"https:\/\/biebrich02.de\/portal\/wp-content\/uploads\/2023\/11\/e3juniorenteam_2324_2-1024x875.jpg\" alt=\"\" class=\"wp-image-16606\" srcset=\"https:\/\/biebrich02.de\/portal\/wp-content\/uploads\/2023\/11\/e3juniorenteam_2324_2-1024x875.jpg 1024w, https:\/\/biebrich02.de\/portal\/wp-content\/uploads\/2023\/11\/e3juniorenteam_2324_2-300x256.jpg 300w, https:\/\/biebrich02.de\/portal\/wp-content\/uploads\/2023\/11\/e3juniorenteam_2324_2-768x656.jpg 768w, https:\/\/biebrich02.de\/portal\/wp-content\/uploads\/2023\/11\/e3juniorenteam_2324_2-1536x1312.jpg 1536w, https:\/\/biebrich02.de\/portal\/wp-content\/uploads\/2023\/11\/e3juniorenteam_2324_2-624x533.jpg 624w, https:\/\/biebrich02.de\/portal\/wp-content\/uploads\/2023\/11\/e3juniorenteam_2324_2.jpg 2006w\" sizes=\"auto, (max-width: 1024px) 100vw, 1024px\" \/><\/a><\/figure>\n\n\n\n<p><\/p>\n\n\n\n<figure class=\"wp-block-image size-full\"><a href=\"https:\/\/biebrich02.de\/portal\/wp-content\/uploads\/2023\/07\/grafik-4.png\"><img loading=\"lazy\" decoding=\"async\" width=\"1000\" height=\"922\" src=\"https:\/\/biebrich02.de\/portal\/wp-content\/uploads\/2023\/07\/grafik-4.png\" alt=\"\" class=\"wp-image-14867\" srcset=\"https:\/\/biebrich02.de\/portal\/wp-content\/uploads\/2023\/07\/grafik-4.png 1000w, https:\/\/biebrich02.de\/portal\/wp-content\/uploads\/2023\/07\/grafik-4-300x277.png 300w, https:\/\/biebrich02.de\/portal\/wp-content\/uploads\/2023\/07\/grafik-4-768x708.png 768w, https:\/\/biebrich02.de\/portal\/wp-content\/uploads\/2023\/07\/grafik-4-624x575.png 624w\" sizes=\"auto, (max-width: 1000px) 100vw, 1000px\" \/><\/a><\/figure>\n\n\n\n<p class=\"has-text-align-center\">Trainer: Jens Lambert<br>DFB-Basis-Coach, HFV Kindertrainer Zertifikat<\/p>\n\n\n\n<figure class=\"wp-block-image size-full\"><a href=\"https:\/\/biebrich02.de\/portal\/wp-content\/uploads\/2024\/04\/e3juniorentrainerteam2324_1.jpg\"><img loading=\"lazy\" decoding=\"async\" width=\"794\" height=\"487\" src=\"https:\/\/biebrich02.de\/portal\/wp-content\/uploads\/2024\/04\/e3juniorentrainerteam2324_1.jpg\" alt=\"\" class=\"wp-image-17131\" srcset=\"https:\/\/biebrich02.de\/portal\/wp-content\/uploads\/2024\/04\/e3juniorentrainerteam2324_1.jpg 794w, https:\/\/biebrich02.de\/portal\/wp-content\/uploads\/2024\/04\/e3juniorentrainerteam2324_1-300x184.jpg 300w, https:\/\/biebrich02.de\/portal\/wp-content\/uploads\/2024\/04\/e3juniorentrainerteam2324_1-768x471.jpg 768w, https:\/\/biebrich02.de\/portal\/wp-content\/uploads\/2024\/04\/e3juniorentrainerteam2324_1-624x383.jpg 624w\" sizes=\"auto, (max-width: 794px) 100vw, 794px\" \/><\/a><\/figure>\n\n\n\n<p class=\"has-text-align-center\">Trainer Jens Lambert mit Co-Trainer Mohamed Mukthar<\/p>\n\n\n\n<p class=\"has-text-align-center\"><strong>Spielplan der E3-Junioren des FV Biebrich 02 &#8211; Kreisklasse Wiesbaden 2023\/24, Gruppe 5<\/strong><\/p>\n\n\n\n<figure class=\"wp-block-table is-style-stripes\"><table><tbody><tr><td>Datum<\/td><td>Spielpaarung<\/td><td>Ansto\u00df<\/td><\/tr><tr><td>Sa. 09. 09. 2023<\/td><td><a href=\"https:\/\/www.spvgg-sonnenberg.de\/\">SpVgg 1919 Sonnenberg III<\/a> &#8211; FV Biebrich 02 III 4:3<\/td><td>10:30 Uhr<\/td><\/tr><tr><td>Sa. 16. 09. 2023<\/td><td>FV Biebrich 02 III &#8211; <a href=\"https:\/\/www.fc-naurod.de\/\">1. FC Naurod 1928 II<\/a> 2:5<\/td><td>11:15 Uhr<\/td><\/tr><tr><td>So. 24. 09. 2023<\/td><td><a href=\"https:\/\/www.sckohlheck.de\/\">1. SC Kohlheck 1951<\/a>&#8211; FV Biebrich 02 III 2:2<\/td><td>11:00 Uhr<\/td><\/tr><tr><td>Do. 12. 10. 2023<\/td><td><a href=\"https:\/\/schwarz-weiss-wiesbaden.de\/\">DJK SC Schwarz-Wei\u00df Wiesbaden III<\/a> &#8211; FV Biebrich 02 III 2:2<\/td><td>18:00 Uhr<\/td><\/tr><tr><td>Mi. 18. 10. 2023<\/td><td>FV Biebrich 02 III &#8211; <a href=\"http:\/\/www.ftw1896.com\/\">Freie Turnerschaft Wiesbaden 1896 III<\/a> 3:3<\/td><td>17:00 Uhr<\/td><\/tr><tr><td>Sa. 11. 11. 2023<\/td><td><a href=\"https:\/\/svniedernhausen.de\/\">SV 1913 Niedernhausen III<\/a> &#8211; FV Biebrich 02 III 9:0<\/td><td>11:00 Uhr<\/td><\/tr><tr><td>Sa. 18. 11. 2022<\/td><td> FV Biebrich 02 III &#8211; <a href=\"https:\/\/www.vfr-wiesbaden.de\/\">VfR Wiesbaden III<\/a> 6:1<\/td><td>11:00 Uhr<\/td><\/tr><tr><td>Mi. 22. 11. 2023<\/td><td>US Youth Soccer Wiesbaden &#8211; FV Biebrich 02 III 3:27<\/td><td>18:00 Uhr<\/td><\/tr><tr><td>Sa. 25. 11. 2023<\/td><td><a href=\"https:\/\/www.fc34.de\/\">FC 1934 Bierstadt IV<\/a> &#8211; FV Biebrich 02 III 1:2<\/td><td>09:45 Uhr<\/td><\/tr><tr><td>Sa. 24. 02. 2024<\/td><td>FV Biebrich 02 II &#8211; <a href=\"https:\/\/www.spvgg-sonnenberg.de\/\">SpVgg 1919 Sonnenberg III<\/a> 9:3<\/td><td>11:15 Uhr<\/td><\/tr><tr><td>Sa. 02. 03. 2024<\/td><td><a href=\"https:\/\/www.fc-naurod.de\/\">1. FC Naurod 1928 II<\/a> &#8211; FV Biebrich 02 III 3:2<\/td><td>10:00 Uhr<\/td><\/tr><tr><td>Sa. 09. 03. 2024<\/td><td>FV Biebrich 02 III  &#8211; <a href=\"https:\/\/www.sckohlheck.de\/\">1. SC Kohlheck 1951<\/a> 1:9<\/td><td>11:15 Uhr<\/td><\/tr><tr><td>Sa. 16. 03. 2024<\/td><td>FV Biebrich 02 III &#8211; <a href=\"http:\/\/www.ftw1896.com\/\">Freie Turnerschaft Wiesbaden 1896 III<\/a> 7:1<\/td><td>10:15 Uhr<\/td><\/tr><tr><td>Sa. 20. 04. 2024<\/td><td>FV Biebrich 02 III &#8211; <a href=\"https:\/\/schwarz-weiss-wiesbaden.de\/\">DJK SC Schwarz-Wei\u00df Wiesbaden III<\/a> 6:2<\/td><td>11:15 Uhr<\/td><\/tr><tr><td>Sa. 27. 04. 2024<\/td><td>FV Biebrich 02 III &#8211; US Youth Soccer Wiesbaden 9:4<\/td><td>11:00 Uhr<\/td><\/tr><tr><td>Sa. 04. 05. 2024<\/td><td>FV Biebrich 02 III &#8211; <a href=\"https:\/\/svniedernhausen.de\/\">SV 1913 Niedernhausen III<\/a> 3:3<\/td><td>11:15 Uhr<\/td><\/tr><tr><td>Sa. 25. 05. 2024<\/td><td><a href=\"https:\/\/www.vfr-wiesbaden.de\/\">VfR Wiesbaden III<\/a> &#8211; FV Biebrich 02 III 3:1<\/td><td>10:15 Uhr<\/td><\/tr><tr><td>Sa. 01. 06. 2024<\/td><td>FV Biebrich 02 III &#8211; <a href=\"https:\/\/www.fc34.de\/\">FC 1934 Bierstadt IV<\/a> 14:1<\/td><td>10:15 Uhr<\/td><\/tr><\/tbody><\/table><\/figure>\n\n\n\n<p>Hinweis: Um eine schnellstm\u00f6gliche Information \u00fcber Spielergebnisse und Tabellenst\u00e4nde gew\u00e4hrleisten zu k\u00f6nnen, binden wir die sogenannten FUSSBALL.DE-Widgets auf unseren Seiten ein. Wir weisen Sie hiermit explizit auf den Einsatz dieser Widgets und die damit verbundenen \u2013&gt; <a href=\"http:\/\/www.fussball.de\/privacy\">Datenschutzbestimmungen<\/a>, insbesondere im Bereich \u201eWebtracking\u201c, von \u2013&gt; <a href=\"http:\/\/www.fussball.de\">FUSSBALL.DE<\/a> hin.<\/p>\n\n\n<div id=\"fubade-0-CIDC0\" class=\"include-fussball-de-widgets\">\n\t<iframe src='\/\/www.fussball.de\/widget2\/-\/schluessel\/02MSO948PC000000VUM1DNQFVTKCIDC0\/target\/fubade-0-CIDC0\/caller\/biebrich02.de' width='100%' height='100%' scrolling='no' style='border: 1px solid #CECECE; overflow: hidden; min-height: 200px;'><\/iframe>\n<\/div>\n","protected":false},"excerpt":{"rendered":"<p>E3-Junioren des FV Biebrich 02 &#8211; Archiv 2023\/24 Kreisklasse Wiesbaden 2023\/24, Gruppe 5 \u2013> Home | \u2013> Unser Team | \u2013> Galerie | \u2013> DFB-Net Tabellenarchiv | \u2013> Archiv Unser Team 2023\/24. Trainer: Jens LambertDFB-Basis-Coach, HFV Kindertrainer Zertifikat Trainer Jens Lambert mit Co-Trainer Mohamed Mukthar Spielplan der E3-Junioren des FV Biebrich 02 &#8211; Kreisklasse Wiesbaden [&hellip;]<\/p>\n","protected":false},"author":1,"featured_media":0,"parent":0,"menu_order":0,"comment_status":"closed","ping_status":"closed","template":"","meta":{"footnotes":""},"class_list":["post-17576","page","type-page","status-publish","hentry"],"_links":{"self":[{"href":"https:\/\/biebrich02.de\/portal\/index.php?rest_route=\/wp\/v2\/pages\/17576","targetHints":{"allow":["GET"]}}],"collection":[{"href":"https:\/\/biebrich02.de\/portal\/index.php?rest_route=\/wp\/v2\/pages"}],"about":[{"href":"https:\/\/biebrich02.de\/portal\/index.php?rest_route=\/wp\/v2\/types\/page"}],"author":[{"embeddable":true,"href":"https:\/\/biebrich02.de\/portal\/index.php?rest_route=\/wp\/v2\/users\/1"}],"replies":[{"embeddable":true,"href":"https:\/\/biebrich02.de\/portal\/index.php?rest_route=%2Fwp%2Fv2%2Fcomments&post=17576"}],"version-history":[{"count":3,"href":"https:\/\/biebrich02.de\/portal\/index.php?rest_route=\/wp\/v2\/pages\/17576\/revisions"}],"predecessor-version":[{"id":17806,"href":"https:\/\/biebrich02.de\/portal\/index.php?rest_route=\/wp\/v2\/pages\/17576\/revisions\/17806"}],"wp:attachment":[{"href":"https:\/\/biebrich02.de\/portal\/index.php?rest_route=%2Fwp%2Fv2%2Fmedia&parent=17576"}],"curies":[{"name":"wp","href":"https:\/\/api.w.org\/{rel}","templated":true}]}}