{"id":17584,"date":"2024-06-29T19:48:23","date_gmt":"2024-06-29T17:48:23","guid":{"rendered":"https:\/\/biebrich02.de\/portal\/?page_id=17584"},"modified":"2024-06-29T19:50:04","modified_gmt":"2024-06-29T17:50:04","slug":"f2-junioren-archiv-2023-24","status":"publish","type":"page","link":"https:\/\/biebrich02.de\/portal\/?page_id=17584","title":{"rendered":"F2-Junioren Archiv 2023\/24"},"content":{"rendered":"\n<p class=\"has-text-align-center\"><strong>F2-Junioren des FV Biebrich 02 &#8211; Archiv 2023\/24<\/strong><\/p>\n\n\n\n<p class=\"has-text-align-center\">\u2013&gt; <a href=\"https:\/\/biebrich02.de\/portal\/?page_id=240\">Home<\/a> | \u2013&gt; <a href=\"https:\/\/biebrich02.de\/portal\/?page_id=4947\">Unser Team<\/a> |\u2013&gt; <a href=\"https:\/\/biebrich02.de\/portal\/?page_id=4646\">Galerie<\/a> |\u2013&gt;<a href=\"https:\/\/biebrich02.de\/portal\/?page_id=7747\">Archiv<\/a><\/p>\n\n\n\n<figure class=\"wp-block-image size-large\"><a href=\"https:\/\/biebrich02.de\/portal\/wp-content\/uploads\/2023\/07\/grafik-5.png\"><img loading=\"lazy\" decoding=\"async\" width=\"961\" height=\"1024\" src=\"https:\/\/biebrich02.de\/portal\/wp-content\/uploads\/2023\/07\/grafik-5-961x1024.png\" alt=\"\" class=\"wp-image-14870\" srcset=\"https:\/\/biebrich02.de\/portal\/wp-content\/uploads\/2023\/07\/grafik-5-961x1024.png 961w, https:\/\/biebrich02.de\/portal\/wp-content\/uploads\/2023\/07\/grafik-5-281x300.png 281w, https:\/\/biebrich02.de\/portal\/wp-content\/uploads\/2023\/07\/grafik-5-768x819.png 768w, https:\/\/biebrich02.de\/portal\/wp-content\/uploads\/2023\/07\/grafik-5-624x665.png 624w, https:\/\/biebrich02.de\/portal\/wp-content\/uploads\/2023\/07\/grafik-5.png 1000w\" sizes=\"auto, (max-width: 961px) 100vw, 961px\" \/><\/a><\/figure>\n\n\n\n<p class=\"has-text-align-center\">Trainerin: Brigitte Kreutzer, Tel: 0152\/28545528<\/p>\n\n\n\n<p class=\"has-text-align-center\"><strong>Spielplan der F2-Junioren des FV Biebrich 02 &#8211; Kreisklasse Wiesbaden 2024, Fr\u00fchjahrsrunde, Gruppe B<\/strong><\/p>\n\n\n\n<figure class=\"wp-block-table is-style-stripes\"><table><tbody><tr><td>Datum<\/td><td>Spielpaarung<\/td><td>Ansto\u00df<\/td><\/tr><tr><td>Sa. 09. 03. 2024<\/td><td>FV Biebrich 02 II &#8211; <a href=\"https:\/\/www.fc34.de\/\" data-type=\"link\" data-id=\"https:\/\/www.fc34.de\/\">FC 1934 Bierstadt<\/a> 9:8<\/td><td>10:00 Uhr<\/td><\/tr><tr><td>Sa. 16. 03. 2024<\/td><td><a href=\"https:\/\/sv-erbenheim.de\/\" data-type=\"link\" data-id=\"https:\/\/sv-erbenheim.de\/\">SV 1921 Erbenheim<\/a>&#8211; FV Biebrich 02 II 8:1<\/td><td>10:00 Uhr<\/td><\/tr><tr><td>Sa. 20. 04. 2024<\/td><td>FV Biebrich 02 II &#8211; <a href=\"https:\/\/www.spvgg-sonnenberg.de\/\" data-type=\"link\" data-id=\"https:\/\/www.spvgg-sonnenberg.de\/\">SpVgg 1919 Sonnenberg II<\/a> 1:6<\/td><td>10:00 Uhr<\/td><\/tr><tr><td>Sa. 27. 04. 2024<\/td><td><a href=\"https:\/\/tsg-kastel.de\/\" data-type=\"link\" data-id=\"https:\/\/tsg-kastel.de\/\">TSG 1846 Kastel<\/a> &#8211; FV Biebrich 02 II 12:0<\/td><td>11:00 Uhr<\/td><\/tr><tr><td>Sa. 04. 05. 2024<\/td><td>FV Biebrich 02 II &#8211; <a href=\"https:\/\/www.schierstein08.de\/\" data-type=\"link\" data-id=\"https:\/\/www.schierstein08.de\/\">1. FSV Schierstein 08<\/a> 2:13<\/td><td>10:00 Uhr<\/td><\/tr><tr><td>Sa. 25. 05. 2024<\/td><td><a href=\"https:\/\/blaugelb-wiesbaden.de\/\" data-type=\"link\" data-id=\"https:\/\/blaugelb-wiesbaden.de\/\">SV Blau-Gelb Wiesbaden<\/a> &#8211; FV Biebrich 02 II 11:0<\/td><td>11:00 Uhr<\/td><\/tr><tr><td>Sa. 08. 06. 2024<\/td><td>FV Biebrich 02 II &#8211; <a href=\"https:\/\/www.fcf1950.de\/\" data-type=\"link\" data-id=\"https:\/\/www.fcf1950.de\/\">FC 1950 Freudenberg<\/a><\/td><td>10:00 Uhr<\/td><\/tr><\/tbody><\/table><\/figure>\n\n\n\n<p>Hinweis: Um eine schnellstm\u00f6gliche Information \u00fcber Spielergebnisse und Tabellenst\u00e4nde gew\u00e4hrleisten zu k\u00f6nnen, binden wir die sogenannten FUSSBALL.DE-Widgets auf unseren Seiten ein. Wir weisen Sie hiermit explizit auf den Einsatz dieser Widgets und die damit verbundenen \u2013&gt; <a href=\"http:\/\/www.fussball.de\/privacy\">Datenschutzbestimmungen<\/a>, insbesondere im Bereich \u201eWebtracking\u201c, von \u2013&gt; <a href=\"http:\/\/www.fussball.de\">FUSSBALL.DE<\/a> hin.<\/p>\n\n\n<div id=\"fubade-3-3LAGT\" class=\"include-fussball-de-widgets\">\n\t<iframe src='\/\/www.fussball.de\/widget2\/-\/schluessel\/02O82EUK8C000000VUM1DNONVVR3LAGT\/target\/fubade-3-3LAGT\/caller\/biebrich02.de' width='100%' height='100%' scrolling='no' style='border: 1px solid #CECECE; overflow: hidden; min-height: 200px;'><\/iframe>\n<\/div>\n\n\n\n<p class=\"has-text-align-center\"><strong>Spielplan der F2-Junioren des FV Biebrich 02 &#8211; Kreisklasse Wiesbaden 2023, Herbstrunde Gruppe 3<\/strong><\/p>\n\n\n\n<figure class=\"wp-block-table is-style-stripes\"><table><tbody><tr><td>Datum<\/td><td>Spielpaarung<\/td><td>Ansto\u00df<\/td><\/tr><tr><td>Sa. 09. 09. 2023<\/td><td><a href=\"https:\/\/www.spvgg-sonnenberg.de\/\">SpVgg 1919 Sonnenberg II<\/a> &#8211; FV Biebrich 02 II 2:4<\/td><td>09:00 Uhr<\/td><\/tr><tr><td>Sa. 16. 09. 2023<\/td><td>FV Biebrich 02 II &#8211; <a href=\"https:\/\/sv-erbenheim.de\/\">SV 191 Erbenheim II<\/a> 6:3<\/td><td>10:00 Uhr<\/td><\/tr><tr><td>Sa. 23. 09. 2023<\/td><td>Der FV Biebrich 02 II ist spielfrei.<\/td><td><\/td><\/tr><tr><td>Sa. 07. 10. 2023<\/td><td>Der FV Biebrich 02 II ist spielfrei.<\/td><td><\/td><\/tr><tr><td>Mo. 16. 10. 2023<\/td><td><a href=\"https:\/\/spvgg-amoeneburg.de\/\">SpVgg Am\u00f6neburg<\/a> &#8211; FV Biebrich 02 II 0:7<\/td><td>17:00 Uhr<\/td><\/tr><tr><td>Sa. 04. 11. 2023<\/td><td> FV Biebrich 02 II &#8211; <a href=\"https:\/\/www.schierstein13.de\/\">SV Schierstein 1913<\/a> 6:5<\/td><td>10: 00 Uhr<\/td><\/tr><tr><td>Sa. 11. 11. 2023<\/td><td> Der FV Biebrich 02 II ist spielfrei.<\/td><td><\/td><\/tr><tr><td>Sa. 18. 11. 2023<\/td><td>FV Biebrich 02 II &#8211; SV Wiesbaden 1899 II 6:1<\/td><td>10:00 Uhr<\/td><\/tr><tr><td>Sa. 25. 11. 2023<\/td><td><a href=\"https:\/\/www.svfrauenstein.de\/\">SV Frauenstein 1932<\/a> &#8211; FV Biebrich 02 II 11:2<\/td><td>09:30 Uhr<\/td><\/tr><\/tbody><\/table><\/figure>\n\n\n\n<p>Hinweis: Um eine schnellstm\u00f6gliche Information \u00fcber Spielergebnisse und Tabellenst\u00e4nde gew\u00e4hrleisten zu k\u00f6nnen, binden wir die sogenannten FUSSBALL.DE-Widgets auf unseren Seiten ein. Wir weisen Sie hiermit explizit auf den Einsatz dieser Widgets und die damit verbundenen \u2013&gt; <a href=\"http:\/\/www.fussball.de\/privacy\">Datenschutzbestimmungen<\/a>, insbesondere im Bereich \u201eWebtracking\u201c, von \u2013&gt; <a href=\"http:\/\/www.fussball.de\">FUSSBALL.DE<\/a> hin.<\/p>\n\n\n<div id=\"fubade-0-QCQ6M\" class=\"include-fussball-de-widgets\">\n\t<iframe src='\/\/www.fussball.de\/widget2\/-\/schluessel\/02MTQ0MQTS000000VUM1DNP9VT2QCQ6M\/target\/fubade-0-QCQ6M\/caller\/biebrich02.de' width='100%' height='100%' scrolling='no' style='border: 1px solid #CECECE; overflow: hidden; min-height: 200px;'><\/iframe>\n<\/div>\n","protected":false},"excerpt":{"rendered":"<p>F2-Junioren des FV Biebrich 02 &#8211; Archiv 2023\/24 \u2013&gt; Home | \u2013&gt; Unser Team |\u2013&gt; Galerie |\u2013&gt;Archiv Trainerin: Brigitte Kreutzer, Tel: 0152\/28545528 Spielplan der F2-Junioren des FV Biebrich 02 &#8211; Kreisklasse Wiesbaden 2024, Fr\u00fchjahrsrunde, Gruppe B Datum Spielpaarung Ansto\u00df Sa. 09. 03. 2024 FV Biebrich 02 II &#8211; FC 1934 Bierstadt 9:8 10:00 Uhr Sa. [&hellip;]<\/p>\n","protected":false},"author":1,"featured_media":0,"parent":0,"menu_order":0,"comment_status":"closed","ping_status":"closed","template":"","meta":{"footnotes":""},"class_list":["post-17584","page","type-page","status-publish","hentry"],"_links":{"self":[{"href":"https:\/\/biebrich02.de\/portal\/index.php?rest_route=\/wp\/v2\/pages\/17584","targetHints":{"allow":["GET"]}}],"collection":[{"href":"https:\/\/biebrich02.de\/portal\/index.php?rest_route=\/wp\/v2\/pages"}],"about":[{"href":"https:\/\/biebrich02.de\/portal\/index.php?rest_route=\/wp\/v2\/types\/page"}],"author":[{"embeddable":true,"href":"https:\/\/biebrich02.de\/portal\/index.php?rest_route=\/wp\/v2\/users\/1"}],"replies":[{"embeddable":true,"href":"https:\/\/biebrich02.de\/portal\/index.php?rest_route=%2Fwp%2Fv2%2Fcomments&post=17584"}],"version-history":[{"count":3,"href":"https:\/\/biebrich02.de\/portal\/index.php?rest_route=\/wp\/v2\/pages\/17584\/revisions"}],"predecessor-version":[{"id":17588,"href":"https:\/\/biebrich02.de\/portal\/index.php?rest_route=\/wp\/v2\/pages\/17584\/revisions\/17588"}],"wp:attachment":[{"href":"https:\/\/biebrich02.de\/portal\/index.php?rest_route=%2Fwp%2Fv2%2Fmedia&parent=17584"}],"curies":[{"name":"wp","href":"https:\/\/api.w.org\/{rel}","templated":true}]}}