{"id":17922,"date":"2024-07-15T14:57:46","date_gmt":"2024-07-15T12:57:46","guid":{"rendered":"https:\/\/biebrich02.de\/portal\/?page_id=17922"},"modified":"2025-06-08T02:58:34","modified_gmt":"2025-06-08T00:58:34","slug":"tabellen-2023-24","status":"publish","type":"page","link":"https:\/\/biebrich02.de\/portal\/?page_id=17922","title":{"rendered":"Tabellen 2023\/24"},"content":{"rendered":"\n<p class=\"has-text-align-center\"><strong>Tabellen 2023\/24<\/strong><\/p>\n\n\n\n<p>Hinweis: Um eine schnellstm\u00f6gliche Information \u00fcber Spielergebnisse und Tabellenst\u00e4nde gew\u00e4hrleisten zu k\u00f6nnen, binden wir die sogenannten FUSSBALL.DE-Widgets auf unseren Seiten ein. Wir weisen Sie hiermit explizit auf den Einsatz dieser Widgets und die damit verbundenen \u2013&gt; <a href=\"http:\/\/www.fussball.de\/privacy\">Datenschutzbestimmungen<\/a>, insbesondere im Bereich \u201eWebtracking\u201c, von \u2013&gt; <a href=\"http:\/\/www.fussball.de\">FUSSBALL.DE<\/a> hin.<\/p>\n\n\n\n<p class=\"has-text-align-center\"><strong>Spielplan des FV Biebrich 02 \u2013 Verbandsliga Hessen Mitte 2023\/24<\/strong><\/p>\n\n\n<div id=\"fubade-0-1N60L\" class=\"include-fussball-de-widgets\">\n\t<iframe src='\/\/www.fussball.de\/widget2\/-\/schluessel\/02M7ATNNT4000000VUM1DNOIVV01N60L\/target\/fubade-0-1N60L\/caller\/biebrich02.de' width='100%' height='100%' scrolling='no' style='border: 1px solid #CECECE; overflow: hidden; min-height: 200px;'><\/iframe>\n<\/div>\n\n\n\n<p class=\"has-text-align-center\"><strong>Spielplan des FV Biebrich 02 II \u2013 Kreisoberliga Wiesbaden 2023\/24<\/strong><\/p>\n\n\n<div id=\"fubade-1-95M7G\" class=\"include-fussball-de-widgets\">\n\t<iframe src='\/\/www.fussball.de\/widget2\/-\/schluessel\/02MF2H901C000000VUM1DNOGVT195M7G\/target\/fubade-1-95M7G\/caller\/biebrich02.de' width='100%' height='100%' scrolling='no' style='border: 1px solid #CECECE; overflow: hidden; min-height: 200px;'><\/iframe>\n<\/div>\n\n\n\n<p class=\"has-text-align-center\"><strong>Spielplan der A1-Junioren des FV Biebrich 02 \u2013 Hessenliga 2023\/24<\/strong><\/p>\n\n\n<div id=\"fubade-2-94LQ0\" class=\"include-fussball-de-widgets\">\n\t<iframe src='\/\/www.fussball.de\/widget2\/-\/schluessel\/02MHIUOVTK000000VUM1DNPLVUS94LQ0\/target\/fubade-2-94LQ0\/caller\/biebrich02.de' width='100%' height='100%' scrolling='no' style='border: 1px solid #CECECE; overflow: hidden; min-height: 200px;'><\/iframe>\n<\/div>\n\n\n\n<p class=\"has-text-align-center\"><strong>Spielplan der A2-Junioren des FV Biebrich 02 \u2013 Verbandsliga Hessen 2023\/24, Gruppe S\u00fcd<\/strong><\/p>\n\n\n<div id=\"fubade-3-0NFQ2\" class=\"include-fussball-de-widgets\">\n\t<iframe src='\/\/www.fussball.de\/widget2\/-\/schluessel\/02MHJE05F8000000VUM1DNPEVUF0NFQ2\/target\/fubade-3-0NFQ2\/caller\/biebrich02.de' width='100%' height='100%' scrolling='no' style='border: 1px solid #CECECE; overflow: hidden; min-height: 200px;'><\/iframe>\n<\/div>\n\n\n\n<p class=\"has-text-align-center\"><strong>Spielplan der B1-Junioren des FV Biebrich 02 \u2013 Hessenliga 2023\/24<\/strong><\/p>\n\n\n<div id=\"fubade-5-EL956\" class=\"include-fussball-de-widgets\">\n\t<iframe src='\/\/www.fussball.de\/widget2\/-\/schluessel\/02MDNN8IQ8000000VUM1DNOAVV9EL956\/target\/fubade-5-EL956\/caller\/biebrich02.de' width='100%' height='100%' scrolling='no' style='border: 1px solid #CECECE; overflow: hidden; min-height: 200px;'><\/iframe>\n<\/div>\n\n\n\n<p class=\"has-text-align-center\"><strong>Spielplan der B2-Junioren des FV Biebrich 02 \u2013 Gruppenliga Wiesbaden 2023\/24<\/strong><\/p>\n\n\n<div id=\"fubade-6-HLAPN\" class=\"include-fussball-de-widgets\">\n\t<iframe src='\/\/www.fussball.de\/widget2\/-\/schluessel\/02MHST8FI8000000VUM1DNPHVT4HLAPN\/target\/fubade-6-HLAPN\/caller\/biebrich02.de' width='100%' height='100%' scrolling='no' style='border: 1px solid #CECECE; overflow: hidden; min-height: 200px;'><\/iframe>\n<\/div>\n\n\n\n<p class=\"has-text-align-center\"><strong>Spielplan der C1-Junioren des FV Biebrich 02 &#8211; Verbandsliga Hessen 2023\/24, Gruppe S\u00fcd <\/strong><\/p>\n\n\n<div id=\"fubade-7-7SEBK\" class=\"include-fussball-de-widgets\">\n\t<iframe src='\/\/www.fussball.de\/widget2\/-\/schluessel\/02MLL94B40000000VUM1DNOSVUH7SEBK\/target\/fubade-7-7SEBK\/caller\/biebrich02.de' width='100%' height='100%' scrolling='no' style='border: 1px solid #CECECE; overflow: hidden; min-height: 200px;'><\/iframe>\n<\/div>\n\n\n\n<p class=\"has-text-align-center\"><strong>Spielplan der C2-Junioren des FV Biebrich 02 &#8211; Kreisliga Wiesbaden 2023\/24<\/strong><\/p>\n\n\n<div id=\"fubade-8-BRITV\" class=\"include-fussball-de-widgets\">\n\t<iframe src='\/\/www.fussball.de\/widget2\/-\/schluessel\/02MSHA5E08000000VUM1DNPTVVTBRITV\/target\/fubade-8-BRITV\/caller\/biebrich02.de' width='100%' height='100%' scrolling='no' style='border: 1px solid #CECECE; overflow: hidden; min-height: 200px;'><\/iframe>\n<\/div>\n\n\n\n<p class=\"has-text-align-center\"><strong>Spielplan der C3-Junioren des FV Biebrich 02 &#8211; Kreisklasse Wiesbaden 2023\/24, Gruppe 2<\/strong><\/p>\n\n\n<div id=\"fubade-9-LQRKQ\" class=\"include-fussball-de-widgets\">\n\t<iframe src='\/\/www.fussball.de\/widget2\/-\/schluessel\/02MSHBH2OC000000VUM1DNOQVTKLQRKQ\/target\/fubade-9-LQRKQ\/caller\/biebrich02.de' width='100%' height='100%' scrolling='no' style='border: 1px solid #CECECE; overflow: hidden; min-height: 200px;'><\/iframe>\n<\/div>\n\n\n\n<p class=\"has-text-align-center\"><strong>Spielplan der D1-Junioren des FV Biebrich 02 \u2013 Gruppenliga Wiesbaden 2023\/24<\/strong><\/p>\n\n\n<div id=\"fubade-11-U8DI7\" class=\"include-fussball-de-widgets\">\n\t<iframe src='\/\/www.fussball.de\/widget2\/-\/schluessel\/02MIJL9QJ4000000VUM1DNPAVTVU8DI7\/target\/fubade-11-U8DI7\/caller\/biebrich02.de' width='100%' height='100%' scrolling='no' style='border: 1px solid #CECECE; overflow: hidden; min-height: 200px;'><\/iframe>\n<\/div>\n\n\n\n<p class=\"has-text-align-center\"> <strong>Spielplan der D2-Junioren des FV Biebrich 02 &#8211; Kreisliga Wiesbaden 2023\/24<\/strong><\/p>\n\n\n<div id=\"fubade-10-CHML2\" class=\"include-fussball-de-widgets\">\n\t<iframe src='\/\/www.fussball.de\/widget2\/-\/schluessel\/02MSHCK98S000000VUM1DNQMVSOCHML2\/target\/fubade-10-CHML2\/caller\/biebrich02.de' width='100%' height='100%' scrolling='no' style='border: 1px solid #CECECE; overflow: hidden; min-height: 200px;'><\/iframe>\n<\/div>\n\n\n\n<p class=\"has-text-align-center\"><strong>Spielplan der D3-Junioren des FV Biebrich 02 &#8211; Kreisklasse Wiesbaden 2023\/244, Gruppe 3<\/strong><\/p>\n\n\n<div id=\"fubade-11-A4MU9\" class=\"include-fussball-de-widgets\">\n\t<iframe src='\/\/www.fussball.de\/widget2\/-\/schluessel\/02MSHDM3V8000000VUM1DNQQVVUA4MU9\/target\/fubade-11-A4MU9\/caller\/biebrich02.de' width='100%' height='100%' scrolling='no' style='border: 1px solid #CECECE; overflow: hidden; min-height: 200px;'><\/iframe>\n<\/div>\n\n\n\n<p class=\"has-text-align-center\"><strong>Spielplan der E1-Junioren des FV Biebrich 02 &#8211; Kreisliga Wiesbaden 2023\/24<\/strong><\/p>\n\n\n<div id=\"fubade-12-TQGNN\" class=\"include-fussball-de-widgets\">\n\t<iframe src='\/\/www.fussball.de\/widget2\/-\/schluessel\/02MSO72O9S000000VUM1DNPDVUDTQGNN\/target\/fubade-12-TQGNN\/caller\/biebrich02.de' width='100%' height='100%' scrolling='no' style='border: 1px solid #CECECE; overflow: hidden; min-height: 200px;'><\/iframe>\n<\/div>\n\n\n\n<p class=\"has-text-align-center\"><strong>Spielplan der E2-Junioren des FV Biebrich 02 &#8211; Kreisklasse Wiesbaden 2023\/24, Gruppe 4<\/strong><\/p>\n\n\n<div id=\"fubade-13-CIDC0\" class=\"include-fussball-de-widgets\">\n\t<iframe src='\/\/www.fussball.de\/widget2\/-\/schluessel\/02MSO87IQ8000000VUM1DNQFVTKCIDC0\/target\/fubade-13-CIDC0\/caller\/biebrich02.de' width='100%' height='100%' scrolling='no' style='border: 1px solid #CECECE; overflow: hidden; min-height: 200px;'><\/iframe>\n<\/div>\n\n\n\n<p class=\"has-text-align-center\"><strong>Spielplan der E3-Junioren des FV Biebrich 02 &#8211; Kreisklasse Wiesbaden 2023, Gruppe 5<\/strong><\/p>\n\n\n<div id=\"fubade-14-CIDC0\" class=\"include-fussball-de-widgets\">\n\t<iframe src='\/\/www.fussball.de\/widget2\/-\/schluessel\/02MSO948PC000000VUM1DNQFVTKCIDC0\/target\/fubade-14-CIDC0\/caller\/biebrich02.de' width='100%' height='100%' scrolling='no' style='border: 1px solid #CECECE; overflow: hidden; min-height: 200px;'><\/iframe>\n<\/div>\n\n\n\n<p class=\"has-text-align-center\"> Ergebnisse der F- und G-Junioren werden nicht ver\u00f6ffentlicht.<\/p>\n\n\n\n<p class=\"has-text-align-center\"><a href=\"https:\/\/biebrich02.de\/portal\/?page_id=8182\">Tabellen 2021\/22<\/a><\/p>\n\n\n\n<p class=\"has-text-align-center\"><a href=\"https:\/\/biebrich02.de\/portal\/?page_id=15133\">Tabellen 2022\/23<\/a><\/p>\n\n\n\n<p class=\"has-text-align-center\"><a href=\"https:\/\/biebrich02.de\/portal\/?page_id=17922\" data-type=\"link\" data-id=\"https:\/\/biebrich02.de\/portal\/?page_id=17922\">Tabellen 2023\/24<\/a><\/p>\n\n\n\n<p class=\"has-text-align-center\"><a href=\"https:\/\/biebrich02.de\/portal\/?page_id=261\" data-type=\"link\" data-id=\"https:\/\/biebrich02.de\/portal\/?page_id=261\">Tabellen 2024\/25<\/a><\/p>\n","protected":false},"excerpt":{"rendered":"<p>Tabellen 2023\/24 Hinweis: Um eine schnellstm\u00f6gliche Information \u00fcber Spielergebnisse und Tabellenst\u00e4nde gew\u00e4hrleisten zu k\u00f6nnen, binden wir die sogenannten FUSSBALL.DE-Widgets auf unseren Seiten ein. Wir weisen Sie hiermit explizit auf den Einsatz dieser Widgets und die damit verbundenen \u2013&gt; Datenschutzbestimmungen, insbesondere im Bereich \u201eWebtracking\u201c, von \u2013&gt; FUSSBALL.DE hin. Spielplan des FV Biebrich 02 \u2013 Verbandsliga Hessen [&hellip;]<\/p>\n","protected":false},"author":1,"featured_media":0,"parent":0,"menu_order":0,"comment_status":"closed","ping_status":"closed","template":"","meta":{"footnotes":""},"class_list":["post-17922","page","type-page","status-publish","hentry"],"_links":{"self":[{"href":"https:\/\/biebrich02.de\/portal\/index.php?rest_route=\/wp\/v2\/pages\/17922","targetHints":{"allow":["GET"]}}],"collection":[{"href":"https:\/\/biebrich02.de\/portal\/index.php?rest_route=\/wp\/v2\/pages"}],"about":[{"href":"https:\/\/biebrich02.de\/portal\/index.php?rest_route=\/wp\/v2\/types\/page"}],"author":[{"embeddable":true,"href":"https:\/\/biebrich02.de\/portal\/index.php?rest_route=\/wp\/v2\/users\/1"}],"replies":[{"embeddable":true,"href":"https:\/\/biebrich02.de\/portal\/index.php?rest_route=%2Fwp%2Fv2%2Fcomments&post=17922"}],"version-history":[{"count":4,"href":"https:\/\/biebrich02.de\/portal\/index.php?rest_route=\/wp\/v2\/pages\/17922\/revisions"}],"predecessor-version":[{"id":20670,"href":"https:\/\/biebrich02.de\/portal\/index.php?rest_route=\/wp\/v2\/pages\/17922\/revisions\/20670"}],"wp:attachment":[{"href":"https:\/\/biebrich02.de\/portal\/index.php?rest_route=%2Fwp%2Fv2%2Fmedia&parent=17922"}],"curies":[{"name":"wp","href":"https:\/\/api.w.org\/{rel}","templated":true}]}}