{"id":180,"date":"2021-08-06T13:20:02","date_gmt":"2021-08-06T11:20:02","guid":{"rendered":"https:\/\/biebrich02.de\/portal\/?page_id=180"},"modified":"2026-05-04T00:44:28","modified_gmt":"2026-05-03T22:44:28","slug":"c1-junioren","status":"publish","type":"page","link":"https:\/\/biebrich02.de\/portal\/?page_id=180","title":{"rendered":"C1-Junioren"},"content":{"rendered":"\n<p class=\"has-text-align-center\"><strong>C1-Junioren des FV Biebrich 02<\/strong> \u2013 Gruppenliga Wiesbaden 2025\/26<\/p>\n\n\n\n<p class=\"has-text-align-center\">&#8211;&gt; <strong>Home<\/strong> | &#8211;&gt; <a href=\"https:\/\/biebrich02.de\/portal\/?page_id=14554\">Unser Team<\/a> | &#8211;&gt; <a href=\"https:\/\/biebrich02.de\/portal\/?page_id=536\">Galerie<\/a> | &#8211;&gt; <a href=\"https:\/\/biebrich02.de\/portal\/?page_id=2173\">DFB-Net Tabellenarchiv<\/a> | &#8211;&gt; <a href=\"https:\/\/biebrich02.de\/portal\/?page_id=7579\">Archiv<\/a><\/p>\n\n\n\n<p class=\"has-text-align-center\">Trainingszeiten: Montags von 17:30 Uhr bis 19:00 Uhr, mittwochs von 18:00 Uhr bis 19:30 Uhr, sowie donnerstags und freitags von jeweils 17:30 Uhr bis 19:00 Uhr.<\/p>\n\n\n\n<p class=\"has-text-align-center\">Ein aktuelles Mannschaftsfoto unseres Teams f\u00fcr die Gruppenliga Wiesbaden 2025\/26 liegt noch nicht vor.<\/p>\n\n\n\n<p class=\"has-text-align-center\">Trainer: Samuel Zarukian, Tel: 0162\/7907777<\/p>\n\n\n\n<p class=\"has-text-align-center\">Trainer: Aian Escudero, Tel: 0162\/9042941<\/p>\n\n\n\n<p class=\"has-text-align-center\"><strong>Spielplan der C1-Junioren des FV Biebrich 02 &#8211; Gruppenliga Wiesbaden 2025\/26<\/strong><\/p>\n\n\n\n<figure class=\"wp-block-table is-style-stripes\"><table><tbody><tr><td>Datum<\/td><td>Spielpaarung<\/td><td>Ansto\u00df<\/td><\/tr><tr><td>Sa. 23. 08. 2025<\/td><td><a href=\"https:\/\/www.spvgg-sonnenberg.de\/\" data-type=\"link\" data-id=\"https:\/\/www.spvgg-sonnenberg.de\/\">SpVgg 1919 Sonnenberg<\/a> &#8211; FV Biebrich 02 0:6<\/td><td>14:00 Uhr<\/td><\/tr><tr><td>Sa. 30. 08. 2025<\/td><td>FV Biebrich 02 &#8211; <a href=\"https:\/\/www.sg01hoechst.de\/\" data-type=\"link\" data-id=\"https:\/\/www.sg01hoechst.de\/\">SG 01 Hoechst<\/a> 3:2<\/td><td>11:30 Uhr<\/td><\/tr><tr><td>So. 07. 09. 2025<\/td><td><a href=\"https:\/\/www.jfv2009.de\/\" data-type=\"link\" data-id=\"https:\/\/www.jfv2009.de\/\">JFV Dietkirchen\/Offheim 2009<\/a> &#8211; FV Biebrich02 2:4<\/td><td>11:00 Uhr<\/td><\/tr><tr><td>Sa. 13. 09. 2025<\/td><td>FV Biebrich 02 &#8211; <a href=\"https:\/\/www.germania-weilbach.de\/\" data-type=\"link\" data-id=\"https:\/\/www.germania-weilbach.de\/\">FC Germania 08 Weilbach II<\/a> 3:0 *<\/td><td>13:00 Uhr<\/td><\/tr><tr><td>Sa. 20. 09. 2025<\/td><td><a href=\"https:\/\/www.vfr-wiesbaden.de\/\" data-type=\"link\" data-id=\"https:\/\/www.vfr-wiesbaden.de\/\">VfR Wiesbaden 1926<\/a> &#8211; FV Biebrich 02 1:6<\/td><td>15:30 Uhr<\/td><\/tr><tr><td>Sa. 27. 09. 2025<\/td><td>FV Biebrich 02 &#8211; <a href=\"https:\/\/www.vfb-unterliederbach.de\/\" data-type=\"link\" data-id=\"https:\/\/www.vfb-unterliederbach.de\/\"><\/a><a href=\"https:\/\/www.jfv2009.de\/\" data-type=\"link\" data-id=\"https:\/\/www.jfv2009.de\/\">VfB Unterliederbach 1912 II<\/a> 1:1<\/td><td>13:00 Uhr<\/td><\/tr><tr><td>Mi. 01. 10. 2025<\/td><td><a href=\"https:\/\/www.spvggeltville.de\/\" data-type=\"link\" data-id=\"https:\/\/www.spvggeltville.de\/\">SpVgg Eltville 1922<\/a> &#8211; FV Biebrich 02 1:4<\/td><td>18:00 Uhr<\/td><\/tr><tr><td>Sa. 18. 10. 2025<\/td><td><a href=\"https:\/\/www.sg-oberliederbach.de\/\" data-type=\"link\" data-id=\"https:\/\/www.sg-oberliederbach.de\/\">SG Oberliederbach<\/a> &#8211; FV Biebrich 02 0:5<\/td><td>17:00 Uhr<\/td><\/tr><tr><td>Sa. 25. 10. 2025<\/td><td>FV Biebrich 02 &#8211; <a href=\"https:\/\/www.jsg-brechen-weyer.de\/\" data-type=\"link\" data-id=\"https:\/\/www.jsg-brechen-weyer.de\/\">JSG Brechen-Weyer<\/a> 5:0<\/td><td>11:30 Uhr<\/td><\/tr><tr><td>Sa. 01. 11. 2025<\/td><td><a href=\"https:\/\/www.fcf1950.de\/\" data-type=\"link\" data-id=\"https:\/\/www.fcf1950.de\/\">FC 1950 Freudenberg<\/a> &#8211; FV Biebrich 02 1:4<\/td><td>16:00 Uhr<\/td><\/tr><tr><td>So. 09. 11. 2025<\/td><td><a href=\"https:\/\/ftw1896.de\/\" data-type=\"link\" data-id=\"https:\/\/ftw1896.de\/\">Freie Turnerschaft Wiesbaden 1896<\/a> &#8211; FV Biebrich 02 0:14<\/td><td>17:00 Uhr<\/td><\/tr><tr><td>Sa. 15. 11. 2025<\/td><td>FV Biebrich 02 &#8211; <a href=\"https:\/\/www.sg-kelkheim.de\/\" data-type=\"link\" data-id=\"https:\/\/www.sg-kelkheim.de\/\">SG Kelkheim<\/a> 1:1<\/td><td>14:30 Uhr<\/td><\/tr><tr><td>Sa. 22. 11. 2025<\/td><td>FV Biebrich 02 &#8211; <a href=\"https:\/\/www.sv1919johannisberg.de\/\" data-type=\"link\" data-id=\"https:\/\/www.sv1919johannisberg.de\/\">SV 1919 Johannisberg<\/a> 10:0<\/td><td>12:45 Uhr<\/td><\/tr><tr><td>Sa. 28. 02. 2026<\/td><td>FV Biebrich 02 &#8211; <a href=\"https:\/\/www.spvgg-sonnenberg.de\/\" data-type=\"link\" data-id=\"https:\/\/www.spvgg-sonnenberg.de\/\">SpVgg 1919 Sonnenberg<\/a> 7:0<\/td><td>11:30 Uhr<\/td><\/tr><tr><td>Sa. 07. 03. 2026<\/td><td><a href=\"https:\/\/www.sg01hoechst.de\/\" data-type=\"link\" data-id=\"https:\/\/www.sg01hoechst.de\/\">SG 01 Hoechst<\/a> &#8211; FV Biebrich 02 0:1<\/td><td>18:00 Uhr<\/td><\/tr><tr><td>Sa. 14. 03. 2026<\/td><td>FV Biebrich 02 &#8211; <a href=\"https:\/\/www.jfv2009.de\/\" data-type=\"link\" data-id=\"https:\/\/www.jfv2009.de\/\">JFV Dietkirchen\/Offheim 2009<\/a> 8:0<\/td><td>11:30 Uhr<\/td><\/tr><tr><td>Sa. 21. 03. 2026<\/td><td><a href=\"https:\/\/www.germania-weilbach.de\/\" data-type=\"link\" data-id=\"https:\/\/www.germania-weilbach.de\/\">FC Germania 08 Weilbach II<\/a> &#8211; FV Biebrich 02 0:3<\/td><td>14:00 Uhr<\/td><\/tr><tr><td>Sa. 28. 03. 2026<\/td><td>FV Biebrich 02 &#8211; <a href=\"https:\/\/www.vfr-wiesbaden.de\/\" data-type=\"link\" data-id=\"https:\/\/www.vfr-wiesbaden.de\/\">VfR Wiesbaden 1926<\/a> 4:0<\/td><td>11:30 Uhr<\/td><\/tr><tr><td>Sa. 11. 04. 2026<\/td><td><a href=\"https:\/\/www.jfv2009.de\/\" data-type=\"link\" data-id=\"https:\/\/www.jfv2009.de\/\">VfB Unterliederbach 1912 II<\/a> &#8211; FV Biebrich 02 2:0<\/td><td>15:30 Uhr<\/td><\/tr><tr><td>Sa. 18. 04. 2026<\/td><td>FV Biebrich 02 &#8211; <a href=\"https:\/\/www.spvggeltville.de\/\" data-type=\"link\" data-id=\"https:\/\/www.spvggeltville.de\/\">SpVgg Eltville 1922<\/a> 9:1<\/td><td>11:30 Uhr<\/td><\/tr><tr><td>Sa. 25. 04. 2026<\/td><td><a href=\"https:\/\/www.sg-kelkheim.de\/\" data-type=\"link\" data-id=\"https:\/\/www.sg-kelkheim.de\/\">SG Kelkheim<\/a> &#8211; FV Biebrich 02 0:4<\/td><td>14:30 Uhr<\/td><\/tr><tr><td>So. 03. 05. 2026<\/td><td>FV Biebrich 02 &#8211; <a href=\"https:\/\/www.sg-oberliederbach.de\/\" data-type=\"link\" data-id=\"https:\/\/www.sg-oberliederbach.de\/\">SG Oberliederbach<\/a> 7:1<\/td><td>16:00 Uhr<\/td><\/tr><tr><td>Sa. 09. 05. 2026<\/td><td><a href=\"https:\/\/www.jsg-brechen-weyer.de\/\" data-type=\"link\" data-id=\"https:\/\/www.jsg-brechen-weyer.de\/\">JSG Brechen-Weyer<\/a> &#8211; FV Biebrich 02 <\/td><td>14:00 Uhr<\/td><\/tr><tr><td>Sa. 16. 05. 2026<\/td><td>FV Biebrich 02 &#8211;  <a href=\"https:\/\/www.fcf1950.de\/\" data-type=\"link\" data-id=\"https:\/\/www.fcf1950.de\/\">FC 1950 Freudenberg<\/a><\/td><td>12:30 Uhr<\/td><\/tr><tr><td>Sa. 30. 05. 2026<\/td><td>FV Biebrich 02 &#8211; <a href=\"https:\/\/ftw1896.de\/\" data-type=\"link\" data-id=\"https:\/\/ftw1896.de\/\">Freie Turnerschaft Wiesbaden 1896<\/a><\/td><td>11:30 Uhr<\/td><\/tr><tr><td>Sa. 06. 06. 2026<\/td><td><a href=\"https:\/\/www.sv1919johannisberg.de\/\" data-type=\"link\" data-id=\"https:\/\/www.sv1919johannisberg.de\/\">SV 1919 Johannisberg<\/a> &#8211; FV Biebrich 02 <\/td><td>14:00 Uhr<\/td><\/tr><\/tbody><\/table><\/figure>\n\n\n\n<p class=\"has-text-align-center\">Hinweis: * Wertung; das Spiel wurde beim Stand 3:0 wegen einer Verletzung abgebrochen und dann so gewertet.<\/p>\n\n\n\n<p>Hinweis: Um eine schnellstm\u00f6gliche Information \u00fcber Spielergebnisse und Tabellenst\u00e4nde gew\u00e4hrleisten zu k\u00f6nnen, binden wir die sogenannten FUSSBALL.DE-Widgets auf unseren Seiten ein. Wir weisen Sie hiermit explizit auf den Einsatz dieser Widgets und die damit verbundenen \u2013&gt; <a href=\"http:\/\/www.fussball.de\/privacy\">Datenschutzbestimmungen<\/a>, insbesondere im Bereich \u201eWebtracking\u201c, von \u2013&gt; <a href=\"http:\/\/www.fussball.de\">FUSSBALL.DE<\/a> hin.<\/p>\n\n\n\n<div \n  class=\"fussballde_widget\"\n  data-id=\"2cfa12d6-9e98-4509-8d6d-323910eb2f04\"\n  data-type=\"competition\"\n  style=\"width: 100%\"\n><\/div>\n\n\n\n<p class=\"has-text-align-center\"><strong>C-Junioren Kreispokal Wiesbaden 2025\/26<\/strong><\/p>\n\n\n\n<figure class=\"wp-block-table is-style-stripes\"><table><tbody><tr><td>Datum<\/td><td>Spielpaarung<\/td><td>Ansto\u00df<\/td><\/tr><tr><td>Mi. 17. 09. 2025<\/td><td><a href=\"https:\/\/www.fc-naurod.de\/\" data-type=\"link\" data-id=\"https:\/\/www.fc-naurod.de\/\">1. FC Naurod 1928<\/a> &#8211; FV Biebrich 02 0:16<\/td><td>18:15 Uhr<\/td><\/tr><tr><td>Di. 25. 11. 2025<\/td><td><a href=\"https:\/\/www.tusnordenstadt.de\/\" data-type=\"link\" data-id=\"https:\/\/www.tusnordenstadt.de\/\">TuS Nordenstadt 1883<\/a> &#8211; FV Biebrich 02 1:6<\/td><td>18:15 Uhr<\/td><\/tr><tr><td>Di. 17. 03. 2026<\/td><td><a href=\"https:\/\/www.vfr-wiesbaden.de\/\" data-type=\"link\" data-id=\"https:\/\/www.vfr-wiesbaden.de\/\">VfR Wiesbaden<\/a> &#8211; FV Biebrich 02 1:3 n.V.<\/td><td>18:00 Uhr<\/td><\/tr><tr><td>Fr. 01. 05. 2026<\/td><td>FV Biebrich 02 &#8211; <a href=\"https:\/\/www.fcf1950.de\/\" data-type=\"link\" data-id=\"https:\/\/www.fcf1950.de\/\">FC 1950 Freudenberg<\/a> 4:0 *<\/td><td>16:00 Uhr<\/td><\/tr><\/tbody><\/table><\/figure>\n\n\n\n<p class=\"has-text-align-center\">Hinweis: * Finale<\/p>\n\n\n\n<div \n  class=\"fussballde_widget\"\n  data-id=\"8747f7f5-c1f1-4140-866b-82f91c3603a1\"\n  data-type=\"competition\"\n  style=\"width: 100%\"\n><\/div>\n\n\n\n<p class=\"has-text-align-center\"><strong>C-Junioren Futsal-Kreisrunde Wiesbaden 2025\/26, Gruppe 1, Vorrunde<\/strong><\/p>\n\n\n\n<figure class=\"wp-block-table is-style-stripes\"><table><tbody><tr><td>Datum<\/td><td>Spielpaarung<\/td><td>Ansto\u00df<\/td><\/tr><tr><td>So. 14. 12. 2025<\/td><td><a href=\"https:\/\/www.svniedernhausen.de\" data-type=\"link\" data-id=\"https:\/\/svniedernhausen.de\">SV 1913 Niedernhausen<\/a> &#8211; FV Biebrich 02 1:6<\/td><td>09:36 Uhr<\/td><\/tr><tr><td>So. 14. 12. 2025<\/td><td>FV Biebrich 02 &#8211; <a href=\"https:\/\/www.sg-germania-wiesbaden.de\/\" data-type=\"link\" data-id=\"https:\/\/www.sg-germania-wiesbaden.de\/\">SG Germania Wiesbaden 1903<\/a> 5:1<\/td><td>10:12 Uhr<\/td><\/tr><tr><td>So. 14. 12. 2025<\/td><td><a href=\"https:\/\/www.fc-naurod.de\/\" data-type=\"link\" data-id=\"https:\/\/www.fc-naurod.de\/\">1. FC Naurod 1928<\/a> &#8211; FV Biebrich 02 0:6<\/td><td>10:48 Uhr<\/td><\/tr><tr><td>So. 14. 12. 2025<\/td><td><a href=\"https:\/\/www.sc-klarenthal.de\/\" data-type=\"link\" data-id=\"https:\/\/www.sc-klarenthal.de\/\">DJK 1. SC Klarenthal 1968<\/a> &#8211; FV Biebrich 02 0:3<\/td><td>12:00 Uhr<\/td><\/tr><tr><td>So. 14. 12. 2025<\/td><td>FV Biebrich 02 &#8211; <a href=\"https:\/\/www.fcf1950.de\/\" data-type=\"link\" data-id=\"https:\/\/www.fcf1950.de\/\">FC 1950 Freudenberg<\/a> 7:0<\/td><td>13:12 Uhr<\/td><\/tr><\/tbody><\/table><\/figure>\n\n\n\n<p class=\"has-text-align-center\"><strong>C-Junioren Futsal-Kreisrunde Wiesbaden 2025\/26, Gruppe A, Endrunde<\/strong><\/p>\n\n\n\n<figure class=\"wp-block-table is-style-stripes\"><table><tbody><tr><td>Datum<\/td><td>Spielpaarung<\/td><td>Ansto\u00df<\/td><\/tr><tr><td>So. 01. 02. 2026<\/td><td>FV Biebrich 02 &#8211; <a href=\"https:\/\/www.sg-germania-wiesbaden.de\/\" data-type=\"link\" data-id=\"https:\/\/www.sg-germania-wiesbaden.de\/\">SG Germania Wiesbaden 1903<\/a> 2:0<\/td><td>09:18 Uhr<\/td><\/tr><tr><td>So. 01. 02. 2026<\/td><td><a href=\"https:\/\/www.spvgg-sonnenberg.de\/\" data-type=\"link\" data-id=\"https:\/\/www.spvgg-sonnenberg.de\/\">SpVgg 1919 Sonnenberg<\/a> &#8211; FV Biebrich 02  1:2<\/td><td>10:12 Uhr<\/td><\/tr><tr><td>So. 01. 02. 2026<\/td><td><a href=\"https:\/\/tsg-kastel.de\/\" data-type=\"link\" data-id=\"https:\/\/tsg-kastel.de\/\">TSG 1846 Kastel<\/a> &#8211; FV Biebrich 02 2:4<\/td><td>11:24 Uhr<\/td><\/tr><\/tbody><\/table><\/figure>\n\n\n\n<p class=\"has-text-align-center\"><strong>C-Junioren Futsal-Kreisrunde Wiesbaden 2025\/26, Finale<\/strong><\/p>\n\n\n\n<figure class=\"wp-block-table is-style-stripes\"><table><tbody><tr><td>Datum<\/td><td>Spielpaarung<\/td><td>Ansto\u00df<\/td><\/tr><tr><td>So. 01. 02. 2026<\/td><td>FV Biebrich 02 &#8211; <a href=\"https:\/\/ftw1896.de\/\" data-type=\"link\" data-id=\"https:\/\/ftw1896.de\/\">Freie Turnerschaft Wiesbaden 1896<\/a> 4:3<\/td><td>12:45 Uhr<\/td><\/tr><\/tbody><\/table><\/figure>\n\n\n\n<div \n  class=\"fussballde_widget\"\n  data-id=\"24e315f2-64bb-4aed-8ef4-de6730f55332\"\n  data-type=\"competition\"\n  style=\"width: 100%\"\n><\/div>\n\n\n\n<p class=\"has-text-align-center\"><strong>C-Junioren Futsal-Regionalmeisterschaft Wiesbaden 2025\/26<\/strong><\/p>\n\n\n\n<figure class=\"wp-block-table is-style-stripes\"><table><tbody><tr><td>Datum<\/td><td>Spielpaarung<\/td><td>Ansto\u00df<\/td><\/tr><tr><td>Sa. 21. 02. 2026<\/td><td><a href=\"https:\/\/www.sg-oberliederbach.de\/\" data-type=\"link\" data-id=\"https:\/\/www.sg-oberliederbach.de\/\">SG Oberliederbach<\/a> &#8211; FV Biebrich 02 0:4<\/td><td>10:50 Uhr<\/td><\/tr><tr><td>Sa. 21. 02. 2026<\/td><td>FV Biebrich 02 &#8211; <a href=\"https:\/\/www.sg-orlen.de\/\" data-type=\"link\" data-id=\"https:\/\/www.sg-orlen.de\/\">SG Orlen<\/a> 0:1<\/td><td>12:00 Uhr<\/td><\/tr><tr><td>So. 01. 02. 2026<\/td><td>JFV Dietkirchen\/Offheim &#8211; FV Biebrich 02 1:4<\/td><td>12:50 Uhr<\/td><\/tr><\/tbody><\/table><\/figure>\n\n\n\n<div \n  class=\"fussballde_widget\"\n  data-id=\"64f9cb39-1635-4911-bbd2-cd6c202a402a\"\n  data-type=\"competition\"\n  style=\"width: 100%\"\n><\/div>\n","protected":false},"excerpt":{"rendered":"<p>C1-Junioren des FV Biebrich 02 \u2013 Gruppenliga Wiesbaden 2025\/26 &#8211;&gt; Home | &#8211;&gt; Unser Team | &#8211;&gt; Galerie | &#8211;&gt; DFB-Net Tabellenarchiv | &#8211;&gt; Archiv Trainingszeiten: Montags von 17:30 Uhr bis 19:00 Uhr, mittwochs von 18:00 Uhr bis 19:30 Uhr, sowie donnerstags und freitags von jeweils 17:30 Uhr bis 19:00 Uhr. Ein aktuelles Mannschaftsfoto unseres [&hellip;]<\/p>\n","protected":false},"author":1,"featured_media":0,"parent":0,"menu_order":0,"comment_status":"closed","ping_status":"closed","template":"","meta":{"footnotes":""},"class_list":["post-180","page","type-page","status-publish","hentry"],"_links":{"self":[{"href":"https:\/\/biebrich02.de\/portal\/index.php?rest_route=\/wp\/v2\/pages\/180","targetHints":{"allow":["GET"]}}],"collection":[{"href":"https:\/\/biebrich02.de\/portal\/index.php?rest_route=\/wp\/v2\/pages"}],"about":[{"href":"https:\/\/biebrich02.de\/portal\/index.php?rest_route=\/wp\/v2\/types\/page"}],"author":[{"embeddable":true,"href":"https:\/\/biebrich02.de\/portal\/index.php?rest_route=\/wp\/v2\/users\/1"}],"replies":[{"embeddable":true,"href":"https:\/\/biebrich02.de\/portal\/index.php?rest_route=%2Fwp%2Fv2%2Fcomments&post=180"}],"version-history":[{"count":302,"href":"https:\/\/biebrich02.de\/portal\/index.php?rest_route=\/wp\/v2\/pages\/180\/revisions"}],"predecessor-version":[{"id":24213,"href":"https:\/\/biebrich02.de\/portal\/index.php?rest_route=\/wp\/v2\/pages\/180\/revisions\/24213"}],"wp:attachment":[{"href":"https:\/\/biebrich02.de\/portal\/index.php?rest_route=%2Fwp%2Fv2%2Fmedia&parent=180"}],"curies":[{"name":"wp","href":"https:\/\/api.w.org\/{rel}","templated":true}]}}