{"id":189,"date":"2021-08-06T13:33:33","date_gmt":"2021-08-06T11:33:33","guid":{"rendered":"https:\/\/biebrich02.de\/portal\/?page_id=189"},"modified":"2026-05-15T03:45:54","modified_gmt":"2026-05-15T01:45:54","slug":"c2-junioren","status":"publish","type":"page","link":"https:\/\/biebrich02.de\/portal\/?page_id=189","title":{"rendered":"C2-Junioren"},"content":{"rendered":"\n<p class=\"has-text-align-center\"><strong>C2-Junioren des FV Biebrich 02<\/strong> \u2013 Kreisliga Wiesbaden 2025\/26<\/p>\n\n\n\n<p class=\"has-text-align-center\">&#8211;&gt;  <strong>Home<\/strong> | &#8211;&gt; <a href=\"https:\/\/biebrich02.de\/portal\/?page_id=14567\">Unser Team<\/a> | &#8211;&gt; <a href=\"https:\/\/biebrich02.de\/portal\/?page_id=5255\">Galerie<\/a> | &#8211;&gt; <a href=\"https:\/\/biebrich02.de\/portal\/?page_id=2394\">DFB-Net Tabellenarchiv<\/a> | &#8211;&gt; <a href=\"https:\/\/biebrich02.de\/portal\/?page_id=7591\">Archiv<\/a><\/p>\n\n\n\n<p class=\"has-text-align-center\">Trainingszeiten: Dienstags und mittwochs von jeweils 18:00 Uhr bis 19:30 Uhr und freitags von 16:30 Uhr bis 18:00 Uhr.<\/p>\n\n\n\n<p class=\"has-text-align-center\">Ein aktuelles Mannschaftsfoto unseres Teams f\u00fcr die Kreisliga Wiesbaden 2025\/26 liegt noch nicht vor.<\/p>\n\n\n\n<p class=\"has-text-align-center\">Trainer: David Renz, Tel: 0171\/3336440<\/p>\n\n\n\n<p class=\"has-text-align-center\">Trainer: Julian Elnain, Tel: 0151\/725616454<\/p>\n\n\n\n<p class=\"has-text-align-center\"><strong>Spielplan der C2-Junioren des FV Biebrich 02 &#8211; Kreisliga Wiesbaden 2025\/26<\/strong><\/p>\n\n\n\n<figure class=\"wp-block-table is-style-stripes\"><table><tbody><tr><td> Datum<\/td><td>Spielpaarung<\/td><td>Ansto\u00df<\/td><\/tr><tr><td>So. 24. 08. 2025<\/td><td>FV Biebrich 02 II &#8211; <a href=\"https:\/\/www.sg-germania-wiesbaden.de\/\" data-type=\"link\" data-id=\"https:\/\/www.sg-germania-wiesbaden.de\/\">SG Germania Wiesbaden 1903<\/a> 3:0<\/td><td>17:00 Uhr<\/td><\/tr><tr><td>Sa. 30. 08. 2025<\/td><td><a href=\"https:\/\/svniedernhausen.de\/\" data-type=\"link\" data-id=\"https:\/\/svniedernhausen.de\/\">SV 1913 Niedernhausen<\/a> &#8211; FV Biebrich 02 II 1:8<\/td><td>12:30 Uhr<\/td><\/tr><tr><td>Sa. 06. 09. 2025<\/td><td>FV Biebrich 02 II &#8211; <a href=\"https:\/\/www.fcf1950.de\/\" data-type=\"link\" data-id=\"https:\/\/www.fcf1950.de\/\">FC 1950 Freudenberg II<\/a> 1:2<\/td><td>11:30 Uhr<\/td><\/tr><tr><td>Sa. 13. 09. 2025<\/td><td><a href=\"https:\/\/tsg-kastel.de\/\" data-type=\"link\" data-id=\"https:\/\/tsg-kastel.de\/\">TSG 1846 Kastel<\/a> &#8211; FV Biebrich 02 II 0:3 *<\/td><td>13:00 Uhr<\/td><\/tr><tr><td>Sa. 20. 09. 2025<\/td><td>FV Biebrich 02 II &#8211; <a href=\"https:\/\/www.sc-klarenthal.de\/\" data-type=\"link\" data-id=\"https:\/\/www.sc-klarenthal.de\/\">1. SC Klarenthal 1968<\/a> 9:0<\/td><td>16:00 Uhr<\/td><\/tr><tr><td>So. 28. 09. 2025<\/td><td><a href=\"https:\/\/www.spvgg-sonnenberg.de\/\" data-type=\"link\" data-id=\"https:\/\/www.spvgg-sonnenberg.de\/\">SpVgg 1919 Sonnenberg II<\/a> &#8211; FV Biebrich 02 II 4:8<\/td><td>10:30 Uhr<\/td><\/tr><tr><td>Sa. 25. 10. 2025<\/td><td>FV Biebrich 02 II &#8211; <a href=\"https:\/\/www.tusnordenstadt.de\/\" data-type=\"link\" data-id=\"https:\/\/www.tusnordenstadt.de\/\">TuS Nordenstadt 1883<\/a> 1:0<\/td><td>13:00 Uhr<\/td><\/tr><tr><td>Sa. 01. 11. 2025<\/td><td><a href=\"https:\/\/www.svfrauenstein.de\/\" data-type=\"link\" data-id=\"https:\/\/www.svfrauenstein.de\/\">SV Frauenstein 1932<\/a> &#8211; FV Biebrich 02 II 1:6<\/td><td>14:15 Uhr<\/td><\/tr><tr><td>Sa. 15. 11. 2025<\/td><td>FV Biebrich 02 II &#8211; <a href=\"https:\/\/www.fc34.de\/\" data-type=\"link\" data-id=\"https:\/\/www.fc34.de\/\">FC 1934 Bierstadt<\/a> 3:0 **<\/td><td>13:00 Uhr<\/td><\/tr><tr><td>Sa. 22. 11. 2025<\/td><td><a href=\"https:\/\/www.vfr-wiesbaden.de\/\" data-type=\"link\" data-id=\"https:\/\/www.vfr-wiesbaden.de\/\">VfR Wiesbaden II<\/a> &#8211; FV Biebrich 02 II 0:1<\/td><td>11:00 Uhr<\/td><\/tr><tr><td>Sa. 29. 11. 2025<\/td><td>FV Biebrich 02 II &#8211; <a href=\"https:\/\/ftw1896.de\/\" data-type=\"link\" data-id=\"https:\/\/ftw1896.de\/\">Freie Turnerschaft Wiesbaden 1896 II<\/a> 4:0<\/td><td>13:00 Uhr<\/td><\/tr><tr><td>Sa. 21. 02. 2026<\/td><td><a href=\"https:\/\/www.sg-germania-wiesbaden.de\/\" data-type=\"link\" data-id=\"https:\/\/www.sg-germania-wiesbaden.de\/\">SG Germania Wiesbaden 1903<\/a> &#8211; FV Biebrich 02 II 1:2<\/td><td>12:00 Uhr<\/td><\/tr><tr><td>So. 08. 03. 2026<\/td><td><a href=\"https:\/\/www.fcf1950.de\/\" data-type=\"link\" data-id=\"https:\/\/www.fcf1950.de\/\">FC 1950 Freudenberg II<\/a> &#8211; FV Biebrich 02 II 1:4<\/td><td>10:00 Uhr<\/td><\/tr><tr><td>Di. 10. 03. 2026<\/td><td>FV Biebrich 02 II &#8211; <a href=\"https:\/\/svniedernhausen.de\/\" data-type=\"link\" data-id=\"https:\/\/svniedernhausen.de\/\">SV 1913 Niedernhausen<\/a> 3:1<\/td><td>18:00 Uhr<\/td><\/tr><tr><td>Sa. 14. 03. 2026<\/td><td><a href=\"https:\/\/tsg-kastel.de\/\" data-type=\"link\" data-id=\"https:\/\/tsg-kastel.de\/\">TSG 1846 Kastel<\/a> &#8211; FV Biebrich 02 II 0:7<\/td><td>14:30 Uhr<\/td><\/tr><tr><td>Sa. 21. 03. 2026<\/td><td><a href=\"https:\/\/www.tusnordenstadt.de\/\" data-type=\"link\" data-id=\"https:\/\/www.tusnordenstadt.de\/\">TuS Nordenstadt 1883<\/a> &#8211; FV Biebrich 02 II 2:2<\/td><td>14:00 Uhr<\/td><\/tr><tr><td>Sa. 18. 04. 2026<\/td><td>FV Biebrich 02 II &#8211; <a href=\"https:\/\/www.svfrauenstein.de\/\" data-type=\"link\" data-id=\"https:\/\/www.svfrauenstein.de\/\">SV Frauenstein 1932<\/a> 7:3<\/td><td>13:00 Uhr<\/td><\/tr><tr><td>Sa. 25. 04. 2026<\/td><td><a href=\"https:\/\/www.fc34.de\/\" data-type=\"link\" data-id=\"https:\/\/www.fc34.de\/\">FC 1934 Bierstadt<\/a> &#8211; FV Biebrich 02 II 0:3 *<\/td><td>14:00 Uhr<\/td><\/tr><tr><td>Sa. 02. 05. 2026<\/td><td>FV Biebrich 02 II &#8211; <a href=\"https:\/\/www.spvgg-sonnenberg.de\/\" data-type=\"link\" data-id=\"https:\/\/www.spvgg-sonnenberg.de\/\">SpVgg 1919 Sonnenberg II<\/a> 5:0<\/td><td>13:00 Uhr<\/td><\/tr><tr><td>Sa. 16. 05. 2026<\/td><td><a href=\"https:\/\/ftw1896.de\/\" data-type=\"link\" data-id=\"https:\/\/ftw1896.de\/\">Freie Turnerschaft Wiesbaden 1896 II<\/a> &#8211; FV Biebrich 02 II<\/td><td>15:30 Uhr<\/td><\/tr><tr><td>Di. 19. 05. 2026<\/td><td>FV Biebrich 02 II &#8211; <a href=\"https:\/\/www.vfr-wiesbaden.de\/\" data-type=\"link\" data-id=\"https:\/\/www.vfr-wiesbaden.de\/\">VfR Wiesbaden II<\/a> <\/td><td>18:00 Uhr<\/td><\/tr><tr><td>So. 31. 05. 2026<\/td><td><a href=\"https:\/\/www.sc-klarenthal.de\/\" data-type=\"link\" data-id=\"https:\/\/www.sc-klarenthal.de\/\">1. SC Klarenthal 1968<\/a> &#8211; FV Biebrich 02 II <\/td><td>12:00 Uhr<\/td><\/tr><\/tbody><\/table><\/figure>\n\n\n\n<p class=\"has-text-align-center\">Hinweis: * Wertung; die TSG 1846 Kastel ist nicht angetreten. ** Wertung, der FC 1934 Bierstadt hat zur\u00fcckgezogen. <\/p>\n\n\n\n<p>Hinweis: Um eine schnellstm\u00f6gliche Information \u00fcber Spielergebnisse und Tabellenst\u00e4nde gew\u00e4hrleisten zu k\u00f6nnen, binden wir die sogenannten FUSSBALL.DE-Widgets auf unseren Seiten ein. Wir weisen Sie hiermit explizit auf den Einsatz dieser Widgets und die damit verbundenen \u2013&gt; <a href=\"http:\/\/www.fussball.de\/privacy\">Datenschutzbestimmungen<\/a>, insbesondere im Bereich \u201eWebtracking\u201c, von \u2013&gt; <a href=\"http:\/\/www.fussball.de\">FUSSBALL.DE<\/a> hin.<\/p>\n\n\n\n<div \n  class=\"fussballde_widget\"\n  data-id=\"63b8834a-6a6a-4490-b98c-a01985241290\"\n  data-type=\"competition\"\n  style=\"width: 100%\"\n><\/div>\n","protected":false},"excerpt":{"rendered":"<p>C2-Junioren des FV Biebrich 02 \u2013 Kreisliga Wiesbaden 2025\/26 &#8211;&gt; Home | &#8211;&gt; Unser Team | &#8211;&gt; Galerie | &#8211;&gt; DFB-Net Tabellenarchiv | &#8211;&gt; Archiv Trainingszeiten: Dienstags und mittwochs von jeweils 18:00 Uhr bis 19:30 Uhr und freitags von 16:30 Uhr bis 18:00 Uhr. Ein aktuelles Mannschaftsfoto unseres Teams f\u00fcr die Kreisliga Wiesbaden 2025\/26 liegt [&hellip;]<\/p>\n","protected":false},"author":1,"featured_media":0,"parent":0,"menu_order":0,"comment_status":"closed","ping_status":"closed","template":"","meta":{"footnotes":""},"class_list":["post-189","page","type-page","status-publish","hentry"],"_links":{"self":[{"href":"https:\/\/biebrich02.de\/portal\/index.php?rest_route=\/wp\/v2\/pages\/189","targetHints":{"allow":["GET"]}}],"collection":[{"href":"https:\/\/biebrich02.de\/portal\/index.php?rest_route=\/wp\/v2\/pages"}],"about":[{"href":"https:\/\/biebrich02.de\/portal\/index.php?rest_route=\/wp\/v2\/types\/page"}],"author":[{"embeddable":true,"href":"https:\/\/biebrich02.de\/portal\/index.php?rest_route=\/wp\/v2\/users\/1"}],"replies":[{"embeddable":true,"href":"https:\/\/biebrich02.de\/portal\/index.php?rest_route=%2Fwp%2Fv2%2Fcomments&post=189"}],"version-history":[{"count":194,"href":"https:\/\/biebrich02.de\/portal\/index.php?rest_route=\/wp\/v2\/pages\/189\/revisions"}],"predecessor-version":[{"id":24266,"href":"https:\/\/biebrich02.de\/portal\/index.php?rest_route=\/wp\/v2\/pages\/189\/revisions\/24266"}],"wp:attachment":[{"href":"https:\/\/biebrich02.de\/portal\/index.php?rest_route=%2Fwp%2Fv2%2Fmedia&parent=189"}],"curies":[{"name":"wp","href":"https:\/\/api.w.org\/{rel}","templated":true}]}}