{"id":197,"date":"2021-08-06T13:45:58","date_gmt":"2021-08-06T11:45:58","guid":{"rendered":"https:\/\/biebrich02.de\/portal\/?page_id=197"},"modified":"2026-05-12T01:38:52","modified_gmt":"2026-05-11T23:38:52","slug":"d1-junioren","status":"publish","type":"page","link":"https:\/\/biebrich02.de\/portal\/?page_id=197","title":{"rendered":"D1-Junioren"},"content":{"rendered":"\n<p class=\"has-text-align-center\"><strong>D1-Junioren des FV Biebrich 02<\/strong> \u2013 Gruppenliga Wiesbaden 2025\/26<\/p>\n\n\n\n<p class=\"has-text-align-center\">&#8211;&gt; <strong>Home<\/strong> | &#8211;&gt; <a href=\"https:\/\/biebrich02.de\/portal\/?page_id=14608\">Unser Team<\/a> | &#8211;&gt; <a href=\"https:\/\/biebrich02.de\/portal\/?page_id=1105\">Galerie<\/a> | &#8211;&gt; <a href=\"https:\/\/biebrich02.de\/portal\/?page_id=2200\">DFB-Net Tabellenarchiv<\/a> | &#8211;&gt; <a href=\"https:\/\/biebrich02.de\/portal\/?page_id=7604\">Archiv<\/a><\/p>\n\n\n\n<p><code><div aria-live=\"polite\" id=\"soliloquy-container-22681_1\" class=\"soliloquy-container soliloquy-transition-fade  soliloquy-theme-base\" style=\"max-width:700px;max-height:467px;\"><ul id=\"soliloquy-22681_1\" class=\"soliloquy-slider soliloquy-slides soliloquy-wrap soliloquy-clear\"><li aria-hidden=\"true\" class=\"soliloquy-item soliloquy-item-1 soliloquy-image-slide\" draggable=\"false\" style=\"list-style:none\"><img decoding=\"async\" id=\"soliloquy-image-22682\" class=\"soliloquy-image soliloquy-image-1\" src=\"https:\/\/biebrich02.de\/portal\/wp-content\/uploads\/2025\/09\/d1juniorenspieler2526_1-7-700x467_c.jpg\" alt=\"d1juniorenspieler2526_1\" \/><\/li><li aria-hidden=\"true\" class=\"soliloquy-item soliloquy-item-2 soliloquy-image-slide\" draggable=\"false\" style=\"list-style:none\"><img decoding=\"async\" id=\"soliloquy-image-22683\" class=\"soliloquy-image soliloquy-image-2\" src=\"https:\/\/biebrich02.de\/portal\/wp-content\/uploads\/2025\/09\/d1juniorenspieler2526_2-7-700x467_c.jpg\" alt=\"d1juniorenspieler2526_2\" \/><\/li><li aria-hidden=\"true\" class=\"soliloquy-item soliloquy-item-3 soliloquy-image-slide\" draggable=\"false\" style=\"list-style:none\"><img decoding=\"async\" id=\"soliloquy-image-22684\" class=\"soliloquy-image soliloquy-image-3\" src=\"https:\/\/biebrich02.de\/portal\/wp-content\/uploads\/2025\/09\/d1juniorenspieler2526_3-7-700x467_c.jpg\" alt=\"d1juniorenspieler2526_3\" \/><\/li><li aria-hidden=\"true\" class=\"soliloquy-item soliloquy-item-4 soliloquy-image-slide\" draggable=\"false\" style=\"list-style:none\"><img decoding=\"async\" id=\"soliloquy-image-22685\" class=\"soliloquy-image soliloquy-image-4\" src=\"https:\/\/biebrich02.de\/portal\/wp-content\/uploads\/2025\/09\/d1juniorenspieler2526_4-7-700x467_c.jpg\" alt=\"d1juniorenspieler2526_4\" \/><\/li><li aria-hidden=\"true\" class=\"soliloquy-item soliloquy-item-5 soliloquy-image-slide\" draggable=\"false\" style=\"list-style:none\"><img decoding=\"async\" id=\"soliloquy-image-22686\" class=\"soliloquy-image soliloquy-image-5\" src=\"https:\/\/biebrich02.de\/portal\/wp-content\/uploads\/2025\/09\/d1juniorenspieler2526_5-7-700x467_c.jpg\" alt=\"d1juniorenspieler2526_5\" \/><\/li><li aria-hidden=\"true\" class=\"soliloquy-item soliloquy-item-6 soliloquy-image-slide\" draggable=\"false\" style=\"list-style:none\"><img decoding=\"async\" id=\"soliloquy-image-22687\" class=\"soliloquy-image soliloquy-image-6\" src=\"https:\/\/biebrich02.de\/portal\/wp-content\/uploads\/2025\/09\/d1juniorenspieler2526_6-7-700x467_c.jpg\" alt=\"d1juniorenspieler2526_6\" \/><\/li><li aria-hidden=\"true\" class=\"soliloquy-item soliloquy-item-7 soliloquy-image-slide\" draggable=\"false\" style=\"list-style:none\"><img decoding=\"async\" id=\"soliloquy-image-22688\" class=\"soliloquy-image soliloquy-image-7\" src=\"https:\/\/biebrich02.de\/portal\/wp-content\/uploads\/2025\/09\/d1juniorenspieler2526_7-7-700x467_c.jpg\" alt=\"d1juniorenspieler2526_7\" \/><\/li><li aria-hidden=\"true\" class=\"soliloquy-item soliloquy-item-8 soliloquy-image-slide\" draggable=\"false\" style=\"list-style:none\"><img decoding=\"async\" id=\"soliloquy-image-22689\" class=\"soliloquy-image soliloquy-image-8\" src=\"https:\/\/biebrich02.de\/portal\/wp-content\/uploads\/2025\/09\/d1juniorenspieler2526_8-7-700x467_c.jpg\" alt=\"d1juniorenspieler2526_8\" \/><\/li><li aria-hidden=\"true\" class=\"soliloquy-item soliloquy-item-9 soliloquy-image-slide\" draggable=\"false\" style=\"list-style:none\"><img decoding=\"async\" id=\"soliloquy-image-22690\" class=\"soliloquy-image soliloquy-image-9\" src=\"https:\/\/biebrich02.de\/portal\/wp-content\/uploads\/2025\/09\/d1juniorenspieler2526_9-7-700x467_c.jpg\" alt=\"d1juniorenspieler2526_9\" \/><\/li><li aria-hidden=\"true\" class=\"soliloquy-item soliloquy-item-10 soliloquy-image-slide\" draggable=\"false\" style=\"list-style:none\"><img decoding=\"async\" id=\"soliloquy-image-22691\" class=\"soliloquy-image soliloquy-image-10\" src=\"https:\/\/biebrich02.de\/portal\/wp-content\/uploads\/2025\/09\/d1juniorenspieler2526_10-7-700x467_c.jpg\" alt=\"d1juniorenspieler2526_10\" \/><\/li><li aria-hidden=\"true\" class=\"soliloquy-item soliloquy-item-11 soliloquy-image-slide\" draggable=\"false\" style=\"list-style:none\"><img decoding=\"async\" id=\"soliloquy-image-22692\" class=\"soliloquy-image soliloquy-image-11\" src=\"https:\/\/biebrich02.de\/portal\/wp-content\/uploads\/2025\/09\/d1juniorenspieler2526_11-7-700x467_c.jpg\" alt=\"d1juniorenspieler2526_11\" \/><\/li><li aria-hidden=\"true\" class=\"soliloquy-item soliloquy-item-12 soliloquy-image-slide\" draggable=\"false\" style=\"list-style:none\"><img decoding=\"async\" id=\"soliloquy-image-22693\" class=\"soliloquy-image soliloquy-image-12\" src=\"https:\/\/biebrich02.de\/portal\/wp-content\/uploads\/2025\/09\/d1juniorenspieler2526_12-7-700x467_c.jpg\" alt=\"d1juniorenspieler2526_12\" \/><\/li><li aria-hidden=\"true\" class=\"soliloquy-item soliloquy-item-13 soliloquy-image-slide\" draggable=\"false\" style=\"list-style:none\"><img decoding=\"async\" id=\"soliloquy-image-22694\" class=\"soliloquy-image soliloquy-image-13\" src=\"https:\/\/biebrich02.de\/portal\/wp-content\/uploads\/2025\/09\/d1juniorenspieler2526_13-7-700x467_c.jpg\" alt=\"d1juniorenspieler2526_13\" \/><\/li><li aria-hidden=\"true\" class=\"soliloquy-item soliloquy-item-14 soliloquy-image-slide\" draggable=\"false\" style=\"list-style:none\"><img decoding=\"async\" id=\"soliloquy-image-22695\" class=\"soliloquy-image soliloquy-image-14\" src=\"https:\/\/biebrich02.de\/portal\/wp-content\/uploads\/2025\/09\/d1juniorenspieler2526_14-7-700x467_c.jpg\" alt=\"d1juniorenspieler2526_14\" \/><\/li><li aria-hidden=\"true\" class=\"soliloquy-item soliloquy-item-15 soliloquy-image-slide\" draggable=\"false\" style=\"list-style:none\"><img decoding=\"async\" id=\"soliloquy-image-22696\" class=\"soliloquy-image soliloquy-image-15\" src=\"https:\/\/biebrich02.de\/portal\/wp-content\/uploads\/2025\/09\/d1juniorenspieler2526_15-7-700x467_c.jpg\" alt=\"d1juniorenspieler2526_15\" \/><\/li><li aria-hidden=\"true\" class=\"soliloquy-item soliloquy-item-16 soliloquy-image-slide\" draggable=\"false\" style=\"list-style:none\"><img decoding=\"async\" id=\"soliloquy-image-22697\" class=\"soliloquy-image soliloquy-image-16\" src=\"https:\/\/biebrich02.de\/portal\/wp-content\/uploads\/2025\/09\/d1juniorenspieler2526_16-7-700x467_c.jpg\" alt=\"d1juniorenspieler2526_16\" \/><\/li><li aria-hidden=\"true\" class=\"soliloquy-item soliloquy-item-17 soliloquy-image-slide\" draggable=\"false\" style=\"list-style:none\"><img decoding=\"async\" id=\"soliloquy-image-22698\" class=\"soliloquy-image soliloquy-image-17\" src=\"https:\/\/biebrich02.de\/portal\/wp-content\/uploads\/2025\/09\/d1juniorenspieler2526_17-7-700x467_c.jpg\" alt=\"d1juniorenspieler2526_17\" \/><\/li><li aria-hidden=\"true\" class=\"soliloquy-item soliloquy-item-18 soliloquy-image-slide\" draggable=\"false\" style=\"list-style:none\"><img decoding=\"async\" id=\"soliloquy-image-22699\" class=\"soliloquy-image soliloquy-image-18\" src=\"https:\/\/biebrich02.de\/portal\/wp-content\/uploads\/2025\/09\/d1juniorenspieler2526_18-7-700x467_c.jpg\" alt=\"d1juniorenspieler2526_18\" \/><\/li><li aria-hidden=\"true\" class=\"soliloquy-item soliloquy-item-19 soliloquy-image-slide\" draggable=\"false\" style=\"list-style:none\"><img decoding=\"async\" id=\"soliloquy-image-22700\" class=\"soliloquy-image soliloquy-image-19\" src=\"https:\/\/biebrich02.de\/portal\/wp-content\/uploads\/2025\/09\/d1juniorenspieler2526_19-6-700x467_c.jpg\" alt=\"d1juniorenspieler2526_19\" \/><\/li><li aria-hidden=\"true\" class=\"soliloquy-item soliloquy-item-20 soliloquy-image-slide\" draggable=\"false\" style=\"list-style:none\"><img decoding=\"async\" id=\"soliloquy-image-22701\" class=\"soliloquy-image soliloquy-image-20\" src=\"https:\/\/biebrich02.de\/portal\/wp-content\/uploads\/2025\/09\/d1juniorenspieler2526_20-6-700x467_c.jpg\" alt=\"d1juniorenspieler2526_20\" \/><\/li><li aria-hidden=\"true\" class=\"soliloquy-item soliloquy-item-21 soliloquy-image-slide\" draggable=\"false\" style=\"list-style:none\"><img decoding=\"async\" id=\"soliloquy-image-22702\" class=\"soliloquy-image soliloquy-image-21\" src=\"https:\/\/biebrich02.de\/portal\/wp-content\/uploads\/2025\/09\/d1juniorenspieler2526_21-6-700x467_c.jpg\" alt=\"d1juniorenspieler2526_21\" \/><\/li><li aria-hidden=\"true\" class=\"soliloquy-item soliloquy-item-22 soliloquy-image-slide\" draggable=\"false\" style=\"list-style:none\"><img decoding=\"async\" id=\"soliloquy-image-22703\" class=\"soliloquy-image soliloquy-image-22\" src=\"https:\/\/biebrich02.de\/portal\/wp-content\/uploads\/2025\/09\/d1juniorenspieler2526_22-6-700x467_c.jpg\" alt=\"d1juniorenspieler2526_22\" \/><\/li><\/ul><\/div><noscript><style type=\"text\/css\">#soliloquy-container-22681_1{opacity:1}<\/style><\/noscript><\/code><\/p>\n\n\n\n<p class=\"has-text-align-center\">Trainingszeiten: Dienstags von 18:00 Uhr bis 19:30 Uhr, mittwochs von 18:00 Uhr bis 19:30 Uhr und freitags von 17:30 Uhr bis 19:00 Uhr.<\/p>\n\n\n\n<figure class=\"wp-block-image size-large\"><a href=\"https:\/\/biebrich02.de\/portal\/wp-content\/uploads\/2025\/09\/d1junioren2526_team6_.jpg\"><img loading=\"lazy\" decoding=\"async\" width=\"1024\" height=\"545\" src=\"https:\/\/biebrich02.de\/portal\/wp-content\/uploads\/2025\/09\/d1junioren2526_team6_-1024x545.jpg\" alt=\"\" class=\"wp-image-22509\" srcset=\"https:\/\/biebrich02.de\/portal\/wp-content\/uploads\/2025\/09\/d1junioren2526_team6_-1024x545.jpg 1024w, https:\/\/biebrich02.de\/portal\/wp-content\/uploads\/2025\/09\/d1junioren2526_team6_-300x160.jpg 300w, https:\/\/biebrich02.de\/portal\/wp-content\/uploads\/2025\/09\/d1junioren2526_team6_-768x409.jpg 768w, https:\/\/biebrich02.de\/portal\/wp-content\/uploads\/2025\/09\/d1junioren2526_team6_-1536x817.jpg 1536w, https:\/\/biebrich02.de\/portal\/wp-content\/uploads\/2025\/09\/d1junioren2526_team6_-2048x1090.jpg 2048w, https:\/\/biebrich02.de\/portal\/wp-content\/uploads\/2025\/09\/d1junioren2526_team6_-624x332.jpg 624w\" sizes=\"auto, (max-width: 1024px) 100vw, 1024px\" \/><\/a><\/figure>\n\n\n\n<p class=\"has-text-align-center\"><strong>Unser Team 2025\/26<\/strong><\/p>\n\n\n\n<figure class=\"wp-block-image size-large\"><a href=\"https:\/\/biebrich02.de\/portal\/wp-content\/uploads\/2025\/09\/d1junioren2526_team13_.jpg\"><img loading=\"lazy\" decoding=\"async\" width=\"1024\" height=\"435\" src=\"https:\/\/biebrich02.de\/portal\/wp-content\/uploads\/2025\/09\/d1junioren2526_team13_-1024x435.jpg\" alt=\"\" class=\"wp-image-22511\" srcset=\"https:\/\/biebrich02.de\/portal\/wp-content\/uploads\/2025\/09\/d1junioren2526_team13_-1024x435.jpg 1024w, https:\/\/biebrich02.de\/portal\/wp-content\/uploads\/2025\/09\/d1junioren2526_team13_-300x128.jpg 300w, https:\/\/biebrich02.de\/portal\/wp-content\/uploads\/2025\/09\/d1junioren2526_team13_-768x327.jpg 768w, https:\/\/biebrich02.de\/portal\/wp-content\/uploads\/2025\/09\/d1junioren2526_team13_-1536x653.jpg 1536w, https:\/\/biebrich02.de\/portal\/wp-content\/uploads\/2025\/09\/d1junioren2526_team13_-2048x871.jpg 2048w, https:\/\/biebrich02.de\/portal\/wp-content\/uploads\/2025\/09\/d1junioren2526_team13_-624x265.jpg 624w\" sizes=\"auto, (max-width: 1024px) 100vw, 1024px\" \/><\/a><\/figure>\n\n\n\n<figure class=\"wp-block-image size-large\"><a href=\"https:\/\/biebrich02.de\/portal\/wp-content\/uploads\/2025\/09\/thorstensiefert2526_1.jpg\"><img loading=\"lazy\" decoding=\"async\" width=\"1024\" height=\"683\" src=\"https:\/\/biebrich02.de\/portal\/wp-content\/uploads\/2025\/09\/thorstensiefert2526_1-1024x683.jpg\" alt=\"\" class=\"wp-image-22512\" srcset=\"https:\/\/biebrich02.de\/portal\/wp-content\/uploads\/2025\/09\/thorstensiefert2526_1-1024x683.jpg 1024w, https:\/\/biebrich02.de\/portal\/wp-content\/uploads\/2025\/09\/thorstensiefert2526_1-300x200.jpg 300w, https:\/\/biebrich02.de\/portal\/wp-content\/uploads\/2025\/09\/thorstensiefert2526_1-768x512.jpg 768w, https:\/\/biebrich02.de\/portal\/wp-content\/uploads\/2025\/09\/thorstensiefert2526_1-624x416.jpg 624w, https:\/\/biebrich02.de\/portal\/wp-content\/uploads\/2025\/09\/thorstensiefert2526_1.jpg 1500w\" sizes=\"auto, (max-width: 1024px) 100vw, 1024px\" \/><\/a><\/figure>\n\n\n\n<p class=\"has-text-align-center\">Trainer: Thorsten Siefert<\/p>\n\n\n\n<figure class=\"wp-block-image size-large\"><a href=\"https:\/\/biebrich02.de\/portal\/wp-content\/uploads\/2025\/09\/aliarslan2526_1.jpg\"><img loading=\"lazy\" decoding=\"async\" width=\"1024\" height=\"683\" src=\"https:\/\/biebrich02.de\/portal\/wp-content\/uploads\/2025\/09\/aliarslan2526_1-1024x683.jpg\" alt=\"\" class=\"wp-image-22513\" srcset=\"https:\/\/biebrich02.de\/portal\/wp-content\/uploads\/2025\/09\/aliarslan2526_1-1024x683.jpg 1024w, https:\/\/biebrich02.de\/portal\/wp-content\/uploads\/2025\/09\/aliarslan2526_1-300x200.jpg 300w, https:\/\/biebrich02.de\/portal\/wp-content\/uploads\/2025\/09\/aliarslan2526_1-768x512.jpg 768w, https:\/\/biebrich02.de\/portal\/wp-content\/uploads\/2025\/09\/aliarslan2526_1-624x416.jpg 624w, https:\/\/biebrich02.de\/portal\/wp-content\/uploads\/2025\/09\/aliarslan2526_1.jpg 1500w\" sizes=\"auto, (max-width: 1024px) 100vw, 1024px\" \/><\/a><\/figure>\n\n\n\n<p class=\"has-text-align-center\">Trainer: Ali Arslan, Tel: 0163\/7789841<\/p>\n\n\n\n<figure class=\"wp-block-image size-large\"><a href=\"https:\/\/biebrich02.de\/portal\/wp-content\/uploads\/2025\/09\/d1juniorensponsoren2526_2.jpg\"><img loading=\"lazy\" decoding=\"async\" width=\"1024\" height=\"683\" src=\"https:\/\/biebrich02.de\/portal\/wp-content\/uploads\/2025\/09\/d1juniorensponsoren2526_2-1024x683.jpg\" alt=\"\" class=\"wp-image-22546\" srcset=\"https:\/\/biebrich02.de\/portal\/wp-content\/uploads\/2025\/09\/d1juniorensponsoren2526_2-1024x683.jpg 1024w, https:\/\/biebrich02.de\/portal\/wp-content\/uploads\/2025\/09\/d1juniorensponsoren2526_2-300x200.jpg 300w, https:\/\/biebrich02.de\/portal\/wp-content\/uploads\/2025\/09\/d1juniorensponsoren2526_2-768x512.jpg 768w, https:\/\/biebrich02.de\/portal\/wp-content\/uploads\/2025\/09\/d1juniorensponsoren2526_2-624x416.jpg 624w, https:\/\/biebrich02.de\/portal\/wp-content\/uploads\/2025\/09\/d1juniorensponsoren2526_2.jpg 1500w\" sizes=\"auto, (max-width: 1024px) 100vw, 1024px\" \/><\/a><\/figure>\n\n\n\n<p class=\"has-text-align-center\">Pr\u00e4sentation unserer Sponsoren<\/p>\n\n\n\n<p class=\"has-text-align-center\">\u00a9 Bea Junghans<\/p>\n\n\n\n<p class=\"has-text-align-center\"><strong>Spielplan der D1-Junioren des FV Biebrich 02 &#8211; Gruppenliga Wiesbaden 2025\/26<\/strong><\/p>\n\n\n\n<figure class=\"wp-block-table is-style-stripes\"><table><tbody><tr><td>Datum<\/td><td>Spielpaarung<\/td><td>Ansto\u00df<\/td><\/tr><tr><td>Sa. 24. 08. 2025<\/td><td>JFV Dietkirchen\/Offheim 2009 &#8211; FV Biebrich 02 1:1<\/td><td>13:00 Uhr<\/td><\/tr><tr><td>So. 31. 08. 2025<\/td><td><a href=\"https:\/\/svww.de\/\">SV Wehen U12<\/a> &#8211; FV Biebrich 02 1:0<\/td><td>11:00 Uhr<\/td><\/tr><tr><td>Sa. 06. 09. 2025<\/td><td>FV Biebrich 02 &#8211; <a href=\"https:\/\/www.sportverein-hadamar.de\/\" data-type=\"link\" data-id=\"https:\/\/www.sportverein-hadamar.de\/\">SV Rot-Wei\u00df Hadamar<\/a> 2:1<\/td><td>13:00 Uhr<\/td><\/tr><tr><td>Sa. 13. 09. 2025<\/td><td><a href=\"http:\/\/www.sg-oberliederbach.de\/\">SG Oberliederbach<\/a> &#8211; FV Biebrich 02 2:2<\/td><td>10:00 Uhr<\/td><\/tr><tr><td>Sa. 20. 09. 2025<\/td><td>FV Biebrich 02 &#8211; JFV Walsdorf\/W\u00f6rsdorf 2:0<\/td><td>12:30 Uhr<\/td><\/tr><tr><td>Sa. 27. 09. 2025<\/td><td><a href=\"https:\/\/www.tv1844idstein.de\/\" data-type=\"link\" data-id=\"https:\/\/www.tv1844idstein.de\/\">TV 1844 Idstein<\/a> &#8211; FV Biebrich 02 1:1<\/td><td>12:00 Uhr<\/td><\/tr><tr><td>Sa. 18. 10. 2025<\/td><td>FV Biebrich 02 &#8211; <a href=\"https:\/\/www.fc-eddersheim.de\/\">FC 1931 Eddersheim<\/a> 3:1<\/td><td>12:30 Uhr<\/td><\/tr><tr><td>Di. 21. 10. 2025<\/td><td><a href=\"https:\/\/www.sg-orlen.de\/\">SG Orlen<\/a> &#8211; FV Biebrich 02 0:1<\/td><td>18:30 Uhr<\/td><\/tr><tr><td>Sa. 25. 10. 2025<\/td><td><a href=\"https:\/\/www.fcf1950.de\/\">FC 1950 Freudenberg<\/a> &#8211; FV Biebrich 02 1:6<\/td><td>12:00 Uhr<\/td><\/tr><tr><td>So. 02. 11. 2025<\/td><td>FV Biebrich 02 &#8211; <a href=\"https:\/\/www.germania-weilbach.de\/\">FC Germania 08 Weilbach<\/a> 2:0<\/td><td>11:00 Uhr<\/td><\/tr><tr><td>Sa. 08. 11. 2025<\/td><td>FV Biebrich 02 &#8211; <a href=\"https:\/\/www.sg-germania-wiesbaden.de\/\" data-type=\"link\" data-id=\"https:\/\/www.sg-germania-wiesbaden.de\/\">SG Germania Wiesbaden 1903<\/a> 2:1<\/td><td>13:00 Uhr<\/td><\/tr><tr><td>Sa. 29. 11. 2025<\/td><td><a href=\"https:\/\/fvalemannia08nied.de\/\" data-type=\"link\" data-id=\"https:\/\/fvalemannia08nied.de\/\">FV Alemannia 08 Nied<\/a> &#8211; FV Biebrich 02 2:3<\/td><td>14:30 Uhr<\/td><\/tr><tr><td>Mi. 03. 12. 2025<\/td><td><a href=\"http:\/\/www.vfb-unterliederbach.de\/\">VfB Unterliederbach 1912<\/a> &#8211; FV Biebrich 02 2:2<\/td><td>18:45 Uhr<\/td><\/tr><tr><td>Sa. 28. 02. 2026<\/td><td>FV Biebrich 02 &#8211; JFV Dietkirchen\/Offheim 2009 5:3<\/td><td>13:00 Uhr<\/td><\/tr><tr><td>Sa. 07. 03. 2026<\/td><td>FV Biebrich 02 &#8211; <a href=\"https:\/\/svww.de\/\">SV Wehen U12<\/a> 1:1<\/td><td>13:00 Uhr<\/td><\/tr><tr><td>Sa. 14. 03. 2026<\/td><td><a href=\"https:\/\/www.sportverein-hadamar.de\/\" data-type=\"link\" data-id=\"https:\/\/www.sportverein-hadamar.de\/\">SV Rot-Wei\u00df Hadamar<\/a>&#8211; FV Biebrich 02 2:4<\/td><td>11:00 Uhr<\/td><\/tr><tr><td>Sa. 21. 03. 2026<\/td><td>FV Biebrich 02 &#8211; <a href=\"http:\/\/www.sg-oberliederbach.de\/\">SG Oberliederbach<\/a> 2:3<\/td><td>13:00 Uhr<\/td><\/tr><tr><td>Sa. 28. 03. 2026<\/td><td>JFV Walsdorf\/W\u00f6rsdorf &#8211; FV Biebrich 02 2:2<\/td><td>11:30 Uhr<\/td><\/tr><tr><td>Sa. 11. 04. 2026<\/td><td>FV Biebrich 02 &#8211; <a href=\"https:\/\/www.tv1844idstein.de\/\" data-type=\"link\" data-id=\"https:\/\/www.tv1844idstein.de\/\">TV 1844 Idstein<\/a> 4:1<\/td><td>13:00 Uhr<\/td><\/tr><tr><td>So. 19. 04. 2026<\/td><td>FV Biebrich 02 &#8211; <a href=\"https:\/\/fvalemannia08nied.de\/\" data-type=\"link\" data-id=\"https:\/\/fvalemannia08nied.de\/\">FV Alemannia 08 Nied<\/a> 0:2<\/td><td>13:00 Uhr<\/td><\/tr><tr><td>Sa. 25. 04. 2026<\/td><td>FV Biebrich 02 &#8211; <a href=\"https:\/\/www.sg-orlen.de\/\">SG Orlen<\/a> 4:0<\/td><td>13:00 Uhr<\/td><\/tr><tr><td>So. 03. 05. 2026<\/td><td><a href=\"https:\/\/www.fc-eddersheim.de\/\">FC 1931 Eddersheim<\/a> &#8211; FV Biebrich 02 1:3<\/td><td>18:00 Uhr<\/td><\/tr><tr><td>Sa. 09. 05. 2026<\/td><td>FV Biebrich 02 &#8211; <a href=\"https:\/\/www.fcf1950.de\/\">FC 1950 Freudenberg<\/a> 6:1<\/td><td>13:00 Uhr<\/td><\/tr><tr><td>Sa. 16. 05. 2026<\/td><td><a href=\"https:\/\/www.germania-weilbach.de\/\">FC Germania 08 Weilbach<\/a> &#8211; FV Biebrich 02<\/td><td>13:00 Uhr<\/td><\/tr><tr><td>So. 31. 05. 2026<\/td><td><a href=\"https:\/\/www.sg-germania-wiesbaden.de\/\" data-type=\"link\" data-id=\"https:\/\/www.sg-germania-wiesbaden.de\/\">SG Germania Wiesbaden 1903<\/a> &#8211; FV Biebrich 02<\/td><td>10:15 Uhr<\/td><\/tr><tr><td>Sa. 06. 06. 2026<\/td><td>FV Biebrich 02 &#8211; <a href=\"http:\/\/www.vfb-unterliederbach.de\/\">VfB Unterliederbach 1912<\/a><\/td><td>13:00 Uhr<\/td><\/tr><\/tbody><\/table><\/figure>\n\n\n\n<p class=\"has-text-align-left\">Hinweis: Um eine schnellstm\u00f6gliche Information \u00fcber Spielergebnisse und Tabellenst\u00e4nde gew\u00e4hrleisten zu k\u00f6nnen, binden wir die sogenannten FUSSBALL.DE-Widgets auf unseren Seiten ein. Wir weisen Sie hiermit explizit auf den Einsatz dieser Widgets und die damit verbundenen \u2013&gt; <a href=\"http:\/\/www.fussball.de\/privacy\">Datenschutzbestimmungen<\/a>, insbesondere im Bereich \u201eWebtracking\u201c, von \u2013&gt; <a href=\"http:\/\/www.fussball.de\">FUSSBALL.DE<\/a> hin.<\/p>\n\n\n\n<div \n  class=\"fussballde_widget\"\n  data-id=\"97392478-17d5-4540-acc5-2d942196618d\"\n  data-type=\"competition\"\n  style=\"width: 100%\"\n><\/div>\n\n\n\n<p class=\"has-text-align-center\"><strong>D-Junioren Kreispokal Wiesbaden 2025\/26<\/strong><\/p>\n\n\n\n<figure class=\"wp-block-table is-style-stripes\"><table><tbody><tr><td>Datum<\/td><td>Spielpaarung<\/td><td>Ansto\u00df<\/td><\/tr><tr><td>Mi. 10. 09. 2025<\/td><td><a href=\"https:\/\/svniedernhausen.de\/\" data-type=\"link\" data-id=\"https:\/\/svniedernhausen.de\/\">SV 1913 Niedernhausen<\/a> &#8211; FV Biebrich 02 0:3<\/td><td>18:00 Uhr<\/td><\/tr><tr><td>Do. 30. 10. 2025<\/td><td><a href=\"https:\/\/fvdelkenheim.de\/\" data-type=\"link\" data-id=\"https:\/\/fvdelkenheim.de\/\">FV 1949 Delkenheim<\/a> &#8211; FV Biebrich 02 0:3<\/td><td>18:00 Uhr<\/td><\/tr><tr><td>Di. 18. 11. 2025<\/td><td><a href=\"https:\/\/www.fcf1950.de\/\" data-type=\"link\" data-id=\"https:\/\/www.fcf1950.de\/\">FC 1950 Freudenberg<\/a> &#8211; FV Biebrich 02 1:2<\/td><td>18:00 Uhr<\/td><\/tr><tr><td>Mi. 11. 03. 2026<\/td><td>FV Biebrich 02 &#8211; <a href=\"https:\/\/www.schierstein08.de\/\" data-type=\"link\" data-id=\"https:\/\/www.schierstein08.de\/\">1. FSV Schierstein 08 <\/a>3:0<\/td><td>17:45 Uhr<\/td><\/tr><tr><td>Fr. 01. 05. 2026<\/td><td>FV Biebrich 02 &#8211; <a href=\"https:\/\/www.tusnordenstadt.de\/\" data-type=\"link\" data-id=\"https:\/\/www.tusnordenstadt.de\/\">TuS Nordenstadt 1883<\/a> 2:1 *<\/td><td>14:30 Uhr<\/td><\/tr><\/tbody><\/table><\/figure>\n\n\n\n<p class=\"has-text-align-center\">Hinweis: * Finale<\/p>\n\n\n\n<div \n  class=\"fussballde_widget\"\n  data-id=\"8bb41c94-03e8-4ec6-92b5-90583020b6bd\"\n  data-type=\"competition\"\n  style=\"width: 100%\"\n><\/div>\n\n\n\n<p class=\"has-text-align-center\"><strong>D-Junioren Regionalpokal Wiesbaden 2025\/26<\/strong><\/p>\n\n\n\n<figure class=\"wp-block-table is-style-stripes\"><table><tbody><tr><td>Datum<\/td><td>Spielpaarung<\/td><td>Ansto\u00df<\/td><\/tr><tr><td>Mi. 20. 05. 2026<\/td><td><a href=\"https:\/\/www.vfb-unterliederbach.de\/\" data-type=\"link\" data-id=\"https:\/\/www.vfb-unterliederbach.de\/\">VfB Unterliederbach 1912<\/a> &#8211; FV Biebrich 02<\/td><td>18:30 Uhr<\/td><\/tr><\/tbody><\/table><\/figure>\n\n\n\n<div \n  class=\"fussballde_widget\"\n  data-id=\"55234ac9-49fb-41bc-9e09-8da6e0fffec9\"\n  data-type=\"competition\"\n  style=\"width: 100%\"\n><\/div>\n\n\n\n<p class=\"has-text-align-center\"><strong>D-Junioren Futsal-Kreisrunde Wiesbaden 2025\/26, Gruppe 1, Vorrunde<\/strong><\/p>\n\n\n\n<figure class=\"wp-block-table is-style-stripes\"><table><tbody><tr><td>Datum<\/td><td>Spielpaarung<\/td><td>Ansto\u00df<\/td><\/tr><tr><td>So. 23. 11. 2025<\/td><td><a href=\"https:\/\/fvdelkenheim.de\/\" data-type=\"link\" data-id=\"https:\/\/fvdelkenheim.de\/\">FV 1949 Delkenheim<\/a> &#8211; FV Biebrich 02 0:1<\/td><td>13:00 Uhr<\/td><\/tr><tr><td>So. 23. 11. 2025<\/td><td>FV Biebrich 02 &#8211; <a href=\"https:\/\/www.spvgg-sonnenberg.de\/\" data-type=\"link\" data-id=\"https:\/\/www.spvgg-sonnenberg.de\/\">SpVgg 1919 Sonnenberg<\/a> 3:1<\/td><td>14:48 Uhr<\/td><\/tr><tr><td>So. 23. 11. 2025<\/td><td>T\u00fcrkischer SV Wiesbaden 1973 &#8211; FV Biebrich 02 0:6<\/td><td>16:36 Uhr<\/td><\/tr><tr><td>So. 23. 11. 2025<\/td><td>FV Biebrich 02 &#8211; <a href=\"https:\/\/ftw1896.de\/\" data-type=\"link\" data-id=\"https:\/\/ftw1896.de\/\">Freie Turnerschaft Wiesbaden 1973<\/a> 3:2<\/td><td>18:24 Uhr<\/td><\/tr><\/tbody><\/table><\/figure>\n\n\n\n<p class=\"has-text-align-center\"><strong>D-Junioren Futsal-Kreisrunde Wiesbaden 2025\/26, Gruppe A, Endrunde<\/strong><\/p>\n\n\n\n<figure class=\"wp-block-table is-style-stripes\"><table><tbody><tr><td>Datum<\/td><td>Spielpaarung<\/td><td>Ansto\u00df<\/td><\/tr><tr><td>So. 25. 01. 2026<\/td><td>FV Biebrich 02 &#8211; <a href=\"https:\/\/www.fcf1950.de\/\" data-type=\"link\" data-id=\"https:\/\/www.fcf1950.de\/\">FC 1950 Freudenberg<\/a> 1:2<\/td><td>09:18 Uhr<\/td><\/tr><tr><td>So. 25. 01. 2026<\/td><td><a href=\"https:\/\/spvgg-igstadt.de\/\" data-type=\"link\" data-id=\"https:\/\/spvgg-igstadt.de\/\">SpVgg Igstadt 1948<\/a> &#8211; FV Biebrich 02 0:4<\/td><td>10:12 Uhr<\/td><\/tr><tr><td>So. 25. 01. 2026<\/td><td><a href=\"https:\/\/svniedernhausen.de\/\" data-type=\"link\" data-id=\"https:\/\/svniedernhausen.de\/\">SV 1913 Niedernhausen<\/a> &#8211; FV Biebrich 02 2:2<\/td><td>11:24 Uhr<\/td><\/tr><\/tbody><\/table><\/figure>\n\n\n\n<div \n  class=\"fussballde_widget\"\n  data-id=\"e72369a8-1670-460a-bc85-12b692f76c9c\"\n  data-type=\"competition\"\n  style=\"width: 100%\"\n><\/div>\n","protected":false},"excerpt":{"rendered":"<p>D1-Junioren des FV Biebrich 02 \u2013 Gruppenliga Wiesbaden 2025\/26 &#8211;&gt; Home | &#8211;&gt; Unser Team | &#8211;&gt; Galerie | &#8211;&gt; DFB-Net Tabellenarchiv | &#8211;&gt; Archiv Trainingszeiten: Dienstags von 18:00 Uhr bis 19:30 Uhr, mittwochs von 18:00 Uhr bis 19:30 Uhr und freitags von 17:30 Uhr bis 19:00 Uhr. Unser Team 2025\/26 Trainer: Thorsten Siefert Trainer: [&hellip;]<\/p>\n","protected":false},"author":1,"featured_media":0,"parent":0,"menu_order":0,"comment_status":"closed","ping_status":"closed","template":"","meta":{"footnotes":""},"class_list":["post-197","page","type-page","status-publish","hentry"],"_links":{"self":[{"href":"https:\/\/biebrich02.de\/portal\/index.php?rest_route=\/wp\/v2\/pages\/197","targetHints":{"allow":["GET"]}}],"collection":[{"href":"https:\/\/biebrich02.de\/portal\/index.php?rest_route=\/wp\/v2\/pages"}],"about":[{"href":"https:\/\/biebrich02.de\/portal\/index.php?rest_route=\/wp\/v2\/types\/page"}],"author":[{"embeddable":true,"href":"https:\/\/biebrich02.de\/portal\/index.php?rest_route=\/wp\/v2\/users\/1"}],"replies":[{"embeddable":true,"href":"https:\/\/biebrich02.de\/portal\/index.php?rest_route=%2Fwp%2Fv2%2Fcomments&post=197"}],"version-history":[{"count":340,"href":"https:\/\/biebrich02.de\/portal\/index.php?rest_route=\/wp\/v2\/pages\/197\/revisions"}],"predecessor-version":[{"id":24255,"href":"https:\/\/biebrich02.de\/portal\/index.php?rest_route=\/wp\/v2\/pages\/197\/revisions\/24255"}],"wp:attachment":[{"href":"https:\/\/biebrich02.de\/portal\/index.php?rest_route=%2Fwp%2Fv2%2Fmedia&parent=197"}],"curies":[{"name":"wp","href":"https:\/\/api.w.org\/{rel}","templated":true}]}}