{"id":20592,"date":"2025-06-05T01:27:48","date_gmt":"2025-06-04T23:27:48","guid":{"rendered":"https:\/\/biebrich02.de\/portal\/?page_id=20592"},"modified":"2025-07-14T01:54:42","modified_gmt":"2025-07-13T23:54:42","slug":"e3-junioren-archiv-2024-25","status":"publish","type":"page","link":"https:\/\/biebrich02.de\/portal\/?page_id=20592","title":{"rendered":"E3-Junioren Archiv 2024\/25"},"content":{"rendered":"\n<p class=\"has-text-align-center\"><strong>E3-Junioren des FV Biebrich 02 \u2013 Archiv 2024\/25<\/strong><\/p>\n\n\n\n<p class=\"has-text-align-center\"><strong>Kreisklasse Wiesbaden 2024\/25, Gruppe 6<\/strong><\/p>\n\n\n\n<p class=\"has-text-align-center\">\u2013&gt; <a href=\"https:\/\/biebrich02.de\/portal\/?page_id=224\">Home<\/a> | \u2013&gt; <a href=\"https:\/\/biebrich02.de\/portal\/?page_id=14661\">Unser Team<\/a> | \u2013&gt; <a href=\"https:\/\/biebrich02.de\/portal\/?page_id=14673\">Galerie<\/a> | \u2013&gt; <a href=\"https:\/\/biebrich02.de\/portal\/?page_id=2607\">DFB-Net Tabellenarchiv<\/a> | \u2013&gt; <a href=\"https:\/\/biebrich02.de\/portal\/?page_id=7702\">Archiv<\/a><\/p>\n\n\n\n<figure class=\"wp-block-image size-full\"><a href=\"https:\/\/biebrich02.de\/portal\/wp-content\/uploads\/2024\/11\/e3junioren2425teamfoto_1.jpg\"><img loading=\"lazy\" decoding=\"async\" width=\"1500\" height=\"1041\" src=\"https:\/\/biebrich02.de\/portal\/wp-content\/uploads\/2024\/11\/e3junioren2425teamfoto_1.jpg\" alt=\"\" class=\"wp-image-19641\" srcset=\"https:\/\/biebrich02.de\/portal\/wp-content\/uploads\/2024\/11\/e3junioren2425teamfoto_1.jpg 1500w, https:\/\/biebrich02.de\/portal\/wp-content\/uploads\/2024\/11\/e3junioren2425teamfoto_1-300x208.jpg 300w, https:\/\/biebrich02.de\/portal\/wp-content\/uploads\/2024\/11\/e3junioren2425teamfoto_1-1024x711.jpg 1024w, https:\/\/biebrich02.de\/portal\/wp-content\/uploads\/2024\/11\/e3junioren2425teamfoto_1-768x533.jpg 768w, https:\/\/biebrich02.de\/portal\/wp-content\/uploads\/2024\/11\/e3junioren2425teamfoto_1-624x433.jpg 624w\" sizes=\"auto, (max-width: 1500px) 100vw, 1500px\" \/><\/a><\/figure>\n\n\n\n<p class=\"has-text-align-center\">Unser E3-Junioren Team 2024\/25<\/p>\n\n\n\n<p class=\"has-text-align-center\">Trainer: Mohamed Mukhtar <br>HFV Kindertrainer Zertifikat<\/p>\n\n\n\n<p class=\"has-text-align-center\">Trainer: Jens Lambert<\/p>\n\n\n\n<p class=\"has-text-align-center\"><strong>Spielplan der E3-Junioren des FV Biebrich 02 \u2013 Kreisklasse Wiesbaden 2024\/25, Gruppe 6<\/strong><\/p>\n\n\n\n<figure class=\"wp-block-table is-style-stripes\"><table><tbody><tr><td> Datum<\/td><td>Spielpaarung<\/td><td>Ansto\u00df<\/td><\/tr><tr><td>Sa. 02. 11. 2024<\/td><td>FV Biebrich 02 III &#8211; <a href=\"https:\/\/www.tusnordenstadt.de\/\" data-type=\"link\" data-id=\"https:\/\/www.tusnordenstadt.de\/\">TuS Nordenstadt 1883 III<\/a> 0:4<\/td><td>11:15 Uhr<\/td><\/tr><tr><td>Sa. 09. 11. 2024<\/td><td>FV Biebrich 02 III &#8211; <a href=\"https:\/\/www.vfr-wiesbaden.de\/\" data-type=\"link\" data-id=\"https:\/\/www.vfr-wiesbaden.de\/\">VfR Wiesbaden IV<\/a> 2:2<\/td><td>12:30 Uhr<\/td><\/tr><tr><td>Sa. 16. 11. 2024<\/td><td><a href=\"https:\/\/blaugelb-wiesbaden.de\/\" data-type=\"link\" data-id=\"https:\/\/blaugelb-wiesbaden.de\/\">SV Blau-Gelb Wiesbaden III<\/a> &#8211; FV Biebrich 02 III 5:0<\/td><td>16:00 Uhr<\/td><\/tr><tr><td>Sa. 23. 11. 2024<\/td><td>FV Biebrich 02 III &#8211; <a href=\"https:\/\/www.sc-klarenthal.de\/\" data-type=\"link\" data-id=\"https:\/\/www.sc-klarenthal.de\/\">DJK 1. SC Klarenthal 1968 III<\/a> 5:6<\/td><td>13:30 Uhr<\/td><\/tr><tr><td>Sa. 30. 11. 2024<\/td><td><a href=\"https:\/\/svwiesbaden1899.de\/\" data-type=\"link\" data-id=\"https:\/\/svwiesbaden1899.de\/\">SV Wiesbaden 1899 III<\/a> &#8211; FV Biebrich 02 III 3:3<\/td><td>09:30 Uhr<\/td><\/tr><tr><td>Do. 12. 12. 2024<\/td><td><a href=\"https:\/\/www.fc34.de\/\" data-type=\"link\" data-id=\"https:\/\/www.fc34.de\/\">FC 1934 Bierstadt IV<\/a> &#8211; FV Biebrich 02 III 0:9<\/td><td>10:00 Uhr<\/td><\/tr><tr><td>Sa. 08. 02. 2025<\/td><td><a href=\"https:\/\/www.vfr-wiesbaden.de\/\" data-type=\"link\" data-id=\"https:\/\/www.vfr-wiesbaden.de\/\">VfR Wiesbaden III<\/a> &#8211; FV Biebrich 02 III 2:4<\/td><td>09:00 Uhr<\/td><\/tr><tr><td>Sa. 15. 02. 2025<\/td><td>Der FV Biebrich 02 III ist spielfrei.<\/td><td><\/td><\/tr><tr><td>Sa. 22. 02. 2025<\/td><td>FV Biebrich 02 III &#8211; <a href=\"https:\/\/www.svfrauenstein.de\/\" data-type=\"link\" data-id=\"https:\/\/www.svfrauenstein.de\/\">SV Frauenstein 1932 II<\/a> 3:0 *<\/td><td>12:30 Uhr<\/td><\/tr><tr><td>Sa. 08. 03. 2025<\/td><td><a href=\"https:\/\/www.svfrauenstein.de\/\" data-type=\"link\" data-id=\"https:\/\/www.svfrauenstein.de\/\">SV Frauenstein 1932 II<\/a> &#8211; FV Biebrich 02 III 2:0 *<\/td><td>09:45 Uhr<\/td><\/tr><tr><td>Sa. 15. 03. 2025<\/td><td><a href=\"https:\/\/www.tusnordenstadt.de\/\" data-type=\"link\" data-id=\"https:\/\/www.tusnordenstadt.de\/\">Tus Nordenstadt 1883 III<\/a> &#8211; FV Biebrich 02 III 8:1<\/td><td>10:00 Uhr<\/td><\/tr><tr><td>Sa. 22. 03. 2025<\/td><td>Der FV Biebrich 02 III ist spielfrei.<\/td><td><\/td><\/tr><tr><td>Sa. 29. 03. 2025<\/td><td>FV Biebrich 02 III &#8211; <a href=\"https:\/\/www.fc34.de\/\" data-type=\"link\" data-id=\"https:\/\/www.fc34.de\/\">FC 1934 Bierstadt IV<\/a> 8:0<\/td><td>12:30 Uhr<\/td><\/tr><tr><td>Sa. 26. 04. 2025<\/td><td>FV Biebrich 02 III &#8211; <a href=\"https:\/\/www.vfr-wiesbaden.de\/\" data-type=\"link\" data-id=\"https:\/\/www.vfr-wiesbaden.de\/\">VfR Wiesbaden III<\/a> 3:2<\/td><td>12:30 Uhr<\/td><\/tr><tr><td>Sa. 03. 05. 2025<\/td><td><a href=\"https:\/\/www.vfr-wiesbaden.de\/\" data-type=\"link\" data-id=\"https:\/\/www.vfr-wiesbaden.de\/\">VfR Wiesbaden IV<\/a> &#8211; FV Biebrich 02 III 5:4<\/td><td>12:00 Uhr<\/td><\/tr><tr><td>Sa. 10. 05. 2025<\/td><td>FV Biebrich 02 III &#8211; <a href=\"https:\/\/blaugelb-wiesbaden.de\/\" data-type=\"link\" data-id=\"https:\/\/blaugelb-wiesbaden.de\/\">SV Blau-Gelb Wiesbaden III<\/a> 6:13<\/td><td>11:00 Uhr<\/td><\/tr><tr><td>Sa. 17. 05. 2025<\/td><td><a href=\"https:\/\/www.sc-klarenthal.de\/\" data-type=\"link\" data-id=\"https:\/\/www.sc-klarenthal.de\/\">DJK 1. SC Klarenthal 1968 III<\/a> &#8211; FV Biebrich 02 III 1:1<\/td><td>10:00 Uhr<\/td><\/tr><tr><td>Sa. 24. 05. 2025<\/td><td>FV Biebrich 02 III &#8211; <a href=\"https:\/\/svwiesbaden1899.de\/\" data-type=\"link\" data-id=\"https:\/\/svwiesbaden1899.de\/\">SV Wiesbaden 1899 III<\/a> 4:17<\/td><td>10:00 Uhr<\/td><\/tr><\/tbody><\/table><\/figure>\n\n\n\n<p class=\"has-text-align-center\">Hinweis: * ohne Wertung.<\/p>\n\n\n\n<p>Hinweis: Um eine schnellstm\u00f6gliche Information \u00fcber Spielergebnisse und Tabellenst\u00e4nde gew\u00e4hrleisten zu k\u00f6nnen, binden wir die sogenannten FUSSBALL.DE-Widgets auf unseren Seiten ein. Wir weisen Sie hiermit explizit auf den Einsatz dieser Widgets und die damit verbundenen \u2013> <a href=\"http:\/\/www.fussball.de\/privacy\">Datenschutzbestimmungen<\/a>, insbesondere im Bereich \u201eWebtracking\u201c, von \u2013> <a href=\"http:\/\/www.fussball.de\">FUSSBALL.DE<\/a> hin.<\/p>\n\n\n\n<div\n  class=\"fussballde_widget\"\n  data-id=\"7c9fa228-bcf1-406f-b1cd-a00ecf811223\"\n  data-type=\"competition\">\n<\/div>\n\n\n\n<p class=\"has-text-align-center\"><strong>E-Junioren Qualifikationsrunde Wiesbaden 2024, Gruppe 12<\/strong><\/p>\n\n\n\n<figure class=\"wp-block-table is-style-stripes\"><table><tbody><tr><td> Datum<\/td><td>Spielpaarung<\/td><td>Ansto\u00df<\/td><\/tr><tr><td>Sa. 07. 09. 2024<\/td><td>FV Biebrich 02 III &#8211; <a href=\"https:\/\/www.tusnordenstadt.de\/\" data-type=\"link\" data-id=\"https:\/\/www.tusnordenstadt.de\/\">TuS Nordenstadt 1883 III<\/a> 1:1<\/td><td>12:30 Uhr<\/td><\/tr><tr><td>Mi. 11. 09. 2024<\/td><td><a href=\"https:\/\/schwarz-weiss-wiesbaden.de\/\" data-type=\"link\" data-id=\"https:\/\/schwarz-weiss-wiesbaden.de\/\">DJK SC Schwarz-Wei\u00df Wiesbaden III<\/a> &#8211; FV Biebrich 02 III 1:8<\/td><td>17:30 Uhr<\/td><\/tr><tr><td>Sa. 14. 09. 2024<\/td><td><a href=\"https:\/\/www.fc34.de\/\" data-type=\"link\" data-id=\"https:\/\/www.fc34.de\/\">FC 1934 Bierstadt III<\/a> &#8211; FV Biebrich 02 III 1:3<\/td><td>09:30 Uhr<\/td><\/tr><tr><td>Mi. 18. 09. 2024<\/td><td>FV Biebrich 02 III &#8211; <a href=\"https:\/\/svwiesbaden1899.de\/\" data-type=\"link\" data-id=\"https:\/\/svwiesbaden1899.de\/\">SV Wiesbaden 1899 M\u00e4dchen<\/a> 11:0<\/td><td>17:30 Uhr<\/td><\/tr><tr><td>Sa. 21. 09. 2024<\/td><td>Der FV Biebrich 02 III ist spielfrei.<\/td><td><\/td><\/tr><\/tbody><\/table><\/figure>\n\n\n\n<p class=\"has-text-align-center\"><\/p>\n\n\n\n<div\n  class=\"fussballde_widget\"\n  data-id=\"2e1af088-40d1-4dd7-9638-f1ebcc651f8c\"\n  data-type=\"competition\">\n<\/div>\n\n\n\n<p><\/p>\n","protected":false},"excerpt":{"rendered":"<p>E3-Junioren des FV Biebrich 02 \u2013 Archiv 2024\/25 Kreisklasse Wiesbaden 2024\/25, Gruppe 6 \u2013&gt; Home | \u2013&gt; Unser Team | \u2013&gt; Galerie | \u2013&gt; DFB-Net Tabellenarchiv | \u2013&gt; Archiv Unser E3-Junioren Team 2024\/25 Trainer: Mohamed Mukhtar HFV Kindertrainer Zertifikat Trainer: Jens Lambert Spielplan der E3-Junioren des FV Biebrich 02 \u2013 Kreisklasse Wiesbaden 2024\/25, Gruppe 6 [&hellip;]<\/p>\n","protected":false},"author":1,"featured_media":0,"parent":0,"menu_order":0,"comment_status":"closed","ping_status":"closed","template":"","meta":{"footnotes":""},"class_list":["post-20592","page","type-page","status-publish","hentry"],"_links":{"self":[{"href":"https:\/\/biebrich02.de\/portal\/index.php?rest_route=\/wp\/v2\/pages\/20592","targetHints":{"allow":["GET"]}}],"collection":[{"href":"https:\/\/biebrich02.de\/portal\/index.php?rest_route=\/wp\/v2\/pages"}],"about":[{"href":"https:\/\/biebrich02.de\/portal\/index.php?rest_route=\/wp\/v2\/types\/page"}],"author":[{"embeddable":true,"href":"https:\/\/biebrich02.de\/portal\/index.php?rest_route=\/wp\/v2\/users\/1"}],"replies":[{"embeddable":true,"href":"https:\/\/biebrich02.de\/portal\/index.php?rest_route=%2Fwp%2Fv2%2Fcomments&post=20592"}],"version-history":[{"count":2,"href":"https:\/\/biebrich02.de\/portal\/index.php?rest_route=\/wp\/v2\/pages\/20592\/revisions"}],"predecessor-version":[{"id":21732,"href":"https:\/\/biebrich02.de\/portal\/index.php?rest_route=\/wp\/v2\/pages\/20592\/revisions\/21732"}],"wp:attachment":[{"href":"https:\/\/biebrich02.de\/portal\/index.php?rest_route=%2Fwp%2Fv2%2Fmedia&parent=20592"}],"curies":[{"name":"wp","href":"https:\/\/api.w.org\/{rel}","templated":true}]}}