{"id":20611,"date":"2025-06-06T01:54:09","date_gmt":"2025-06-05T23:54:09","guid":{"rendered":"https:\/\/biebrich02.de\/portal\/?page_id=20611"},"modified":"2025-07-14T01:58:02","modified_gmt":"2025-07-13T23:58:02","slug":"e5-junioren-archiv-2024-25","status":"publish","type":"page","link":"https:\/\/biebrich02.de\/portal\/?page_id=20611","title":{"rendered":"E5-Junioren Archiv 2024\/25"},"content":{"rendered":"\n<p class=\"has-text-align-center\"><strong>E5-Junioren des FV Biebrich 02 \u2013 Archiv 2024\/25<\/strong><\/p>\n\n\n\n<p class=\"has-text-align-center\"><strong>Kreisklasse Wiesbaden 2024\/25, Gruppe 5<\/strong><\/p>\n\n\n\n<p class=\"has-text-align-center\">\u2013&gt; <a href=\"https:\/\/biebrich02.de\/portal\/?page_id=17882\" data-type=\"link\" data-id=\"https:\/\/biebrich02.de\/portal\/?page_id=17882\">Home<\/a> | \u2013&gt; <a href=\"https:\/\/biebrich02.de\/portal\/?page_id=21146\" data-type=\"link\" data-id=\"https:\/\/biebrich02.de\/portal\/?page_id=21146\">Unser Team<\/a> | \u2013&gt; <a href=\"https:\/\/biebrich02.de\/portal\/?page_id=21151\" data-type=\"link\" data-id=\"https:\/\/biebrich02.de\/portal\/?page_id=21151\">Galerie<\/a> | \u2013&gt; <a href=\"https:\/\/biebrich02.de\/portal\/?page_id=20620\" data-type=\"link\" data-id=\"https:\/\/biebrich02.de\/portal\/?page_id=20620\">DFB-Net Tabellenarchiv<\/a> | \u2013&gt; <a href=\"https:\/\/biebrich02.de\/portal\/?page_id=20608\" data-type=\"link\" data-id=\"https:\/\/biebrich02.de\/portal\/?page_id=20608\">Archiv<\/a><\/p>\n\n\n\n<p class=\"has-text-align-center\">Trainerin: Brigitte Kreutzer<\/p>\n\n\n\n<p class=\"has-text-align-center\"><strong>Spielplan der E5-Junioren des FV Biebrich 02 \u2013 Kreisklasse Wiesbaden 2024\/25, Gruppe 5<\/strong><\/p>\n\n\n\n<figure class=\"wp-block-table is-style-stripes\"><table><tbody><tr><td> Datum<\/td><td>Spielpaarung<\/td><td>Ansto\u00df<\/td><\/tr><tr><td>Sa. 02. 11. 2024<\/td><td><a href=\"https:\/\/svniedernhausen.de\/\" data-type=\"link\" data-id=\"https:\/\/svniedernhausen.de\/\">SV 1913 Niedernhausen II<\/a> &#8211; FV Biebrich 02 V 7:0<\/td><td>11:00 Uhr<\/td><\/tr><tr><td>Sa. 09. 11. 2024<\/td><td><a href=\"https:\/\/schwarz-weiss-wiesbaden.de\/\" data-type=\"link\" data-id=\"https:\/\/schwarz-weiss-wiesbaden.de\/\">DJK SC Schwarz-Wei\u00df Wiesbaden III<\/a> &#8211; FV Biebrich 02 V 3:3<\/td><td>13:00 Uhr<\/td><\/tr><tr><td>Sa. 16. 11. 2024<\/td><td>Der FV Biebrich 02 V ist spielfrei.<\/td><td><\/td><\/tr><tr><td>Sa. 23. 11. 2024<\/td><td>FV Biebrich 02 V &#8211; <a href=\"https:\/\/www.svk1912.de\/\" data-type=\"link\" data-id=\"https:\/\/www.svk1912.de\/\">SV Kostheim 1912<\/a> 3:4<\/td><td>13:30 Uhr<\/td><\/tr><tr><td>Mo. 02. 12. 2024<\/td><td><a href=\"https:\/\/www.fc34.de\/\" data-type=\"link\" data-id=\"https:\/\/www.fc34.de\/\">FC 1934 Bierstadt III<\/a> &#8211; FV Biebrich 02 V 10:3<\/td><td>17:00 Uhr<\/td><\/tr><tr><td>Sa. 07. 12. 2024<\/td><td><a href=\"https:\/\/www.spvgg-sonnenberg.de\/\" data-type=\"link\" data-id=\"https:\/\/www.spvgg-sonnenberg.de\/\">SpVgg 1919 Sonnenberg II<\/a> &#8211; FV Biebrich 02 V 6:3<\/td><td>11:45 Uhr<\/td><\/tr><tr><td>Sa. 22. 02. 2025<\/td><td>FV Biebrich 02 V &#8211; <a href=\"http:\/\/sckohlheck.de\/\" data-type=\"link\" data-id=\"http:\/\/sckohlheck.de\/\">1. SC Kohlheck 1951 II<\/a> 1:5<\/td><td>12:30 Uhr<\/td><\/tr><tr><td>Di. 25. 02. 2025<\/td><td>FV Biebrich 02 V &#8211; <a href=\"https:\/\/www.schierstein13.de\/\" data-type=\"link\" data-id=\"https:\/\/www.schierstein13.de\/\">SV Schierstein 1913<\/a> 1:5<\/td><td>17:00 Uhr<\/td><\/tr><tr><td>Do. 06. 03. 2025<\/td><td>FV Biebrich 02 V &#8211; <a href=\"http:\/\/tvkloppenheim.de\/\" data-type=\"link\" data-id=\"http:\/\/tvkloppenheim.de\/\">TV Kloppenheim 1885<\/a> 1:2<\/td><td>17:00 Uhr<\/td><\/tr><tr><td>Sa. 08. 03. 2025<\/td><td>FV Biebrich 02 V &#8211; <a href=\"https:\/\/svniedernhausen.de\/\" data-type=\"link\" data-id=\"https:\/\/svniedernhausen.de\/\">SV 1913 Niedernhausen II<\/a> 1:9<\/td><td>11:30 Uhr<\/td><\/tr><tr><td>Sa. 15. 03. 2025<\/td><td><a href=\"http:\/\/sckohlheck.de\/\" data-type=\"link\" data-id=\"http:\/\/sckohlheck.de\/\">1. SC Kohlheck 1951 II<\/a> &#8211; FV Biebrich 02 V 8:2<\/td><td>10:00 Uhr<\/td><\/tr><tr><td>Sa. 22. 03. 2025<\/td><td><a href=\"http:\/\/tvkloppenheim.de\/\" data-type=\"link\" data-id=\"http:\/\/tvkloppenheim.de\/\">TV Kloppenheim 1885<\/a> &#8211; FV Biebrich 02 V 1:3<\/td><td>11:00 Uhr<\/td><\/tr><tr><td>Sa. 29. 03. 2025<\/td><td>FV Biebrich 02 V &#8211; <a href=\"https:\/\/www.spvgg-sonnenberg.de\/\" data-type=\"link\" data-id=\"https:\/\/www.spvgg-sonnenberg.de\/\">SpVgg 1919 Sonnenberg II<\/a> 2:4<\/td><td>12:30 Uhr<\/td><\/tr><tr><td>Sa. 26. 04. 2025<\/td><td><a href=\"https:\/\/www.schierstein13.de\/\" data-type=\"link\" data-id=\"https:\/\/www.schierstein13.de\/\">SV Schierstein 1913<\/a> &#8211; FV Biebrich 02 V 3:4<\/td><td>12:00 Uhr<\/td><\/tr><tr><td>Sa. 03. 05. 2025<\/td><td>FV Biebrich 02 V &#8211; <a href=\"https:\/\/schwarz-weiss-wiesbaden.de\/\" data-type=\"link\" data-id=\"https:\/\/schwarz-weiss-wiesbaden.de\/\">DJK SC Schwarz-Wei\u00df Wiesbaden III<\/a> 3:0 *<\/td><td>12:30 Uhr<\/td><\/tr><tr><td>Sa. 10. 05. 2025<\/td><td>Der FV Biebrich 02 V ist spielfrei.<\/td><td><\/td><\/tr><tr><td>Sa. 17. 05. 2025<\/td><td><a href=\"https:\/\/www.svk1912.de\/\" data-type=\"link\" data-id=\"https:\/\/www.svk1912.de\/\">SV Kostheim 1912<\/a> &#8211; FV Biebrich 02 V 4:2<\/td><td>11:00 Uhr<\/td><\/tr><tr><td>Sa. 24. 05. 2025<\/td><td>FV Biebrich 02 V &#8211; <a href=\"https:\/\/www.fc34.de\/\" data-type=\"link\" data-id=\"https:\/\/www.fc34.de\/\">FC 1934 Bierstadt III<\/a> 0:5<\/td><td>11:15 Uhr<\/td><\/tr><\/tbody><\/table><\/figure>\n\n\n\n<p class=\"has-text-align-center\">Hinweis: * Wertung; die DJK SC Schwarz-Wei\u00df Wiesbaden III hat zur\u00fcckgezogen.<\/p>\n\n\n\n<p>Hinweis: Um eine schnellstm\u00f6gliche Information \u00fcber Spielergebnisse und Tabellenst\u00e4nde gew\u00e4hrleisten zu k\u00f6nnen, binden wir die sogenannten FUSSBALL.DE-Widgets auf unseren Seiten ein. Wir weisen Sie hiermit explizit auf den Einsatz dieser Widgets und die damit verbundenen \u2013> <a href=\"http:\/\/www.fussball.de\/privacy\">Datenschutzbestimmungen<\/a>, insbesondere im Bereich \u201eWebtracking\u201c, von \u2013> <a href=\"http:\/\/www.fussball.de\">FUSSBALL.DE<\/a> hin.<\/p>\n\n\n\n<div\n  class=\"fussballde_widget\"\n  data-id=\"38be0fe1-0c6b-4794-9400-05b9aa1fa81c\"\n  data-type=\"competition\">\n<\/div>\n\n\n\n<p class=\"has-text-align-center\"><strong>E-Junioren Qualifikationsrunde Wiesbaden 2024, Gruppe 15<\/strong><\/p>\n\n\n\n<div class=\"wp-block-columns is-layout-flex wp-container-core-columns-is-layout-9d6595d7 wp-block-columns-is-layout-flex\">\n<div class=\"wp-block-column is-vertically-aligned-stretch is-layout-flow wp-block-column-is-layout-flow\" style=\"flex-basis:100%\">\n<figure class=\"wp-block-table is-style-stripes\"><table><tbody><tr><td> Datum<\/td><td>Spielpaarung<\/td><td>Ansto\u00df<\/td><\/tr><tr><td>Sa. 07. 09. 2024<\/td><td><a href=\"https:\/\/svniedernhausen.de\/\" data-type=\"link\" data-id=\"https:\/\/svniedernhausen.de\/\">SV 1913 Niedernhausen III<\/a> &#8211; FV Biebrich 02 V 2:3<\/td><td>11:00 Uhr<\/td><\/tr><tr><td>Sa. 14. 09. 2024<\/td><td>FV Biebrich 02 V &#8211; <a href=\"https:\/\/blaugelb-wiesbaden.de\/\" data-type=\"link\" data-id=\"https:\/\/blaugelb-wiesbaden.de\/\">SV Blau-Gelb Wiesbaden III<\/a> 0:17<\/td><td>13:00 Uhr<\/td><\/tr><tr><td>Sa. 21. 09. 2024<\/td><td>FV Biebrich 02 V &#8211; SV Wiesbaden 1899 IV 5:0<\/td><td>12:30 Uhr<\/td><\/tr><\/tbody><\/table><\/figure>\n<\/div>\n<\/div>\n\n\n\n<div\n  class=\"fussballde_widget\"\n  data-id=\"90628eb3-7303-4a9b-922c-3af39103c553\"\n  data-type=\"competition\">\n<\/div>\n","protected":false},"excerpt":{"rendered":"<p>E5-Junioren des FV Biebrich 02 \u2013 Archiv 2024\/25 Kreisklasse Wiesbaden 2024\/25, Gruppe 5 \u2013&gt; Home | \u2013&gt; Unser Team | \u2013&gt; Galerie | \u2013&gt; DFB-Net Tabellenarchiv | \u2013&gt; Archiv Trainerin: Brigitte Kreutzer Spielplan der E5-Junioren des FV Biebrich 02 \u2013 Kreisklasse Wiesbaden 2024\/25, Gruppe 5 Datum Spielpaarung Ansto\u00df Sa. 02. 11. 2024 SV 1913 Niedernhausen [&hellip;]<\/p>\n","protected":false},"author":1,"featured_media":0,"parent":0,"menu_order":0,"comment_status":"closed","ping_status":"closed","template":"","meta":{"footnotes":""},"class_list":["post-20611","page","type-page","status-publish","hentry"],"_links":{"self":[{"href":"https:\/\/biebrich02.de\/portal\/index.php?rest_route=\/wp\/v2\/pages\/20611","targetHints":{"allow":["GET"]}}],"collection":[{"href":"https:\/\/biebrich02.de\/portal\/index.php?rest_route=\/wp\/v2\/pages"}],"about":[{"href":"https:\/\/biebrich02.de\/portal\/index.php?rest_route=\/wp\/v2\/types\/page"}],"author":[{"embeddable":true,"href":"https:\/\/biebrich02.de\/portal\/index.php?rest_route=\/wp\/v2\/users\/1"}],"replies":[{"embeddable":true,"href":"https:\/\/biebrich02.de\/portal\/index.php?rest_route=%2Fwp%2Fv2%2Fcomments&post=20611"}],"version-history":[{"count":5,"href":"https:\/\/biebrich02.de\/portal\/index.php?rest_route=\/wp\/v2\/pages\/20611\/revisions"}],"predecessor-version":[{"id":21734,"href":"https:\/\/biebrich02.de\/portal\/index.php?rest_route=\/wp\/v2\/pages\/20611\/revisions\/21734"}],"wp:attachment":[{"href":"https:\/\/biebrich02.de\/portal\/index.php?rest_route=%2Fwp%2Fv2%2Fmedia&parent=20611"}],"curies":[{"name":"wp","href":"https:\/\/api.w.org\/{rel}","templated":true}]}}