{"id":20790,"date":"2025-06-17T00:49:50","date_gmt":"2025-06-16T22:49:50","guid":{"rendered":"https:\/\/biebrich02.de\/portal\/?page_id=20790"},"modified":"2025-07-18T03:17:28","modified_gmt":"2025-07-18T01:17:28","slug":"c1-junioren-archiv-2024-25","status":"publish","type":"page","link":"https:\/\/biebrich02.de\/portal\/?page_id=20790","title":{"rendered":"C1-Junioren Archiv 2024\/25"},"content":{"rendered":"\n<p class=\"has-text-align-center\"><strong>C1-Junioren des FV Biebrich 02 \u2013 Archiv 2024\/25<\/strong><\/p>\n\n\n\n<p class=\"has-text-align-center\"><strong>Gruppenliga Wiesbaden 2024\/25<\/strong><\/p>\n\n\n\n<p class=\"has-text-align-center\">\u2013&gt; <a href=\"https:\/\/biebrich02.de\/portal\/?page_id=180\">Home<\/a> | \u2013&gt; <a href=\"https:\/\/biebrich02.de\/portal\/?page_id=14554\">Unser Team<\/a> | \u2013&gt; <a href=\"https:\/\/biebrich02.de\/portal\/?page_id=536\">Galerie<\/a> | \u2013&gt; <a href=\"https:\/\/biebrich02.de\/portal\/?page_id=2173\">DFB-Net Tabellenarchiv<\/a> | \u2013&gt; <a href=\"https:\/\/biebrich02.de\/portal\/?page_id=7579\">Archiv<\/a><\/p>\n\n\n\n<p class=\"has-text-align-center\">Trainer: Can Balcioglu<\/p>\n\n\n\n<p class=\"has-text-align-center\">Trainer: Tim Emmel<\/p>\n\n\n\n<p class=\"has-text-align-center\"><strong>Spielplan der C1-Junioren des FV Biebrich 02 &#8211; Gruppenliga Wiesbaden 2024\/25<\/strong><\/p>\n\n\n\n<figure class=\"wp-block-table is-style-stripes\"><table><tbody><tr><td>Datum<\/td><td>Spielpaarung<\/td><td>Ansto\u00df<\/td><\/tr><tr><td>So. 25. 08. 2024<\/td><td><a href=\"https:\/\/tsg-kastel.de\/\" data-type=\"link\" data-id=\"https:\/\/tsg-kastel.de\/\">TSG 1846 Kastel<\/a> &#8211; FV Biebrich 02 1:8<\/td><td>12:30 Uhr<\/td><\/tr><tr><td>Sa. 31. 08. 2024<\/td><td>FV Biebrich 02 &#8211; <a href=\"https:\/\/www.spvggeltville.de\/\" data-type=\"link\" data-id=\"https:\/\/www.spvggeltville.de\/\">SpVgg Eltville 1922<\/a> 2:6<\/td><td>13:00 Uhr<\/td><\/tr><tr><td>Sa. 07. 09. 2024<\/td><td><a href=\"https:\/\/www.sg01hoechst.de\/\" data-type=\"link\" data-id=\"https:\/\/www.sg01hoechst.de\/\">SG 01 Hoechst<\/a> &#8211; FV Biebrich02 2:1<\/td><td>17:30 Uhr<\/td><\/tr><tr><td>Sa. 14. 09. 2024<\/td><td>FV Biebrich 02 &#8211; <a href=\"https:\/\/www.sg-oberliederbach.de\/\" data-type=\"link\" data-id=\"https:\/\/www.sg-oberliederbach.de\/\">SG Oberliederbach<\/a> 7:2<\/td><td>12:00 Uhr<\/td><\/tr><tr><td>Sa. 21. 09. 2024<\/td><td><a href=\"https:\/\/www.germania-weilbach.de\/\" data-type=\"link\" data-id=\"https:\/\/www.germania-weilbach.de\/\">FC Germania 08 Weilbach II<\/a> &#8211; FV Biebrich 02 0:7<\/td><td>13:30 Uhr<\/td><\/tr><tr><td>Sa. 28. 09. 2024<\/td><td>FV Biebrich 02 &#8211; <a href=\"https:\/\/www.jfv2009.de\/\" data-type=\"link\" data-id=\"https:\/\/www.jfv2009.de\/\">JFV Dietkirchen\/Offheim 2009<\/a> 2:3<\/td><td>12:00 Uhr<\/td><\/tr><tr><td>Sa. 05. 10. 2024<\/td><td><a href=\"https:\/\/www.tv1844idstein.de\/\" data-type=\"link\" data-id=\"https:\/\/www.tv1844idstein.de\/\">TV 1844 Idstein<\/a> &#8211; FV Biebrich 02 1:8<\/td><td>15:00 Uhr<\/td><\/tr><tr><td>Sa. 12. 10. 2024<\/td><td>Der FV Biebrich 02 ist spielfrei.<\/td><td><\/td><\/tr><tr><td>Sa. 02. 11. 2024<\/td><td>FV Biebrich 02 &#8211; <a href=\"https:\/\/www.spvgg-sonnenberg.de\/\" data-type=\"link\" data-id=\"https:\/\/www.spvgg-sonnenberg.de\/\">SpVgg 1919 Sonnenberg<\/a> 1:1<\/td><td>13:00 Uhr<\/td><\/tr><tr><td>Do. 07. 11. 2024<\/td><td><a href=\"https:\/\/www.sg-kelkheim.de\/\" data-type=\"link\" data-id=\"https:\/\/www.sg-kelkheim.de\/\">SG Kelkheim<\/a> &#8211; FV Biebrich 02 2:2<\/td><td>18:30 Uhr<\/td><\/tr><tr><td>Sa. 09. 11. 2024<\/td><td><a href=\"https:\/\/ftw1896.de\/\" data-type=\"link\" data-id=\"https:\/\/ftw1896.de\/\">Freie Turnerschaft Wiesbaden 1896<\/a> &#8211; FV Biebrich 02 1:1<\/td><td>13:30 Uhr<\/td><\/tr><tr><td>Sa. 16. 11. 2024<\/td><td><a href=\"https:\/\/www.sg-germania-wiesbaden.de\/\" data-type=\"link\" data-id=\"https:\/\/www.sg-germania-wiesbaden.de\/\">SG Germania Wiesbaden 1903<\/a> &#8211; FV Biebrich 02 0:5<\/td><td>16:00 Uhr<\/td><\/tr><tr><td>Sa. 23. 11. 2024<\/td><td>FV Biebrich 02 &#8211; <a href=\"https:\/\/www.vfb-unterliederbach.de\/\">VfB Unterliederbach 1912<\/a> 1:5<\/td><td>12:00 Uhr<\/td><\/tr><tr><td>Sa. 30. 11. 2024<\/td><td>FV Biebrich 02 &#8211; <a href=\"https:\/\/tsg-kastel.de\/\" data-type=\"link\" data-id=\"https:\/\/tsg-kastel.de\/\">TSG 1846 Kastel<\/a> 3:2<\/td><td>13:00 Uhr<\/td><\/tr><tr><td>Sa. 01. 03. 2025<\/td><td><a href=\"https:\/\/www.spvggeltville.de\/\" data-type=\"link\" data-id=\"https:\/\/www.spvggeltville.de\/\">SpVgg Eltville 1922<\/a> &#8211; FV Biebrich 02 1:2<\/td><td>14:30 Uhr<\/td><\/tr><tr><td>Sa. 08. 03. 2025<\/td><td>FV Biebrich 02 &#8211; <a href=\"https:\/\/www.sg01hoechst.de\/\" data-type=\"link\" data-id=\"https:\/\/www.sg01hoechst.de\/\">SG 01 Hoechst<\/a> 0:2<\/td><td>12:45 Uhr<\/td><\/tr><tr><td>Sa. 15. 03. 2025<\/td><td><a href=\"https:\/\/www.sg-oberliederbach.de\/\" data-type=\"link\" data-id=\"https:\/\/www.sg-oberliederbach.de\/\">SG Oberliederbach<\/a> &#8211; FV Biebrich 02 1:5<\/td><td>12:30 Uhr<\/td><\/tr><tr><td>Sa. 22. 03. 2025<\/td><td>FV Biebrich 02 &#8211; <a href=\"https:\/\/www.germania-weilbach.de\/\" data-type=\"link\" data-id=\"https:\/\/www.germania-weilbach.de\/\">FC Germania 08 Weilbach II<\/a> 3:1<\/td><td>13:00 Uhr<\/td><\/tr><tr><td>Sa. 29. 03. 2025<\/td><td><a href=\"https:\/\/www.jfv2009.de\/\" data-type=\"link\" data-id=\"https:\/\/www.jfv2009.de\/\">JFV Dietkirchen\/Offheim 2009<\/a> &#8211; FV Biebrich 02 3:4<\/td><td>12:00 Uhr<\/td><\/tr><tr><td>Sa. 05. 04. 2025<\/td><td>FV Biebrich 02 &#8211; <a href=\"https:\/\/www.tv1844idstein.de\/\" data-type=\"link\" data-id=\"https:\/\/www.tv1844idstein.de\/\">TV 1844 Idstein<\/a> 11.0<\/td><td>13:00 Uhr<\/td><\/tr><tr><td>Sa. 26. 04. 2025<\/td><td>Der FV Biebrich 02 ist spielfrei.<\/td><td><\/td><\/tr><tr><td>Sa. 03. 05. 2025<\/td><td>FV Biebrich 02 &#8211; <a href=\"https:\/\/www.sg-kelkheim.de\/\" data-type=\"link\" data-id=\"https:\/\/www.sg-kelkheim.de\/\">SG Kelkheim<\/a> 0:0<\/td><td>13:00 Uhr<\/td><\/tr><tr><td>So. 11. 05. 2025<\/td><td><a href=\"https:\/\/www.spvgg-sonnenberg.de\/\" data-type=\"link\" data-id=\"https:\/\/www.spvgg-sonnenberg.de\/\">SpVgg 1919 Sonnenberg<\/a> &#8211; FV Biebrich 02 3:2<\/td><td>17:30 Uhr<\/td><\/tr><tr><td>Mi. 14. 05. 2025<\/td><td>FV Biebrich 02 &#8211; <a href=\"https:\/\/ftw1896.de\/\" data-type=\"link\" data-id=\"https:\/\/ftw1896.de\/\">Freie Turnerschaft Wiesbaden 1896<\/a> 1:2<\/td><td>18:30 Uhr<\/td><\/tr><tr><td>Sa. 24. 05. 2025<\/td><td>FV Biebrich 02 &#8211; <a href=\"https:\/\/www.sg-germania-wiesbaden.de\/\" data-type=\"link\" data-id=\"https:\/\/www.sg-germania-wiesbaden.de\/\">SG Germania Wiesbaden 1903<\/a> 3:0<\/td><td>13:00 Uhr<\/td><\/tr><tr><td>Do. 12. 06. 2025<\/td><td><a href=\"https:\/\/www.vfb-unterliederbach.de\/\">VfB Unterliederbach 1912<\/a> &#8211; FV Biebrich 02 6:2<\/td><td>19:00 Uhr<\/td><\/tr><\/tbody><\/table><\/figure>\n\n\n\n<p>Hinweis: Um eine schnellstm\u00f6gliche Information \u00fcber Spielergebnisse und Tabellenst\u00e4nde gew\u00e4hrleisten zu k\u00f6nnen, binden wir die sogenannten FUSSBALL.DE-Widgets auf unseren Seiten ein. Wir weisen Sie hiermit explizit auf den Einsatz dieser Widgets und die damit verbundenen \u2013&gt; <a href=\"http:\/\/www.fussball.de\/privacy\">Datenschutzbestimmungen<\/a>, insbesondere im Bereich \u201eWebtracking\u201c, von \u2013&gt; <a href=\"http:\/\/www.fussball.de\">FUSSBALL.DE<\/a> hin.<\/p>\n\n\n\n<div\n  class=\"fussballde_widget\"\n  data-id=\"e39a4cd7-3f29-4bfa-a41a-9a5349afa6cc\"\n  data-type=\"competition\">\n<\/div>\n\n\n\n<p class=\"has-text-align-center\"><strong>C-Junioren Kreispokal Wiesbaden 2024\/25<\/strong><\/p>\n\n\n\n<figure class=\"wp-block-table is-style-stripes\"><table><tbody><tr><td>Datum<\/td><td>Spielpaarung<\/td><td>Ansto\u00df<\/td><\/tr><tr><td>Mi. 25. 09. 2024<\/td><td><a href=\"https:\/\/www.schierstein08.de\/\" data-type=\"link\" data-id=\"https:\/\/www.schierstein08.de\/\">1. FSV Schierstein 08<\/a> &#8211; FV Biebrich 02 0:15<\/td><td>18:00 Uhr<\/td><\/tr><tr><td>Di. 01. 10. 2024<\/td><td><a href=\"https:\/\/www.fc-naurod.de\/\" data-type=\"link\" data-id=\"https:\/\/www.fc-naurod.de\/\">1. FC Naurod 1928<\/a> &#8211; FV Biebrich 02 0:10<\/td><td>18:15 Uhr<\/td><\/tr><tr><td>Mi. 27. 11. 2024<\/td><td>FC 1934 Bierstadt &#8211; FV Biebrich 02 0:3<\/td><td>18:00 Uhr<\/td><\/tr><tr><td>Mi. 26. 03. 2025<\/td><td>FV Biebrich 02 &#8211; <a href=\"https:\/\/ftw1896.de\/\" data-type=\"link\" data-id=\"https:\/\/ftw1896.de\/\">Freie Turnerschaft Wiesbaden 1896<\/a> 2:1<\/td><td>18:30 Uhr<\/td><\/tr><tr><td>Do. 01. 05. 2025<\/td><td><a href=\"https:\/\/www.spvgg-sonnenberg.de\/\" data-type=\"link\" data-id=\"https:\/\/www.spvgg-sonnenberg.de\/\">SpVgg 1919 Sonnenberg<\/a> &#8211; FV Biebrich 02 4:1 *<\/td><td>16:00 Uhr<\/td><\/tr><\/tbody><\/table><\/figure>\n\n\n\n<p class=\"has-text-align-center\">Hinweis: * Finale<\/p>\n\n\n\n<div \n  class=\"fussballde_widget\"\n  data-id=\"1400ccf8-dbe1-43db-b4d1-8b3ea907f0aa\"\n  data-type=\"competition\"\n  style=\"width: 100%\"\n><\/div>\n\n\n\n<p class=\"has-text-align-center\"><\/p>\n\n\n\n<p class=\"has-text-align-center\"><strong>C-Junioren Futsal-Kreisrunde Wiesbaden 2024\/25<\/strong><\/p>\n\n\n\n<p class=\"has-text-align-center\"><strong>Vorrunde Gruppe 2<\/strong><\/p>\n\n\n\n<figure class=\"wp-block-table is-style-stripes\"><table><tbody><tr><td>Datum<\/td><td>Spielpaarung<\/td><td>Ansto\u00df<\/td><\/tr><tr><td>So. 01.12. 2024<\/td><td><a href=\"https:\/\/svniedernhausen.de\/\" data-type=\"link\" data-id=\"https:\/\/svniedernhausen.de\/\">SV 1913 Niedernhausen<\/a> &#8211; FV Biebrich 02 2:5<\/td><td>14:51 Uhr<\/td><\/tr><tr><td>So. 01. 12. 2024<\/td><td>FV Biebrich 02 &#8211; <a href=\"https:\/\/fvdelkenheim.de\/\" data-type=\"link\" data-id=\"https:\/\/fvdelkenheim.de\/\">FV 1949 Delkenheim<\/a> 5:0<\/td><td>15:27 Uhr<\/td><\/tr><tr><td>So. 01. 12. 2024<\/td><td><a href=\"https:\/\/fsv-hellas-schierstein.jimdofree.com\/\" data-type=\"link\" data-id=\"https:\/\/fsv-hellas-schierstein.jimdofree.com\/\">FSV Hellas Schierstein 1968<\/a> &#8211; FV Biebrich 02 0:3 (Wertung)<\/td><td>16:03 Uhr<\/td><\/tr><tr><td>So. 01. 12. 2024<\/td><td><a href=\"https:\/\/www.tus-dotzheim.de\/\">TuS Dotzheim 1848<\/a> &#8211; FV Biebrich 02 0:9<\/td><td>17:15 Uhr<\/td><\/tr><tr><td>So. 01. 12. 2024<\/td><td>FV Biebrich 02 &#8211; <a href=\"https:\/\/ftw1896.de\/\" data-type=\"link\" data-id=\"https:\/\/ftw1896.de\/\">Freie Turnerschaft Wiesbaden 1896<\/a> 4:0<\/td><td>18:27 Uhr<\/td><\/tr><\/tbody><\/table><\/figure>\n\n\n\n<p class=\"has-text-align-center\"><strong>Endrunde Gruppe B<\/strong><\/p>\n\n\n\n<figure class=\"wp-block-table is-style-stripes\"><table><tbody><tr><td> Datum<\/td><td>Spielpaarung<\/td><td>Ansto\u00df<\/td><\/tr><tr><td>So. 02. 02. 2025<\/td><td>FV Biebrich 02 &#8211; <a href=\"https:\/\/svniedernhausen.de\/\" data-type=\"link\" data-id=\"https:\/\/svniedernhausen.de\/\">SV 1913 Niedernhausen<\/a> 9:0<\/td><td>09:36 Uhr<\/td><\/tr><tr><td>So. 02. 02. 2025<\/td><td>FV Biebrich 02 &#8211; <a href=\"https:\/\/tsg-kastel.de\/\" data-type=\"link\" data-id=\"https:\/\/tsg-kastel.de\/\">TSG 1846 Kastel<\/a> 2:1<\/td><td>10:48 Uhr<\/td><\/tr><tr><td>So. 02. 02. 2025<\/td><td><a href=\"https:\/\/spvgg-igstadt.de\/\" data-type=\"link\" data-id=\"https:\/\/spvgg-igstadt.de\/\">SpVgg Igstadt 1948<\/a> &#8211; FV Biebrich 02 0:6<\/td><td>12:18 Uhr<\/td><\/tr><\/tbody><\/table><\/figure>\n\n\n\n<p class=\"has-text-align-center\"><strong>Finale<\/strong><\/p>\n\n\n\n<figure class=\"wp-block-table is-style-stripes\"><table><tbody><tr><td> Datum<\/td><td>Spielpaarung<\/td><td>Ansto\u00df<\/td><\/tr><tr><td>So. 02. 02. 2025<\/td><td><a href=\"https:\/\/www.spvgg-sonnenberg.de\/\" data-type=\"link\" data-id=\"https:\/\/www.spvgg-sonnenberg.de\/\">SpVgg 1919 Sonnenberg<\/a> &#8211; FV Biebrich 02 2:1<\/td><td>12:45 Uhr<\/td><\/tr><\/tbody><\/table><\/figure>\n\n\n\n<p class=\"has-text-align-center\"><\/p>\n\n\n\n<div \n  class=\"fussballde_widget\"\n  data-id=\"b5afbb79-dcb3-44f1-bca2-6551cd284e72\"\n  data-type=\"competition\"\n  style=\"width: 100%\"\n><\/div>\n","protected":false},"excerpt":{"rendered":"<p>C1-Junioren des FV Biebrich 02 \u2013 Archiv 2024\/25 Gruppenliga Wiesbaden 2024\/25 \u2013&gt; Home | \u2013&gt; Unser Team | \u2013&gt; Galerie | \u2013&gt; DFB-Net Tabellenarchiv | \u2013&gt; Archiv Trainer: Can Balcioglu Trainer: Tim Emmel Spielplan der C1-Junioren des FV Biebrich 02 &#8211; Gruppenliga Wiesbaden 2024\/25 Datum Spielpaarung Ansto\u00df So. 25. 08. 2024 TSG 1846 Kastel &#8211; [&hellip;]<\/p>\n","protected":false},"author":1,"featured_media":0,"parent":0,"menu_order":0,"comment_status":"closed","ping_status":"closed","template":"","meta":{"footnotes":""},"class_list":["post-20790","page","type-page","status-publish","hentry"],"_links":{"self":[{"href":"https:\/\/biebrich02.de\/portal\/index.php?rest_route=\/wp\/v2\/pages\/20790","targetHints":{"allow":["GET"]}}],"collection":[{"href":"https:\/\/biebrich02.de\/portal\/index.php?rest_route=\/wp\/v2\/pages"}],"about":[{"href":"https:\/\/biebrich02.de\/portal\/index.php?rest_route=\/wp\/v2\/types\/page"}],"author":[{"embeddable":true,"href":"https:\/\/biebrich02.de\/portal\/index.php?rest_route=\/wp\/v2\/users\/1"}],"replies":[{"embeddable":true,"href":"https:\/\/biebrich02.de\/portal\/index.php?rest_route=%2Fwp%2Fv2%2Fcomments&post=20790"}],"version-history":[{"count":5,"href":"https:\/\/biebrich02.de\/portal\/index.php?rest_route=\/wp\/v2\/pages\/20790\/revisions"}],"predecessor-version":[{"id":21762,"href":"https:\/\/biebrich02.de\/portal\/index.php?rest_route=\/wp\/v2\/pages\/20790\/revisions\/21762"}],"wp:attachment":[{"href":"https:\/\/biebrich02.de\/portal\/index.php?rest_route=%2Fwp%2Fv2%2Fmedia&parent=20790"}],"curies":[{"name":"wp","href":"https:\/\/api.w.org\/{rel}","templated":true}]}}