{"id":209,"date":"2021-08-07T13:12:55","date_gmt":"2021-08-07T11:12:55","guid":{"rendered":"https:\/\/biebrich02.de\/portal\/?page_id=209"},"modified":"2026-05-09T13:38:57","modified_gmt":"2026-05-09T11:38:57","slug":"d3-junioren","status":"publish","type":"page","link":"https:\/\/biebrich02.de\/portal\/?page_id=209","title":{"rendered":"D3-Junioren"},"content":{"rendered":"\n<p class=\"has-text-align-center\"><strong>D3-Junioren des FV Biebrich 02<\/strong> \u2013 Kreisklasse Wiesbaden 2025\/26<\/p>\n\n\n\n<p class=\"has-text-align-center\">&#8211;&gt; <strong>Home<\/strong> | &#8211;&gt; <a href=\"https:\/\/biebrich02.de\/portal\/?page_id=1390\">Unser Team<\/a> | &#8211;&gt; <a href=\"https:\/\/biebrich02.de\/portal\/?page_id=1306\">Galerie<\/a> | &#8211;&gt; <a href=\"https:\/\/biebrich02.de\/portal\/?page_id=2472\">DFB-Net Tabellenarchiv<\/a> | &#8211;&gt; <a href=\"https:\/\/biebrich02.de\/portal\/?page_id=7649\">Archiv<\/a><\/p>\n\n\n\n<p class=\"has-text-align-center has-text-align-center\"><code><center><div aria-live=\"polite\" id=\"soliloquy-container-23126_1\" class=\"soliloquy-container soliloquy-transition-fade  soliloquy-theme-base\" style=\"max-width:500px;max-height:754px;\"><ul id=\"soliloquy-23126_1\" class=\"soliloquy-slider soliloquy-slides soliloquy-wrap soliloquy-clear\"><li aria-hidden=\"true\" class=\"soliloquy-item soliloquy-item-1 soliloquy-image-slide\" draggable=\"false\" style=\"list-style:none\"><img decoding=\"async\" id=\"soliloquy-image-23160\" class=\"soliloquy-image soliloquy-image-1\" src=\"https:\/\/biebrich02.de\/portal\/wp-content\/uploads\/2025\/10\/01_B02_D3_2526_Felix_03-3-500x754_c.jpg\" alt=\"01_B02_D3_2526_Felix_03\" \/><\/li><li aria-hidden=\"true\" class=\"soliloquy-item soliloquy-item-2 soliloquy-image-slide\" draggable=\"false\" style=\"list-style:none\"><img decoding=\"async\" id=\"soliloquy-image-23161\" class=\"soliloquy-image soliloquy-image-2\" src=\"https:\/\/biebrich02.de\/portal\/wp-content\/uploads\/2025\/10\/02_B02_D3_2526_Jannes_03-3-500x754_c.jpg\" alt=\"02_B02_D3_2526_Jannes_03\" \/><\/li><li aria-hidden=\"true\" class=\"soliloquy-item soliloquy-item-3 soliloquy-image-slide\" draggable=\"false\" style=\"list-style:none\"><img decoding=\"async\" id=\"soliloquy-image-23162\" class=\"soliloquy-image soliloquy-image-3\" src=\"https:\/\/biebrich02.de\/portal\/wp-content\/uploads\/2025\/10\/03_B02_D3_2526_Mirac_03-3-500x754_c.jpg\" alt=\"03_B02_D3_2526_Mirac_03\" \/><\/li><li aria-hidden=\"true\" class=\"soliloquy-item soliloquy-item-4 soliloquy-image-slide\" draggable=\"false\" style=\"list-style:none\"><img decoding=\"async\" id=\"soliloquy-image-23163\" class=\"soliloquy-image soliloquy-image-4\" src=\"https:\/\/biebrich02.de\/portal\/wp-content\/uploads\/2025\/10\/02_B02_D3_2526_Denis_03-3-500x754_c.jpg\" alt=\"02_B02_D3_2526_Denis_03\" \/><\/li><li aria-hidden=\"true\" class=\"soliloquy-item soliloquy-item-5 soliloquy-image-slide\" draggable=\"false\" style=\"list-style:none\"><img decoding=\"async\" id=\"soliloquy-image-23164\" class=\"soliloquy-image soliloquy-image-5\" src=\"https:\/\/biebrich02.de\/portal\/wp-content\/uploads\/2025\/10\/04_B02_D3_2526_Theodor_03-3-500x754_c.jpg\" alt=\"04_B02_D3_2526_Theodor_03\" \/><\/li><li aria-hidden=\"true\" class=\"soliloquy-item soliloquy-item-6 soliloquy-image-slide\" draggable=\"false\" style=\"list-style:none\"><img decoding=\"async\" id=\"soliloquy-image-23165\" class=\"soliloquy-image soliloquy-image-6\" src=\"https:\/\/biebrich02.de\/portal\/wp-content\/uploads\/2025\/10\/06_B02_D3_2526_Tim_03-3-500x754_c.jpg\" alt=\"06_B02_D3_2526_Tim_03\" \/><\/li><li aria-hidden=\"true\" class=\"soliloquy-item soliloquy-item-7 soliloquy-image-slide\" draggable=\"false\" style=\"list-style:none\"><img decoding=\"async\" id=\"soliloquy-image-23166\" class=\"soliloquy-image soliloquy-image-7\" src=\"https:\/\/biebrich02.de\/portal\/wp-content\/uploads\/2025\/10\/07_B02_D3_2526_Mick_03-3-500x754_c.jpg\" alt=\"07_B02_D3_2526_Mick_03\" \/><\/li><li aria-hidden=\"true\" class=\"soliloquy-item soliloquy-item-8 soliloquy-image-slide\" draggable=\"false\" style=\"list-style:none\"><img decoding=\"async\" id=\"soliloquy-image-23167\" class=\"soliloquy-image soliloquy-image-8\" src=\"https:\/\/biebrich02.de\/portal\/wp-content\/uploads\/2025\/10\/08_B02_D3_2526_Momo_03-3-500x754_c.jpg\" alt=\"08_B02_D3_2526_Momo_03\" \/><\/li><li aria-hidden=\"true\" class=\"soliloquy-item soliloquy-item-9 soliloquy-image-slide\" draggable=\"false\" style=\"list-style:none\"><img decoding=\"async\" id=\"soliloquy-image-23168\" class=\"soliloquy-image soliloquy-image-9\" src=\"https:\/\/biebrich02.de\/portal\/wp-content\/uploads\/2025\/10\/09_B02_D3_2526_Albaraa_03-3-500x754_c.jpg\" alt=\"09_B02_D3_2526_Albaraa_03\" \/><\/li><li aria-hidden=\"true\" class=\"soliloquy-item soliloquy-item-10 soliloquy-image-slide\" draggable=\"false\" style=\"list-style:none\"><img decoding=\"async\" id=\"soliloquy-image-23169\" class=\"soliloquy-image soliloquy-image-10\" src=\"https:\/\/biebrich02.de\/portal\/wp-content\/uploads\/2025\/10\/10_B02_D3_2526_Pepe_03-4-500x754_c.jpg\" alt=\"10_B02_D3_2526_Pepe_03\" \/><\/li><li aria-hidden=\"true\" class=\"soliloquy-item soliloquy-item-11 soliloquy-image-slide\" draggable=\"false\" style=\"list-style:none\"><img decoding=\"async\" id=\"soliloquy-image-23170\" class=\"soliloquy-image soliloquy-image-11\" src=\"https:\/\/biebrich02.de\/portal\/wp-content\/uploads\/2025\/10\/11_B02_D3_2526_Kaio_03-3-500x754_c.jpg\" alt=\"11_B02_D3_2526_Kaio_03\" \/><\/li><li aria-hidden=\"true\" class=\"soliloquy-item soliloquy-item-12 soliloquy-image-slide\" draggable=\"false\" style=\"list-style:none\"><img decoding=\"async\" id=\"soliloquy-image-23171\" class=\"soliloquy-image soliloquy-image-12\" src=\"https:\/\/biebrich02.de\/portal\/wp-content\/uploads\/2025\/10\/12_B02_D3_2526_Ole_03-3-500x754_c.jpg\" alt=\"12_B02_D3_2526_Ole_03\" \/><\/li><li aria-hidden=\"true\" class=\"soliloquy-item soliloquy-item-13 soliloquy-image-slide\" draggable=\"false\" style=\"list-style:none\"><img decoding=\"async\" id=\"soliloquy-image-23172\" class=\"soliloquy-image soliloquy-image-13\" src=\"https:\/\/biebrich02.de\/portal\/wp-content\/uploads\/2025\/10\/13_B02_D3_2526_Ben_03-3-500x754_c.jpg\" alt=\"13_B02_D3_2526_Ben_03\" \/><\/li><\/ul><\/div><noscript><style type=\"text\/css\">#soliloquy-container-23126_1{opacity:1}<\/style><\/noscript><\/code><\/center><\/p>\n\n\n\n<p class=\"has-text-align-center\">Trainingszeiten: Montags und mittwochs von jeweils 16:30 Uhr bis 18:00 Uhr.<\/p>\n\n\n\n<figure class=\"wp-block-image size-large\"><a href=\"https:\/\/biebrich02.de\/portal\/wp-content\/uploads\/2025\/10\/d3junioren2526_team1.jpg\"><img loading=\"lazy\" decoding=\"async\" width=\"1024\" height=\"679\" src=\"https:\/\/biebrich02.de\/portal\/wp-content\/uploads\/2025\/10\/d3junioren2526_team1-1024x679.jpg\" alt=\"\" class=\"wp-image-23143\" srcset=\"https:\/\/biebrich02.de\/portal\/wp-content\/uploads\/2025\/10\/d3junioren2526_team1-1024x679.jpg 1024w, https:\/\/biebrich02.de\/portal\/wp-content\/uploads\/2025\/10\/d3junioren2526_team1-300x199.jpg 300w, https:\/\/biebrich02.de\/portal\/wp-content\/uploads\/2025\/10\/d3junioren2526_team1-768x509.jpg 768w, https:\/\/biebrich02.de\/portal\/wp-content\/uploads\/2025\/10\/d3junioren2526_team1-624x414.jpg 624w, https:\/\/biebrich02.de\/portal\/wp-content\/uploads\/2025\/10\/d3junioren2526_team1.jpg 1500w\" sizes=\"auto, (max-width: 1024px) 100vw, 1024px\" \/><\/a><\/figure>\n\n\n\n<p class=\"has-text-align-center\"><strong>Unser Team 2025\/26<\/strong><\/p>\n\n\n\n<figure class=\"wp-block-image size-full\"><a href=\"https:\/\/biebrich02.de\/portal\/wp-content\/uploads\/2025\/10\/jenslambert2526_1.jpg\"><img loading=\"lazy\" decoding=\"async\" width=\"1000\" height=\"664\" src=\"https:\/\/biebrich02.de\/portal\/wp-content\/uploads\/2025\/10\/jenslambert2526_1.jpg\" alt=\"\" class=\"wp-image-23145\" srcset=\"https:\/\/biebrich02.de\/portal\/wp-content\/uploads\/2025\/10\/jenslambert2526_1.jpg 1000w, https:\/\/biebrich02.de\/portal\/wp-content\/uploads\/2025\/10\/jenslambert2526_1-300x199.jpg 300w, https:\/\/biebrich02.de\/portal\/wp-content\/uploads\/2025\/10\/jenslambert2526_1-768x510.jpg 768w, https:\/\/biebrich02.de\/portal\/wp-content\/uploads\/2025\/10\/jenslambert2526_1-624x414.jpg 624w\" sizes=\"auto, (max-width: 1000px) 100vw, 1000px\" \/><\/a><\/figure>\n\n\n\n<p class=\"has-text-align-center\">Trainer: Jens Lambert, Tel: 0179\/1324670<br>DFB C-Lizenz, HFV Kindertrainer Zertifikat<\/p>\n\n\n\n<figure class=\"wp-block-image size-full\"><a href=\"https:\/\/biebrich02.de\/portal\/wp-content\/uploads\/2025\/10\/sezaikazar2526_1.jpg\"><img loading=\"lazy\" decoding=\"async\" width=\"1000\" height=\"664\" src=\"https:\/\/biebrich02.de\/portal\/wp-content\/uploads\/2025\/10\/sezaikazar2526_1.jpg\" alt=\"\" class=\"wp-image-23147\" srcset=\"https:\/\/biebrich02.de\/portal\/wp-content\/uploads\/2025\/10\/sezaikazar2526_1.jpg 1000w, https:\/\/biebrich02.de\/portal\/wp-content\/uploads\/2025\/10\/sezaikazar2526_1-300x199.jpg 300w, https:\/\/biebrich02.de\/portal\/wp-content\/uploads\/2025\/10\/sezaikazar2526_1-768x510.jpg 768w, https:\/\/biebrich02.de\/portal\/wp-content\/uploads\/2025\/10\/sezaikazar2526_1-624x414.jpg 624w\" sizes=\"auto, (max-width: 1000px) 100vw, 1000px\" \/><\/a><\/figure>\n\n\n\n<p class=\"has-text-align-center\">Co-Trainer: Sezai Kacar, Tel: 0174\/9007560<\/p>\n\n\n\n<p class=\"has-text-align-center\">Alle Bilder \u00a9 Jens Lambert<\/p>\n\n\n\n<p class=\"has-text-align-center\"><strong>Spielplan der D3-Junioren des FV Biebrich 02 &#8211; Kreisklasse Wiesbaden 2025\/26, Gruppe 2<\/strong><\/p>\n\n\n\n<figure class=\"wp-block-table is-style-stripes\"><table><tbody><tr><td> Datum<\/td><td>Spielpaarung<\/td><td>Ansto\u00df<\/td><\/tr><tr><td>Sa. 23. 08. 2025<\/td><td>FV Biebrich 02 III &#8211; <a href=\"https:\/\/ftw1896.de\/\" data-type=\"link\" data-id=\"https:\/\/ftw1896.de\/\">Freie Turnerschaft Wiesbaden 1896 II<\/a> 2:6<\/td><td>10:00 Uhr<\/td><\/tr><tr><td>Di. 02. 09. 2025<\/td><td><a href=\"https:\/\/www.svk1912.de\/\" data-type=\"link\" data-id=\"https:\/\/www.svk1912.de\/\">SV 1912 Kostheim<\/a> &#8211; FV Biebrich 02 III 0:3 *<\/td><td>17:30 Uhr<\/td><\/tr><tr><td>Sa. 06. 09. 2025<\/td><td><a href=\"https:\/\/schwarz-weiss-wiesbaden.de\/\" data-type=\"link\" data-id=\"https:\/\/schwarz-weiss-wiesbaden.de\/\">DJK SC Schwarz-Wei\u00df Wiesbaden II<\/a> &#8211; FV Biebrich 02 III 1:2<\/td><td>16:00 Uhr<\/td><\/tr><tr><td>Sa. 13. 09. 2025<\/td><td>FV Biebrich 02 III &#8211; <a href=\"https:\/\/www.spvgg-sonnenberg.de\/\" data-type=\"link\" data-id=\"https:\/\/www.spvgg-sonnenberg.de\/\">SpVgg 1919 Sonnenberg II<\/a> 1:0<\/td><td>10:00 Uhr<\/td><\/tr><tr><td>Sa. 20. 09. 2025<\/td><td><a href=\"https:\/\/www.sc-klarenthal.de\/\" data-type=\"link\" data-id=\"https:\/\/www.sc-klarenthal.de\/\">1. SC Klarenthal 1968 II<\/a> &#8211; FV Biebrich 02 III 1:9<\/td><td>12:30 Uhr<\/td><\/tr><tr><td>So. 28. 09. 2025<\/td><td>FV Biebrich 02 III &#8211; <a href=\"https:\/\/svniedernhausen.de\/\" data-type=\"link\" data-id=\"https:\/\/svniedernhausen.de\/\">SV 1913 Niedernhausen III<\/a> 2:1<\/td><td>13:00 Uhr<\/td><\/tr><tr><td>Sa. 25. 10. 2025<\/td><td><a href=\"https:\/\/tsg-kastel.de\/\" data-type=\"link\" data-id=\"https:\/\/tsg-kastel.de\/\">TSG 1846 Kastel II<\/a> &#8211; FV Biebrich 02 III 2:7<\/td><td>11:45 Uhr<\/td><\/tr><tr><td>Sa. 01. 11. 2025<\/td><td>FV Biebrich 02 III &#8211; <a href=\"https:\/\/www.fc34.de\/\" data-type=\"link\" data-id=\"https:\/\/www.fc34.de\/\">FC 1934 Bierstadt II<\/a> 3:3<\/td><td>10:00 Uhr<\/td><\/tr><tr><td>Sa. 15. 11. 2025<\/td><td><a href=\"https:\/\/svwiesbaden1899.de\/\" data-type=\"link\" data-id=\"https:\/\/svwiesbaden1899.de\/\">SV Wiesbaden 1899 III<\/a> &#8211; FV Biebrich 02 III 0:4<\/td><td>13:00 Uhr<\/td><\/tr><tr><td>Sa. 22. 11. 2025<\/td><td>FV Biebrich 02 III &#8211; <a href=\"https:\/\/www.schierstein08.de\/\" data-type=\"link\" data-id=\"https:\/\/www.schierstein08.de\/\">1. FSV Schierstein 08 II<\/a> 0:3<\/td><td>10:00 Uhr<\/td><\/tr><tr><td>So. 06. 12. 2025<\/td><td><a href=\"https:\/\/www.vfr-wiesbaden.de\/\" data-type=\"link\" data-id=\"https:\/\/www.vfr-wiesbaden.de\/\">VfR Wiesbaden 1926 II<\/a> &#8211; FV Biebrich 02 III 3:2<\/td><td>10:00 Uhr<\/td><\/tr><tr><td>Sa. 21. 02. 2026<\/td><td><a href=\"https:\/\/ftw1896.de\/\" data-type=\"link\" data-id=\"https:\/\/ftw1896.de\/\">Freie Turnerschaft Wiesbaden 1896 II<\/a> &#8211; FV Biebrich 02 III 3:2<\/td><td>13:15 Uhr<\/td><\/tr><tr><td>Sa. 28. 02. 2026<\/td><td>FV Biebrich 02 III &#8211; <a href=\"https:\/\/www.svk1912.de\/\" data-type=\"link\" data-id=\"https:\/\/www.svk1912.de\/\">SV 1912 Kostheim<\/a> 9:2<\/td><td>10:00 Uhr<\/td><\/tr><tr><td>Sa. 07. 03. 2026<\/td><td>FV Biebrich 02 III &#8211; <a href=\"https:\/\/schwarz-weiss-wiesbaden.de\/\" data-type=\"link\" data-id=\"https:\/\/schwarz-weiss-wiesbaden.de\/\">DJK SC Schwarz-Wei\u00df Wiesbaden II<\/a> 1:3<\/td><td>10:00 Uhr<\/td><\/tr><tr><td>Sa. 14. 03. 2026<\/td><td><a href=\"https:\/\/www.spvgg-sonnenberg.de\/\" data-type=\"link\" data-id=\"https:\/\/www.spvgg-sonnenberg.de\/\">SpVgg 1919 Sonnenberg II<\/a> &#8211; FV Biebrich 02 III 2:0<\/td><td>12:45 Uhr<\/td><\/tr><tr><td>Mo. 23. 03. 2026<\/td><td>FV Biebrich 02 III &#8211; <a href=\"https:\/\/tsg-kastel.de\/\" data-type=\"link\" data-id=\"https:\/\/tsg-kastel.de\/\">TSG 1846 Kastel II<\/a> 3:0 ***<\/td><td>17:30 Uhr<\/td><\/tr><tr><td>So. 19. 04. 2026<\/td><td><a href=\"https:\/\/www.fc34.de\/\" data-type=\"link\" data-id=\"https:\/\/www.fc34.de\/\">FC 1934 Bierstadt II<\/a> &#8211; FV Biebrich 02 III 1:2<\/td><td>10:00 Uhr<\/td><\/tr><tr><td>Sa. 25. 04. 2026<\/td><td>FV Biebrich 02 III &#8211; <a href=\"https:\/\/svwiesbaden1899.de\/\" data-type=\"link\" data-id=\"https:\/\/svwiesbaden1899.de\/\">SV Wiesbaden 1899 III<\/a> 11:0<\/td><td>10:00 Uhr<\/td><\/tr><tr><td>Sa. 02. 05. 2026<\/td><td><a href=\"https:\/\/svniedernhausen.de\/\" data-type=\"link\" data-id=\"https:\/\/svniedernhausen.de\/\">SV 1913 Niedernhausen III<\/a> &#8211; FV Biebrich 02 III 1:0<\/td><td>10:00 Uhr<\/td><\/tr><tr><td>Sa. 09. 05. 2026<\/td><td><a href=\"https:\/\/www.schierstein08.de\/\" data-type=\"link\" data-id=\"https:\/\/www.schierstein08.de\/\">1. FSV Schierstein 08 II<\/a> &#8211; FV Biebrich 02 III 3:3<\/td><td>11:00 Uhr<\/td><\/tr><tr><td>Sa. 16. 05. 2026<\/td><td>FV Biebrich 02 III &#8211; <a href=\"https:\/\/www.vfr-wiesbaden.de\/\" data-type=\"link\" data-id=\"https:\/\/www.vfr-wiesbaden.de\/\">VfR Wiesbaden 1926 II<\/a><\/td><td>10:00 Uhr<\/td><\/tr><tr><td>Sa. 30. 05. 2026<\/td><td>FV Biebrich 02 III &#8211; <a href=\"https:\/\/www.sc-klarenthal.de\/\" data-type=\"link\" data-id=\"https:\/\/www.sc-klarenthal.de\/\">1. SC Klarenthal 1968 II<\/a> 3:0 **<\/td><td>10:00 Uhr<\/td><\/tr><\/tbody><\/table><\/figure>\n\n\n\n<p class=\"has-text-align-center\">Hinweis: *Wertung, urspr\u00fcngliches Ergebniss 2:2. ** Wertung; der 1. SC Klarenthal 1968 II hat zr\u00fcckgezogen. *** Wertung.<\/p>\n\n\n\n<p>Hinweis: Um eine schnellstm\u00f6gliche Information \u00fcber Spielergebnisse und Tabellenst\u00e4nde gew\u00e4hrleisten zu k\u00f6nnen, binden wir die sogenannten FUSSBALL.DE-Widgets auf unseren Seiten ein. Wir weisen Sie hiermit explizit auf den Einsatz dieser Widgets und die damit verbundenen \u2013&gt; <a href=\"http:\/\/www.fussball.de\/privacy\">Datenschutzbestimmungen<\/a>, insbesondere im Bereich \u201eWebtracking\u201c, von \u2013&gt; <a href=\"http:\/\/www.fussball.de\">FUSSBALL.DE<\/a> hin.<\/p>\n\n\n\n<div \n  class=\"fussballde_widget\"\n  data-id=\"4db4785a-e4fb-4e0b-8f1a-7233abce8f66\"\n  data-type=\"competition\"\n  style=\"width: 100%\"\n><\/div>\n","protected":false},"excerpt":{"rendered":"<p>D3-Junioren des FV Biebrich 02 \u2013 Kreisklasse Wiesbaden 2025\/26 &#8211;&gt; Home | &#8211;&gt; Unser Team | &#8211;&gt; Galerie | &#8211;&gt; DFB-Net Tabellenarchiv | &#8211;&gt; Archiv Trainingszeiten: Montags und mittwochs von jeweils 16:30 Uhr bis 18:00 Uhr. Unser Team 2025\/26 Trainer: Jens Lambert, Tel: 0179\/1324670DFB C-Lizenz, HFV Kindertrainer Zertifikat Co-Trainer: Sezai Kacar, Tel: 0174\/9007560 Alle Bilder [&hellip;]<\/p>\n","protected":false},"author":1,"featured_media":0,"parent":0,"menu_order":0,"comment_status":"closed","ping_status":"closed","template":"","meta":{"footnotes":""},"class_list":["post-209","page","type-page","status-publish","hentry"],"_links":{"self":[{"href":"https:\/\/biebrich02.de\/portal\/index.php?rest_route=\/wp\/v2\/pages\/209","targetHints":{"allow":["GET"]}}],"collection":[{"href":"https:\/\/biebrich02.de\/portal\/index.php?rest_route=\/wp\/v2\/pages"}],"about":[{"href":"https:\/\/biebrich02.de\/portal\/index.php?rest_route=\/wp\/v2\/types\/page"}],"author":[{"embeddable":true,"href":"https:\/\/biebrich02.de\/portal\/index.php?rest_route=\/wp\/v2\/users\/1"}],"replies":[{"embeddable":true,"href":"https:\/\/biebrich02.de\/portal\/index.php?rest_route=%2Fwp%2Fv2%2Fcomments&post=209"}],"version-history":[{"count":200,"href":"https:\/\/biebrich02.de\/portal\/index.php?rest_route=\/wp\/v2\/pages\/209\/revisions"}],"predecessor-version":[{"id":24221,"href":"https:\/\/biebrich02.de\/portal\/index.php?rest_route=\/wp\/v2\/pages\/209\/revisions\/24221"}],"wp:attachment":[{"href":"https:\/\/biebrich02.de\/portal\/index.php?rest_route=%2Fwp%2Fv2%2Fmedia&parent=209"}],"curies":[{"name":"wp","href":"https:\/\/api.w.org\/{rel}","templated":true}]}}