{"id":216,"date":"2021-08-07T13:22:48","date_gmt":"2021-08-07T11:22:48","guid":{"rendered":"https:\/\/biebrich02.de\/portal\/?page_id=216"},"modified":"2026-05-09T17:03:58","modified_gmt":"2026-05-09T15:03:58","slug":"e1-junioren","status":"publish","type":"page","link":"https:\/\/biebrich02.de\/portal\/?page_id=216","title":{"rendered":"E1-Junioren"},"content":{"rendered":"\n<p class=\"has-text-align-center\"><strong>E1-Junioren des FV Biebrich 02<\/strong> \u2013 Kreisliga Wiesbaden 2025\/26<\/p>\n\n\n\n<p class=\"has-text-align-center\">&#8211;&gt; <strong>Home<\/strong> | &#8211;&gt; <a href=\"https:\/\/biebrich02.de\/portal\/?page_id=14642\">Unser Team<\/a> | &#8211;&gt; <a href=\"https:\/\/biebrich02.de\/portal\/?page_id=745\" data-type=\"URL\" data-id=\"https:\/\/biebrich02.de\/portal\/?page_id=745\">Galerie<\/a> | &#8211;&gt; <a href=\"https:\/\/biebrich02.de\/portal\/?page_id=2538\">DFB-Net Tabellenarchiv<\/a> | &#8211;&gt; <a href=\"https:\/\/biebrich02.de\/portal\/?page_id=7677\">Archiv<\/a><\/p>\n\n\n\n<p class=\"has-text-align-center\">Trainingszeiten: Dienstags und donnerstags von jeweils 16:30 Uhr bis 18:00 Uhr.<\/p>\n\n\n\n<figure class=\"wp-block-image size-full\"><a href=\"https:\/\/biebrich02.de\/portal\/wp-content\/uploads\/2025\/09\/e1junioren2025_team_2.jpg\"><img loading=\"lazy\" decoding=\"async\" width=\"921\" height=\"695\" src=\"https:\/\/biebrich02.de\/portal\/wp-content\/uploads\/2025\/09\/e1junioren2025_team_2.jpg\" alt=\"\" class=\"wp-image-22504\" srcset=\"https:\/\/biebrich02.de\/portal\/wp-content\/uploads\/2025\/09\/e1junioren2025_team_2.jpg 921w, https:\/\/biebrich02.de\/portal\/wp-content\/uploads\/2025\/09\/e1junioren2025_team_2-300x226.jpg 300w, https:\/\/biebrich02.de\/portal\/wp-content\/uploads\/2025\/09\/e1junioren2025_team_2-768x580.jpg 768w, https:\/\/biebrich02.de\/portal\/wp-content\/uploads\/2025\/09\/e1junioren2025_team_2-624x471.jpg 624w\" sizes=\"auto, (max-width: 921px) 100vw, 921px\" \/><\/a><\/figure>\n\n\n\n<p class=\"has-text-align-center\"><strong>Unser Team 2025\/26<\/strong><\/p>\n\n\n\n<p class=\"has-text-align-center\">Trainer: H\u00fcseyin Yanik, Tel: 0176\/40573324<\/p>\n\n\n\n<p class=\"has-text-align-center\">Co-Trainer: Damian Cichon <\/p>\n\n\n\n<p class=\"has-text-align-center\">Co-Trainerin: Burcu Yanik<\/p>\n\n\n\n<p class=\"has-text-align-center\"><strong>Spielplan der E1-Junioren des FV Biebrich 02 \u2013 Kreisliga Wiesbaden 2025\/26, Gruppe 2<\/strong><\/p>\n\n\n\n<figure class=\"wp-block-table is-style-stripes\"><table><tbody><tr><td> Datum<\/td><td>Spielpaarung<\/td><td>Ansto\u00df<\/td><\/tr><tr><td>Sa. 06. 09. 2025<\/td><td><a href=\"https:\/\/ftw1896.de\/\" data-type=\"link\" data-id=\"https:\/\/ftw1896.de\/\">Freie Turnerschaft Wiesbaden 1896<\/a> &#8211; FV Biebrich 02 1:9<\/td><td>11:30 Uhr<\/td><\/tr><tr><td>Sa. 13. 09. 2025<\/td><td>FV Biebrich 02 &#8211; <a href=\"https:\/\/www.meso-nassau.de\/\" data-type=\"link\" data-id=\"https:\/\/www.meso-nassau.de\/\">SC Meso-Nassau Wiesbaden<\/a> 27:0<\/td><td>14:30 Uhr<\/td><\/tr><tr><td>So. 21.09. 2025<\/td><td><a href=\"https:\/\/www.vfr-wiesbaden.de\/\" data-type=\"link\" data-id=\"https:\/\/www.vfr-wiesbaden.de\/\">VfR Wiesbaden 1926<\/a> &#8211; FV Biebrich 02 0:17<\/td><td>10:00 Uhr<\/td><\/tr><tr><td>Sa. 01. 11. 2025<\/td><td>FV Biebrich 02 &#8211; <a href=\"https:\/\/spvgg-igstadt.de\/\" data-type=\"link\" data-id=\"https:\/\/spvgg-igstadt.de\/\">SpVgg Igstadt 1949<\/a> 12:1<\/td><td>11:15 Uhr<\/td><\/tr><tr><td>Di. 18. 11. 2025<\/td><td><a href=\"https:\/\/www.fcf1950.de\/\" data-type=\"link\" data-id=\"https:\/\/www.fcf1950.de\/\">FC 1950 Freudenberg<\/a> &#8211; FV Biebrich 02 4:3<\/td><td>17:00 Uhr<\/td><\/tr><tr><td>Sa. 22. 11. 2025<\/td><td>FV Biebrich 02 &#8211; <a href=\"https:\/\/www.blaugelb-wiesbaden.de\/\" data-type=\"link\" data-id=\"https:\/\/www.blaugelb-wiesbaden.de\/\">SV Blau-Gelb Wiesbaden<\/a> 10:2<\/td><td>11:15 Uhr<\/td><\/tr><tr><td>So. 30. 11. 2025<\/td><td><a href=\"https:\/\/tsg-kastel.de\/\" data-type=\"link\" data-id=\"https:\/\/tsg-kastel.de\/\"> TSG 1846 Kastel<\/a> &#8211; FV Biebrich 02 1:15<\/td><td>10:30 Uhr<\/td><\/tr><tr><td>Sa. 07. 03. 2026<\/td><td>FV Biebrich 02 &#8211; <a href=\"https:\/\/ftw1896.de\/\" data-type=\"link\" data-id=\"https:\/\/ftw1896.de\/\">Freie Turnerschaft Wiesbaden 1896<\/a> 4:2<\/td><td>11:15 Uhr<\/td><\/tr><tr><td>Sa. 14. 03. 2026<\/td><td><a href=\"https:\/\/www.meso-nassau.de\/\" data-type=\"link\" data-id=\"https:\/\/www.meso-nassau.de\/\">SC Meso-Nassau Wiesbaden<\/a> &#8211; FV Biebrich 02 0:30<\/td><td>11:15 Uhr<\/td><\/tr><tr><td>Sa. 21. 03. 2026<\/td><td>FV Biebrich 02 III &#8211; <a href=\"https:\/\/www.vfr-wiesbaden.de\/\" data-type=\"link\" data-id=\"https:\/\/www.vfr-wiesbaden.de\/\">VfR Wiesbaden 1926<\/a> 21:0<\/td><td>11:15 Uhr<\/td><\/tr><tr><td>Sa. 18. 04. 2026<\/td><td><a href=\"https:\/\/spvgg-igstadt.de\/\" data-type=\"link\" data-id=\"https:\/\/spvgg-igstadt.de\/\">SpVgg Igstadt 1949<\/a> &#8211; FV Biebrich 02 1:16<\/td><td>11:45 Uhr<\/td><\/tr><tr><td>Sa. 25. 04. 2026<\/td><td>FV Biebrich 02 &#8211; <a href=\"https:\/\/www.fcf1950.de\/\" data-type=\"link\" data-id=\"https:\/\/www.fcf1950.de\/\">FC 1950 Freudenberg<\/a> 3:2<\/td><td>11:15 Uhr<\/td><\/tr><tr><td>Sa. 09. 05. 2026<\/td><td>SV Blau-Gelb Wiesbaden &#8211; FV Biebrich 02 1:8<\/td><td>12:00 Uhr<\/td><\/tr><tr><td>Sa. 16. 05. 2026<\/td><td>FV Biebrich 02- <a href=\"https:\/\/tsg-kastel.de\/\" data-type=\"link\" data-id=\"https:\/\/tsg-kastel.de\/\">TSG 1846 Kastel<\/a><\/td><td>11:15 Uhr<\/td><\/tr><\/tbody><\/table><\/figure>\n\n\n\n<p class=\"has-text-align-left\">Hinweis: Um eine schnellstm\u00f6gliche Information \u00fcber Spielergebnisse und Tabellenst\u00e4nde gew\u00e4hrleisten zu k\u00f6nnen, binden wir die sogenannten FUSSBALL.DE-Widgets auf unseren Seiten ein. Wir weisen Sie hiermit explizit auf den Einsatz dieser Widgets und die damit verbundenen \u2013&gt; <a href=\"http:\/\/www.fussball.de\/privacy\">Datenschutzbestimmungen<\/a>, insbesondere im Bereich \u201eWebtracking\u201c, von \u2013&gt; <a href=\"http:\/\/www.fussball.de\">FUSSBALL.DE<\/a> hin.<\/p>\n\n\n\n<div \n  class=\"fussballde_widget\"\n  data-id=\"e15cce19-4da5-42c2-871b-252878475a8d\"\n  data-type=\"competition\"\n  style=\"width: 100%\"\n><\/div>\n\n\n\n<p class=\"has-text-align-center\"><strong>E-Junioren Kreispokal Wiesbaden 2025\/26<\/strong><\/p>\n\n\n\n<figure class=\"wp-block-table is-style-stripes\"><table><tbody><tr><td>Datum<\/td><td>Spielpaarung <\/td><td>Ansto\u00df<\/td><\/tr><tr><td>Mi. 17. 09. 2025<\/td><td><a href=\"https:\/\/www.sc-klarenthal.de\/\" data-type=\"link\" data-id=\"https:\/\/www.sc-klarenthal.de\/\">1. SC Klarenthal 1968<\/a> &#8211; FV Biebrich 02 1:11<\/td><td>16:15 Uhr<\/td><\/tr><tr><td>Sa. 08. 11. 2025<\/td><td><a href=\"https:\/\/www.schierstein13.de\/\" data-type=\"link\" data-id=\"https:\/\/www.schierstein13.de\/\">SV Schierstein 1913<\/a> &#8211; FV Biebrich 02 0:15<\/td><td>12:00 Uhr<\/td><\/tr><\/tbody><\/table><\/figure>\n\n\n\n<p class=\"has-text-align-center\"><strong>Finaltag, Gruppe 2<\/strong><\/p>\n\n\n\n<figure class=\"wp-block-table is-style-stripes\"><table><tbody><tr><td>Datum<\/td><td>Spielpaarung <\/td><td>Ansto\u00df<\/td><\/tr><tr><td>Fr. 01. 05. 2026<\/td><td><a href=\"https:\/\/www.psvgww.de\/\" data-type=\"link\" data-id=\"https:\/\/www.psvgww.de\/\">PSV Gr\u00fcn-Wei\u00df Wiesbaden<\/a> &#8211; FV Biebrich 02 0:8<\/td><td>09:30 Uhr<\/td><\/tr><tr><td>Fr. 01. 05. 2026<\/td><td>FV Biebrich 02 &#8211; <a href=\"https:\/\/sv-erbenheim.de\/\" data-type=\"link\" data-id=\"https:\/\/sv-erbenheim.de\/\">SV 1921 Erbenheim<\/a> 4:0<\/td><td>10:24 Uhr<\/td><\/tr><tr><td>Fr. 01. 05. 2026<\/td><td><a href=\"https:\/\/svwiesbaden1899.de\/\" data-type=\"link\" data-id=\"https:\/\/svwiesbaden1899.de\/\">SV Wiesbaden 1899<\/a> &#8211; FV Biebrich 02 0:5<\/td><td>11:18 Uhr<\/td><\/tr><tr><td>Fr. 01. 05. 2026<\/td><td>FV Biebrich 02 &#8211; <a href=\"https:\/\/www.spvgg-sonnenberg.de\/\" data-type=\"link\" data-id=\"https:\/\/www.spvgg-sonnenberg.de\/\">SpVgg 1919 Sonnenberg<\/a> 0:1<\/td><td>12:12 Uhr<\/td><\/tr><\/tbody><\/table><\/figure>\n\n\n\n<div \n  class=\"fussballde_widget\"\n  data-id=\"e29b35b2-ed78-482c-914d-60f120cd7bf5\"\n  data-type=\"competition\"\n  style=\"width: 100%\"\n><\/div>\n\n\n\n<p class=\"has-text-align-center\"><strong>E-Junioren Hallenmeisterschaft Wiesbaden 2025\/26, Vorrunde, Gruppe 2<\/strong><\/p>\n\n\n\n<figure class=\"wp-block-table is-style-stripes\"><table><tbody><tr><td>Datum<\/td><td>Spielpaarung<\/td><td>Ansto\u00df<\/td><\/tr><tr><td>Sa. 28. 02. 2026<\/td><td><a href=\"https:\/\/fsvhellas1968.com\/\" data-type=\"link\" data-id=\"https:\/\/fsvhellas1968.com\/\">FSV Hellas Schierstein 1968<\/a> &#8211; FV Biebrich 02 0:3 *<\/td><td>13:17 Uhr<\/td><\/tr><tr><td>Sa. 28. 02. 2026<\/td><td>FV Biebrich 02 &#8211; <a href=\"https:\/\/svwiesbaden1899.de\/\" data-type=\"link\" data-id=\"https:\/\/svwiesbaden1899.de\/\">SV Wiesbaden 1899<\/a> 2:0<\/td><td>14:59 Uhr<\/td><\/tr><tr><td>Sa. 28. 02. 2026<\/td><td><a href=\"https:\/\/www.svfrauenstein.de\/\" data-type=\"link\" data-id=\"https:\/\/www.svfrauenstein.de\/\">SV Frauenstein 1932<\/a> &#8211; FV Biebrich 02 0:1<\/td><td>16:41 Uhr<\/td><\/tr><tr><td>Sa. 28. 02. 2026<\/td><td>FV Biebrich 02 &#8211; <a href=\"https:\/\/www.blaugelb-wiesbaden.de\/\" data-type=\"link\" data-id=\"https:\/\/www.blaugelb-wiesbaden.de\/\">SV Blau-Gelb Wiesbaden<\/a> 0:0<\/td><td>18:23 Uhr<\/td><\/tr><\/tbody><\/table><\/figure>\n\n\n\n<p class=\"has-text-align-center\">Hinweis: * Wertung.<\/p>\n\n\n\n<p class=\"has-text-align-center\"><strong>E-Junioren Hallenmeisterschaft Wiesbaden 2025\/26, Endrunde, Gruppe B<\/strong><\/p>\n\n\n\n<figure class=\"wp-block-table is-style-stripes\"><table><tbody><tr><td>Datum<\/td><td>Spielpaarung<\/td><td>Ansto\u00df<\/td><\/tr><tr><td>So. 08. 03. 2026<\/td><td>FV Biebrich 02 &#8211; <a href=\"https:\/\/www.tus-dotzheim.de\/\" data-type=\"link\" data-id=\"https:\/\/www.tus-dotzheim.de\/\">TuS Dotzheim 1848<\/a> 1:0<\/td><td>15:34 Uhr<\/td><\/tr><tr><td>So. 08. 03. 2026<\/td><td>FV Biebrich 02 &#8211; <a href=\"https:\/\/ftw1896.de\/\" data-type=\"link\" data-id=\"https:\/\/ftw1896.de\/\">Freie Turnerschaft Wiesbaden 1896<\/a> 1:0<\/td><td>16:42 Uhr<\/td><\/tr><tr><td>So. 08. 03. 2026<\/td><td><a href=\"https:\/\/www.tusnordenstadt.de\/\" data-type=\"link\" data-id=\"https:\/\/www.tusnordenstadt.de\/\">TuS Nordenstadt 1883<\/a> &#8211; FV Biebrich 02 0:5<\/td><td>18:07 Uhr<\/td><\/tr><\/tbody><\/table><\/figure>\n\n\n\n<p class=\"has-text-align-center\"><strong>E-Junioren Hallenmeisterschaft Wiesbaden 2025\/26, Endrunde, Finale<\/strong><\/p>\n\n\n\n<figure class=\"wp-block-table is-style-stripes\"><table><tbody><tr><td>Datum<\/td><td>Spielpaarung<\/td><td>Ansto\u00df<\/td><\/tr><tr><td>So. 08. 03. 2026<\/td><td><a href=\"https:\/\/www.svfrauenstein.de\/\" data-type=\"link\" data-id=\"https:\/\/www.svfrauenstein.de\/\">SV Frauenstein 1932<\/a> &#8211; FV Biebrich 02 2:1<\/td><td>18:30 Uhr<\/td><\/tr><\/tbody><\/table><\/figure>\n\n\n\n<div \n  class=\"fussballde_widget\"\n  data-id=\"cddcdec3-dbfe-4a48-9e6a-e1347ccb3255\"\n  data-type=\"competition\"\n  style=\"width: 100%\"\n><\/div>\n\n\n\n<p><\/p>\n","protected":false},"excerpt":{"rendered":"<p>E1-Junioren des FV Biebrich 02 \u2013 Kreisliga Wiesbaden 2025\/26 &#8211;&gt; Home | &#8211;&gt; Unser Team | &#8211;&gt; Galerie | &#8211;&gt; DFB-Net Tabellenarchiv | &#8211;&gt; Archiv Trainingszeiten: Dienstags und donnerstags von jeweils 16:30 Uhr bis 18:00 Uhr. Unser Team 2025\/26 Trainer: H\u00fcseyin Yanik, Tel: 0176\/40573324 Co-Trainer: Damian Cichon Co-Trainerin: Burcu Yanik Spielplan der E1-Junioren des FV [&hellip;]<\/p>\n","protected":false},"author":1,"featured_media":0,"parent":0,"menu_order":0,"comment_status":"closed","ping_status":"closed","template":"","meta":{"footnotes":""},"class_list":["post-216","page","type-page","status-publish","hentry"],"_links":{"self":[{"href":"https:\/\/biebrich02.de\/portal\/index.php?rest_route=\/wp\/v2\/pages\/216","targetHints":{"allow":["GET"]}}],"collection":[{"href":"https:\/\/biebrich02.de\/portal\/index.php?rest_route=\/wp\/v2\/pages"}],"about":[{"href":"https:\/\/biebrich02.de\/portal\/index.php?rest_route=\/wp\/v2\/types\/page"}],"author":[{"embeddable":true,"href":"https:\/\/biebrich02.de\/portal\/index.php?rest_route=\/wp\/v2\/users\/1"}],"replies":[{"embeddable":true,"href":"https:\/\/biebrich02.de\/portal\/index.php?rest_route=%2Fwp%2Fv2%2Fcomments&post=216"}],"version-history":[{"count":264,"href":"https:\/\/biebrich02.de\/portal\/index.php?rest_route=\/wp\/v2\/pages\/216\/revisions"}],"predecessor-version":[{"id":24223,"href":"https:\/\/biebrich02.de\/portal\/index.php?rest_route=\/wp\/v2\/pages\/216\/revisions\/24223"}],"wp:attachment":[{"href":"https:\/\/biebrich02.de\/portal\/index.php?rest_route=%2Fwp%2Fv2%2Fmedia&parent=216"}],"curies":[{"name":"wp","href":"https:\/\/api.w.org\/{rel}","templated":true}]}}