{"id":224,"date":"2021-08-07T13:34:08","date_gmt":"2021-08-07T11:34:08","guid":{"rendered":"https:\/\/biebrich02.de\/portal\/?page_id=224"},"modified":"2026-03-21T13:21:15","modified_gmt":"2026-03-21T12:21:15","slug":"e3-junioren","status":"publish","type":"page","link":"https:\/\/biebrich02.de\/portal\/?page_id=224","title":{"rendered":"E3-Junioren"},"content":{"rendered":"\n<p class=\"has-text-align-center\"><strong>E3-Junioren des FV Biebrich 02<\/strong>\u2013 Kreisklasse Wiesbaden 2025\/26<\/p>\n\n\n\n<p class=\"has-text-align-center\">&#8211;&gt; <a href=\"https:\/\/biebrich02.de\/portal\/?page_id=224\">Home<\/a> | &#8211;&gt; <a href=\"https:\/\/biebrich02.de\/portal\/?page_id=14661\">Unser Team<\/a> | &#8211;&gt; <a href=\"https:\/\/biebrich02.de\/portal\/?page_id=14673\">Galerie<\/a> | &#8211;&gt; <a href=\"https:\/\/biebrich02.de\/portal\/?page_id=2607\">DFB-Net Tabellenarchiv<\/a> | &#8211;&gt; <a href=\"https:\/\/biebrich02.de\/portal\/?page_id=7702\">Archiv<\/a><\/p>\n\n\n\n<p class=\"has-text-align-center\">Trainingszeiten: Dienstags von 16:30 Uhr bis 18:00 Uhr und donnerstags von 16:00 Uhr bis 17:30 Uhr.<\/p>\n\n\n\n<p class=\"has-text-align-center\">Ein aktuelles Mannschaftsfoto unseres Teams f\u00fcr die Kreisklasse Wiesbaden 2025\/26 liegt noch nicht vor.<\/p>\n\n\n\n<p class=\"has-text-align-center\">Trainer: Peter Dill, Tel: 0174\/1045911<\/p>\n\n\n\n<p class=\"has-text-align-center\">Trainer: Ergys Morava, Tel: 0176\/20932288<\/p>\n\n\n\n<p class=\"has-text-align-center\"><strong>Spielplan der E3-Junioren des FV Biebrich 02 \u2013 Kreisklasse Wiesbaden 2025\/26, Gruppe 3<\/strong><\/p>\n\n\n\n<figure class=\"wp-block-table is-style-stripes\"><table><tbody><tr><td> Datum<\/td><td>Spielpaarung<\/td><td>Ansto\u00df<\/td><\/tr><tr><td>Sa. 23. 08. 2025<\/td><td>FV Biebrich 02 III &#8211; <a href=\"https:\/\/www.schierstein13.de\/\" data-type=\"link\" data-id=\"https:\/\/www.schierstein13.de\/\">SV Schierstein 13 II<\/a>  0:3 *<\/td><td>08:45 Uhr<\/td><\/tr><tr><td>Sa. 30. 08. 2025<\/td><td><a href=\"https:\/\/sv-erbenheim.de\/\" data-type=\"link\" data-id=\"https:\/\/sv-erbenheim.de\/\">SV 1921 Erbenheim II<\/a> &#8211; FV Biebrich 02 III 3:0 **<\/td><td>11:30 Uhr<\/td><\/tr><tr><td>Sa. 06. 09. 2025<\/td><td>Der FV Biebrich 02 III ist spielfrei.<\/td><td><\/td><\/tr><tr><td>Sa. 13. 09. 2025<\/td><td>FV Biebrich 02 III &#8211; <a href=\"https:\/\/www.fcf1950.de\/\" data-type=\"link\" data-id=\"https:\/\/www.fcf1950.de\/\">FC 1950 Freudenberg III<\/a> 7:1<\/td><td>14:30 Uhr<\/td><\/tr><tr><td>Sa. 20. 09. 2025<\/td><td><a href=\"https:\/\/www.sc-klarenthal.de\/\" data-type=\"link\" data-id=\"https:\/\/www.sc-klarenthal.de\/\">1. SC Klarenthal 1968 II<\/a> &#8211; FV Biebrich 02 III 5:5<\/td><td>11:30 Uhr<\/td><\/tr><tr><td>Sa. 27. 09. 2025<\/td><td>FV Biebrich 02 III &#8211; <a href=\"https:\/\/svwiesbaden1899.de\/\" data-type=\"link\" data-id=\"https:\/\/svwiesbaden1899.de\/\">SV Wiesbaden 1899 V<\/a> 11:0<\/td><td>10:00 Uhr<\/td><\/tr><tr><td>Sa. 25. 10. 2025<\/td><td><a href=\"https:\/\/www.svfrauenstein.de\/\" data-type=\"link\" data-id=\"https:\/\/www.svfrauenstein.de\/\">SV Frauenstein 1932 II<\/a> &#8211; FV Biebrich 02 III 1:4<\/td><td>11:15 Uhr<\/td><\/tr><tr><td>Sa. 01. 11. 2025<\/td><td>FV Biebrich 02 III &#8211; US Youth Soccer Wiesbaden 3:0 ***<\/td><td>11:15 Uhr<\/td><\/tr><tr><td>Sa. 15. 11. 2025<\/td><td><a href=\"https:\/\/svwiesbaden1899.de\/\" data-type=\"link\" data-id=\"https:\/\/svwiesbaden1899.de\/\">SV Wiesbaden 1899 (M\u00e4dchen)<\/a> &#8211; FV Biebrich 02 III 0:3 ***<\/td><td>11:30 Uhr<\/td><\/tr><tr><td>Sa. 22. 11. 2025<\/td><td>FV Biebrich 02 III &#8211; <a href=\"https:\/\/www.schierstein08.de\/\" data-type=\"link\" data-id=\"https:\/\/www.schierstein08.de\/\">1. FSV Schierstein 08 III<\/a> 4:1<\/td><td>11:15 Uhr<\/td><\/tr><tr><td>Sa. 29. 11. 2025<\/td><td><a href=\"https:\/\/www.vfr-wiesbaden.de\/\" data-type=\"link\" data-id=\"https:\/\/www.vfr-wiesbaden.de\/\">VfR Wiesbaden 1926 IV<\/a> &#8211; FV Biebrich 02 III 3:1<\/td><td>09:00 Uhr<\/td><\/tr><tr><td>Sa. 21. 02. 2026<\/td><td><a href=\"https:\/\/www.schierstein13.de\/\" data-type=\"link\" data-id=\"https:\/\/www.schierstein13.de\/\">SV Schierstein 13 II<\/a> &#8211; FV Biebrich 02 III 1:16<\/td><td>13:00 Uhr<\/td><\/tr><tr><td>Sa. 28. 02. 2026<\/td><td>FV Biebrich 02 III &#8211; <a href=\"https:\/\/sv-erbenheim.de\/\" data-type=\"link\" data-id=\"https:\/\/sv-erbenheim.de\/\">SV 1921 Erbenheim II<\/a> 5:4<\/td><td>10:00 Uhr<\/td><\/tr><tr><td>Do. 12. 03. 2026<\/td><td>FV Biebrich 02 III &#8211; 1. FC Kohlheck 1951 III  5:1 ****<\/td><td>17:00 Uhr<\/td><\/tr><tr><td>Sa. 14. 03. 2026<\/td><td><a href=\"https:\/\/www.fcf1950.de\/\" data-type=\"link\" data-id=\"https:\/\/www.fcf1950.de\/\">FC 1950 Freudenberg III<\/a> &#8211; FV Biebrich 02 III 0:3 (Wertung)<\/td><td>09:00 Uhr<\/td><\/tr><tr><td>Sa. 21. 03. 2026<\/td><td>FV Biebrich 02 III &#8211; <a href=\"https:\/\/www.svfrauenstein.de\/\" data-type=\"link\" data-id=\"https:\/\/www.svfrauenstein.de\/\">SV Frauenstein 1932 II<\/a> 10:1<\/td><td>11:15 Uhr<\/td><\/tr><tr><td>Sa. 18. 04. 2026<\/td><td>US Youth Soccer Wiesbaden &#8211; FV Biebrich 02 III 0:3 ***<\/td><td>11:15 Uhr<\/td><\/tr><tr><td>Sa. 25. 04. 2025<\/td><td>FV Biebrich 02 III &#8211; <a href=\"https:\/\/svwiesbaden1899.de\/\" data-type=\"link\" data-id=\"https:\/\/svwiesbaden1899.de\/\">SV Wiesbaden 1899 (M\u00e4dchen)<\/a> 3:0 ***<\/td><td>11:15 Uhr<\/td><\/tr><tr><td>Sa. 02. 05. 2026<\/td><td><a href=\"https:\/\/svwiesbaden1899.de\/\" data-type=\"link\" data-id=\"https:\/\/svwiesbaden1899.de\/\">SV Wiesbaden 1899 V<\/a> &#8211; FV Biebrich 02 III  0:3 ***<\/td><td>10:30 Uhr<\/td><\/tr><tr><td>Sa. 09. 05. 2026<\/td><td><a href=\"https:\/\/www.schierstein08.de\/cms2\/\" data-type=\"link\" data-id=\"https:\/\/www.schierstein08.de\/cms2\/\">1. FSV Schierstein 08 III<\/a> &#8211; FV Biebrich 02 III <\/td><td>12:00 Uhr<\/td><\/tr><tr><td>Sa. 16. 05. 2026<\/td><td>FV Biebrich 02 III &#8211; <a href=\"https:\/\/www.vfr-wiesbaden.de\/\" data-type=\"link\" data-id=\"https:\/\/www.vfr-wiesbaden.de\/\">VfR Wiesbaden 1926 IV <\/a><\/td><td>11:15 Uhr<\/td><\/tr><tr><td>Sa. 30. 05. 2026<\/td><td>FV Biebrich 02 III &#8211; <a href=\"https:\/\/www.sc-klarenthal.de\/\" data-type=\"link\" data-id=\"https:\/\/www.sc-klarenthal.de\/\">1. SC Klarenthal 1968 II<\/a> <\/td><td>10:15 Uhr<\/td><\/tr><\/tbody><\/table><\/figure>\n\n\n\n<p class=\"has-text-align-center\">Hinweis: * der FV Biebrich 02 ist nicht angetreten. ** Wertung; das urspr\u00fcngliche Ergebnis lautete 1:4. *** Wertung; die jeweiligen Mannschaften haben zur\u00fcckgezogen. **** ohne Wertung.<\/p>\n\n\n\n<p>Hinweis: Um eine schnellstm\u00f6gliche Information \u00fcber Spielergebnisse und Tabellenst\u00e4nde gew\u00e4hrleisten zu k\u00f6nnen, binden wir die sogenannten FUSSBALL.DE-Widgets auf unseren Seiten ein. Wir weisen Sie hiermit explizit auf den Einsatz dieser Widgets und die damit verbundenen \u2013&gt; <a href=\"http:\/\/www.fussball.de\/privacy\">Datenschutzbestimmungen<\/a>, insbesondere im Bereich \u201eWebtracking\u201c, von \u2013&gt; <a href=\"http:\/\/www.fussball.de\">FUSSBALL.DE<\/a> hin.<\/p>\n\n\n\n<div \n  class=\"fussballde_widget\"\n  data-id=\"e4549fbb-4736-4cd9-bc7b-974f04abd152\"\n  data-type=\"competition\"\n  style=\"width: 100%\"\n><\/div>\n","protected":false},"excerpt":{"rendered":"<p>E3-Junioren des FV Biebrich 02\u2013 Kreisklasse Wiesbaden 2025\/26 &#8211;&gt; Home | &#8211;&gt; Unser Team | &#8211;&gt; Galerie | &#8211;&gt; DFB-Net Tabellenarchiv | &#8211;&gt; Archiv Trainingszeiten: Dienstags von 16:30 Uhr bis 18:00 Uhr und donnerstags von 16:00 Uhr bis 17:30 Uhr. Ein aktuelles Mannschaftsfoto unseres Teams f\u00fcr die Kreisklasse Wiesbaden 2025\/26 liegt noch nicht vor. Trainer: [&hellip;]<\/p>\n","protected":false},"author":1,"featured_media":0,"parent":0,"menu_order":0,"comment_status":"closed","ping_status":"closed","template":"","meta":{"footnotes":""},"class_list":["post-224","page","type-page","status-publish","hentry"],"_links":{"self":[{"href":"https:\/\/biebrich02.de\/portal\/index.php?rest_route=\/wp\/v2\/pages\/224","targetHints":{"allow":["GET"]}}],"collection":[{"href":"https:\/\/biebrich02.de\/portal\/index.php?rest_route=\/wp\/v2\/pages"}],"about":[{"href":"https:\/\/biebrich02.de\/portal\/index.php?rest_route=\/wp\/v2\/types\/page"}],"author":[{"embeddable":true,"href":"https:\/\/biebrich02.de\/portal\/index.php?rest_route=\/wp\/v2\/users\/1"}],"replies":[{"embeddable":true,"href":"https:\/\/biebrich02.de\/portal\/index.php?rest_route=%2Fwp%2Fv2%2Fcomments&post=224"}],"version-history":[{"count":170,"href":"https:\/\/biebrich02.de\/portal\/index.php?rest_route=\/wp\/v2\/pages\/224\/revisions"}],"predecessor-version":[{"id":24015,"href":"https:\/\/biebrich02.de\/portal\/index.php?rest_route=\/wp\/v2\/pages\/224\/revisions\/24015"}],"wp:attachment":[{"href":"https:\/\/biebrich02.de\/portal\/index.php?rest_route=%2Fwp%2Fv2%2Fmedia&parent=224"}],"curies":[{"name":"wp","href":"https:\/\/api.w.org\/{rel}","templated":true}]}}