{"id":261,"date":"2021-08-08T01:24:57","date_gmt":"2021-08-07T23:24:57","guid":{"rendered":"https:\/\/biebrich02.de\/portal\/?page_id=261"},"modified":"2025-09-21T01:30:55","modified_gmt":"2025-09-20T23:30:55","slug":"g2-junioren","status":"publish","type":"page","link":"https:\/\/biebrich02.de\/portal\/?page_id=261","title":{"rendered":"Tabellen"},"content":{"rendered":"\n<p>Hinweis: Um eine schnellstm\u00f6gliche Information \u00fcber Spielergebnisse und Tabellenst\u00e4nde gew\u00e4hrleisten zu k\u00f6nnen, binden wir die sogenannten FUSSBALL.DE-Widgets auf unseren Seiten ein. Wir weisen Sie hiermit explizit auf den Einsatz dieser Widgets und die damit verbundenen \u2013&gt; <a href=\"http:\/\/www.fussball.de\/privacy\">Datenschutzbestimmungen<\/a>, insbesondere im Bereich \u201eWebtracking\u201c, von \u2013&gt; <a href=\"http:\/\/www.fussball.de\">FUSSBALL.DE<\/a> hin.<\/p>\n\n\n\n<p class=\"has-text-align-center\"><strong>Spielplan und Tabelle des FV Biebrich 02 \u2013 Verbandsliga Hessen Mitte 2025\/26<\/strong><\/p>\n\n\n\n<div\n  class=\"fussballde_widget\"\n  data-id=\"964b1419-6f09-46b8-a780-eccbb636de0d\"\n  data-type=\"competition\">\n<\/div>\n\n\n\n<p class=\"has-text-align-center\"><strong>Spielplan und Tabelle des FV Biebrich 02 II \u2013 Gruppenliga Wiesbaden 2025\/26<\/strong><\/p>\n\n\n\n<div\n  class=\"fussballde_widget\"\n  data-id=\"c31d1464-7e74-4ef8-ba1d-8e40e061aa94\"\n  data-type=\"competition\">\n<\/div>\n\n\n\n<p class=\"has-text-align-center\"><strong>Spielplan und Tabelle der A1-Junioren des FV Biebrich 02 \u2013 Hessenliga 2025\/26<\/strong><\/p>\n\n\n\n<div \n  class=\"fussballde_widget\"\n  data-id=\"ef9a42e5-6d24-4314-a1c4-963c7dbfdae2\"\n  data-type=\"competition\"\n  style=\"width: 100%\"\n><\/div>\n\n\n\n<p class=\"has-text-align-center\"><strong>Spielplan und Tabelle der A2-Junioren des FV Biebrich 02 \u2013 Verbandsliga Hessen 2025\/26, Gruppe S\u00fcd<\/strong><\/p>\n\n\n\n<div \n  class=\"fussballde_widget\"\n  data-id=\"c82f118a-75a1-4c94-aec3-b24e953f40aa\"\n  data-type=\"competition\"\n  style=\"width: 100%\"\n><\/div>\n\n\n\n<p class=\"has-text-align-center\"><strong>Spielplan und Tabelle der B1-Junioren des FV Biebrich 02 \u2013 <strong>Verbandsliga Hessen 2025\/26, Gruppe S\u00fcd<\/strong><\/strong><\/p>\n\n\n\n<div \n  class=\"fussballde_widget\"\n  data-id=\"3f76dde7-af4d-417c-828b-c67805caaf38\"\n  data-type=\"competition\"\n  style=\"width: 100%\"\n><\/div>\n\n\n\n<p class=\"has-text-align-center\"><strong>Spielplan und Tabelle der B2-Junioren des FV Biebrich 02 \u2013 Kreisliga Wiesbaden 2025\/26<\/strong><\/p>\n\n\n\n<div \n  class=\"fussballde_widget\"\n  data-id=\"afbc47e1-f3f0-4f11-8016-f7991ad12b1a\"\n  data-type=\"competition\"\n  style=\"width: 100%\"\n><\/div>\n\n\n\n<p class=\"has-text-align-center\"><strong>Spielplan und Tabelle der B3-Junioren des FV Biebrich 02 \u2013 Kreisklasse Wiesbaden 2025\/26<\/strong><\/p>\n\n\n\n<div \n  class=\"fussballde_widget\"\n  data-id=\"5995feca-8033-4875-b48e-612aebc35cb3\"\n  data-type=\"competition\"\n  style=\"width: 100%\"\n><\/div>\n\n\n\n<p class=\"has-text-align-center\"><strong>Spielplan und Tabelle der C1-Junioren des FV Biebrich 02 \u2013 Gruppenliga Wiesbaden 2025\/26<\/strong><\/p>\n\n\n\n<div \n  class=\"fussballde_widget\"\n  data-id=\"2cfa12d6-9e98-4509-8d6d-323910eb2f04\"\n  data-type=\"competition\"\n  style=\"width: 100%\"\n><\/div>\n\n\n\n<p class=\"has-text-align-center\"><strong>Spielplan und Tabelle der C2-Junioren des FV Biebrich 02 \u2013 Kreisliga Wiesbaden 2025\/26<\/strong><\/p>\n\n\n\n<div \n  class=\"fussballde_widget\"\n  data-id=\"63b8834a-6a6a-4490-b98c-a01985241290\"\n  data-type=\"competition\"\n  style=\"width: 100%\"\n><\/div>\n\n\n\n<p class=\"has-text-align-center\"><strong>Spielplan und Tabelle der C3-Junioren des FV Biebrich 02 \u2013 Kreisklasse Wiesbaden 2025\/26, Gruppe 2<\/strong><\/p>\n\n\n\n<div \n  class=\"fussballde_widget\"\n  data-id=\"51d7caf5-18f6-4bbc-bc22-5612bd55f3da\"\n  data-type=\"competition\"\n  style=\"width: 100%\"\n><\/div>\n\n\n\n<p class=\"has-text-align-center\"><strong>Spielplan und Tabelle der D1-Junioren des FV Biebrich 02 \u2013 Gruppenliga Wiesbaden 2025\/26<\/strong><\/p>\n\n\n\n<div \n  class=\"fussballde_widget\"\n  data-id=\"97392478-17d5-4540-acc5-2d942196618d\"\n  data-type=\"competition\"\n  style=\"width: 100%\"\n><\/div>\n\n\n\n<p class=\"has-text-align-center\"><strong>Spielplan und Tabelle der D2-Junioren des FV Biebrich 02 \u2013 Kreisliga Wiesbaden 2025\/26<\/strong><\/p>\n\n\n\n<div \n  class=\"fussballde_widget\"\n  data-id=\"8ea8f761-4d8f-459c-b3fe-d0ce6cea349d\"\n  data-type=\"competition\"\n  style=\"width: 100%\"\n><\/div>\n\n\n\n<p class=\"has-text-align-center\"><strong>Spielplan und Tabelle der D3-Junioren des FV Biebrich 02 \u2013 Kreisklasse Wiesbaden 2025\/26, Gruppe 2<\/strong><\/p>\n\n\n\n<div \n  class=\"fussballde_widget\"\n  data-id=\"4db4785a-e4fb-4e0b-8f1a-7233abce8f66\"\n  data-type=\"competition\"\n  style=\"width: 100%\"\n><\/div>\n\n\n\n<p class=\"has-text-align-center\"><strong>Spielplan und Tabelle der D4-Junioren des FV Biebrich 02 \u2013 Kreisklasse Wiesbaden 2025\/26, Gruppe 3<\/strong><\/p>\n\n\n\n<div \n  class=\"fussballde_widget\"\n  data-id=\"599ff144-a2e7-4444-9c90-0b58f8fb2048\"\n  data-type=\"competition\"\n  style=\"width: 100%\"\n><\/div>\n\n\n\n<p class=\"has-text-align-center\"><strong>Spielplan und Tabelle der D5-Junioren des FV Biebrich 02 \u2013 Kreisliga Wiesbaden 2025\/26<\/strong> &#8211; 7er-Feld<\/p>\n\n\n\n<div \n  class=\"fussballde_widget\"\n  data-id=\"3ba254f9-5394-4d5a-aa42-6846c6686276\"\n  data-type=\"competition\"\n  style=\"width: 100%\"\n><\/div>\n\n\n\n<p class=\"has-text-align-center\"><strong>Spielplan und Tabelle der E1-Junioren des FV Biebrich 02 \u2013 Kreisliga Wiesbaden 2025\/26, Gruppe 2<\/strong><\/p>\n\n\n\n<div \n  class=\"fussballde_widget\"\n  data-id=\"e15cce19-4da5-42c2-871b-252878475a8d\"\n  data-type=\"competition\"\n  style=\"width: 100%\"\n><\/div>\n\n\n\n<p class=\"has-text-align-center\"><strong>Spielplan und Tabelle der E2-Junioren des FV Biebrich 02 \u2013 Kreisklasse Wiesbaden 2025\/26, Gruppe 1b<\/strong><\/p>\n\n\n\n<div \n  class=\"fussballde_widget\"\n  data-id=\"6b5f0115-c4e6-45d8-94f6-20b2b36d1ef1\"\n  data-type=\"competition\"\n  style=\"width: 100%\"\n><\/div>\n\n\n\n<p class=\"has-text-align-center\"><strong>Spielplan und Tabelle der E3-Junioren des FV Biebrich 02 \u2013 Kreisklasse Wiesbaden 2025\/26, Gruppe 3<\/strong><\/p>\n\n\n\n<div \n  class=\"fussballde_widget\"\n  data-id=\"e4549fbb-4736-4cd9-bc7b-974f04abd152\"\n  data-type=\"competition\"\n  style=\"width: 100%\"\n><\/div>\n\n\n\n<p class=\"has-text-align-center\"><strong>Die E4-Junioren des FV Biebrich 02 nehmen am Kinderfu\u00dfball teil.<\/strong><\/p>\n\n\n\n<p class=\"has-text-align-center\">Tabellen der F- und G-Junioren werden nicht ver\u00f6ffentlicht.<\/p>\n\n\n\n<p class=\"has-text-align-center\"><a href=\"https:\/\/biebrich02.de\/portal\/?page_id=8182\">Tabellen 2021\/22<\/a><\/p>\n\n\n\n<p class=\"has-text-align-center\"><a href=\"https:\/\/biebrich02.de\/portal\/?page_id=15133\">Tabellen 2022\/23<\/a><\/p>\n\n\n\n<p class=\"has-text-align-center\"><a href=\"https:\/\/biebrich02.de\/portal\/?page_id=17922\" data-type=\"link\" data-id=\"https:\/\/biebrich02.de\/portal\/?page_id=17922\">Tabellen 2023\/24<\/a><\/p>\n\n\n\n<p class=\"has-text-align-center\"><a href=\"https:\/\/biebrich02.de\/portal\/?page_id=20641\" data-type=\"link\" data-id=\"https:\/\/biebrich02.de\/portal\/?page_id=20641\">Tabellen 2024\/25<\/a><\/p>\n","protected":false},"excerpt":{"rendered":"<p>Hinweis: Um eine schnellstm\u00f6gliche Information \u00fcber Spielergebnisse und Tabellenst\u00e4nde gew\u00e4hrleisten zu k\u00f6nnen, binden wir die sogenannten FUSSBALL.DE-Widgets auf unseren Seiten ein. Wir weisen Sie hiermit explizit auf den Einsatz dieser Widgets und die damit verbundenen \u2013&gt; Datenschutzbestimmungen, insbesondere im Bereich \u201eWebtracking\u201c, von \u2013&gt; FUSSBALL.DE hin. Spielplan und Tabelle des FV Biebrich 02 \u2013 Verbandsliga Hessen [&hellip;]<\/p>\n","protected":false},"author":1,"featured_media":0,"parent":0,"menu_order":0,"comment_status":"closed","ping_status":"closed","template":"","meta":{"footnotes":""},"class_list":["post-261","page","type-page","status-publish","hentry"],"_links":{"self":[{"href":"https:\/\/biebrich02.de\/portal\/index.php?rest_route=\/wp\/v2\/pages\/261","targetHints":{"allow":["GET"]}}],"collection":[{"href":"https:\/\/biebrich02.de\/portal\/index.php?rest_route=\/wp\/v2\/pages"}],"about":[{"href":"https:\/\/biebrich02.de\/portal\/index.php?rest_route=\/wp\/v2\/types\/page"}],"author":[{"embeddable":true,"href":"https:\/\/biebrich02.de\/portal\/index.php?rest_route=\/wp\/v2\/users\/1"}],"replies":[{"embeddable":true,"href":"https:\/\/biebrich02.de\/portal\/index.php?rest_route=%2Fwp%2Fv2%2Fcomments&post=261"}],"version-history":[{"count":183,"href":"https:\/\/biebrich02.de\/portal\/index.php?rest_route=\/wp\/v2\/pages\/261\/revisions"}],"predecessor-version":[{"id":22950,"href":"https:\/\/biebrich02.de\/portal\/index.php?rest_route=\/wp\/v2\/pages\/261\/revisions\/22950"}],"wp:attachment":[{"href":"https:\/\/biebrich02.de\/portal\/index.php?rest_route=%2Fwp%2Fv2%2Fmedia&parent=261"}],"curies":[{"name":"wp","href":"https:\/\/api.w.org\/{rel}","templated":true}]}}