{"id":264,"date":"2021-08-08T01:39:44","date_gmt":"2021-08-07T23:39:44","guid":{"rendered":"https:\/\/biebrich02.de\/portal\/?page_id=264"},"modified":"2021-08-16T01:54:35","modified_gmt":"2021-08-15T23:54:35","slug":"impressum","status":"publish","type":"page","link":"https:\/\/biebrich02.de\/portal\/?page_id=264","title":{"rendered":"Impressum"},"content":{"rendered":"\n<p>Dies ist <strong>keine<\/strong> offizielle Homepage des FV Biebrich 02.<\/p>\n\n\n\n<p>Vielmehr handelt es sich um eine <strong>Fanpage<\/strong>, die aus unverbesserlichem Enthusiasmus f\u00fcr die Jugendabteilung des FV Biebrich 02 entstanden ist.<\/p>\n\n\n\n<p>Falls Sie Fragen zum Verein, zur Mitgliedschaft, zur An- oder Abmeldung oder zu \u00e4hnlichen Angelegenheiten haben, kontaktieren Sie bitte eine offizielle Person des Vereins. Entsprechende Kontaktpersonen finden Sie auf unseren Seiten.<\/p>\n\n\n\n<p>Wir unterhalten zahlreiche sogenannte Links zu anderen Seiten. Wir machen uns Inhalte dieser Seiten nicht zu eigen und verweisen auf die Eigenverantwortlichkeit der Anbieter oder Betreiber dieser Seiten. Obwohl diese Seiten nach bestem Wissen gepr\u00fcft wurden, k\u00f6nnen wir eine permanente Kontrolle nicht gew\u00e4hrleisten. Sollten diesbez\u00fcgliche Rechtsverletzungen bekannt werden, entfernen wir diese Seiten sofort aus unserer unserem Angebot.<\/p>\n\n\n\n<p><br>Angaben gem\u00e4\u00df \u00a7 5 TMG<\/p>\n\n\n\n<p>Udo Parker<br>Rheinblickstra\u00dfe 26<br>65187 Wiesbaden<\/p>\n\n\n\n<p>Kontakt<br>Telefon: +49 (0) 611 23915471<br>E-Mail: udoparker@gmx.de<\/p>\n\n\n\n<p>Redaktionell verantwortlich<br>Udo Parker<br>Rheinblickstra\u00dfe 26<br>65187 Wiesbaden<\/p>\n\n\n\n<p>Quelle:<br>eRecht24<\/p>\n","protected":false},"excerpt":{"rendered":"<p>Dies ist keine offizielle Homepage des FV Biebrich 02. Vielmehr handelt es sich um eine Fanpage, die aus unverbesserlichem Enthusiasmus f\u00fcr die Jugendabteilung des FV Biebrich 02 entstanden ist. Falls Sie Fragen zum Verein, zur Mitgliedschaft, zur An- oder Abmeldung oder zu \u00e4hnlichen Angelegenheiten haben, kontaktieren Sie bitte eine offizielle Person des Vereins. Entsprechende Kontaktpersonen [&hellip;]<\/p>\n","protected":false},"author":1,"featured_media":0,"parent":0,"menu_order":0,"comment_status":"closed","ping_status":"closed","template":"","meta":{"footnotes":""},"class_list":["post-264","page","type-page","status-publish","hentry"],"_links":{"self":[{"href":"https:\/\/biebrich02.de\/portal\/index.php?rest_route=\/wp\/v2\/pages\/264","targetHints":{"allow":["GET"]}}],"collection":[{"href":"https:\/\/biebrich02.de\/portal\/index.php?rest_route=\/wp\/v2\/pages"}],"about":[{"href":"https:\/\/biebrich02.de\/portal\/index.php?rest_route=\/wp\/v2\/types\/page"}],"author":[{"embeddable":true,"href":"https:\/\/biebrich02.de\/portal\/index.php?rest_route=\/wp\/v2\/users\/1"}],"replies":[{"embeddable":true,"href":"https:\/\/biebrich02.de\/portal\/index.php?rest_route=%2Fwp%2Fv2%2Fcomments&post=264"}],"version-history":[{"count":6,"href":"https:\/\/biebrich02.de\/portal\/index.php?rest_route=\/wp\/v2\/pages\/264\/revisions"}],"predecessor-version":[{"id":388,"href":"https:\/\/biebrich02.de\/portal\/index.php?rest_route=\/wp\/v2\/pages\/264\/revisions\/388"}],"wp:attachment":[{"href":"https:\/\/biebrich02.de\/portal\/index.php?rest_route=%2Fwp%2Fv2%2Fmedia&parent=264"}],"curies":[{"name":"wp","href":"https:\/\/api.w.org\/{rel}","templated":true}]}}