{"id":270,"date":"2021-08-08T01:47:47","date_gmt":"2021-08-07T23:47:47","guid":{"rendered":"https:\/\/biebrich02.de\/portal\/?page_id=270"},"modified":"2026-04-28T00:45:54","modified_gmt":"2026-04-27T22:45:54","slug":"vorstand","status":"publish","type":"page","link":"https:\/\/biebrich02.de\/portal\/?page_id=270","title":{"rendered":"Vorstand"},"content":{"rendered":"\n<p class=\"has-text-align-center\"><strong>Vorstand<\/strong><\/p>\n\n\n\n<p class=\"has-text-align-left\">Auf unseren Seiten stellen wir zur Kontaktaufnahme Telefonnummern und gegebenenfalls E-Mail Adressen von Mitgliedern des Vorstands und Trainern und oder Betreuern zur Verf\u00fcgung. Lesen Sie bitte diesbez\u00fcglich folgende Erkl\u00e4rung des FV Biebrich 02:<\/p>\n\n\n\n<p>Biebricher Fu\u00dfballverein 1902 e.V.<br>Heinz-J\u00fcrgen Hauzel, Erster Vorsitzender<br>Sonnenberger Stra\u00dfe 22<br>65193 Wiesbaden<\/p>\n\n\n\n<p>Im Namen des Vorstands des Biebricher Fu\u00dfballvereins 02 gestatten wir Herrn Udo Parker, auf seiner inoffiziellen Fanpage www.biebrich02.de Kontaktdaten von Vorstandsmitgliedern und Trainern zu ver\u00f6ffentlichen, um die Kontaktaufnahme von Interessenten sowie den Gedankenaustausch zwischen Freunden und Verantwortlichen des Vereins zu erleichtern.<\/p>\n\n\n\n<p>Bei Fragen zum FV Biebrich 02 kontaktieren Sie bitte Spielausschuss-Chef: David Schug, Tel: 0178\/6876397<\/p>\n\n\n\n<p>Erster Vorsitzender:<br>Heinz-J\u00fcrgen Hauzel, Tel.: 01511\/7583996<\/p>\n\n\n\n<p>Zweiter Vorsitzender:<br><a href=\"http:\/\/www.utikal.com\">Thomas Utikal<\/a>, Tel.: 0611\/1861610<\/p>\n\n\n\n<p>Ehrenvorsitzender:<br>Horst Klee, Tel.: 0172\/6512886<\/p>\n\n\n\n<p>Kassierer:<br>Ulrich Janocha, Tel.: 0611\/601617<\/p>\n\n\n\n<p>Jugendleiter:<br>Hartmut Steindorf, Tel.: 0611\/807803<\/p>\n\n\n\n<p>Spielausschuss-Mitglied und zust\u00e4ndig f\u00fcr st\u00e4ndige Erreichbarkeit (Spielbetrieb):<br>Malte Christ, Tel.: 0171\/3318992 oder 06131\/46103<\/p>\n\n\n\n<p>Verantwortlich f\u00fcr die 2. Mannschaft: Klaus Tobies, Tel.: 0611\/600403 oder 01511\/1813908<br>Michael Lehmann, Tel.: 0151\/26933140<\/p>\n\n\n\n<p>Pressewart:<br>Dieser Posten ist zur Zeit nicht besetzt.<\/p>\n\n\n\n<p>Schriftf\u00fchrer:<br>J\u00fcrgen Dindorf, Tel.: 0611\/609648<\/p>\n\n\n\n<p>Beisitzer:<br>Ali G\u00fcr, Tel.: 0174\/4555561<br>Uwe Kilian,Tel.: 0171\/5404902<br>Charalampos Mentis, Tel.: 0179\/5045175<br>Nami Toksun, Tel: 0177\/8088727<\/p>\n\n\n\n<p>Postanschrift:<br>FV 1902 Biebrich, Postfach 120129, 65079 Wiesbaden<\/p>\n\n\n\n<p>Sportplatz und Clubheim:<br>Dyckerhoff-Sportfeld<br>Bergmannstra\u00dfe\/Diltheystra\u00dfe<br>65203 Wiesbaden-Biebrich<br>Tel.: 0611\/694100<\/p>\n\n\n\n<p>Bankverbindungen:<br>Wiesbadener Volksbank eG, IBAN: DE 765 109 00 0000 301 057 02<br>Nassauische Sparkasse, IBAN: DE 035 105 001 501 351 309 15<\/p>\n","protected":false},"excerpt":{"rendered":"<p>Vorstand Auf unseren Seiten stellen wir zur Kontaktaufnahme Telefonnummern und gegebenenfalls E-Mail Adressen von Mitgliedern des Vorstands und Trainern und oder Betreuern zur Verf\u00fcgung. Lesen Sie bitte diesbez\u00fcglich folgende Erkl\u00e4rung des FV Biebrich 02: Biebricher Fu\u00dfballverein 1902 e.V.Heinz-J\u00fcrgen Hauzel, Erster VorsitzenderSonnenberger Stra\u00dfe 2265193 Wiesbaden Im Namen des Vorstands des Biebricher Fu\u00dfballvereins 02 gestatten wir Herrn [&hellip;]<\/p>\n","protected":false},"author":1,"featured_media":0,"parent":0,"menu_order":0,"comment_status":"closed","ping_status":"closed","template":"","meta":{"footnotes":""},"class_list":["post-270","page","type-page","status-publish","hentry"],"_links":{"self":[{"href":"https:\/\/biebrich02.de\/portal\/index.php?rest_route=\/wp\/v2\/pages\/270","targetHints":{"allow":["GET"]}}],"collection":[{"href":"https:\/\/biebrich02.de\/portal\/index.php?rest_route=\/wp\/v2\/pages"}],"about":[{"href":"https:\/\/biebrich02.de\/portal\/index.php?rest_route=\/wp\/v2\/types\/page"}],"author":[{"embeddable":true,"href":"https:\/\/biebrich02.de\/portal\/index.php?rest_route=\/wp\/v2\/users\/1"}],"replies":[{"embeddable":true,"href":"https:\/\/biebrich02.de\/portal\/index.php?rest_route=%2Fwp%2Fv2%2Fcomments&post=270"}],"version-history":[{"count":12,"href":"https:\/\/biebrich02.de\/portal\/index.php?rest_route=\/wp\/v2\/pages\/270\/revisions"}],"predecessor-version":[{"id":24177,"href":"https:\/\/biebrich02.de\/portal\/index.php?rest_route=\/wp\/v2\/pages\/270\/revisions\/24177"}],"wp:attachment":[{"href":"https:\/\/biebrich02.de\/portal\/index.php?rest_route=%2Fwp%2Fv2%2Fmedia&parent=270"}],"curies":[{"name":"wp","href":"https:\/\/api.w.org\/{rel}","templated":true}]}}