{"id":300,"date":"2021-08-08T19:03:20","date_gmt":"2021-08-08T17:03:20","guid":{"rendered":"https:\/\/biebrich02.de\/portal\/?page_id=300"},"modified":"2021-08-08T19:03:20","modified_gmt":"2021-08-08T17:03:20","slug":"verein","status":"publish","type":"page","link":"https:\/\/biebrich02.de\/portal\/?page_id=300","title":{"rendered":"Verein"},"content":{"rendered":"\n<p>Wir m\u00f6chten Sie nicht nur \u00fcber die tabellarische Situation des Biebrich Fu\u00dfballvereins gegr\u00fcndet 1902 informieren, sondern Sie auch mit Informationen \u00fcber die Geschichte unseres Vereins versorgen, \u00fcber seine sozialpolitische Stellung innerhalb der Stadtgemeinde und \u00fcber wichtige Eckpunkte seiner Entwicklung. Wir w\u00fcnschen Ihnen viel Spa\u00df bei dieser Lekt\u00fcre.<\/p>\n","protected":false},"excerpt":{"rendered":"<p>Wir m\u00f6chten Sie nicht nur \u00fcber die tabellarische Situation des Biebrich Fu\u00dfballvereins gegr\u00fcndet 1902 informieren, sondern Sie auch mit Informationen \u00fcber die Geschichte unseres Vereins versorgen, \u00fcber seine sozialpolitische Stellung innerhalb der Stadtgemeinde und \u00fcber wichtige Eckpunkte seiner Entwicklung. Wir w\u00fcnschen Ihnen viel Spa\u00df bei dieser Lekt\u00fcre.<\/p>\n","protected":false},"author":1,"featured_media":0,"parent":0,"menu_order":0,"comment_status":"closed","ping_status":"closed","template":"","meta":{"footnotes":""},"class_list":["post-300","page","type-page","status-publish","hentry"],"_links":{"self":[{"href":"https:\/\/biebrich02.de\/portal\/index.php?rest_route=\/wp\/v2\/pages\/300","targetHints":{"allow":["GET"]}}],"collection":[{"href":"https:\/\/biebrich02.de\/portal\/index.php?rest_route=\/wp\/v2\/pages"}],"about":[{"href":"https:\/\/biebrich02.de\/portal\/index.php?rest_route=\/wp\/v2\/types\/page"}],"author":[{"embeddable":true,"href":"https:\/\/biebrich02.de\/portal\/index.php?rest_route=\/wp\/v2\/users\/1"}],"replies":[{"embeddable":true,"href":"https:\/\/biebrich02.de\/portal\/index.php?rest_route=%2Fwp%2Fv2%2Fcomments&post=300"}],"version-history":[{"count":1,"href":"https:\/\/biebrich02.de\/portal\/index.php?rest_route=\/wp\/v2\/pages\/300\/revisions"}],"predecessor-version":[{"id":301,"href":"https:\/\/biebrich02.de\/portal\/index.php?rest_route=\/wp\/v2\/pages\/300\/revisions\/301"}],"wp:attachment":[{"href":"https:\/\/biebrich02.de\/portal\/index.php?rest_route=%2Fwp%2Fv2%2Fmedia&parent=300"}],"curies":[{"name":"wp","href":"https:\/\/api.w.org\/{rel}","templated":true}]}}