{"id":625,"date":"2021-08-23T01:58:19","date_gmt":"2021-08-22T23:58:19","guid":{"rendered":"https:\/\/biebrich02.de\/portal\/?page_id=625"},"modified":"2026-05-03T12:29:35","modified_gmt":"2026-05-03T10:29:35","slug":"d4-junioren","status":"publish","type":"page","link":"https:\/\/biebrich02.de\/portal\/?page_id=625","title":{"rendered":"D4-Junioren"},"content":{"rendered":"\n<p class=\"has-text-align-center\"><strong>D4-Junioren des FV Biebrich 02<\/strong> \u2013 Kreisklasse Wiesbaden 2025\/26<\/p>\n\n\n\n<p class=\"has-text-align-center\">&#8211;&gt; <strong>Home<\/strong> | &#8211;&gt; <a href=\"https:\/\/biebrich02.de\/portal\/?page_id=9125\">Unser Team<\/a> | &#8211;&gt; <a href=\"https:\/\/biebrich02.de\/portal\/?page_id=1153\">Galerie<\/a> | &#8211;&gt; <a href=\"https:\/\/biebrich02.de\/portal\/?page_id=2515\">DFB-Net Tabellenarchiv<\/a> | &#8211;&gt; <a href=\"https:\/\/biebrich02.de\/portal\/?page_id=7662\">Archiv<\/a><\/p>\n\n\n\n<p class=\"has-text-align-center\">Trainingszeiten: Montags und mittwochs von jeweils 16:30 Uhr bis 18:00 Uhr.<\/p>\n\n\n\n<p class=\"has-text-align-center\">Ein aktuelles Mannschaftsfoto unseres Teams f\u00fcr die Kreisklasse Wiesbaden 2025\/26 liegt noch nicht vor.<\/p>\n\n\n\n<p class=\"has-text-align-center\">Trainer: Mohamed Mukhtar, Tel: 0176\/72521645<br>HFV Kindertrainer Zertifikat<\/p>\n\n\n\n<p class=\"has-text-align-center\"><strong>Spielplan der D4-Junioren des FV Biebrich 02 &#8211; Kreisklasse Wiesbaden 2025\/26, Gruppe 3<\/strong><\/p>\n\n\n\n<figure class=\"wp-block-table is-style-stripes\"><table><tbody><tr><td> Datum<\/td><td>Spielpaarung<\/td><td>Ansto\u00df<\/td><\/tr><tr><td>So. 24. 08. 2025<\/td><td>FV Biebrich 02 IV &#8211; <a href=\"https:\/\/sv-erbenheim.de\/\" data-type=\"link\" data-id=\"https:\/\/sv-erbenheim.de\/\">SV 1921 Erbenheim<\/a> 1:6<\/td><td>09:30 Uhr<\/td><\/tr><tr><td>Sa. 30. 08. 2025<\/td><td><a href=\"https:\/\/spvgg-amoeneburg.de\/\" data-type=\"link\" data-id=\"https:\/\/spvgg-amoeneburg.de\/\">SpVgg Am\u00f6neburg<\/a> &#8211; FV Biebrich 02 IV 1:2<\/td><td>11:30 Uhr<\/td><\/tr><tr><td>Sa. 06. 09. 2025<\/td><td><a href=\"https:\/\/www.fc34.de\/\" data-type=\"link\" data-id=\"https:\/\/www.fc34.de\/\">FC 1934 Bierstadt III<\/a> &#8211; FV Biebrich 02 IV 5:4<\/td><td>10:45 Uhr<\/td><\/tr><tr><td>So. 14. 09. 2025<\/td><td>FV Biebrich 02 IV &#8211; <a href=\"https:\/\/www.fcf1950.de\/\" data-type=\"link\" data-id=\"https:\/\/www.fcf1950.de\/\">FC 1950 Freudenberg II<\/a> 0:3<\/td><td>09:30 Uhr<\/td><\/tr><tr><td>Sa. 20. 09. 2025<\/td><td><a href=\"https:\/\/fsvhellas1968.com\/\" data-type=\"link\" data-id=\"https:\/\/fsvhellas1968.com\/\">FSV Hellas Schierstein 1968<\/a> &#8211; FV Biebrich 02 IV 3:3<\/td><td>14:30 Uhr<\/td><\/tr><tr><td>So. 28. 09. 2025<\/td><td>FV Biebrich 02 IV &#8211; <a href=\"https:\/\/www.svfrauenstein.de\/\" data-type=\"link\" data-id=\"https:\/\/www.svfrauenstein.de\/\">SV Frauenstein 1932<\/a> 1:1<\/td><td>09:30 Uhr<\/td><\/tr><tr><td>So. 26. 10. 2025<\/td><td><a href=\"https:\/\/svniedernhausen.de\/\" data-type=\"link\" data-id=\"https:\/\/svniedernhausen.de\/\">SV 1913 Niedernhausen IV<\/a> &#8211; FV Biebrich 02 IV 2:2<\/td><td>10:00 Uhr<\/td><\/tr><tr><td>Sa. 01. 11. 2025<\/td><td>Der FV Biebrich 02 IV ist spielfrei.<\/td><td><\/td><\/tr><tr><td>Sa. 08. 11. 2025<\/td><td><a href=\"https:\/\/www.tusnordenstadt.de\/\" data-type=\"link\" data-id=\"https:\/\/www.tusnordenstadt.de\/\">TuS Nordenstadt 1883 III<\/a> &#8211; FV Biebrich 02 IV 2:0<\/td><td>11:45 Uhr<\/td><\/tr><tr><td>Sa. 15. 11. 2025<\/td><td><a href=\"https:\/\/schwarz-weiss-wiesbaden.de\/\" data-type=\"link\" data-id=\"https:\/\/schwarz-weiss-wiesbaden.de\/\">DJK SC Schwarz-Wei\u00df Wiesbaden III<\/a> &#8211; FV Biebrich 02 IV 1:1<\/td><td>13:30 Uhr<\/td><\/tr><tr><td>Sa. 22. 11. 2025<\/td><td>FV Biebrich 02 IV &#8211; <a href=\"https:\/\/svwiesbaden1899.de\/\" data-type=\"link\" data-id=\"https:\/\/svwiesbaden1899.de\/\">SV Wiesbaden 1899 IV<\/a> 2:2<\/td><td>13:00 Uhr<\/td><\/tr><tr><td>Sa. 29. 11. 2025<\/td><td><a href=\"https:\/\/www.psvgww.de\/\" data-type=\"link\" data-id=\"https:\/\/www.psvgww.de\/\">PSV Gr\u00fcn-Wei\u00df Wiesbaden<\/a> &#8211; FV Biebrich 02 IV 1:1<\/td><td>14:30 Uhr<\/td><\/tr><tr><td>Sa. 06. 12. 2025<\/td><td><a href=\"https:\/\/www.vfr-wiesbaden.de\/\" data-type=\"link\" data-id=\"https:\/\/www.vfr-wiesbaden.de\/\">VfR Wiesbaden 1926 III<\/a> &#8211; FV Biebrich 02 IV 4:4<\/td><td>11:45 Uhr<\/td><\/tr><tr><td>Sa. 21. 02. 2026<\/td><td><a href=\"https:\/\/sv-erbenheim.de\/\" data-type=\"link\" data-id=\"https:\/\/sv-erbenheim.de\/\">SV 1921 Erbenheim<\/a> &#8211; FV Biebrich 02 IV 6:2<\/td><td>15:30 Uhr<\/td><\/tr><tr><td>So. 08. 03. 2026<\/td><td>FV Biebrich 02 IV &#8211; <a href=\"https:\/\/www.fc34.de\/\" data-type=\"link\" data-id=\"https:\/\/www.fc34.de\/\">FC 1934 Bierstadt III<\/a> 7:2<\/td><td>09:30 Uhr<\/td><\/tr><tr><td>So. 15. 03. 2026<\/td><td><a href=\"https:\/\/www.fcf1950.de\/\" data-type=\"link\" data-id=\"https:\/\/www.fcf1950.de\/\">FC 1950 Freudenberg II<\/a> &#8211; FV Biebrich 02 IV 2:1<\/td><td>10:00 Uhr<\/td><\/tr><tr><td>Mi. 18. 03. 2026<\/td><td><a href=\"https:\/\/spvgg-amoeneburg.de\/\" data-type=\"link\" data-id=\"https:\/\/spvgg-amoeneburg.de\/\">SpVgg Am\u00f6neburg<\/a> &#8211; FV Biebrich 02 IV 1:4<\/td><td>17:00 Uhr<\/td><\/tr><tr><td>So. 22. 03. 2026<\/td><td>FV Biebrich 02 IV &#8211; <a href=\"https:\/\/svniedernhausen.de\/\" data-type=\"link\" data-id=\"https:\/\/svniedernhausen.de\/\">SV 1913 Niedernhausen IV<\/a> 10::2<\/td><td>15:30 Uhr<\/td><\/tr><tr><td>So. 29. 03. 2026<\/td><td>FV Biebrich 02 IV &#8211; <a href=\"https:\/\/www.tusnordenstadt.de\/\" data-type=\"link\" data-id=\"https:\/\/www.tusnordenstadt.de\/\">TuS Nordenstadt 1883 III<\/a> 6:3<\/td><td>09:30 Uhr<\/td><\/tr><tr><td>So. 12. 04. 2026<\/td><td>FV Biebrich 02 IV _ <a href=\"https:\/\/www.vfr-wiesbaden.de\/\" data-type=\"link\" data-id=\"https:\/\/www.vfr-wiesbaden.de\/\">VfR Wiesbaden 1926 III<\/a> 3:1<\/td><td>10:00 Uhr<\/td><\/tr><tr><td>Sa. 18. 04. 2026<\/td><td>Der FV Biebrich 02 IV ist spielfrei.<\/td><td><\/td><\/tr><tr><td>So. 26. 04. 2026<\/td><td>FV Biebrich 02 IV &#8211; <a href=\"https:\/\/schwarz-weiss-wiesbaden.de\/\" data-type=\"link\" data-id=\"https:\/\/schwarz-weiss-wiesbaden.de\/\">DJK SC Schwarz-Wei\u00df Wiesbaden III<\/a> 0:0<\/td><td>09:30 Uhr<\/td><\/tr><tr><td>So. 03. 05. 2026<\/td><td><a href=\"https:\/\/www.svfrauenstein.de\/\" data-type=\"link\" data-id=\"https:\/\/www.svfrauenstein.de\/\">SV Frauenstein 1932<\/a> &#8211; FV Biebrich 02 IV 3:0<\/td><td>10:30 Uhr<\/td><\/tr><tr><td>Sa. 09. 05. 2026<\/td><td><a href=\"https:\/\/svwiesbaden1899.de\/\" data-type=\"link\" data-id=\"https:\/\/svwiesbaden1899.de\/\">SV Wiesbaden 1899 IV<\/a> &#8211; FV Biebrich 02 IV<\/td><td>14:30 Uhr<\/td><\/tr><tr><td>So. 17. 05. 2026<\/td><td>FV Biebrich 02 IV &#8211; <a href=\"https:\/\/www.psvgww.de\/\" data-type=\"link\" data-id=\"https:\/\/www.psvgww.de\/\">PSV Gr\u00fcn-Wei\u00df Wiesbaden<\/a><\/td><td>09:30 Uhr<\/td><\/tr><tr><td>So. 31. 05. 2026<\/td><td>FV Biebrich 02 IV &#8211; <a href=\"https:\/\/fsvhellas1968.com\/\" data-type=\"link\" data-id=\"https:\/\/fsvhellas1968.com\/\">FSV Hellas Schierstein 1968<\/a><\/td><td>09:30 Uhr<\/td><\/tr><\/tbody><\/table><\/figure>\n\n\n\n<p class=\"has-text-align-left\">Hinweis: Um eine schnellstm\u00f6gliche Information \u00fcber Spielergebnisse und Tabellenst\u00e4nde gew\u00e4hrleisten zu k\u00f6nnen, binden wir die sogenannten FUSSBALL.DE-Widgets auf unseren Seiten ein. Wir weisen Sie hiermit explizit auf den Einsatz dieser Widgets und die damit verbundenen \u2013&gt; <a href=\"http:\/\/www.fussball.de\/privacy\">Datenschutzbestimmungen<\/a>, insbesondere im Bereich \u201eWebtracking\u201c, von \u2013&gt; <a href=\"http:\/\/www.fussball.de\">FUSSBALL.DE<\/a> hin.<\/p>\n\n\n\n<div \n  class=\"fussballde_widget\"\n  data-id=\"599ff144-a2e7-4444-9c90-0b58f8fb2048\"\n  data-type=\"competition\"\n  style=\"width: 100%\"\n><\/div>\n","protected":false},"excerpt":{"rendered":"<p>D4-Junioren des FV Biebrich 02 \u2013 Kreisklasse Wiesbaden 2025\/26 &#8211;&gt; Home | &#8211;&gt; Unser Team | &#8211;&gt; Galerie | &#8211;&gt; DFB-Net Tabellenarchiv | &#8211;&gt; Archiv Trainingszeiten: Montags und mittwochs von jeweils 16:30 Uhr bis 18:00 Uhr. Ein aktuelles Mannschaftsfoto unseres Teams f\u00fcr die Kreisklasse Wiesbaden 2025\/26 liegt noch nicht vor. Trainer: Mohamed Mukhtar, Tel: 0176\/72521645HFV [&hellip;]<\/p>\n","protected":false},"author":1,"featured_media":0,"parent":0,"menu_order":0,"comment_status":"closed","ping_status":"closed","template":"","meta":{"footnotes":""},"class_list":["post-625","page","type-page","status-publish","hentry"],"_links":{"self":[{"href":"https:\/\/biebrich02.de\/portal\/index.php?rest_route=\/wp\/v2\/pages\/625","targetHints":{"allow":["GET"]}}],"collection":[{"href":"https:\/\/biebrich02.de\/portal\/index.php?rest_route=\/wp\/v2\/pages"}],"about":[{"href":"https:\/\/biebrich02.de\/portal\/index.php?rest_route=\/wp\/v2\/types\/page"}],"author":[{"embeddable":true,"href":"https:\/\/biebrich02.de\/portal\/index.php?rest_route=\/wp\/v2\/users\/1"}],"replies":[{"embeddable":true,"href":"https:\/\/biebrich02.de\/portal\/index.php?rest_route=%2Fwp%2Fv2%2Fcomments&post=625"}],"version-history":[{"count":100,"href":"https:\/\/biebrich02.de\/portal\/index.php?rest_route=\/wp\/v2\/pages\/625\/revisions"}],"predecessor-version":[{"id":24208,"href":"https:\/\/biebrich02.de\/portal\/index.php?rest_route=\/wp\/v2\/pages\/625\/revisions\/24208"}],"wp:attachment":[{"href":"https:\/\/biebrich02.de\/portal\/index.php?rest_route=%2Fwp%2Fv2%2Fmedia&parent=625"}],"curies":[{"name":"wp","href":"https:\/\/api.w.org\/{rel}","templated":true}]}}