{"id":7617,"date":"2022-07-06T23:35:03","date_gmt":"2022-07-06T21:35:03","guid":{"rendered":"https:\/\/biebrich02.de\/portal\/?page_id=7617"},"modified":"2026-05-09T13:37:15","modified_gmt":"2026-05-09T11:37:15","slug":"c3-junioren","status":"publish","type":"page","link":"https:\/\/biebrich02.de\/portal\/?page_id=7617","title":{"rendered":"C3-Junioren"},"content":{"rendered":"\n<p class=\"has-text-align-center\"><strong>C3-Junioren des FV Biebrich 02<\/strong> \u2013 Kreisklasse Wiesbaden 2025\/26<\/p>\n\n\n\n<p class=\"has-text-align-center\"><strong>Home<\/strong> | &#8211;&gt; <a href=\"https:\/\/biebrich02.de\/portal\/?page_id=10074\">Unser Team<\/a> | &#8211;&gt;<a href=\"https:\/\/biebrich02.de\/portal\/?page_id=10041\"> Galerie<\/a> | &#8211;&gt; <a href=\"https:\/\/biebrich02.de\/portal\/?page_id=10093\">DFB-Net Tabellenarchiv<\/a> | &#8211;&gt; <a href=\"https:\/\/biebrich02.de\/portal\/?page_id=14156\">Archiv<\/a><\/p>\n\n\n\n<p class=\"has-text-align-center\">Trainingszeiten: Dinstags von 18:30 Uhr bis 19:30 Uhr und donnerstags von 17:30 Uhr bis 19:00 Uhr.<\/p>\n\n\n\n<p class=\"has-text-align-center\">Ein aktuelles Mannschaftsfoto unseres Teams f\u00fcr die Kreisklasse Wiesbaden 2025\/26 liegt noch nicht vor.<\/p>\n\n\n\n<p class=\"has-text-align-center\">Trainer: Fahrettin Sarac, Tel: 0172\/6653680<\/p>\n\n\n\n<p class=\"has-text-align-center\"><strong>Spielplan der C3-Junioren des FV Biebrich 02 \u2013 Kreisklasse Wiesbaden 2025\/26, Gruppe 2<\/strong><\/p>\n\n\n\n<figure class=\"wp-block-table is-style-stripes\"><table><tbody><tr><td> Datum<\/td><td>Spielpaarung<\/td><td>Ansto\u00df<\/td><\/tr><tr><td>Sa. 23. 08. 2025<\/td><td>FV Biebrich 02 III &#8211; <a href=\"https:\/\/www.schierstein08.de\/\" data-type=\"link\" data-id=\"https:\/\/www.schierstein08.de\/\">1. FSV Schierstein 08 II<\/a> 7:3<\/td><td>13:00 Uhr<\/td><\/tr><tr><td>Sa. 30. 08. 2025<\/td><td><a href=\"https:\/\/www.psvgww.de\/\" data-type=\"link\" data-id=\"https:\/\/www.psvgww.de\/\">PSV Gr\u00fcn-Wei\u00df Wiesbaden<\/a> (7) &#8211; FV Biebrich 02 III 3:1<\/td><td>13:00 Uhr<\/td><\/tr><tr><td>Sa. 06. 09. 2025<\/td><td>FV Biebrich 02 III &#8211; <a href=\"https:\/\/www.sc-klarenthal.de\/\" data-type=\"link\" data-id=\"https:\/\/www.sc-klarenthal.de\/\">1. SC Klarenthal 1968 III<\/a> 15:1<\/td><td>10:00 Uhr<\/td><\/tr><tr><td>Sa. 13. 09. 2025<\/td><td>Der FV Biebrich 02 III ist spielfrei.<\/td><td><\/td><\/tr><tr><td>Sa. 20. 09. 2025<\/td><td>FV Biebrich 02 III &#8211; <a href=\"https:\/\/www.vfr-wiesbaden.de\/\" data-type=\"link\" data-id=\"https:\/\/www.vfr-wiesbaden.de\/\">VfR Wiesbaden 1926 III<\/a> 1:5 o.W. *<\/td><td>17:30 Uhr<\/td><\/tr><tr><td>So. 28. 09. 2025<\/td><td><a href=\"https:\/\/ftw1896.de\/\" data-type=\"link\" data-id=\"https:\/\/ftw1896.de\/\">Freie Turnerschaft Wiesbaden 1896 III<\/a> (9) &#8211; FV Biebrich 02 III 2:6<\/td><td>15:00 Uhr<\/td><\/tr><tr><td>Sa. 25. 10. 2025<\/td><td>FV Biebrich 02 III &#8211; <a href=\"https:\/\/spvgg-igstadt.de\/\" data-type=\"link\" data-id=\"https:\/\/spvgg-igstadt.de\/\">SpVgg Igstadt 1948<\/a> 5:1<\/td><td>14:30 Uhr<\/td><\/tr><tr><td>Sa. 01. 11. 2025<\/td><td><a href=\"https:\/\/www.meso-nassau.de\/\" data-type=\"link\" data-id=\"https:\/\/www.meso-nassau.de\/\">SC Meso-Nassau Wiesbaden<\/a> (7) &#8211; FV Biebrich 02 III 0:3 **<\/td><td>12:45 Uhr<\/td><\/tr><tr><td>Mo. 24. 11. 2025<\/td><td><a href=\"https:\/\/www.fc34.de\/\" data-type=\"link\" data-id=\"https:\/\/www.fc34.de\/\">FC 1934 Bierstadt II<\/a> &#8211; FV Biebrich 02 III 2:7<\/td><td>18:00 Uhr<\/td><\/tr><tr><td>So. 30. 11. 2025<\/td><td><a href=\"https:\/\/www.tusnordenstadt.de\/\" data-type=\"link\" data-id=\"https:\/\/www.tusnordenstadt.de\/\">TuS Nordenstadt 1883 III<\/a> &#8211; FV Biebrich 02 III 0:3 ***<\/td><td>12:00 Uhr<\/td><\/tr><tr><td>Sa. 06. 12. 2025<\/td><td>FV Biebrich 02 III &#8211; <a href=\"https:\/\/www.tb-rambach.de\/\" data-type=\"link\" data-id=\"https:\/\/www.tb-rambach.de\/\">SC Tennis-Borussia Rambach 1977<\/a> (9) 8:0<\/td><td>10:00 Uhr<\/td><\/tr><tr><td>Sa. 21. 02. 2026<\/td><td><a href=\"https:\/\/www.schierstein08.de\/\" data-type=\"link\" data-id=\"https:\/\/www.schierstein08.de\/\">1. FSV Schierstein 08 II<\/a> &#8211; FV Biebrich 02 III 0:8<\/td><td>13:45 Uhr<\/td><\/tr><tr><td>Sa. 28. 02. 2026<\/td><td>FV Biebrich 02 III &#8211; <a href=\"https:\/\/www.psvgww.de\/\" data-type=\"link\" data-id=\"https:\/\/www.psvgww.de\/\">PSV Gr\u00fcn-Wei\u00df Wiesbaden<\/a> (7) 2:3<\/td><td>14:30 Uhr<\/td><\/tr><tr><td>Sa. 14. 03. 2026<\/td><td>Der FV Biebrich 02 III ist spielfrei.<\/td><td><\/td><\/tr><tr><td>Sa. 21. 03. 2026<\/td><td><a href=\"https:\/\/spvgg-igstadt.de\/\" data-type=\"link\" data-id=\"https:\/\/spvgg-igstadt.de\/\">SpVgg Igstadt 1948<\/a> &#8211; FV Biebrich 02 III 0:11<\/td><td>14:00 Uhr<\/td><\/tr><tr><td>Sa. 28. 03. 2026<\/td><td><a href=\"https:\/\/www.sc-klarenthal.de\/\" data-type=\"link\" data-id=\"https:\/\/www.sc-klarenthal.de\/\">1. SC Klarenthal 1968 III<\/a> &#8211; FV Biebrich 02 III 0:10<\/td><td>11:00 Uhr<\/td><\/tr><tr><td>Sa. 18. 04. 2026<\/td><td>FV Biebrich 02 III &#8211; <a href=\"https:\/\/www.meso-nassau.de\/\" data-type=\"link\" data-id=\"https:\/\/www.meso-nassau.de\/\">SC Meso-Nassau Wiesbaden<\/a> (7)  3:0 **<\/td><td>10:00 Uhr<\/td><\/tr><tr><td>Sa. 25. 04. 2026<\/td><td>FV Biebrich 02 III &#8211; <a href=\"https:\/\/www.fc34.de\/\" data-type=\"link\" data-id=\"https:\/\/www.fc34.de\/\">FC 1934 Bierstadt II<\/a> 4:4<\/td><td>12:30 Uhr<\/td><\/tr><tr><td>Sa. 02. 05. 2026<\/td><td>FV Biebrich 02 III &#8211; <a href=\"https:\/\/ftw1896.de\/\" data-type=\"link\" data-id=\"https:\/\/ftw1896.de\/\">Freie Turnerschaft Wiesbaden 1896 III<\/a> (9) 1:5<\/td><td>14:30 Uhr<\/td><\/tr><tr><td>Sa. 09. 05. 2026<\/td><td><a href=\"https:\/\/www.tb-rambach.de\/\" data-type=\"link\" data-id=\"https:\/\/www.tb-rambach.de\/\">SC Tennis-Borussia Rambach 1977<\/a> (9) &#8211; FV Biebrich 02 III 2:5<\/td><td>10:30 Uhr<\/td><\/tr><tr><td>Sa. 16. 05. 2026<\/td><td><a href=\"https:\/\/www.tusnordenstadt.de\/\" data-type=\"link\" data-id=\"https:\/\/www.tusnordenstadt.de\/\">TuS Nordenstadt 1883 III<\/a> &#8211; FV Biebrich 02 III <\/td><td>17:30 Uhr<\/td><\/tr><tr><td>Sa. 30. 05. 2026<\/td><td>Der FV Biebrich 02 III ist spielfrei.<\/td><td><\/td><\/tr><\/tbody><\/table><\/figure>\n\n\n\n<p class=\"has-text-align-center\">Hinweis: * ohne Wertung. ** Wertung; der SC Meso-Nassau Wiesbaden (7) hat zur\u00fcckgezogen. *** Wertung; der TuS Nordenstadt 1883 III ist nicht angetreten.<\/p>\n\n\n\n<p>Hinweis: Um eine schnellstm\u00f6gliche Information \u00fcber Spielergebnisse und Tabellenst\u00e4nde gew\u00e4hrleisten zu k\u00f6nnen, binden wir die sogenannten FUSSBALL.DE-Widgets auf unseren Seiten ein. Wir weisen Sie hiermit explizit auf den Einsatz dieser Widgets und die damit verbundenen \u2013&gt; <a href=\"http:\/\/www.fussball.de\/privacy\">Datenschutzbestimmungen<\/a>, insbesondere im Bereich \u201eWebtracking\u201c, von \u2013&gt; <a href=\"http:\/\/www.fussball.de\">FUSSBALL.DE<\/a> hin.<\/p>\n\n\n\n<div \n  class=\"fussballde_widget\"\n  data-id=\"51d7caf5-18f6-4bbc-bc22-5612bd55f3da\"\n  data-type=\"competition\"\n  style=\"width: 100%\"\n><\/div>\n","protected":false},"excerpt":{"rendered":"<p>C3-Junioren des FV Biebrich 02 \u2013 Kreisklasse Wiesbaden 2025\/26 Home | &#8211;&gt; Unser Team | &#8211;&gt; Galerie | &#8211;&gt; DFB-Net Tabellenarchiv | &#8211;&gt; Archiv Trainingszeiten: Dinstags von 18:30 Uhr bis 19:30 Uhr und donnerstags von 17:30 Uhr bis 19:00 Uhr. Ein aktuelles Mannschaftsfoto unseres Teams f\u00fcr die Kreisklasse Wiesbaden 2025\/26 liegt noch nicht vor. Trainer: [&hellip;]<\/p>\n","protected":false},"author":1,"featured_media":0,"parent":0,"menu_order":0,"comment_status":"closed","ping_status":"closed","template":"","meta":{"footnotes":""},"class_list":["post-7617","page","type-page","status-publish","hentry"],"_links":{"self":[{"href":"https:\/\/biebrich02.de\/portal\/index.php?rest_route=\/wp\/v2\/pages\/7617","targetHints":{"allow":["GET"]}}],"collection":[{"href":"https:\/\/biebrich02.de\/portal\/index.php?rest_route=\/wp\/v2\/pages"}],"about":[{"href":"https:\/\/biebrich02.de\/portal\/index.php?rest_route=\/wp\/v2\/types\/page"}],"author":[{"embeddable":true,"href":"https:\/\/biebrich02.de\/portal\/index.php?rest_route=\/wp\/v2\/users\/1"}],"replies":[{"embeddable":true,"href":"https:\/\/biebrich02.de\/portal\/index.php?rest_route=%2Fwp%2Fv2%2Fcomments&post=7617"}],"version-history":[{"count":149,"href":"https:\/\/biebrich02.de\/portal\/index.php?rest_route=\/wp\/v2\/pages\/7617\/revisions"}],"predecessor-version":[{"id":24220,"href":"https:\/\/biebrich02.de\/portal\/index.php?rest_route=\/wp\/v2\/pages\/7617\/revisions\/24220"}],"wp:attachment":[{"href":"https:\/\/biebrich02.de\/portal\/index.php?rest_route=%2Fwp%2Fv2%2Fmedia&parent=7617"}],"curies":[{"name":"wp","href":"https:\/\/api.w.org\/{rel}","templated":true}]}}