{"id":7706,"date":"2022-07-08T02:20:33","date_gmt":"2022-07-08T00:20:33","guid":{"rendered":"https:\/\/biebrich02.de\/portal\/?page_id=7706"},"modified":"2023-06-28T01:15:54","modified_gmt":"2023-06-27T23:15:54","slug":"e3-junioren-archiv-2021-22","status":"publish","type":"page","link":"https:\/\/biebrich02.de\/portal\/?page_id=7706","title":{"rendered":"E3-Junioren Archiv 2021\/22"},"content":{"rendered":"\n<p class=\"has-text-align-center\"><strong>E3-Junioren des FV Biebrich 02 &#8211; Archiv 2021\/22<\/strong><\/p>\n\n\n\n<p class=\"has-text-align-center\">\u2013> <a href=\"https:\/\/biebrich02.de\/portal\/?page_id=224\">Home<\/a> | &#8211;> <a href=\"https:\/\/biebrich02.de\/portal\/?page_id=14661\">Unser Team<\/a> | &#8211;> <a href=\"https:\/\/biebrich02.de\/portal\/?page_id=14673\">Galerie<\/a> | \u2013> <a href=\"https:\/\/biebrich02.de\/portal\/?page_id=2607\">DFB-Net Tabellenarchiv<\/a> | \u2013> <a href=\"https:\/\/biebrich02.de\/portal\/?page_id=7702\">Archiv<\/a><\/p>\n\n\n\n<p class=\"has-text-align-center\">Unser Organisationsleiter: Kurt Morlock<\/p>\n\n\n\n<p class=\"has-text-align-center\"><strong>Spielplan der E3-Junioren des FV Biebrich 02 &#8211; Kreisklasse Wiesbaden 2021\/22, Gruppe 4<\/strong><\/p>\n\n\n\n<figure class=\"wp-block-table is-style-stripes\"><table><tbody><tr><td> Datum<\/td><td> Spielpaarung<\/td><td> Ansto\u00df<\/td><\/tr><tr><td> Sa. 11. 09. 2021<\/td><td> FV Biebrich 02 III &#8211; <a href=\"https:\/\/www.fc-naurod.de\/\">1. FC Naurod 1928 II<\/a> 4:5<\/td><td> 11:00 Uhr<\/td><\/tr><tr><td> Sa. 18. 09. 2021<\/td><td> <a href=\"https:\/\/www.sc-klarenthal.de\/\">DJK 1. SC Klarenthal 1968 III<\/a> &#8211; FV Biebrich 02 III 9:4<\/td><td> 10:30 Uhr<\/td><\/tr><tr><td> Sa. 25. 09. 2021<\/td><td> FV Biebrich 02 III &#8211; <a href=\"https:\/\/www.spvgg-sonnenberg.de\/\">SpVgg 1919 Sonnenberg III<\/a> 1:9<\/td><td> 11:00 Uhr<\/td><\/tr><tr><td> Sa. 02. 10. 2021<\/td><td> <a href=\"https:\/\/www.tus-nordenstadt-fussball.de\/\">TuS Nordenstadt 1883 II<\/a> &#8211; FV Biebrich 02 III 7:3<\/td><td> 10:30 Uhr<\/td><\/tr><tr><td> Sa. 09. 10. 2021<\/td><td> FV Biebrich 02 III &#8211; <a href=\"http:\/\/www.schierstein08.de\/\">FSV Schierstein 08 II<\/a> 2:6<\/td><td> 11:00 Uhr<\/td><\/tr><tr><td> Sa. 06. 11. 2021<\/td><td> Der FV Biebrich 02 III ist spielfrei.<\/td><td><\/td><\/tr><tr><td> Sa. 13. 11. 2021<\/td><td> <a href=\"https:\/\/www.fcf1950.de\/\">FC 1950 Freudenberg III<\/a> &#8211; FV Biebrich 02 III 6:1<\/td><td> 09:30 Uhr<\/td><\/tr><tr><td> Sa. 20. 11. 2021<\/td><td> FV Biebrich 02 III &#8211; <a href=\"https:\/\/www.fc34.de\/\">FC 1934 Bierstadt III<\/a> 2:5<\/td><td> 09:45 Uhr<\/td><\/tr><tr><td> Sa. 27. 11. 2021<\/td><td> <a href=\"http:\/\/www.ftw1896.com\/\">Freie Turnerschaft Wiesbaden 1896 III<\/a> &#8211; FV Biebrich 02 III 12:4<\/td><td> 10:00 Uhr<\/td><\/tr><tr><td> Sa. 19. 03. 2022<\/td><td> FV Biebrich 02 III &#8211; <a href=\"https:\/\/www.sc-klarenthal.de\/\">DJK 1. SC Klarenthal 1968 III<\/a> 0:4<\/td><td> 11:00 Uhr<\/td><\/tr><tr><td> Sa. 26. 03. 2022<\/td><td> FV Biebrich 02 II &#8211; <a href=\"http:\/\/www.ftw1896.com\/\">Freie Turnerschaft Wiesbaden 1896 III<\/a> 3:6<\/td><td> 11:00 Uhr<\/td><\/tr><tr><td> Sa. 09. 04. 2022<\/td><td> DJK 1. SC Klarenthal 1968 IV &#8211; FV Biebrich 02 III 4:6<\/td><td> 13:45 Uhr<\/td><\/tr><tr><td> Mi. 20. 04. 2022<\/td><td> <a href=\"https:\/\/www.fc34.de\/\">FC 1934 Bierstadt III<\/a> &#8211; FV Biebrich 02 III 6:3<\/td><td> 18:00 Uhr<\/td><\/tr><tr><td> Sa. 23. 04. 2022<\/td><td> <a href=\"http:\/\/www.schierstein08.de\/\">1. FSV Schierstein 08 II<\/a> &#8211; FV Biebrich 02 III 4:7<\/td><td> 11:00 Uhr<\/td><\/tr><tr><td> Sa. 07. 05. 2022<\/td><td> FV Biebrich 02 III &#8211; <a href=\"https:\/\/www.tus-nordenstadt-fussball.de\/\">TuS Nordenstadt 1883 II<\/a> 3:1<\/td><td> 11:00 Uhr<\/td><\/tr><tr><td> Sa. 14. 05. 2022<\/td><td> <a href=\"https:\/\/www.spvgg-sonnenberg.de\/\">SpVgg 1919 Sonnenberg III<\/a> &#8211; FV Biebrich 02 III 7:1<\/td><td> 10:30 Uhr<\/td><\/tr><tr><td> Sa. 21. 05. 2022<\/td><td> <a href=\"https:\/\/www.fc-naurod.de\/\">1. FC Naurod 1928 II<\/a> &#8211; FV Biebrich 02 III 3:1<\/td><td> 11:15 Uhr<\/td><\/tr><tr><td> Sa. 28. 05. 2022<\/td><td> FV Biebrich 02 III &#8211; <a href=\"https:\/\/www.fcf1950.de\/\">FC 1950 Freudenberg III<\/a> 6:1<\/td><td> 11:00 Uhr<\/td><\/tr><\/tbody><\/table><\/figure>\n\n\n\n<p>Hinweis: Um eine schnellstm\u00f6gliche Information \u00fcber Spielergebnisse und Tabellenst\u00e4nde gew\u00e4hrleisten zu k\u00f6nnen, binden wir die sogenannten FUSSBALL.DE-Widgets auf unseren Seiten ein. Wir weisen Sie hiermit explizit auf den Einsatz dieser Widgets und die damit verbundenen \u2013&gt; <a href=\"http:\/\/www.fussball.de\/privacy\">Datenschutzbestimmungen<\/a>, insbesondere im Bereich \u201eWebtracking\u201c, von \u2013&gt; <a href=\"http:\/\/www.fussball.de\">FUSSBALL.DE<\/a> hin.<\/p>\n\n\n<div id=\"fubade-0-7MVAS\" class=\"include-fussball-de-widgets\">\n\t<iframe src='\/\/www.fussball.de\/widget2\/-\/schluessel\/02G712O7D4000000VUM1DNODVT87MVAS\/target\/fubade-0-7MVAS\/caller\/biebrich02.de' width='100%' height='100%' scrolling='no' style='border: 1px solid #CECECE; overflow: hidden; min-height: 200px;'><\/iframe>\n<\/div>\n","protected":false},"excerpt":{"rendered":"<p>E3-Junioren des FV Biebrich 02 &#8211; Archiv 2021\/22 \u2013> Home | &#8211;> Unser Team | &#8211;> Galerie | \u2013> DFB-Net Tabellenarchiv | \u2013> Archiv Unser Organisationsleiter: Kurt Morlock Spielplan der E3-Junioren des FV Biebrich 02 &#8211; Kreisklasse Wiesbaden 2021\/22, Gruppe 4 Datum Spielpaarung Ansto\u00df Sa. 11. 09. 2021 FV Biebrich 02 III &#8211; 1. FC [&hellip;]<\/p>\n","protected":false},"author":1,"featured_media":0,"parent":0,"menu_order":0,"comment_status":"closed","ping_status":"closed","template":"","meta":{"footnotes":""},"class_list":["post-7706","page","type-page","status-publish","hentry"],"_links":{"self":[{"href":"https:\/\/biebrich02.de\/portal\/index.php?rest_route=\/wp\/v2\/pages\/7706","targetHints":{"allow":["GET"]}}],"collection":[{"href":"https:\/\/biebrich02.de\/portal\/index.php?rest_route=\/wp\/v2\/pages"}],"about":[{"href":"https:\/\/biebrich02.de\/portal\/index.php?rest_route=\/wp\/v2\/types\/page"}],"author":[{"embeddable":true,"href":"https:\/\/biebrich02.de\/portal\/index.php?rest_route=\/wp\/v2\/users\/1"}],"replies":[{"embeddable":true,"href":"https:\/\/biebrich02.de\/portal\/index.php?rest_route=%2Fwp%2Fv2%2Fcomments&post=7706"}],"version-history":[{"count":7,"href":"https:\/\/biebrich02.de\/portal\/index.php?rest_route=\/wp\/v2\/pages\/7706\/revisions"}],"predecessor-version":[{"id":14679,"href":"https:\/\/biebrich02.de\/portal\/index.php?rest_route=\/wp\/v2\/pages\/7706\/revisions\/14679"}],"wp:attachment":[{"href":"https:\/\/biebrich02.de\/portal\/index.php?rest_route=%2Fwp%2Fv2%2Fmedia&parent=7706"}],"curies":[{"name":"wp","href":"https:\/\/api.w.org\/{rel}","templated":true}]}}