{"id":7717,"date":"2022-07-08T02:42:41","date_gmt":"2022-07-08T00:42:41","guid":{"rendered":"https:\/\/biebrich02.de\/portal\/?page_id=7717"},"modified":"2025-06-19T02:58:28","modified_gmt":"2025-06-19T00:58:28","slug":"e4-junioren-archiv-2021-22","status":"publish","type":"page","link":"https:\/\/biebrich02.de\/portal\/?page_id=7717","title":{"rendered":"E4-Junioren Archiv 2021\/22"},"content":{"rendered":"\n<p class=\"has-text-align-center\"><strong>E4-Junioren des FV Biebrich 02 &#8211; Archiv 2021\/22<\/strong><\/p>\n\n\n\n<p class=\"has-text-align-center\">\u2013&gt; <a href=\"https:\/\/biebrich02.de\/portal\/?page_id=3703\">Home<\/a> | &#8211;&gt; <a href=\"https:\/\/biebrich02.de\/portal\/?page_id=14683\">Unser Team<\/a> | &#8211;&gt; <a href=\"https:\/\/biebrich02.de\/portal\/?page_id=14691\">Galerie<\/a> | \u2013&gt; <a href=\"https:\/\/biebrich02.de\/portal\/?page_id=9436\">DFB-Net Tabellenarchiv<\/a> | \u2013&gt; <a href=\"https:\/\/biebrich02.de\/portal\/?page_id=7714\">Archiv<\/a><\/p>\n\n\n\n<p class=\"has-text-align-center\"><strong>Kreisklasse Wiesbaden 2021\/22, Gruppe 3<\/strong><\/p>\n\n\n\n<p>Die E-Junioren Abteilung hat zu Jahresbeginn 2022 ein E4-Junioren Team nachgemeldet. Es spielt ab dem 19. 03. 2022 in der Kreisklasse Wiesbaden, Gruppe 3.<\/p>\n\n\n\n<p class=\"has-text-align-center\">Unser Organisationsleiter: Kurt Morlock<\/p>\n\n\n\n<p class=\"has-text-align-center\"><strong>Spielplan der E4-Junioren des FV Biebrich 02 \u2013 Kreisklasse Wiesbaden 2021\/22, Gruppe 3<\/strong><\/p>\n\n\n\n<figure class=\"wp-block-table is-style-stripes\"><table><tbody><tr><td> Datum<\/td><td> Spielpaarung<\/td><td> Ansto\u00df<\/td><\/tr><tr><td> Sa. 19. 03. 2022<\/td><td> FV Biebrich 02 IV &#8211; <a href=\"https:\/\/www.fc34.de\/\">FC 1934 Bierstadt II<\/a> 1:11<\/td><td> 10:00 Uhr<\/td><\/tr><tr><td> Sa. 26. 03. 2022<\/td><td> FV Biebrich 02 IV &#8211; <a href=\"https:\/\/www.svk1912.de\/\">SV Kostheim 1912 II<\/a> 1:6<\/td><td> 10:00 Uhr<\/td><\/tr><tr><td> Sa. 02. 04. 2022<\/td><td> <a href=\"https:\/\/www.vfr-wiesbaden.de\/\">VfR Wiesbaden II<\/a> &#8211; FV Biebrich 02 IV 19:1<\/td><td> 10:15 Uhr<\/td><\/tr><tr><td> Sa. 09. 04. 2022<\/td><td> FVgg Kastel 06  &#8211; FV Biebrich 02 IV 8:5<\/td><td> 15:00 Uhr<\/td><\/tr><tr><td> Sa. 23. 04. 2022<\/td><td> <a href=\"http:\/\/www.sckohlheck.de\/\">1. SC Kohlheck 1951 II<\/a> &#8211; FV Biebrich 02 IV 7:3<\/td><td> 10:00 Uhr<\/td><\/tr><tr><td> Sa. 07. 05. 2022<\/td><td> FV Biebrich 02 IV &#8211; <a href=\"https:\/\/www.spvgg-igstadt.de\/\">SpVgg Igstadt 1948 II<\/a>  3:0 *<\/td><td> 10:00 Uhr<\/td><\/tr><tr><td> Sa. 14. 05. 2022<\/td><td> <a href=\"https:\/\/www.svwiesbaden1899.de\/\">SV Wiesbaden 1899<\/a> &#8211; FV Biebrich 02 IV 8:6<\/td><td> 11:30 Uhr<\/td><\/tr><tr><td> Sa. 21. 05. 2022<\/td><td> FV Biebrich 02 IV &#8211; <a href=\"https:\/\/blaugelb-wiesbaden.de\/\">SV Blau-Gelb Wiesbaden II<\/a> 3:0 **<\/td><td> 11:00 Uhr<\/td><\/tr><tr><td> Sa. 28. 05. 2022<\/td><td> <a href=\"https:\/\/www.djk-schwarz-weiss-wiesbaden.de\/\">DJK SC Schwarz-Wei\u00df Wiesbaden II<\/a> &#8211; FV Biebrich 02 IV 3:0 *<\/td><td> 10:00 Uhr<\/td><\/tr><tr><td><\/td><td><\/td><td><\/td><\/tr><\/tbody><\/table><\/figure>\n\n\n\n<p class=\"has-text-align-center\">Hinweise: * Wertung; ** Wertung; der SV Blau-Gelb Wiesbaden II hat zur\u00fcckgezogen.<\/p>\n\n\n\n<p>Hinweis: Um eine schnellstm\u00f6gliche Information \u00fcber Spielergebnisse und Tabellenst\u00e4nde gew\u00e4hrleisten zu k\u00f6nnen, binden wir die sogenannten FUSSBALL.DE-Widgets auf unseren Seiten ein. Wir weisen Sie hiermit explizit auf den Einsatz dieser Widgets und die damit verbundenen \u2013&gt; <a href=\"http:\/\/www.fussball.de\/privacy\">Datenschutzbestimmungen<\/a>, insbesondere im Bereich \u201eWebtracking\u201c, von \u2013&gt; <a href=\"http:\/\/www.fussball.de\">FUSSBALL.DE<\/a> hin.<\/p>\n\n\n<div id=\"fubade-0-4RT6C\" class=\"include-fussball-de-widgets\">\n\t<iframe src='\/\/www.fussball.de\/widget2\/-\/schluessel\/02H6O5QHJ0000000VUM1DNPBVUB4RT6C\/target\/fubade-0-4RT6C\/caller\/biebrich02.de' width='100%' height='100%' scrolling='no' style='border: 1px solid #CECECE; overflow: hidden; min-height: 200px;'><\/iframe>\n<\/div>\n","protected":false},"excerpt":{"rendered":"<p>E4-Junioren des FV Biebrich 02 &#8211; Archiv 2021\/22 \u2013&gt; Home | &#8211;&gt; Unser Team | &#8211;&gt; Galerie | \u2013&gt; DFB-Net Tabellenarchiv | \u2013&gt; Archiv Kreisklasse Wiesbaden 2021\/22, Gruppe 3 Die E-Junioren Abteilung hat zu Jahresbeginn 2022 ein E4-Junioren Team nachgemeldet. Es spielt ab dem 19. 03. 2022 in der Kreisklasse Wiesbaden, Gruppe 3. Unser Organisationsleiter: [&hellip;]<\/p>\n","protected":false},"author":1,"featured_media":0,"parent":0,"menu_order":0,"comment_status":"closed","ping_status":"closed","template":"","meta":{"footnotes":""},"class_list":["post-7717","page","type-page","status-publish","hentry"],"_links":{"self":[{"href":"https:\/\/biebrich02.de\/portal\/index.php?rest_route=\/wp\/v2\/pages\/7717","targetHints":{"allow":["GET"]}}],"collection":[{"href":"https:\/\/biebrich02.de\/portal\/index.php?rest_route=\/wp\/v2\/pages"}],"about":[{"href":"https:\/\/biebrich02.de\/portal\/index.php?rest_route=\/wp\/v2\/types\/page"}],"author":[{"embeddable":true,"href":"https:\/\/biebrich02.de\/portal\/index.php?rest_route=\/wp\/v2\/users\/1"}],"replies":[{"embeddable":true,"href":"https:\/\/biebrich02.de\/portal\/index.php?rest_route=%2Fwp%2Fv2%2Fcomments&post=7717"}],"version-history":[{"count":10,"href":"https:\/\/biebrich02.de\/portal\/index.php?rest_route=\/wp\/v2\/pages\/7717\/revisions"}],"predecessor-version":[{"id":20828,"href":"https:\/\/biebrich02.de\/portal\/index.php?rest_route=\/wp\/v2\/pages\/7717\/revisions\/20828"}],"wp:attachment":[{"href":"https:\/\/biebrich02.de\/portal\/index.php?rest_route=%2Fwp%2Fv2%2Fmedia&parent=7717"}],"curies":[{"name":"wp","href":"https:\/\/api.w.org\/{rel}","templated":true}]}}