{"id":7766,"date":"2022-07-10T02:06:36","date_gmt":"2022-07-10T00:06:36","guid":{"rendered":"https:\/\/biebrich02.de\/portal\/?page_id=7766"},"modified":"2025-06-25T01:29:02","modified_gmt":"2025-06-24T23:29:02","slug":"f3-junioren-archiv-2021-22","status":"publish","type":"page","link":"https:\/\/biebrich02.de\/portal\/?page_id=7766","title":{"rendered":"F3-Junioren Archiv 2021\/22"},"content":{"rendered":"\n<p class=\"has-text-align-center\"><strong>F3-Junioren des FV Biebrich 02 &#8211; Archiv 2021\/22<\/strong><\/p>\n\n\n\n<p class=\"has-text-align-center\">&#8211;> <a href=\"https:\/\/biebrich02.de\/portal\/?page_id=246\">Home<\/a> | &#8211;> <a href=\"https:\/\/biebrich02.de\/portal\/?page_id=12997\">Unser Team<\/a> | &#8211;> <a href=\"https:\/\/biebrich02.de\/portal\/?page_id=13253\">Galerie<\/a> | &#8211;> <a href=\"https:\/\/biebrich02.de\/portal\/?page_id=7763\">Archiv<\/a><\/p>\n\n\n\n<p class=\"has-text-align-center\">Organisationsleiter und Trainer: Frank Burneleit<\/p>\n\n\n\n<figure class=\"wp-block-image size-full\"><a href=\"https:\/\/biebrich02.de\/portal\/wp-content\/uploads\/2022\/04\/brigittekreutzer2122_1.jpg\"><img loading=\"lazy\" decoding=\"async\" width=\"1000\" height=\"751\" src=\"https:\/\/biebrich02.de\/portal\/wp-content\/uploads\/2022\/04\/brigittekreutzer2122_1.jpg\" alt=\"\" class=\"wp-image-4708\" srcset=\"https:\/\/biebrich02.de\/portal\/wp-content\/uploads\/2022\/04\/brigittekreutzer2122_1.jpg 1000w, https:\/\/biebrich02.de\/portal\/wp-content\/uploads\/2022\/04\/brigittekreutzer2122_1-300x225.jpg 300w, https:\/\/biebrich02.de\/portal\/wp-content\/uploads\/2022\/04\/brigittekreutzer2122_1-768x577.jpg 768w, https:\/\/biebrich02.de\/portal\/wp-content\/uploads\/2022\/04\/brigittekreutzer2122_1-624x469.jpg 624w\" sizes=\"auto, (max-width: 1000px) 100vw, 1000px\" \/><\/a><\/figure>\n\n\n\n<p class=\"has-text-align-center\">Trainerin: Brigitte Kreutzer<\/p>\n\n\n\n<p class=\"has-text-align-center\"><strong>Spielplan der F3-Junioren des FV Biebrich 02 &#8211; Kreisklasse Wiesbaden 2022, Fr\u00fchjahrsrunde Gruppe F<\/strong><\/p>\n\n\n\n<figure class=\"wp-block-table is-style-stripes\"><table><tbody><tr><td> Datum<\/td><td> Spielpaarung<\/td><td> Ansto\u00df<\/td><\/tr><tr><td> Sa. 26. 03. 2022<\/td><td> <a href=\"https:\/\/www.meso-nassau.de\/\">SC Meso-Nassau Wiesbaden<\/a> &#8211; FV Biebrich 02 III 3:6<\/td><td> 12:00 Uhr<\/td><\/tr><tr><td> Sa. 02. 04. 2022<\/td><td> FV Biebrich 02 III &#8211; <a href=\"https:\/\/www.vfr-wiesbaden.de\/\">VfR Wiesbaden II<\/a> 0:5<\/td><td> 11:00 Uhr<\/td><\/tr><tr><td> Sa. 09. 04. 2022<\/td><td> FV Biebrich 02 III &#8211; <a href=\"https:\/\/sv-erbenheim.de\/\">SV 1921 Erbenheim<\/a> 2:0<\/td><td> 10:00 Uhr<\/td><\/tr><tr><td> Sa. 23. 04. 2022<\/td><td> <a href=\"https:\/\/fvdelkenheim.de\/\">FV 1949 Delkenheim II<\/a> &#8211; FV Biebrich 02 III 3:2<\/td><td> 10:00 Uhr<\/td><\/tr><tr><td> Sa. 07. 05. 2022<\/td><td> FV Biebrich 02 III &#8211; <a href=\"https:\/\/tb-rambach.de\/\">SC Tennis Borussia Rambach 1977<\/a> 9:1<\/td><td> 10:00 Uhr<\/td><\/tr><tr><td> So. 15. 05. 2022<\/td><td> <a href=\"https:\/\/www.fc34.de\/\">FC 1934 Bierstadt III<\/a> &#8211; FV Biebrich 02 III 3:1<\/td><td> 10:00 Uhr<\/td><\/tr><tr><td> Sa. 21. 05. 2022<\/td><td> FV Biebrich 02 III &#8211; US Youth Soccer Wiesbaden 2:0<\/td><td> 10:00 Uhr<\/td><\/tr><\/tbody><\/table><\/figure>\n\n\n\n<p>Hinweis: Um eine schnellstm\u00f6gliche Information \u00fcber Spielergebnisse und Tabellenst\u00e4nde gew\u00e4hrleisten zu k\u00f6nnen, binden wir die sogenannten FUSSBALL.DE-Widgets auf unseren Seiten ein. Wir weisen Sie hiermit explizit auf den Einsatz dieser Widgets und die damit verbundenen \u2013&gt; <a href=\"http:\/\/www.fussball.de\/privacy\">Datenschutzbestimmungen<\/a>, insbesondere im Bereich \u201eWebtracking\u201c, von \u2013&gt; <a href=\"http:\/\/www.fussball.de\">FUSSBALL.DE<\/a> hin.<\/p>\n\n\n<div id=\"fubade-1-NNEUJ\" class=\"include-fussball-de-widgets\">\n\t<iframe src='\/\/www.fussball.de\/widget2\/-\/schluessel\/02HH1O8T3K000000VUM1DNPGVVPNNEUJ\/target\/fubade-1-NNEUJ\/caller\/biebrich02.de' width='100%' height='100%' scrolling='no' style='border: 1px solid #CECECE; overflow: hidden; min-height: 200px;'><\/iframe>\n<\/div>\n\n\n\n<p class=\"has-text-align-center\"><strong>Spielplan der F3-Junioren des FV Biebrich 02 &#8211; Kreisklasse Wiesbaden 2021, Herbstrunde Gruppe 6<\/strong><\/p>\n\n\n\n<figure class=\"wp-block-table is-style-stripes\"><table><tbody><tr><td> Datum<\/td><td> Spielpaarung<\/td><td> Ansto\u00df<\/td><\/tr><tr><td> Sa. 18. 09. 2021<\/td><td> <a href=\"https:\/\/fussball.vfr-wiesbaden.de\/\">VfR Wiesbaden II<\/a> &#8211; FV Biebrich 02 III 3:2<\/td><td> 09:00 Uhr<\/td><\/tr><tr><td> Sa. 25. 09. 2021<\/td><td> FV Biebrich 02 III &#8211; <a href=\"https:\/\/tsg-kastel.de\/\">TSG 1846 Kastel II<\/a> 0:14<\/td><td> 10:00 Uhr<\/td><\/tr><tr><td> Sa. 02. 10. 2021<\/td><td> <a href=\"http:\/\/www.schierstein08.de\/\">1. FSV Schierstein 08<\/a> &#8211; FV Biebrich 02 III 5:0<\/td><td> 10:00 Uhr<\/td><\/tr><tr><td> Sa. 09. 10. 2021<\/td><td> FV Biebrich 02 III &#8211; <a href=\"https:\/\/www.tus-nordenstadt-fussball.de\/\">TuS Nordenstadt 1883 II<\/a> 2:8<\/td><td> 10:00 Uhr<\/td><\/tr><tr><td> Sa. 06. 10. 2021<\/td><td> Der FV Biebrich 02 III ist spielfrei.<\/td><td><\/td><\/tr><tr><td> Sa. 20. 11. 2021<\/td><td> <a href=\"https:\/\/www.fc-naurod.de\/\">1. FC Naurod 1928 II<\/a> &#8211; FV Biebrich 02 III 6:2<\/td><td> 10:00 Uhr<\/td><\/tr><tr><td> Sa. 27. 11. 2021<\/td><td> FV Biebrich 02 III &#8211; <a href=\"https:\/\/fsvhellas1968.com\/\">FSV Hellas Schierstein 1968<\/a> 1:7<\/td><td> 12:00 Uhr<\/td><\/tr><\/tbody><\/table><\/figure>\n\n\n\n<p>Hinweis: Um eine schnellstm\u00f6gliche Information \u00fcber Spielergebnisse und Tabellenst\u00e4nde gew\u00e4hrleisten zu k\u00f6nnen, binden wir die sogenannten FUSSBALL.DE-Widgets auf unseren Seiten ein. Wir weisen Sie hiermit explizit auf den Einsatz dieser Widgets und die damit verbundenen \u2013&gt; <a href=\"http:\/\/www.fussball.de\/privacy\">Datenschutzbestimmungen<\/a>, insbesondere im Bereich \u201eWebtracking\u201c, von \u2013&gt; <a href=\"http:\/\/www.fussball.de\">FUSSBALL.DE<\/a> hin.<\/p>\n\n\n<div id=\"fubade-0-3IF6L\" class=\"include-fussball-de-widgets\">\n\t<iframe src='\/\/www.fussball.de\/widget2\/-\/schluessel\/02FBC76U80000000VUM1DNP4VTI3IF6L\/target\/fubade-0-3IF6L\/caller\/biebrich02.de' width='100%' height='100%' scrolling='no' style='border: 1px solid #CECECE; overflow: hidden; min-height: 200px;'><\/iframe>\n<\/div>\n","protected":false},"excerpt":{"rendered":"<p>F3-Junioren des FV Biebrich 02 &#8211; Archiv 2021\/22 &#8211;> Home | &#8211;> Unser Team | &#8211;> Galerie | &#8211;> Archiv Organisationsleiter und Trainer: Frank Burneleit Trainerin: Brigitte Kreutzer Spielplan der F3-Junioren des FV Biebrich 02 &#8211; Kreisklasse Wiesbaden 2022, Fr\u00fchjahrsrunde Gruppe F Datum Spielpaarung Ansto\u00df Sa. 26. 03. 2022 SC Meso-Nassau Wiesbaden &#8211; FV Biebrich [&hellip;]<\/p>\n","protected":false},"author":1,"featured_media":0,"parent":0,"menu_order":0,"comment_status":"closed","ping_status":"closed","template":"","meta":{"footnotes":""},"class_list":["post-7766","page","type-page","status-publish","hentry"],"_links":{"self":[{"href":"https:\/\/biebrich02.de\/portal\/index.php?rest_route=\/wp\/v2\/pages\/7766","targetHints":{"allow":["GET"]}}],"collection":[{"href":"https:\/\/biebrich02.de\/portal\/index.php?rest_route=\/wp\/v2\/pages"}],"about":[{"href":"https:\/\/biebrich02.de\/portal\/index.php?rest_route=\/wp\/v2\/types\/page"}],"author":[{"embeddable":true,"href":"https:\/\/biebrich02.de\/portal\/index.php?rest_route=\/wp\/v2\/users\/1"}],"replies":[{"embeddable":true,"href":"https:\/\/biebrich02.de\/portal\/index.php?rest_route=%2Fwp%2Fv2%2Fcomments&post=7766"}],"version-history":[{"count":10,"href":"https:\/\/biebrich02.de\/portal\/index.php?rest_route=\/wp\/v2\/pages\/7766\/revisions"}],"predecessor-version":[{"id":14509,"href":"https:\/\/biebrich02.de\/portal\/index.php?rest_route=\/wp\/v2\/pages\/7766\/revisions\/14509"}],"wp:attachment":[{"href":"https:\/\/biebrich02.de\/portal\/index.php?rest_route=%2Fwp%2Fv2%2Fmedia&parent=7766"}],"curies":[{"name":"wp","href":"https:\/\/api.w.org\/{rel}","templated":true}]}}