{"id":85,"date":"2021-07-31T13:41:36","date_gmt":"2021-07-31T11:41:36","guid":{"rendered":"https:\/\/biebrich02.de\/portal\/?page_id=85"},"modified":"2026-05-04T00:42:32","modified_gmt":"2026-05-03T22:42:32","slug":"die-zweite-mannschaft-des-fv-biebrich-02","status":"publish","type":"page","link":"https:\/\/biebrich02.de\/portal\/?page_id=85","title":{"rendered":"Zweite Mannschaft"},"content":{"rendered":"\n<p class=\"has-text-align-center\"><strong>Zweite Mannschaft des FV Biebrich 02\u2013  Gruppenliga Wiesbaden 2025\/26<\/strong><\/p>\n\n\n\n<p class=\"has-text-align-center\">&#8211;&gt; <strong>Home<\/strong> | &#8211;&gt; <a href=\"https:\/\/biebrich02.de\/portal\/?page_id=14498\">Unser Team<\/a> | &#8211;&gt; <a href=\"https:\/\/biebrich02.de\/portal\/?page_id=423\">Spielberichte<\/a> | &#8211;&gt; <a href=\"https:\/\/biebrich02.de\/portal\/?page_id=494\">Galerie<\/a> | &#8211;&gt; <a href=\"https:\/\/biebrich02.de\/portal\/?page_id=2081\">DFB-Net Tabellenarchiv<\/a> | &#8211;&gt; <a href=\"https:\/\/biebrich02.de\/portal\/?page_id=7496\">Archiv<\/a><\/p>\n\n\n\n<p>Trainiert wird dienstags und donnerstags jeweils von 19:30 Uhr bis 21:00 Uhr auf dem J\u00fcrgen-Grabowski-Sportfeld.<\/p>\n\n\n\n<figure class=\"wp-block-image size-large\"><a href=\"https:\/\/biebrich02.de\/portal\/wp-content\/uploads\/2025\/08\/zweitemannschaft2526_team.jpg\"><img loading=\"lazy\" decoding=\"async\" width=\"1024\" height=\"576\" src=\"https:\/\/biebrich02.de\/portal\/wp-content\/uploads\/2025\/08\/zweitemannschaft2526_team-1024x576.jpg\" alt=\"\" class=\"wp-image-22231\" srcset=\"https:\/\/biebrich02.de\/portal\/wp-content\/uploads\/2025\/08\/zweitemannschaft2526_team-1024x576.jpg 1024w, https:\/\/biebrich02.de\/portal\/wp-content\/uploads\/2025\/08\/zweitemannschaft2526_team-300x169.jpg 300w, https:\/\/biebrich02.de\/portal\/wp-content\/uploads\/2025\/08\/zweitemannschaft2526_team-768x432.jpg 768w, https:\/\/biebrich02.de\/portal\/wp-content\/uploads\/2025\/08\/zweitemannschaft2526_team-1536x864.jpg 1536w, https:\/\/biebrich02.de\/portal\/wp-content\/uploads\/2025\/08\/zweitemannschaft2526_team-624x351.jpg 624w, https:\/\/biebrich02.de\/portal\/wp-content\/uploads\/2025\/08\/zweitemannschaft2526_team.jpg 1920w\" sizes=\"auto, (max-width: 1024px) 100vw, 1024px\" \/><\/a><\/figure>\n\n\n\n<p class=\"has-text-align-center\">Unser Team 2025\/26<\/p>\n\n\n\n<figure class=\"wp-block-image size-full\"><a href=\"https:\/\/biebrich02.de\/portal\/wp-content\/uploads\/2024\/08\/zweitemannschaft2425_volkanzer_1-1.jpg\"><img loading=\"lazy\" decoding=\"async\" width=\"1000\" height=\"1064\" src=\"https:\/\/biebrich02.de\/portal\/wp-content\/uploads\/2024\/08\/zweitemannschaft2425_volkanzer_1-1.jpg\" alt=\"\" class=\"wp-image-18478\" srcset=\"https:\/\/biebrich02.de\/portal\/wp-content\/uploads\/2024\/08\/zweitemannschaft2425_volkanzer_1-1.jpg 1000w, https:\/\/biebrich02.de\/portal\/wp-content\/uploads\/2024\/08\/zweitemannschaft2425_volkanzer_1-1-282x300.jpg 282w, https:\/\/biebrich02.de\/portal\/wp-content\/uploads\/2024\/08\/zweitemannschaft2425_volkanzer_1-1-962x1024.jpg 962w, https:\/\/biebrich02.de\/portal\/wp-content\/uploads\/2024\/08\/zweitemannschaft2425_volkanzer_1-1-768x817.jpg 768w, https:\/\/biebrich02.de\/portal\/wp-content\/uploads\/2024\/08\/zweitemannschaft2425_volkanzer_1-1-624x664.jpg 624w\" sizes=\"auto, (max-width: 1000px) 100vw, 1000px\" \/><\/a><\/figure>\n\n\n\n<p class=\"has-text-align-center\">Trainer: Volkan Zer<\/p>\n\n\n\n<figure class=\"wp-block-image size-full\"><a href=\"https:\/\/biebrich02.de\/portal\/wp-content\/uploads\/2024\/08\/zweitemannschaft2425_uemitbalikci_1.jpg\"><img loading=\"lazy\" decoding=\"async\" width=\"1500\" height=\"1601\" src=\"https:\/\/biebrich02.de\/portal\/wp-content\/uploads\/2024\/08\/zweitemannschaft2425_uemitbalikci_1.jpg\" alt=\"\" class=\"wp-image-18405\" srcset=\"https:\/\/biebrich02.de\/portal\/wp-content\/uploads\/2024\/08\/zweitemannschaft2425_uemitbalikci_1.jpg 1500w, https:\/\/biebrich02.de\/portal\/wp-content\/uploads\/2024\/08\/zweitemannschaft2425_uemitbalikci_1-281x300.jpg 281w, https:\/\/biebrich02.de\/portal\/wp-content\/uploads\/2024\/08\/zweitemannschaft2425_uemitbalikci_1-959x1024.jpg 959w, https:\/\/biebrich02.de\/portal\/wp-content\/uploads\/2024\/08\/zweitemannschaft2425_uemitbalikci_1-768x820.jpg 768w, https:\/\/biebrich02.de\/portal\/wp-content\/uploads\/2024\/08\/zweitemannschaft2425_uemitbalikci_1-1439x1536.jpg 1439w, https:\/\/biebrich02.de\/portal\/wp-content\/uploads\/2024\/08\/zweitemannschaft2425_uemitbalikci_1-624x666.jpg 624w\" sizes=\"auto, (max-width: 1500px) 100vw, 1500px\" \/><\/a><\/figure>\n\n\n\n<p class=\"has-text-align-center\">Co-Trainer: \u00dcmit Balikci<\/p>\n\n\n\n<p class=\"has-text-align-center\">Co-Trainer: Lukas Steindorf (noch kein Bild vorhanden)<\/p>\n\n\n\n<figure class=\"wp-block-image size-large\"><a href=\"https:\/\/biebrich02.de\/portal\/wp-content\/uploads\/2024\/08\/zweitemannschaft2425_klaustobies_1-1.jpg\"><img loading=\"lazy\" decoding=\"async\" width=\"877\" height=\"1024\" src=\"https:\/\/biebrich02.de\/portal\/wp-content\/uploads\/2024\/08\/zweitemannschaft2425_klaustobies_1-1-877x1024.jpg\" alt=\"\" class=\"wp-image-18480\" srcset=\"https:\/\/biebrich02.de\/portal\/wp-content\/uploads\/2024\/08\/zweitemannschaft2425_klaustobies_1-1-877x1024.jpg 877w, https:\/\/biebrich02.de\/portal\/wp-content\/uploads\/2024\/08\/zweitemannschaft2425_klaustobies_1-1-257x300.jpg 257w, https:\/\/biebrich02.de\/portal\/wp-content\/uploads\/2024\/08\/zweitemannschaft2425_klaustobies_1-1-768x896.jpg 768w, https:\/\/biebrich02.de\/portal\/wp-content\/uploads\/2024\/08\/zweitemannschaft2425_klaustobies_1-1-624x728.jpg 624w, https:\/\/biebrich02.de\/portal\/wp-content\/uploads\/2024\/08\/zweitemannschaft2425_klaustobies_1-1.jpg 1000w\" sizes=\"auto, (max-width: 877px) 100vw, 877px\" \/><\/a><\/figure>\n\n\n\n<p class=\"has-text-align-center\">Sportlicher Leiter: Klaus Tobies, Tel: 0611\/600403 oder 01511\/1813908<\/p>\n\n\n\n<figure class=\"wp-block-image size-large\"><a href=\"https:\/\/biebrich02.de\/portal\/wp-content\/uploads\/2024\/08\/zweitemannschaft2425_michaellehmann_1-1.jpg\"><img loading=\"lazy\" decoding=\"async\" width=\"830\" height=\"1024\" src=\"https:\/\/biebrich02.de\/portal\/wp-content\/uploads\/2024\/08\/zweitemannschaft2425_michaellehmann_1-1-830x1024.jpg\" alt=\"\" class=\"wp-image-18482\" srcset=\"https:\/\/biebrich02.de\/portal\/wp-content\/uploads\/2024\/08\/zweitemannschaft2425_michaellehmann_1-1-830x1024.jpg 830w, https:\/\/biebrich02.de\/portal\/wp-content\/uploads\/2024\/08\/zweitemannschaft2425_michaellehmann_1-1-243x300.jpg 243w, https:\/\/biebrich02.de\/portal\/wp-content\/uploads\/2024\/08\/zweitemannschaft2425_michaellehmann_1-1-768x948.jpg 768w, https:\/\/biebrich02.de\/portal\/wp-content\/uploads\/2024\/08\/zweitemannschaft2425_michaellehmann_1-1-624x770.jpg 624w, https:\/\/biebrich02.de\/portal\/wp-content\/uploads\/2024\/08\/zweitemannschaft2425_michaellehmann_1-1.jpg 1000w\" sizes=\"auto, (max-width: 830px) 100vw, 830px\" \/><\/a><\/figure>\n\n\n\n<p class=\"has-text-align-center\">Betreuer: Michael Lehmann<\/p>\n\n\n\n<p class=\"has-text-align-center\">\u00a9  Katharina Steindorf<\/p>\n\n\n\n<p class=\"has-text-align-center\"><strong>Spielplan des FV Biebrich 02 II &#8211; Gruppenliga Wiesbaden 2025\/26<\/strong><\/p>\n\n\n\n<figure class=\"wp-block-table is-style-stripes\"><table><tbody><tr><td>Datum<\/td><td>Spielpaarung<\/td><td>Ansto\u00df<\/td><\/tr><tr><td>So. 03. 08. 2025<\/td><td>FV Biebrich 02 II &#8211; <a href=\"http:\/\/sgnassau-diedenbergen.de\/\" data-type=\"link\" data-id=\"http:\/\/sgnassau-diedenbergen.de\/\">SG Nassau Diedenbergen 1921<\/a> 2:5<\/td><td>15:00 Uhr<\/td><\/tr><tr><td>So. 10. 08. 2025<\/td><td>SKG Karadenizspor 23 Wiesbaden &#8211; FV Biebrich 02 II 0:5<\/td><td>15:30 Uhr<\/td><\/tr><tr><td>So. 17. 08. 2025<\/td><td>FV Biebrich 02 II &#8211; <a href=\"https:\/\/fvalemannia08nied.de\/\" data-type=\"link\" data-id=\"https:\/\/fvalemannia08nied.de\/\">FV Alemannia 08 Nied<\/a> 3:1<\/td><td>11:00 Uhr<\/td><\/tr><tr><td>Do. 21. 08. 2025<\/td><td>FV Biebrich 02 II &#8211; <a href=\"https:\/\/svniedernhausen.de\/\" data-type=\"link\" data-id=\"https:\/\/svniedernhausen.de\/\">SV 1913 Niedernhausen<\/a> 2:2<\/td><td>20:00 Uhr<\/td><\/tr><tr><td>So. 24. 08. 2025<\/td><td><a href=\"https:\/\/www.fcdorndorf.de\/\" data-type=\"link\" data-id=\"https:\/\/www.fcdorndorf.de\/\">FC 1921 Dorndorf<\/a> &#8211; FV Biebrich 02 II 3:1<\/td><td>15:15 Uhr<\/td><\/tr><tr><td>Do. 04. 09. 2025<\/td><td>FV Biebrich 02 II &#8211; <a href=\"https:\/\/www.vfb-unterliederbach.de\/\" data-type=\"link\" data-id=\"https:\/\/www.vfb-unterliederbach.de\/\">VfB Unterliederbach 1912<\/a> 2:5<\/td><td>20:00 Uhr<\/td><\/tr><tr><td>So. 07. 09. 2025<\/td><td>Der FV Biebrich 02 II ist spielfrei.<\/td><td><\/td><\/tr><tr><td>Do. 11. 09. 2025<\/td><td>FV Biebrich 02 II &#8211; <a href=\"https:\/\/tsv-taunusstein-bleidenstadt.de\/\" data-type=\"link\" data-id=\"https:\/\/tsv-taunusstein-bleidenstadt.de\/\">TSV Bleidenstadt<\/a> 4:2<\/td><td>20:00 Uhr<\/td><\/tr><tr><td>So. 14. 09. 2025<\/td><td>FV Biebrich 02 II &#8211; <a href=\"https:\/\/fc-tk.de\/\" data-type=\"link\" data-id=\"https:\/\/fc-tk.de\/\">FC T\u00dcRK Kelsterbach<\/a> 6:0<\/td><td>11:00 Uhr<\/td><\/tr><tr><td>So. 21. 09. 2025<\/td><td><a href=\"http:\/\/www.sc-offheim.de\/\" data-type=\"link\" data-id=\"http:\/\/www.sc-offheim.de\/\">SC 1919 Offheim<\/a> &#8211; FV Biebrich 02 II 4:2<\/td><td>15:30 Uhr<\/td><\/tr><tr><td>So. 28. 09. 2025<\/td><td>FV Biebrich 02 II &#8211; <a href=\"https:\/\/www.tura-ndh.de\/\" data-type=\"link\" data-id=\"https:\/\/www.tura-ndh.de\/\">TuRa 1893 Niederh\u00f6chstadt<\/a> 3:4<\/td><td>11:00 Uhr<\/td><\/tr><tr><td>So. 05. 10. 2025<\/td><td><a href=\"https:\/\/www.spvggeltville.de\/\" data-type=\"link\" data-id=\"https:\/\/www.spvggeltville.de\/\">SpVgg Eltville 1922<\/a> &#8211; FV Biebrich 02 II 2:2<\/td><td>15:00 Uhr<\/td><\/tr><tr><td>So. 12. 10. 2025<\/td><td>FV Biebrich 02 II &#8211; <a href=\"https:\/\/sv-erbenheim.de\/\" data-type=\"link\" data-id=\"https:\/\/sv-erbenheim.de\/\">SV 1921 Erbenheim<\/a> 1:2<\/td><td>15:30 Uhr<\/td><\/tr><tr><td>So. 19. 10. 2025<\/td><td><a href=\"https:\/\/www.fc-eddersheim.de\/\" data-type=\"link\" data-id=\"https:\/\/www.fc-eddersheim.de\/\">FC 1931 Eddersheim II<\/a> &#8211; FV Biebrich 02 II 7:4<\/td><td>13:00 Uhr<\/td><\/tr><tr><td>So. 26. 10. 2025<\/td><td><a href=\"https:\/\/www.fc34.de\/\" data-type=\"link\" data-id=\"https:\/\/www.fc34.de\/\">FC 1934 Bierstadt<\/a> &#8211; FV Biebrich 02 II 3:0<\/td><td>15:00 Uhr<\/td><\/tr><tr><td>So. 02. 11. 2025<\/td><td>FV Biebrich 02 II &#8211; <a href=\"http:\/\/sv-wallrabenstein.de\/\" data-type=\"link\" data-id=\"http:\/\/sv-wallrabenstein.de\/\">SV 1921 Wallrabenstein<\/a> 8:0<\/td><td>11:00 Uhr<\/td><\/tr><tr><td>So. 09. 11. 2025<\/td><td><a href=\"http:\/\/www.sv-rauenthal.de\/\" data-type=\"link\" data-id=\"http:\/\/www.sv-rauenthal.de\/\">SG Rauenthal\/Martinsthal<\/a> &#8211; FV Biebrich 02 II 2:3<\/td><td>14:00 Uhr<\/td><\/tr><tr><td>So. 16. 11. 2025<\/td><td><a href=\"https:\/\/svniedernhausen.de\/\" data-type=\"link\" data-id=\"https:\/\/svniedernhausen.de\/\">SV 1913 Niedernhausen<\/a> &#8211; FV Biebrich 02 II 2:1<\/td><td>15:30 Uhr<\/td><\/tr><tr><td>So. 23. 11. 2024<\/td><td>FV Biebrich 02 II &#8211; SKG Karadenizspor 23 Wiesbaden 2:2<\/td><td>15:00 Uhr<\/td><\/tr><tr><td>So. 30. 11. 2025<\/td><td><a href=\"https:\/\/fvalemannia08nied.de\/\" data-type=\"link\" data-id=\"https:\/\/fvalemannia08nied.de\/\">FV Alemannia 08 Nied<\/a> &#8211; FV Biebrich 02 II 5:1<\/td><td>15:00 Uhr<\/td><\/tr><tr><td>So. 01. 03. 2026<\/td><td><a href=\"http:\/\/sgnassau-diedenbergen.de\/\" data-type=\"link\" data-id=\"http:\/\/sgnassau-diedenbergen.de\/\">SG Nassau Diedenbergen 1921<\/a> &#8211; FV Biebrich 02 II 0:2<\/td><td>15:30 Uhr<\/td><\/tr><tr><td>Do. 05. 03. 2026<\/td><td>FV Biebrich 02 II &#8211; <a href=\"https:\/\/www.fcdorndorf.de\/\" data-type=\"link\" data-id=\"https:\/\/www.fcdorndorf.de\/\">FC 1921 Dorndorf<\/a> 1:3<\/td><td>20:00 Uhr<\/td><\/tr><tr><td>So. 15. 03. 2026<\/td><td><a href=\"https:\/\/tsv-taunusstein-bleidenstadt.de\/\" data-type=\"link\" data-id=\"https:\/\/tsv-taunusstein-bleidenstadt.de\/\">TSV Bleidenstadt<\/a> &#8211; FV Biebrich 02 II 2:1<\/td><td>15:00 Uhr<\/td><\/tr><tr><td>So. 22. 03. 2026<\/td><td>Der FV Biebrich 02 II ist spielfrei.<\/td><td><\/td><\/tr><tr><td>So. 29. 03. 2026<\/td><td><a href=\"https:\/\/fc-tk.de\/\" data-type=\"link\" data-id=\"https:\/\/fc-tk.de\/\">FC T\u00dcRK Kelsterbach<\/a> &#8211; FV Biebrich 02 II 5:1<\/td><td>16:00 Uhr<\/td><\/tr><tr><td>Do. 02. 04. 2026<\/td><td><a href=\"https:\/\/www.vfb-unterliederbach.de\/\" data-type=\"link\" data-id=\"https:\/\/www.vfb-unterliederbach.de\/\">VfB Unterliederbach 1912<\/a> &#8211; FV Biebrich 02 II 5:0<\/td><td>19:30 Uhr<\/td><\/tr><tr><td>So. 12. 04. 2026<\/td><td>FV Biebrich 02 II &#8211; <a href=\"http:\/\/www.sc-offheim.de\/\" data-type=\"link\" data-id=\"http:\/\/www.sc-offheim.de\/\">SC 1919 Offheim<\/a> 2:4<\/td><td>11:00 Uhr<\/td><\/tr><tr><td>So. 19. 04. 2026<\/td><td><a href=\"https:\/\/www.tura-ndh.de\/\" data-type=\"link\" data-id=\"https:\/\/www.tura-ndh.de\/\">TuRa 1893 Niederh\u00f6chstadt<\/a> &#8211; FV Biebrich 02 II 1:0<\/td><td>15:30 Uhr<\/td><\/tr><tr><td>So. 26. 04. 2026<\/td><td>FV Biebrich 02 II &#8211; <a href=\"https:\/\/www.spvggeltville.de\/\" data-type=\"link\" data-id=\"https:\/\/www.spvggeltville.de\/\">SpVgg Eltville 1922<\/a> 5:2<\/td><td>11:00 Uhr<\/td><\/tr><tr><td>So. 03. 05. 2026<\/td><td><a href=\"https:\/\/sv-erbenheim.de\/\" data-type=\"link\" data-id=\"https:\/\/sv-erbenheim.de\/\">SV 1921 Erbenheim<\/a> &#8211; FV Biebrich 02 II 4:3<\/td><td>15:30 Uhr<\/td><\/tr><tr><td>So. 10. 05. 2026<\/td><td>FV Biebrich 02 II &#8211; <a href=\"https:\/\/www.fc-eddersheim.de\/\" data-type=\"link\" data-id=\"https:\/\/www.fc-eddersheim.de\/\">FC 1931 Eddersheim II<\/a><\/td><td>11:00 Uhr<\/td><\/tr><tr><td>So. 17. 05. 2026<\/td><td>FV Biebrich 02 II &#8211; <a href=\"https:\/\/www.fc34.de\/\" data-type=\"link\" data-id=\"https:\/\/www.fc34.de\/\">FC 1934 Bierstadt<\/a><\/td><td>11:00 Uhr<\/td><\/tr><tr><td>Sa. 23. 05. 2026<\/td><td><a href=\"http:\/\/sv-wallrabenstein.de\/\" data-type=\"link\" data-id=\"http:\/\/sv-wallrabenstein.de\/\">SV 1921 Wallrabenstein<\/a> &#8211; FV Biebrich 02 II <\/td><td>15:30 Uhr<\/td><\/tr><tr><td>So. 31. 05. 2026<\/td><td>FV Biebrich 02 II &#8211; <a href=\"http:\/\/www.sv-rauenthal.de\/\" data-type=\"link\" data-id=\"http:\/\/www.sv-rauenthal.de\/\">SG Rauenthal\/Martinsthal<\/a><\/td><td>11:00 Uhr<\/td><\/tr><\/tbody><\/table><\/figure>\n\n\n\n<p class=\"has-text-align-center\"><strong>Torsch\u00fctzenliste der Zweiten Mannschaft<\/strong> <strong>des FV Biebrich 02 \u2013 Gruppenliga Wiesbaden 2025\/26<\/strong><\/p>\n\n\n\n<p class=\"has-text-align-center\"><strong>siebenundsechzig<\/strong><\/p>\n\n\n\n<figure class=\"wp-block-table is-style-stripes\"><table><tbody><tr><td>15 Tore: Niklas Stegmaier<\/td><td><\/td><\/tr><tr><td>9 Tore: Aiman Tahiri<\/td><td><\/td><\/tr><tr><td>5 Tore: Mohamed Boutakhrit<\/td><td><\/td><\/tr><tr><td>4 Tore: Philipp Offermann<\/td><td><\/td><\/tr><tr><td>4 Tore: Rami Roubiou<\/td><td><\/td><\/tr><tr><td>3 Tore: Niko Puchalla<\/td><td><\/td><\/tr><tr><td>3 Tore: Timon Stettler<\/td><td><\/td><\/tr><tr><td>2 Tore: Tom Kraft<\/td><td><\/td><\/tr><tr><td>2 Tore: Elmin Kurtisi<\/td><td><\/td><\/tr><tr><td>2 Tore: Oskar Lenk<\/td><td><\/td><\/tr><tr><td>2 Tore: Saefudin Oukouiss<\/td><td><\/td><\/tr><tr><td>2 Tore: Marius Quentin Ngankam Pangop<\/td><td><\/td><\/tr><tr><td>2 Tore: Kengo Tabira<\/td><td><\/td><\/tr><tr><td>2 Tore: Ben Zornhagen<\/td><td><\/td><\/tr><tr><td>1 Tor: Lenart Hasani<\/td><td><\/td><\/tr><tr><td>1 Tor: Nikos Iosifidis<\/td><td><\/td><\/tr><tr><td>1 Tor: Lennart Jessegus<\/td><td><\/td><\/tr><tr><td>1 Tor: Issa Keita<\/td><td><\/td><\/tr><tr><td>1 Tor: Aiki Koyama<\/td><td><\/td><\/tr><tr><td>1 Tor: Christian Macellaro<\/td><td><\/td><\/tr><tr><td>1 Tor: Elia Daniele Mottura<\/td><td><\/td><\/tr><tr><td>1 Tor: Julian Zatorski<\/td><td><\/td><\/tr><tr><td>2 Tore: Eigentor SV 1921 Wallrabenstein, Eigentor SV Nassau Diedenbergen 1921<\/td><td><\/td><\/tr><\/tbody><\/table><figcaption class=\"wp-element-caption\">Stand: 03. 05. 2026<\/figcaption><\/figure>\n\n\n\n<p>Hinweis: Um eine schnellstm\u00f6gliche Information \u00fcber Spielergebnisse und Tabellenst\u00e4nde gew\u00e4hrleisten zu k\u00f6nnen, binden wir die sogenannten FUSSBALL.DE-Widgets auf unseren Seiten ein. Wir weisen Sie hiermit explizit auf den Einsatz dieser Widgets und die damit verbundenen \u2013&gt; <a href=\"http:\/\/www.fussball.de\/privacy\">Datenschutzbestimmungen<\/a>, insbesondere im Bereich \u201eWebtracking\u201c, von \u2013&gt; <a href=\"http:\/\/www.fussball.de\">FUSSBALL.DE<\/a> hin.<\/p>\n\n\n\n<div\n  class=\"fussballde_widget\"\n  data-id=\"c31d1464-7e74-4ef8-ba1d-8e40e061aa94\"\n  data-type=\"competition\">\n<\/div>\n","protected":false},"excerpt":{"rendered":"<p>Zweite Mannschaft des FV Biebrich 02\u2013 Gruppenliga Wiesbaden 2025\/26 &#8211;&gt; Home | &#8211;&gt; Unser Team | &#8211;&gt; Spielberichte | &#8211;&gt; Galerie | &#8211;&gt; DFB-Net Tabellenarchiv | &#8211;&gt; Archiv Trainiert wird dienstags und donnerstags jeweils von 19:30 Uhr bis 21:00 Uhr auf dem J\u00fcrgen-Grabowski-Sportfeld. Unser Team 2025\/26 Trainer: Volkan Zer Co-Trainer: \u00dcmit Balikci Co-Trainer: Lukas Steindorf [&hellip;]<\/p>\n","protected":false},"author":1,"featured_media":0,"parent":0,"menu_order":0,"comment_status":"closed","ping_status":"closed","template":"","meta":{"footnotes":""},"class_list":["post-85","page","type-page","status-publish","hentry"],"_links":{"self":[{"href":"https:\/\/biebrich02.de\/portal\/index.php?rest_route=\/wp\/v2\/pages\/85","targetHints":{"allow":["GET"]}}],"collection":[{"href":"https:\/\/biebrich02.de\/portal\/index.php?rest_route=\/wp\/v2\/pages"}],"about":[{"href":"https:\/\/biebrich02.de\/portal\/index.php?rest_route=\/wp\/v2\/types\/page"}],"author":[{"embeddable":true,"href":"https:\/\/biebrich02.de\/portal\/index.php?rest_route=\/wp\/v2\/users\/1"}],"replies":[{"embeddable":true,"href":"https:\/\/biebrich02.de\/portal\/index.php?rest_route=%2Fwp%2Fv2%2Fcomments&post=85"}],"version-history":[{"count":326,"href":"https:\/\/biebrich02.de\/portal\/index.php?rest_route=\/wp\/v2\/pages\/85\/revisions"}],"predecessor-version":[{"id":24212,"href":"https:\/\/biebrich02.de\/portal\/index.php?rest_route=\/wp\/v2\/pages\/85\/revisions\/24212"}],"wp:attachment":[{"href":"https:\/\/biebrich02.de\/portal\/index.php?rest_route=%2Fwp%2Fv2%2Fmedia&parent=85"}],"curies":[{"name":"wp","href":"https:\/\/api.w.org\/{rel}","templated":true}]}}